{"id":672050,"date":"2025-12-11T10:41:14","date_gmt":"2025-12-11T15:41:14","guid":{"rendered":"https:\/\/test.comfenalcovalle.com.co\/?page_id=672050"},"modified":"2025-12-11T10:48:47","modified_gmt":"2025-12-11T15:48:47","slug":"requisitos-para-construccion-en-sitio-propio-urbano","status":"publish","type":"page","link":"https:\/\/test.comfenalcovalle.com.co\/en\/personas\/vivienda\/programa-de-construccion-en-sitio-propio-y-mejoramiento-de-vivienda\/requisitos-para-construccion-en-sitio-propio-urbano\/","title":{"rendered":"Requisitos para Construcci\u00f3n en sitio propio urbano"},"content":{"rendered":"<div data-elementor-type=\"wp-page\" data-elementor-id=\"672050\" class=\"elementor elementor-672050\" data-elementor-post-type=\"page\">\n\t\t\t\t<div class=\"elementor-element elementor-element-2af402a e-flex e-con-boxed e-con e-parent\" data-id=\"2af402a\" data-element_type=\"container\">\n\t\t\t\t\t<div class=\"e-con-inner\">\n\t\t<div class=\"elementor-element elementor-element-fbd3631 e-flex e-con-boxed e-con e-child\" data-id=\"fbd3631\" data-element_type=\"container\">\n\t\t\t\t\t<div class=\"e-con-inner\">\n\t\t\t\t<div class=\"elementor-element elementor-element-03ce0a7 jet-breadcrumbs-align-center jet-breadcrumbs-align-mobile-center elementor-widget elementor-widget-jet-breadcrumbs\" data-id=\"03ce0a7\" data-element_type=\"widget\" data-widget_type=\"jet-breadcrumbs.default\">\n\t\t\t\t<div class=\"elementor-widget-container\">\n\t\t\t\t\t<div class=\"elementor-jet-breadcrumbs jet-blocks\">\n\t\t<div class=\"jet-breadcrumbs\">\n\t\t<div class=\"jet-breadcrumbs__content\">\n\t\t<div class=\"jet-breadcrumbs__wrap\"><div class=\"jet-breadcrumbs__item\"><a href=\"https:\/\/test.comfenalcovalle.com.co\/en\/\" class=\"jet-breadcrumbs__item-link is-home\" rel=\"home\" title=\"home\">home<\/a><\/div>\n\t\t<\/div>\n\t\t<\/div>\n\t\t<\/div><\/div>\t\t\t\t<\/div>\n\t\t\t\t<\/div>\n\t\t\t\t<div class=\"elementor-element elementor-element-c95d845 elementor-widget elementor-widget-heading\" data-id=\"c95d845\" data-element_type=\"widget\" data-widget_type=\"heading.default\">\n\t\t\t\t<div class=\"elementor-widget-container\">\n\t\t\t\t\t<h1 class=\"elementor-heading-title elementor-size-default\">Requisitos para Construcci\u00f3n en sitio propio urbano<\/h1>\t\t\t\t<\/div>\n\t\t\t\t<\/div>\n\t\t\t\t\t<\/div>\n\t\t\t\t<\/div>\n\t\t<div class=\"elementor-element elementor-element-45feb9e e-con-full e-flex e-con e-child\" data-id=\"45feb9e\" data-element_type=\"container\">\n\t\t<div class=\"elementor-element elementor-element-6e73c22 e-con-full e-flex e-con e-child\" data-id=\"6e73c22\" data-element_type=\"container\">\n\t\t\t\t<div class=\"elementor-element elementor-element-03772c5 elementor-widget elementor-widget-image\" data-id=\"03772c5\" data-element_type=\"widget\" data-widget_type=\"image.default\">\n\t\t\t\t<div class=\"elementor-widget-container\">\n\t\t\t\t\t\t\t\t\t\t\t\t\t\t\t<img decoding=\"async\" width=\"164\" height=\"164\" data-src=\"https:\/\/test.comfenalcovalle.com.co\/wp-content\/uploads\/2025\/05\/icono-requisitos.png\" class=\"attachment-large size-large wp-image-659968 lazyload\" alt=\"icono requisitos\" data-srcset=\"https:\/\/test.comfenalcovalle.com.co\/wp-content\/uploads\/2025\/05\/icono-requisitos.png 164w, https:\/\/test.comfenalcovalle.com.co\/wp-content\/uploads\/2025\/05\/icono-requisitos-150x150.png 150w, https:\/\/test.comfenalcovalle.com.co\/wp-content\/uploads\/2025\/05\/icono-requisitos-12x12.png 12w\" data-sizes=\"(max-width: 164px) 100vw, 164px\" src=\"data:image\/svg+xml;base64,PHN2ZyB3aWR0aD0iMSIgaGVpZ2h0PSIxIiB4bWxucz0iaHR0cDovL3d3dy53My5vcmcvMjAwMC9zdmciPjwvc3ZnPg==\" style=\"--smush-placeholder-width: 164px; --smush-placeholder-aspect-ratio: 164\/164;\" \/>\t\t\t\t\t\t\t\t\t\t\t\t\t\t\t<\/div>\n\t\t\t\t<\/div>\n\t\t\t\t<\/div>\n\t\t<div class=\"elementor-element elementor-element-a64d219 e-con-full e-flex e-con e-child\" data-id=\"a64d219\" data-element_type=\"container\">\n\t\t\t\t<div class=\"elementor-element elementor-element-ebc15c9 elementor-widget elementor-widget-text-editor\" data-id=\"ebc15c9\" data-element_type=\"widget\" data-widget_type=\"text-editor.default\">\n\t\t\t\t<div class=\"elementor-widget-container\">\n\t\t\t\t\t\t\t\t\t<ul><li>Having formed a family or individual group.<\/li><li>Alguno de los postulantes debe ser afiliado a la Caja de Compensaci\u00f3n Familiar Comfenalco Valle Delagente.<\/li><li>Ninguno de los miembros del hogar podr\u00e1 ser propietario de un inmueble diferente al predio para el que est\u00e1 haciendo su solicitud (s\u00f3lo ser propietario del lote, la terraza o la vivienda a mejorar).<\/li><li>La vivienda, terreno o terraza debe encontrarse libre de limitaciones de dominio, condiciones resolutorias, embargos o grav\u00e1menes.<\/li><li>No haber sido beneficiario anteriormente de un subsidio familiar de vivienda por parte de una Caja de Compensaci\u00f3n Familiar, Inurbe, Forec, Banco Agrario o cr\u00e9dito del ICT, etc.<\/li><li>Tener una cuenta de ahorro programado y\/o cesant\u00edas inmovilizadas.<\/li><li>The income of the family group cannot exceed 4 SMMLV.<\/li><li>Si eres afiliado Independiente, debes llevar cotizado m\u00ednimo 1 a\u00f1o consecutivo a la Caja de Compensaci\u00f3n Familiar.<\/li><li>Si eres afiliado Pensionado, debes llevar cotizado m\u00ednimo 1 a\u00f1o consecutivo a la Caja de Compensaci\u00f3n Familiar y hacer el aporte del 2% de la mesada.<\/li><\/ul>\t\t\t\t\t\t\t\t<\/div>\n\t\t\t\t<\/div>\n\t\t\t\t<\/div>\n\t\t\t\t<\/div>\n\t\t<div class=\"elementor-element elementor-element-cfadb70 e-con-full e-flex e-con e-child\" data-id=\"cfadb70\" data-element_type=\"container\">\n\t\t\t\t<div class=\"elementor-element elementor-element-909d476 elementor-widget elementor-widget-heading\" data-id=\"909d476\" data-element_type=\"widget\" data-widget_type=\"heading.default\">\n\t\t\t\t<div class=\"elementor-widget-container\">\n\t\t\t\t\t<h2 class=\"elementor-heading-title elementor-size-default\">Documentos que debes presentar para iniciar proceso<\/h2>\t\t\t\t<\/div>\n\t\t\t\t<\/div>\n\t\t\t\t<div class=\"elementor-element elementor-element-ff44114 elementor-widget elementor-widget-text-editor\" data-id=\"ff44114\" data-element_type=\"widget\" data-widget_type=\"text-editor.default\">\n\t\t\t\t<div class=\"elementor-widget-container\">\n\t\t\t\t\t\t\t\t\t<p>Si sue\u00f1as con construir tu casa en un lote urbano, nuestro subsidio del 2025 te ofrece 18 SMMLV ($25.623.000) para cubrir los costos de materiales de construcci\u00f3n, escrituraci\u00f3n y la asesor\u00eda t\u00e9cnica que necesitas. Para financiar la mano de obra, tu familia deber\u00e1 contar con un ahorro previo, ya sea programado\u00a0 en cesant\u00edas.<\/p><p>Si tu grupo familiar cumple con los requisitos b\u00e1sicos, ac\u00e9rcate a la sede de Comfenalco Valle Delagente m\u00e1s cercana y presenta los siguientes documentos para iniciar el proceso.\u00a0 \u00a0 \u00a0 \u00a0 \u00a0<\/p><ul><li>1 fotocopia de la c\u00e9dula de los mayores de edad.<\/li><li>1 fotocopia de la escritura de compraventa o del reglamento de propiedad horizontal y aclaraciones que la conformen.<\/li><li>Original y 1 copia del certificado de tradici\u00f3n vigente. (Oficina de Registro e Instrumentos P\u00fablicos).<\/li><li>1 copia del recibo de impuesto predial del inmueble al d\u00eda que incluya el valor del aval\u00fao catastral (Planeaci\u00f3n o catastro municipal).<\/li><li>Original y\u00a0 copia del certificado de No Alto Riesgo (Oficina de Planeaci\u00f3n municipal).<\/li><li>Original y copia de la l\u00ednea de demarcaci\u00f3n (Oficina de Planeaci\u00f3n municipal).<\/li><li>Original y copia de las cartas laborales o si alguno de los miembros es pensionado presentar la resoluci\u00f3n de pensi\u00f3n y \u00faltimo desprendible de pago (solo para los mayores de edad del grupo familiar).<\/li><li>Certificaci\u00f3n de disponibilidad de servicios p\u00fablicos (acueducto- alcantarillado-energ\u00eda).\u00a0<\/li><li>Certificado de inmovilizaci\u00f3n de ahorro programado y\/o cesant\u00edas.<\/li><\/ul><p><b><br \/>Important: <\/b>La entrega de estos documentos corresponde \u00fanicamente a la inscripci\u00f3n al programa que seleccionaste, no a la postulaci\u00f3n formal.<\/p><p>Una vez radicados tus documentos de inscripci\u00f3n, nuestro equipo de Comfenalco Valle Delagente realizar\u00e1 una revisi\u00f3n detallada. Si no encontramos ninguna inconsistencia, te contactaremos para informarte sobre el pago de la visita t\u00e9cnica, que para este a\u00f1o tiene un valor de $265.000.<\/p><p>Si tu documentaci\u00f3n presenta alg\u00fan detalle que necesite ser subsanado, te llamaremos para indicarte los hallazgos. Tendr\u00e1s un plazo m\u00e1ximo de 60 d\u00edas para realizar las correcciones necesarias. Si transcurrido este tiempo no se completa la informaci\u00f3n, entenderemos que deseas desistir del proceso.<\/p><p>Despu\u00e9s de la visita t\u00e9cnica, nuestro profesional te indicar\u00e1 a trav\u00e9s de un informe si tu solicitud aplica o no al subsidio y, en caso de ser favorable, te dar\u00e1 los pasos a seguir.<\/p><p><b>IMPORTANTE: El grupo familiar debe conservar las\u00a0 condiciones correspondientes a los requisitos durante todo el proceso hasta la asignaci\u00f3n del subsidio familiar de vivienda\u00a0 incluyendo el estado f\u00edsico del inmueble.<\/b><\/p>\t\t\t\t\t\t\t\t<\/div>\n\t\t\t\t<\/div>\n\t\t\t\t<\/div>\n\t\t<div class=\"elementor-element elementor-element-f9e12d2 e-con-full e-flex e-con e-child\" data-id=\"f9e12d2\" data-element_type=\"container\">\n\t\t<div class=\"elementor-element elementor-element-780998f e-flex e-con-boxed e-con e-child\" data-id=\"780998f\" data-element_type=\"container\">\n\t\t\t\t\t<div class=\"e-con-inner\">\n\t\t\t\t<div class=\"elementor-element elementor-element-6c2e63d elementor-align-center elementor-widget elementor-widget-button\" data-id=\"6c2e63d\" data-element_type=\"widget\" data-widget_type=\"button.default\">\n\t\t\t\t<div class=\"elementor-widget-container\">\n\t\t\t\t\t\t\t\t\t<div class=\"elementor-button-wrapper\">\n\t\t\t\t\t<a class=\"elementor-button elementor-button-link elementor-size-sm elementor-animation-shrink\" href=\"https:\/\/test.comfenalcovalle.com.co\/en\/personas\/vivienda\/valor-y-cronograma-de-adjudicacion-del-subsidio-familiar-vivienda\/#cronograma\" target=\"_blank\">\n\t\t\t\t\t\t<span class=\"elementor-button-content-wrapper\">\n\t\t\t\t\t\t\t\t\t<span class=\"elementor-button-text\">Cronograma de postulaci\u00f3n<\/span>\n\t\t\t\t\t<\/span>\n\t\t\t\t\t<\/a>\n\t\t\t\t<\/div>\n\t\t\t\t\t\t\t\t<\/div>\n\t\t\t\t<\/div>\n\t\t\t\t\t<\/div>\n\t\t\t\t<\/div>\n\t\t<div class=\"elementor-element elementor-element-f49cc7c e-flex e-con-boxed e-con e-child\" data-id=\"f49cc7c\" data-element_type=\"container\">\n\t\t\t\t\t<div class=\"e-con-inner\">\n\t\t\t\t<div class=\"elementor-element elementor-element-093ecf2 elementor-align-center elementor-widget elementor-widget-button\" data-id=\"093ecf2\" data-element_type=\"widget\" data-widget_type=\"button.default\">\n\t\t\t\t<div class=\"elementor-widget-container\">\n\t\t\t\t\t\t\t\t\t<div class=\"elementor-button-wrapper\">\n\t\t\t\t\t<a class=\"elementor-button elementor-button-link elementor-size-sm elementor-animation-shrink\" href=\"https:\/\/test.comfenalcovalle.com.co\/en\/personas\/vivienda\/listado-de-subsidio-de-vivienda-familiar-adjudicado\/\" target=\"_blank\">\n\t\t\t\t\t\t<span class=\"elementor-button-content-wrapper\">\n\t\t\t\t\t\t\t\t\t<span class=\"elementor-button-text\">Listado de adjudicados del Subsidio de Vivienda<\/span>\n\t\t\t\t\t<\/span>\n\t\t\t\t\t<\/a>\n\t\t\t\t<\/div>\n\t\t\t\t\t\t\t\t<\/div>\n\t\t\t\t<\/div>\n\t\t\t\t\t<\/div>\n\t\t\t\t<\/div>\n\t\t\t\t<\/div>\n\t\t\t\t\t<\/div>\n\t\t\t\t<\/div>\n\t\t\t\t<\/div>","protected":false},"excerpt":{"rendered":"<p>Home Requisitos para Construcci\u00f3n en sitio propio urbano Tener conformado un grupo familiar o unipersonal. Alguno de los postulantes debe ser afiliado a la Caja de Compensaci\u00f3n Familiar Comfenalco Valle Delagente. Ninguno de los miembros del hogar podr\u00e1 ser propietario de un inmueble diferente al predio para el que est\u00e1 haciendo su solicitud (s\u00f3lo ser [&hellip;]<\/p>","protected":false},"author":29,"featured_media":587410,"parent":671959,"menu_order":0,"comment_status":"closed","ping_status":"closed","template":"","meta":{"footnotes":""},"class_list":["post-672050","page","type-page","status-publish","has-post-thumbnail","hentry"],"yoast_head":"<!-- This site is optimized with the Yoast SEO Premium plugin v25.9 (Yoast SEO v25.9) - https:\/\/yoast.com\/wordpress\/plugins\/seo\/ -->\n<title>Requisitos para Construcci\u00f3n en sitio propio urbano - Comfenalco Valle Delagente<\/title>\n<meta name=\"description\" content=\"El subsidio para construcci\u00f3n en sitio propio urbano es entregado en materiales de construcci\u00f3n, escrituraci\u00f3n y la asesor\u00eda t\u00e9cnica, etc...\" \/>\n<meta name=\"robots\" content=\"index, follow, max-snippet:-1, max-image-preview:large, max-video-preview:-1\" \/>\n<link rel=\"canonical\" href=\"https:\/\/www.comfenalcovalle.com.co\/personas\/vivienda\/programa-de-construccion-en-sitio-propio-y-mejoramiento-de-vivienda\/requisitos-para-construccion-en-sitio-propio-urbano\/\" \/>\n<meta property=\"og:locale\" content=\"en_US\" \/>\n<meta property=\"og:type\" content=\"article\" \/>\n<meta property=\"og:title\" content=\"Requisitos para Construcci\u00f3n en sitio propio urbano\" \/>\n<meta property=\"og:description\" content=\"El subsidio para construcci\u00f3n en sitio propio urbano es entregado en materiales de construcci\u00f3n, escrituraci\u00f3n y la asesor\u00eda t\u00e9cnica, etc...\" \/>\n<meta property=\"og:url\" content=\"https:\/\/www.comfenalcovalle.com.co\/personas\/vivienda\/programa-de-construccion-en-sitio-propio-y-mejoramiento-de-vivienda\/requisitos-para-construccion-en-sitio-propio-urbano\/\" \/>\n<meta property=\"og:site_name\" content=\"Comfenalco Valle Delagente\" \/>\n<meta property=\"article:modified_time\" content=\"2025-12-11T15:48:47+00:00\" \/>\n<meta property=\"og:image\" content=\"https:\/\/www.comfenalcovalle.com.co\/wp-content\/uploads\/2020\/10\/construccion-vivienda-stock_462881611-scaled.jpeg\" \/>\n\t<meta property=\"og:image:width\" content=\"1280\" \/>\n\t<meta property=\"og:image:height\" content=\"855\" \/>\n\t<meta property=\"og:image:type\" content=\"image\/jpeg\" \/>\n<meta name=\"twitter:card\" content=\"summary_large_image\" \/>\n<meta name=\"twitter:label1\" content=\"Est. reading time\" \/>\n\t<meta name=\"twitter:data1\" content=\"3 minutes\" \/>\n<script type=\"application\/ld+json\" class=\"yoast-schema-graph\">{\"@context\":\"https:\/\/schema.org\",\"@graph\":[{\"@type\":\"WebPage\",\"@id\":\"https:\/\/www.comfenalcovalle.com.co\/personas\/vivienda\/programa-de-construccion-en-sitio-propio-y-mejoramiento-de-vivienda\/requisitos-para-construccion-en-sitio-propio-urbano\/\",\"url\":\"https:\/\/www.comfenalcovalle.com.co\/personas\/vivienda\/programa-de-construccion-en-sitio-propio-y-mejoramiento-de-vivienda\/requisitos-para-construccion-en-sitio-propio-urbano\/\",\"name\":\"Requisitos para Construcci\u00f3n en sitio propio urbano - Comfenalco Valle Delagente\",\"isPartOf\":{\"@id\":\"https:\/\/www.comfenalcovalle.com.co\/#website\"},\"primaryImageOfPage\":{\"@id\":\"https:\/\/www.comfenalcovalle.com.co\/personas\/vivienda\/programa-de-construccion-en-sitio-propio-y-mejoramiento-de-vivienda\/requisitos-para-construccion-en-sitio-propio-urbano\/#primaryimage\"},\"image\":{\"@id\":\"https:\/\/www.comfenalcovalle.com.co\/personas\/vivienda\/programa-de-construccion-en-sitio-propio-y-mejoramiento-de-vivienda\/requisitos-para-construccion-en-sitio-propio-urbano\/#primaryimage\"},\"thumbnailUrl\":\"https:\/\/test.comfenalcovalle.com.co\/wp-content\/uploads\/2020\/10\/construccion-vivienda-stock_462881611-scaled.jpeg\",\"datePublished\":\"2025-12-11T15:41:14+00:00\",\"dateModified\":\"2025-12-11T15:48:47+00:00\",\"description\":\"El subsidio para construcci\u00f3n en sitio propio urbano es entregado en materiales de construcci\u00f3n, escrituraci\u00f3n y la asesor\u00eda t\u00e9cnica, etc...\",\"breadcrumb\":{\"@id\":\"https:\/\/www.comfenalcovalle.com.co\/personas\/vivienda\/programa-de-construccion-en-sitio-propio-y-mejoramiento-de-vivienda\/requisitos-para-construccion-en-sitio-propio-urbano\/#breadcrumb\"},\"inLanguage\":\"en-US\",\"potentialAction\":[{\"@type\":\"ReadAction\",\"target\":[\"https:\/\/www.comfenalcovalle.com.co\/personas\/vivienda\/programa-de-construccion-en-sitio-propio-y-mejoramiento-de-vivienda\/requisitos-para-construccion-en-sitio-propio-urbano\/\"]}]},{\"@type\":\"ImageObject\",\"inLanguage\":\"en-US\",\"@id\":\"https:\/\/www.comfenalcovalle.com.co\/personas\/vivienda\/programa-de-construccion-en-sitio-propio-y-mejoramiento-de-vivienda\/requisitos-para-construccion-en-sitio-propio-urbano\/#primaryimage\",\"url\":\"https:\/\/test.comfenalcovalle.com.co\/wp-content\/uploads\/2020\/10\/construccion-vivienda-stock_462881611-scaled.jpeg\",\"contentUrl\":\"https:\/\/test.comfenalcovalle.com.co\/wp-content\/uploads\/2020\/10\/construccion-vivienda-stock_462881611-scaled.jpeg\",\"width\":1280,\"height\":855,\"caption\":\"Bricklayer,Worker,Installing,Brick,Masonry,On,Exterior,Wall,With,Trowel\"},{\"@type\":\"BreadcrumbList\",\"@id\":\"https:\/\/www.comfenalcovalle.com.co\/personas\/vivienda\/programa-de-construccion-en-sitio-propio-y-mejoramiento-de-vivienda\/requisitos-para-construccion-en-sitio-propio-urbano\/#breadcrumb\",\"itemListElement\":[{\"@type\":\"ListItem\",\"position\":1,\"name\":\"Portada\",\"item\":\"https:\/\/www.comfenalcovalle.com.co\/\"},{\"@type\":\"ListItem\",\"position\":2,\"name\":\"Personas\",\"item\":\"https:\/\/www.comfenalcovalle.com.co\/\"},{\"@type\":\"ListItem\",\"position\":3,\"name\":\"Vivienda\",\"item\":\"https:\/\/www.comfenalcovalle.com.co\/personas\/vivienda\/\"},{\"@type\":\"ListItem\",\"position\":4,\"name\":\"Programa de Construcci\u00f3n en Sitio Propio y Mejoramiento de Vivienda\",\"item\":\"https:\/\/www.comfenalcovalle.com.co\/personas\/vivienda\/programa-de-construccion-en-sitio-propio-y-mejoramiento-de-vivienda\/\"},{\"@type\":\"ListItem\",\"position\":5,\"name\":\"Requisitos para Construcci\u00f3n en sitio propio urbano\"}]},{\"@type\":\"WebSite\",\"@id\":\"https:\/\/www.comfenalcovalle.com.co\/#website\",\"url\":\"https:\/\/www.comfenalcovalle.com.co\/\",\"name\":\"Comfenalco Valle Delagente\",\"description\":\"Caja de compensaci\u00f3n de Comfenalco Valle Delagente.\",\"publisher\":{\"@id\":\"https:\/\/www.comfenalcovalle.com.co\/#organization\"},\"potentialAction\":[{\"@type\":\"SearchAction\",\"target\":{\"@type\":\"EntryPoint\",\"urlTemplate\":\"https:\/\/www.comfenalcovalle.com.co\/?s={search_term_string}\"},\"query-input\":{\"@type\":\"PropertyValueSpecification\",\"valueRequired\":true,\"valueName\":\"search_term_string\"}}],\"inLanguage\":\"en-US\"},{\"@type\":\"Organization\",\"@id\":\"https:\/\/www.comfenalcovalle.com.co\/#organization\",\"name\":\"Comfenalco Valle Delagente\",\"url\":\"https:\/\/www.comfenalcovalle.com.co\/\",\"logo\":{\"@type\":\"ImageObject\",\"inLanguage\":\"en-US\",\"@id\":\"https:\/\/www.comfenalcovalle.com.co\/#\/schema\/logo\/image\/\",\"url\":\"https:\/\/test.comfenalcovalle.com.co\/wp-content\/uploads\/2021\/06\/logo-comfe-cabecera-agencia-empelo-actualizado.png\",\"contentUrl\":\"https:\/\/test.comfenalcovalle.com.co\/wp-content\/uploads\/2021\/06\/logo-comfe-cabecera-agencia-empelo-actualizado.png\",\"width\":500,\"height\":184,\"caption\":\"Comfenalco Valle Delagente\"},\"image\":{\"@id\":\"https:\/\/www.comfenalcovalle.com.co\/#\/schema\/logo\/image\/\"}}]}<\/script>\n<!-- \/ Yoast SEO Premium plugin. -->","yoast_head_json":{"title":"Requisitos para Construcci\u00f3n en sitio propio urbano - Comfenalco Valle Delagente","description":"El subsidio para construcci\u00f3n en sitio propio urbano es entregado en materiales de construcci\u00f3n, escrituraci\u00f3n y la asesor\u00eda t\u00e9cnica, etc...","robots":{"index":"index","follow":"follow","max-snippet":"max-snippet:-1","max-image-preview":"max-image-preview:large","max-video-preview":"max-video-preview:-1"},"canonical":"https:\/\/www.comfenalcovalle.com.co\/personas\/vivienda\/programa-de-construccion-en-sitio-propio-y-mejoramiento-de-vivienda\/requisitos-para-construccion-en-sitio-propio-urbano\/","og_locale":"en_US","og_type":"article","og_title":"Requisitos para Construcci\u00f3n en sitio propio urbano","og_description":"El subsidio para construcci\u00f3n en sitio propio urbano es entregado en materiales de construcci\u00f3n, escrituraci\u00f3n y la asesor\u00eda t\u00e9cnica, etc...","og_url":"https:\/\/www.comfenalcovalle.com.co\/personas\/vivienda\/programa-de-construccion-en-sitio-propio-y-mejoramiento-de-vivienda\/requisitos-para-construccion-en-sitio-propio-urbano\/","og_site_name":"Comfenalco Valle Delagente","article_modified_time":"2025-12-11T15:48:47+00:00","og_image":[{"width":1280,"height":855,"url":"https:\/\/www.comfenalcovalle.com.co\/wp-content\/uploads\/2020\/10\/construccion-vivienda-stock_462881611-scaled.jpeg","type":"image\/jpeg"}],"twitter_card":"summary_large_image","twitter_misc":{"Est. reading time":"3 minutes"},"schema":{"@context":"https:\/\/schema.org","@graph":[{"@type":"WebPage","@id":"https:\/\/www.comfenalcovalle.com.co\/personas\/vivienda\/programa-de-construccion-en-sitio-propio-y-mejoramiento-de-vivienda\/requisitos-para-construccion-en-sitio-propio-urbano\/","url":"https:\/\/www.comfenalcovalle.com.co\/personas\/vivienda\/programa-de-construccion-en-sitio-propio-y-mejoramiento-de-vivienda\/requisitos-para-construccion-en-sitio-propio-urbano\/","name":"Requisitos para Construcci\u00f3n en sitio propio urbano - Comfenalco Valle Delagente","isPartOf":{"@id":"https:\/\/www.comfenalcovalle.com.co\/#website"},"primaryImageOfPage":{"@id":"https:\/\/www.comfenalcovalle.com.co\/personas\/vivienda\/programa-de-construccion-en-sitio-propio-y-mejoramiento-de-vivienda\/requisitos-para-construccion-en-sitio-propio-urbano\/#primaryimage"},"image":{"@id":"https:\/\/www.comfenalcovalle.com.co\/personas\/vivienda\/programa-de-construccion-en-sitio-propio-y-mejoramiento-de-vivienda\/requisitos-para-construccion-en-sitio-propio-urbano\/#primaryimage"},"thumbnailUrl":"https:\/\/test.comfenalcovalle.com.co\/wp-content\/uploads\/2020\/10\/construccion-vivienda-stock_462881611-scaled.jpeg","datePublished":"2025-12-11T15:41:14+00:00","dateModified":"2025-12-11T15:48:47+00:00","description":"El subsidio para construcci\u00f3n en sitio propio urbano es entregado en materiales de construcci\u00f3n, escrituraci\u00f3n y la asesor\u00eda t\u00e9cnica, etc...","breadcrumb":{"@id":"https:\/\/www.comfenalcovalle.com.co\/personas\/vivienda\/programa-de-construccion-en-sitio-propio-y-mejoramiento-de-vivienda\/requisitos-para-construccion-en-sitio-propio-urbano\/#breadcrumb"},"inLanguage":"en-US","potentialAction":[{"@type":"ReadAction","target":["https:\/\/www.comfenalcovalle.com.co\/personas\/vivienda\/programa-de-construccion-en-sitio-propio-y-mejoramiento-de-vivienda\/requisitos-para-construccion-en-sitio-propio-urbano\/"]}]},{"@type":"ImageObject","inLanguage":"en-US","@id":"https:\/\/www.comfenalcovalle.com.co\/personas\/vivienda\/programa-de-construccion-en-sitio-propio-y-mejoramiento-de-vivienda\/requisitos-para-construccion-en-sitio-propio-urbano\/#primaryimage","url":"https:\/\/test.comfenalcovalle.com.co\/wp-content\/uploads\/2020\/10\/construccion-vivienda-stock_462881611-scaled.jpeg","contentUrl":"https:\/\/test.comfenalcovalle.com.co\/wp-content\/uploads\/2020\/10\/construccion-vivienda-stock_462881611-scaled.jpeg","width":1280,"height":855,"caption":"Bricklayer,Worker,Installing,Brick,Masonry,On,Exterior,Wall,With,Trowel"},{"@type":"BreadcrumbList","@id":"https:\/\/www.comfenalcovalle.com.co\/personas\/vivienda\/programa-de-construccion-en-sitio-propio-y-mejoramiento-de-vivienda\/requisitos-para-construccion-en-sitio-propio-urbano\/#breadcrumb","itemListElement":[{"@type":"ListItem","position":1,"name":"Portada","item":"https:\/\/www.comfenalcovalle.com.co\/"},{"@type":"ListItem","position":2,"name":"Personas","item":"https:\/\/www.comfenalcovalle.com.co\/"},{"@type":"ListItem","position":3,"name":"Vivienda","item":"https:\/\/www.comfenalcovalle.com.co\/personas\/vivienda\/"},{"@type":"ListItem","position":4,"name":"Programa de Construcci\u00f3n en Sitio Propio y Mejoramiento de Vivienda","item":"https:\/\/www.comfenalcovalle.com.co\/personas\/vivienda\/programa-de-construccion-en-sitio-propio-y-mejoramiento-de-vivienda\/"},{"@type":"ListItem","position":5,"name":"Requisitos para Construcci\u00f3n en sitio propio urbano"}]},{"@type":"WebSite","@id":"https:\/\/www.comfenalcovalle.com.co\/#website","url":"https:\/\/www.comfenalcovalle.com.co\/","name":"Comfenalco Valle Delagente","description":"Comfenalco Valle Delagente compensation fund.","publisher":{"@id":"https:\/\/www.comfenalcovalle.com.co\/#organization"},"potentialAction":[{"@type":"SearchAction","target":{"@type":"EntryPoint","urlTemplate":"https:\/\/www.comfenalcovalle.com.co\/?s={search_term_string}"},"query-input":{"@type":"PropertyValueSpecification","valueRequired":true,"valueName":"search_term_string"}}],"inLanguage":"en-US"},{"@type":"Organization","@id":"https:\/\/www.comfenalcovalle.com.co\/#organization","name":"Comfenalco Valle Delagente","url":"https:\/\/www.comfenalcovalle.com.co\/","logo":{"@type":"ImageObject","inLanguage":"en-US","@id":"https:\/\/www.comfenalcovalle.com.co\/#\/schema\/logo\/image\/","url":"https:\/\/test.comfenalcovalle.com.co\/wp-content\/uploads\/2021\/06\/logo-comfe-cabecera-agencia-empelo-actualizado.png","contentUrl":"https:\/\/test.comfenalcovalle.com.co\/wp-content\/uploads\/2021\/06\/logo-comfe-cabecera-agencia-empelo-actualizado.png","width":500,"height":184,"caption":"Comfenalco Valle Delagente"},"image":{"@id":"https:\/\/www.comfenalcovalle.com.co\/#\/schema\/logo\/image\/"}}]}},"publishpress_future_action":{"enabled":false,"date":"2026-05-10 13:12:00","action":"change-status","newStatus":"draft","terms":[],"taxonomy":"","extraData":[]},"publishpress_future_workflow_manual_trigger":{"enabledWorkflows":[]},"_links":{"self":[{"href":"https:\/\/test.comfenalcovalle.com.co\/en\/wp-json\/wp\/v2\/pages\/672050","targetHints":{"allow":["GET"]}}],"collection":[{"href":"https:\/\/test.comfenalcovalle.com.co\/en\/wp-json\/wp\/v2\/pages"}],"about":[{"href":"https:\/\/test.comfenalcovalle.com.co\/en\/wp-json\/wp\/v2\/types\/page"}],"author":[{"embeddable":true,"href":"https:\/\/test.comfenalcovalle.com.co\/en\/wp-json\/wp\/v2\/users\/29"}],"replies":[{"embeddable":true,"href":"https:\/\/test.comfenalcovalle.com.co\/en\/wp-json\/wp\/v2\/comments?post=672050"}],"version-history":[{"count":0,"href":"https:\/\/test.comfenalcovalle.com.co\/en\/wp-json\/wp\/v2\/pages\/672050\/revisions"}],"up":[{"embeddable":true,"href":"https:\/\/test.comfenalcovalle.com.co\/en\/wp-json\/wp\/v2\/pages\/671959"}],"wp:featuredmedia":[{"embeddable":true,"href":"https:\/\/test.comfenalcovalle.com.co\/en\/wp-json\/wp\/v2\/media\/587410"}],"wp:attachment":[{"href":"https:\/\/test.comfenalcovalle.com.co\/en\/wp-json\/wp\/v2\/media?parent=672050"}],"curies":[{"name":"wp","href":"https:\/\/api.w.org\/{rel}","templated":true}]}}