{"id":672010,"date":"2025-12-11T09:19:08","date_gmt":"2025-12-11T14:19:08","guid":{"rendered":"https:\/\/test.comfenalcovalle.com.co\/?page_id=672010"},"modified":"2025-12-15T16:11:01","modified_gmt":"2025-12-15T21:11:01","slug":"declaracion-de-accesibilidad","status":"publish","type":"page","link":"https:\/\/test.comfenalcovalle.com.co\/en\/personas\/nosotros\/gobierno-de-informacion\/declaracion-de-accesibilidad\/","title":{"rendered":"Declaraci\u00f3n de Accesibilidad"},"content":{"rendered":"<div data-elementor-type=\"wp-page\" data-elementor-id=\"672010\" class=\"elementor elementor-672010\" data-elementor-post-type=\"page\">\n\t\t\t\t<main class=\"elementor-element elementor-element-16e093d e-flex e-con-boxed e-con e-parent\" data-id=\"16e093d\" data-element_type=\"container\">\n\t\t\t\t\t<div class=\"e-con-inner\">\n\t\t<section class=\"elementor-element elementor-element-21dc970 e-flex e-con-boxed e-con e-child\" data-id=\"21dc970\" data-element_type=\"container\">\n\t\t\t\t\t<div class=\"e-con-inner\">\n\t\t<div class=\"elementor-element elementor-element-8527677 e-con-full e-flex e-con e-child\" data-id=\"8527677\" data-element_type=\"container\" data-settings=\"{&quot;background_background&quot;:&quot;classic&quot;}\">\n\t\t\t\t<div class=\"elementor-element elementor-element-ab6a4c9 elementor-widget elementor-widget-spacer\" data-id=\"ab6a4c9\" data-element_type=\"widget\" data-widget_type=\"spacer.default\">\n\t\t\t\t<div class=\"elementor-widget-container\">\n\t\t\t\t\t\t\t<div class=\"elementor-spacer\">\n\t\t\t<div class=\"elementor-spacer-inner\"><\/div>\n\t\t<\/div>\n\t\t\t\t\t\t<\/div>\n\t\t\t\t<\/div>\n\t\t\t\t<\/div>\n\t\t<div class=\"elementor-element elementor-element-c378dc7 e-con-full e-flex e-con e-child\" data-id=\"c378dc7\" data-element_type=\"container\">\n\t\t\t\t<div class=\"elementor-element elementor-element-c9d52d0 jet-breadcrumbs-align-left jet-breadcrumbs-align-tablet-center elementor-widget elementor-widget-jet-breadcrumbs\" data-id=\"c9d52d0\" data-element_type=\"widget\" data-widget_type=\"jet-breadcrumbs.default\">\n\t\t\t\t<div class=\"elementor-widget-container\">\n\t\t\t\t\t<div class=\"elementor-jet-breadcrumbs jet-blocks\">\n\t\t<div class=\"jet-breadcrumbs\">\n\t\t<div class=\"jet-breadcrumbs__content\">\n\t\t<div class=\"jet-breadcrumbs__wrap\"><div class=\"jet-breadcrumbs__item\"><a href=\"https:\/\/test.comfenalcovalle.com.co\/en\/\" class=\"jet-breadcrumbs__item-link is-home\" rel=\"home\" title=\"Beginning\">Beginning<\/a><\/div>\n\t\t<\/div>\n\t\t<\/div>\n\t\t<\/div><\/div>\t\t\t\t<\/div>\n\t\t\t\t<\/div>\n\t\t\t\t<div class=\"elementor-element elementor-element-45002ba elementor-widget elementor-widget-heading\" data-id=\"45002ba\" data-element_type=\"widget\" id=\"declaracion_accesibilidad_subir\" data-widget_type=\"heading.default\">\n\t\t\t\t<div class=\"elementor-widget-container\">\n\t\t\t\t\t<h1 class=\"elementor-heading-title elementor-size-default\">Declaraci\u00f3n de Accesibilidad<\/h1>\t\t\t\t<\/div>\n\t\t\t\t<\/div>\n\t\t\t\t<div class=\"elementor-element elementor-element-1946471 elementor-widget elementor-widget-text-editor\" data-id=\"1946471\" data-element_type=\"widget\" data-widget_type=\"text-editor.default\">\n\t\t\t\t<div class=\"elementor-widget-container\">\n\t\t\t\t\t\t\t\t\t<p>Comfenalco Valle Delagente se esfuerza por garantizar que sus servicios digitales sean accesibles para las personas con discapacidad. Comfenalco Valle Delagente ha invertido importantes recursos para garantizar el acceso a todos los usuarios, incluidas las personas con discapacidad, con la firme convicci\u00f3n de que toda persona tiene derecho a vivir con dignidad, igualdad, comodidad e independencia.<\/p>\t\t\t\t\t\t\t\t<\/div>\n\t\t\t\t<\/div>\n\t\t\t\t<\/div>\n\t\t\t\t\t<\/div>\n\t\t\t\t<\/section>\n\t\t\t\t<div class=\"elementor-element elementor-element-935582d elementor-widget elementor-widget-text-editor\" data-id=\"935582d\" data-element_type=\"widget\" data-widget_type=\"text-editor.default\">\n\t\t\t\t<div class=\"elementor-widget-container\">\n\t\t\t\t\t\t\t\t\t<p>La accesibilidad digital no es solo un objetivo que buscamos alcanzar, sino un compromiso continuo que mantenemos en todos los aspectos de la prestaci\u00f3n de nuestros servicios digitales. Reconocemos que esto requiere monitoreo, mejora y adaptaci\u00f3n continuos. En las siguientes secciones, detallamos los diversos esfuerzos que hemos realizado para avanzar en la accesibilidad digital para todos.<\/p><p>Un elemento clave de nuestra iniciativa de accesibilidad es la colaboraci\u00f3n con UserWay, una consultora externa especializada en accesibilidad, para que nos ayude a adaptar el sitio web a las normativas. Para ello, utilizamos m\u00e9todos y herramientas de accesibilidad est\u00e1ndar de la industria, de acuerdo con la versi\u00f3n correspondiente de las Pautas de Accesibilidad al Contenido Web (WCAG), establecidas por el Consorcio World Wide Web (W3C), la principal organizaci\u00f3n internacional de normalizaci\u00f3n de internet.<\/p><p>Como parte de nuestro firme compromiso con la mejora y la soluci\u00f3n de los retos de accesibilidad, trabajamos con desarrolladores expertos en accesibilidad digital.<\/p><p>Nuestro enfoque en materia de accesibilidad incluye tanto auditor\u00edas manuales como an\u00e1lisis automatizados.<\/p><p>comfenalcovalle.com.co pone a disposici\u00f3n el Widget de Accesibilidad Web UserWay, alimentado por un servidor de accesibilidad dedicado.<\/p><p>El Widget ofrece mejoras activadas por el usuario que permiten a los visitantes optimizar la accesibilidad del sitio. Al seleccionar estas funciones, se puede aumentar el tama\u00f1o de la fuente, pausar animaciones, cambiar el contraste de color y m\u00e1s. Los usuarios pueden elegir combinaciones que se adapten a sus necesidades, seg\u00fan el Nivel AAA de WCAG.<\/p><p>El sitio ha habilitado la Tecnolog\u00eda de Remediaci\u00f3n Automatizada (TAR) para todos los visitantes, independientemente de si utilizan tecnolog\u00eda de asistencia. La TAR no detecta el uso de tecnolog\u00eda de asistencia; en cambio, mejora la accesibilidad para todos los visitantes, independientemente de su capacidad, mediante la implementaci\u00f3n de funciones de remediaci\u00f3n como (lista no exhaustiva):<\/p><p>\u27a3 Las im\u00e1genes y otros elementos no textuales tienen texto alternativo asociado cuando es necesario;<br \/>\u27a3 La navegaci\u00f3n con teclado se ha mejorado con ayudas como la indicaci\u00f3n de enfoque y enlaces para saltar contenido;<\/p><p><strong>Cont\u00e1ctanos<\/strong><\/p><p>Estamos aqu\u00ed para ayudarte y hacer que tu experiencia sea lo m\u00e1s fluida e inclusiva posible. Si tienes alg\u00fan problema de accesibilidad digital con nuestros productos o servicios, o necesitas informaci\u00f3n sobre accesibilidad digital, \u00a1nos gustar\u00eda saberlo! Agradecemos tus comentarios y siempre estamos dispuestos a aceptar sugerencias para mejorar nuestras iniciativas de accesibilidad digital.<\/p><p><strong>Contact information:<\/strong><\/p><p>\u27a3 Comfenalco Valle Delagente<br \/>\u27a3 Correo electr\u00f3nico: <a href=\"\/en\/cabarrera@comfenalcovalle.com.co\/\" target=\"_blank\" rel=\"noopener\">comunicaciones@comfenalcovalle.com.co<\/a><\/p><p>Nos tomamos muy en serio la accesibilidad y nos pondremos en contacto con usted en breve.<\/p>\t\t\t\t\t\t\t\t<\/div>\n\t\t\t\t<\/div>\n\t\t\t\t\t<\/div>\n\t\t\t\t<\/main>\n\t\t<section class=\"elementor-element elementor-element-a02fdae e-flex e-con-boxed e-con e-child\" data-id=\"a02fdae\" data-element_type=\"container\">\n\t\t\t\t\t<div class=\"e-con-inner\">\n\t\t<div class=\"elementor-element elementor-element-7b91fd2 e-flex e-con-boxed e-con e-child\" data-id=\"7b91fd2\" data-element_type=\"container\">\n\t\t\t\t\t<div class=\"e-con-inner\">\n\t\t\t\t<div class=\"elementor-element elementor-element-abc022e elementor-align-justify elementor-widget elementor-widget-button\" data-id=\"abc022e\" data-element_type=\"widget\" data-widget_type=\"button.default\">\n\t\t\t\t<div class=\"elementor-widget-container\">\n\t\t\t\t\t\t\t\t\t<div class=\"elementor-button-wrapper\">\n\t\t\t\t\t<a class=\"elementor-button elementor-button-link elementor-size-lg elementor-animation-shrink\" href=\"https:\/\/test.comfenalcovalle.com.co\/en\/personas\/nosotros\/gobierno-de-informacion\/\">\n\t\t\t\t\t\t<span class=\"elementor-button-content-wrapper\">\n\t\t\t\t\t\t<span class=\"elementor-button-icon\">\n\t\t\t\t<i aria-hidden=\"true\" class=\"fas fa-backward\"><\/i>\t\t\t<\/span>\n\t\t\t\t\t\t\t\t\t<span class=\"elementor-button-text\">Regresar<\/span>\n\t\t\t\t\t<\/span>\n\t\t\t\t\t<\/a>\n\t\t\t\t<\/div>\n\t\t\t\t\t\t\t\t<\/div>\n\t\t\t\t<\/div>\n\t\t\t\t\t<\/div>\n\t\t\t\t<\/div>\n\t\t<div class=\"elementor-element elementor-element-41cb492 e-flex e-con-boxed e-con e-child\" data-id=\"41cb492\" data-element_type=\"container\">\n\t\t\t\t\t<div class=\"e-con-inner\">\n\t\t\t\t<div class=\"elementor-element elementor-element-d332147 elementor-align-justify elementor-widget elementor-widget-button\" data-id=\"d332147\" data-element_type=\"widget\" data-widget_type=\"button.default\">\n\t\t\t\t<div class=\"elementor-widget-container\">\n\t\t\t\t\t\t\t\t\t<div class=\"elementor-button-wrapper\">\n\t\t\t\t\t<a class=\"elementor-button elementor-button-link elementor-size-lg elementor-animation-shrink\" href=\"#declaracion_accesibilidad_subir\">\n\t\t\t\t\t\t<span class=\"elementor-button-content-wrapper\">\n\t\t\t\t\t\t<span class=\"elementor-button-icon\">\n\t\t\t\t<i aria-hidden=\"true\" class=\"fas fa-angle-double-up\"><\/i>\t\t\t<\/span>\n\t\t\t\t\t\t\t\t\t<span class=\"elementor-button-text\">Subir<\/span>\n\t\t\t\t\t<\/span>\n\t\t\t\t\t<\/a>\n\t\t\t\t<\/div>\n\t\t\t\t\t\t\t\t<\/div>\n\t\t\t\t<\/div>\n\t\t\t\t\t<\/div>\n\t\t\t\t<\/div>\n\t\t\t\t\t<\/div>\n\t\t\t\t<\/section>\n\t\t\t\t<\/div>","protected":false},"excerpt":{"rendered":"<p>Inicio Comfenalco Valle Delagente se esfuerza por garantizar que sus servicios digitales sean accesibles para las personas con discapacidad. Comfenalco Valle Delagente ha invertido importantes recursos para garantizar el acceso a todos los usuarios, incluidas las personas con discapacidad, con la firme convicci\u00f3n de que toda persona tiene derecho a vivir con dignidad, igualdad, comodidad [&hellip;]<\/p>","protected":false},"author":29,"featured_media":633202,"parent":636391,"menu_order":0,"comment_status":"closed","ping_status":"closed","template":"","meta":{"footnotes":""},"class_list":["post-672010","page","type-page","status-publish","has-post-thumbnail","hentry"],"yoast_head":"<!-- This site is optimized with the Yoast SEO Premium plugin v25.9 (Yoast SEO v25.9) - https:\/\/yoast.com\/wordpress\/plugins\/seo\/ -->\n<title>Declaraci\u00f3n de Accesibilidad - Comfenalco Valle Delagente<\/title>\n<meta name=\"description\" content=\"Comfenalco Valle Delagente se esfuerza por garantizar que sus servicios digitales sean accesibles para las personas con discapacidad.\" \/>\n<meta name=\"robots\" content=\"index, follow, max-snippet:-1, max-image-preview:large, max-video-preview:-1\" \/>\n<link rel=\"canonical\" href=\"https:\/\/www.comfenalcovalle.com.co\/personas\/nosotros\/gobierno-de-informacion\/declaracion-de-accesibilidad\/\" \/>\n<meta property=\"og:locale\" content=\"en_US\" \/>\n<meta property=\"og:type\" content=\"article\" \/>\n<meta property=\"og:title\" content=\"Declaraci\u00f3n de Accesibilidad\" \/>\n<meta property=\"og:description\" content=\"Comfenalco Valle Delagente se esfuerza por garantizar que sus servicios digitales sean accesibles para las personas con discapacidad.\" \/>\n<meta property=\"og:url\" content=\"https:\/\/www.comfenalcovalle.com.co\/personas\/nosotros\/gobierno-de-informacion\/declaracion-de-accesibilidad\/\" \/>\n<meta property=\"og:site_name\" content=\"Comfenalco Valle Delagente\" \/>\n<meta property=\"article:modified_time\" content=\"2025-12-15T21:11:01+00:00\" \/>\n<meta property=\"og:image\" content=\"https:\/\/www.comfenalcovalle.com.co\/wp-content\/uploads\/2024\/04\/User-way-logo.webp\" \/>\n\t<meta property=\"og:image:width\" content=\"500\" \/>\n\t<meta property=\"og:image:height\" content=\"500\" \/>\n\t<meta property=\"og:image:type\" content=\"image\/webp\" \/>\n<meta name=\"twitter:card\" content=\"summary_large_image\" \/>\n<meta name=\"twitter:label1\" content=\"Est. reading time\" \/>\n\t<meta name=\"twitter:data1\" content=\"3 minutes\" \/>\n<script type=\"application\/ld+json\" class=\"yoast-schema-graph\">{\"@context\":\"https:\/\/schema.org\",\"@graph\":[{\"@type\":\"WebPage\",\"@id\":\"https:\/\/www.comfenalcovalle.com.co\/personas\/nosotros\/gobierno-de-informacion\/declaracion-de-accesibilidad\/\",\"url\":\"https:\/\/www.comfenalcovalle.com.co\/personas\/nosotros\/gobierno-de-informacion\/declaracion-de-accesibilidad\/\",\"name\":\"Declaraci\u00f3n de Accesibilidad - Comfenalco Valle Delagente\",\"isPartOf\":{\"@id\":\"https:\/\/www.comfenalcovalle.com.co\/#website\"},\"primaryImageOfPage\":{\"@id\":\"https:\/\/www.comfenalcovalle.com.co\/personas\/nosotros\/gobierno-de-informacion\/declaracion-de-accesibilidad\/#primaryimage\"},\"image\":{\"@id\":\"https:\/\/www.comfenalcovalle.com.co\/personas\/nosotros\/gobierno-de-informacion\/declaracion-de-accesibilidad\/#primaryimage\"},\"thumbnailUrl\":\"https:\/\/test.comfenalcovalle.com.co\/wp-content\/uploads\/2024\/04\/User-way-logo.webp\",\"datePublished\":\"2025-12-11T14:19:08+00:00\",\"dateModified\":\"2025-12-15T21:11:01+00:00\",\"description\":\"Comfenalco Valle Delagente se esfuerza por garantizar que sus servicios digitales sean accesibles para las personas con discapacidad.\",\"breadcrumb\":{\"@id\":\"https:\/\/www.comfenalcovalle.com.co\/personas\/nosotros\/gobierno-de-informacion\/declaracion-de-accesibilidad\/#breadcrumb\"},\"inLanguage\":\"en-US\",\"potentialAction\":[{\"@type\":\"ReadAction\",\"target\":[\"https:\/\/www.comfenalcovalle.com.co\/personas\/nosotros\/gobierno-de-informacion\/declaracion-de-accesibilidad\/\"]}]},{\"@type\":\"ImageObject\",\"inLanguage\":\"en-US\",\"@id\":\"https:\/\/www.comfenalcovalle.com.co\/personas\/nosotros\/gobierno-de-informacion\/declaracion-de-accesibilidad\/#primaryimage\",\"url\":\"https:\/\/test.comfenalcovalle.com.co\/wp-content\/uploads\/2024\/04\/User-way-logo.webp\",\"contentUrl\":\"https:\/\/test.comfenalcovalle.com.co\/wp-content\/uploads\/2024\/04\/User-way-logo.webp\",\"width\":500,\"height\":500,\"caption\":\"User way logo\"},{\"@type\":\"BreadcrumbList\",\"@id\":\"https:\/\/www.comfenalcovalle.com.co\/personas\/nosotros\/gobierno-de-informacion\/declaracion-de-accesibilidad\/#breadcrumb\",\"itemListElement\":[{\"@type\":\"ListItem\",\"position\":1,\"name\":\"Portada\",\"item\":\"https:\/\/www.comfenalcovalle.com.co\/\"},{\"@type\":\"ListItem\",\"position\":2,\"name\":\"Personas\",\"item\":\"https:\/\/www.comfenalcovalle.com.co\/\"},{\"@type\":\"ListItem\",\"position\":3,\"name\":\"Nosotros\",\"item\":\"https:\/\/www.comfenalcovalle.com.co\/personas\/nosotros\/\"},{\"@type\":\"ListItem\",\"position\":4,\"name\":\"Gobierno de Informaci\u00f3n\",\"item\":\"https:\/\/www.comfenalcovalle.com.co\/personas\/nosotros\/gobierno-de-informacion\/\"},{\"@type\":\"ListItem\",\"position\":5,\"name\":\"Declaraci\u00f3n de Accesibilidad\"}]},{\"@type\":\"WebSite\",\"@id\":\"https:\/\/www.comfenalcovalle.com.co\/#website\",\"url\":\"https:\/\/www.comfenalcovalle.com.co\/\",\"name\":\"Comfenalco Valle Delagente\",\"description\":\"Caja de compensaci\u00f3n de Comfenalco Valle Delagente.\",\"publisher\":{\"@id\":\"https:\/\/www.comfenalcovalle.com.co\/#organization\"},\"potentialAction\":[{\"@type\":\"SearchAction\",\"target\":{\"@type\":\"EntryPoint\",\"urlTemplate\":\"https:\/\/www.comfenalcovalle.com.co\/?s={search_term_string}\"},\"query-input\":{\"@type\":\"PropertyValueSpecification\",\"valueRequired\":true,\"valueName\":\"search_term_string\"}}],\"inLanguage\":\"en-US\"},{\"@type\":\"Organization\",\"@id\":\"https:\/\/www.comfenalcovalle.com.co\/#organization\",\"name\":\"Comfenalco Valle Delagente\",\"url\":\"https:\/\/www.comfenalcovalle.com.co\/\",\"logo\":{\"@type\":\"ImageObject\",\"inLanguage\":\"en-US\",\"@id\":\"https:\/\/www.comfenalcovalle.com.co\/#\/schema\/logo\/image\/\",\"url\":\"https:\/\/test.comfenalcovalle.com.co\/wp-content\/uploads\/2021\/06\/logo-comfe-cabecera-agencia-empelo-actualizado.png\",\"contentUrl\":\"https:\/\/test.comfenalcovalle.com.co\/wp-content\/uploads\/2021\/06\/logo-comfe-cabecera-agencia-empelo-actualizado.png\",\"width\":500,\"height\":184,\"caption\":\"Comfenalco Valle Delagente\"},\"image\":{\"@id\":\"https:\/\/www.comfenalcovalle.com.co\/#\/schema\/logo\/image\/\"}}]}<\/script>\n<!-- \/ Yoast SEO Premium plugin. -->","yoast_head_json":{"title":"Declaraci\u00f3n de Accesibilidad - Comfenalco Valle Delagente","description":"Comfenalco Valle Delagente se esfuerza por garantizar que sus servicios digitales sean accesibles para las personas con discapacidad.","robots":{"index":"index","follow":"follow","max-snippet":"max-snippet:-1","max-image-preview":"max-image-preview:large","max-video-preview":"max-video-preview:-1"},"canonical":"https:\/\/www.comfenalcovalle.com.co\/personas\/nosotros\/gobierno-de-informacion\/declaracion-de-accesibilidad\/","og_locale":"en_US","og_type":"article","og_title":"Declaraci\u00f3n de Accesibilidad","og_description":"Comfenalco Valle Delagente se esfuerza por garantizar que sus servicios digitales sean accesibles para las personas con discapacidad.","og_url":"https:\/\/www.comfenalcovalle.com.co\/personas\/nosotros\/gobierno-de-informacion\/declaracion-de-accesibilidad\/","og_site_name":"Comfenalco Valle Delagente","article_modified_time":"2025-12-15T21:11:01+00:00","og_image":[{"width":500,"height":500,"url":"https:\/\/www.comfenalcovalle.com.co\/wp-content\/uploads\/2024\/04\/User-way-logo.webp","type":"image\/webp"}],"twitter_card":"summary_large_image","twitter_misc":{"Est. reading time":"3 minutes"},"schema":{"@context":"https:\/\/schema.org","@graph":[{"@type":"WebPage","@id":"https:\/\/www.comfenalcovalle.com.co\/personas\/nosotros\/gobierno-de-informacion\/declaracion-de-accesibilidad\/","url":"https:\/\/www.comfenalcovalle.com.co\/personas\/nosotros\/gobierno-de-informacion\/declaracion-de-accesibilidad\/","name":"Declaraci\u00f3n de Accesibilidad - Comfenalco Valle Delagente","isPartOf":{"@id":"https:\/\/www.comfenalcovalle.com.co\/#website"},"primaryImageOfPage":{"@id":"https:\/\/www.comfenalcovalle.com.co\/personas\/nosotros\/gobierno-de-informacion\/declaracion-de-accesibilidad\/#primaryimage"},"image":{"@id":"https:\/\/www.comfenalcovalle.com.co\/personas\/nosotros\/gobierno-de-informacion\/declaracion-de-accesibilidad\/#primaryimage"},"thumbnailUrl":"https:\/\/test.comfenalcovalle.com.co\/wp-content\/uploads\/2024\/04\/User-way-logo.webp","datePublished":"2025-12-11T14:19:08+00:00","dateModified":"2025-12-15T21:11:01+00:00","description":"Comfenalco Valle Delagente se esfuerza por garantizar que sus servicios digitales sean accesibles para las personas con discapacidad.","breadcrumb":{"@id":"https:\/\/www.comfenalcovalle.com.co\/personas\/nosotros\/gobierno-de-informacion\/declaracion-de-accesibilidad\/#breadcrumb"},"inLanguage":"en-US","potentialAction":[{"@type":"ReadAction","target":["https:\/\/www.comfenalcovalle.com.co\/personas\/nosotros\/gobierno-de-informacion\/declaracion-de-accesibilidad\/"]}]},{"@type":"ImageObject","inLanguage":"en-US","@id":"https:\/\/www.comfenalcovalle.com.co\/personas\/nosotros\/gobierno-de-informacion\/declaracion-de-accesibilidad\/#primaryimage","url":"https:\/\/test.comfenalcovalle.com.co\/wp-content\/uploads\/2024\/04\/User-way-logo.webp","contentUrl":"https:\/\/test.comfenalcovalle.com.co\/wp-content\/uploads\/2024\/04\/User-way-logo.webp","width":500,"height":500,"caption":"User way logo"},{"@type":"BreadcrumbList","@id":"https:\/\/www.comfenalcovalle.com.co\/personas\/nosotros\/gobierno-de-informacion\/declaracion-de-accesibilidad\/#breadcrumb","itemListElement":[{"@type":"ListItem","position":1,"name":"Portada","item":"https:\/\/www.comfenalcovalle.com.co\/"},{"@type":"ListItem","position":2,"name":"Personas","item":"https:\/\/www.comfenalcovalle.com.co\/"},{"@type":"ListItem","position":3,"name":"Nosotros","item":"https:\/\/www.comfenalcovalle.com.co\/personas\/nosotros\/"},{"@type":"ListItem","position":4,"name":"Gobierno de Informaci\u00f3n","item":"https:\/\/www.comfenalcovalle.com.co\/personas\/nosotros\/gobierno-de-informacion\/"},{"@type":"ListItem","position":5,"name":"Declaraci\u00f3n de Accesibilidad"}]},{"@type":"WebSite","@id":"https:\/\/www.comfenalcovalle.com.co\/#website","url":"https:\/\/www.comfenalcovalle.com.co\/","name":"Comfenalco Valle Delagente","description":"Comfenalco Valle Delagente compensation fund.","publisher":{"@id":"https:\/\/www.comfenalcovalle.com.co\/#organization"},"potentialAction":[{"@type":"SearchAction","target":{"@type":"EntryPoint","urlTemplate":"https:\/\/www.comfenalcovalle.com.co\/?s={search_term_string}"},"query-input":{"@type":"PropertyValueSpecification","valueRequired":true,"valueName":"search_term_string"}}],"inLanguage":"en-US"},{"@type":"Organization","@id":"https:\/\/www.comfenalcovalle.com.co\/#organization","name":"Comfenalco Valle Delagente","url":"https:\/\/www.comfenalcovalle.com.co\/","logo":{"@type":"ImageObject","inLanguage":"en-US","@id":"https:\/\/www.comfenalcovalle.com.co\/#\/schema\/logo\/image\/","url":"https:\/\/test.comfenalcovalle.com.co\/wp-content\/uploads\/2021\/06\/logo-comfe-cabecera-agencia-empelo-actualizado.png","contentUrl":"https:\/\/test.comfenalcovalle.com.co\/wp-content\/uploads\/2021\/06\/logo-comfe-cabecera-agencia-empelo-actualizado.png","width":500,"height":184,"caption":"Comfenalco Valle Delagente"},"image":{"@id":"https:\/\/www.comfenalcovalle.com.co\/#\/schema\/logo\/image\/"}}]}},"publishpress_future_action":{"enabled":false,"date":"2026-05-10 13:42:24","action":"change-status","newStatus":"draft","terms":[],"taxonomy":"","extraData":[]},"publishpress_future_workflow_manual_trigger":{"enabledWorkflows":[]},"_links":{"self":[{"href":"https:\/\/test.comfenalcovalle.com.co\/en\/wp-json\/wp\/v2\/pages\/672010","targetHints":{"allow":["GET"]}}],"collection":[{"href":"https:\/\/test.comfenalcovalle.com.co\/en\/wp-json\/wp\/v2\/pages"}],"about":[{"href":"https:\/\/test.comfenalcovalle.com.co\/en\/wp-json\/wp\/v2\/types\/page"}],"author":[{"embeddable":true,"href":"https:\/\/test.comfenalcovalle.com.co\/en\/wp-json\/wp\/v2\/users\/29"}],"replies":[{"embeddable":true,"href":"https:\/\/test.comfenalcovalle.com.co\/en\/wp-json\/wp\/v2\/comments?post=672010"}],"version-history":[{"count":0,"href":"https:\/\/test.comfenalcovalle.com.co\/en\/wp-json\/wp\/v2\/pages\/672010\/revisions"}],"up":[{"embeddable":true,"href":"https:\/\/test.comfenalcovalle.com.co\/en\/wp-json\/wp\/v2\/pages\/636391"}],"wp:featuredmedia":[{"embeddable":true,"href":"https:\/\/test.comfenalcovalle.com.co\/en\/wp-json\/wp\/v2\/media\/633202"}],"wp:attachment":[{"href":"https:\/\/test.comfenalcovalle.com.co\/en\/wp-json\/wp\/v2\/media?parent=672010"}],"curies":[{"name":"wp","href":"https:\/\/api.w.org\/{rel}","templated":true}]}}