{"id":670953,"date":"2025-11-07T12:21:50","date_gmt":"2025-11-07T17:21:50","guid":{"rendered":"https:\/\/test.comfenalcovalle.com.co\/?page_id=670953"},"modified":"2026-02-12T16:02:54","modified_gmt":"2026-02-12T21:02:54","slug":"eventos-empresariales-2","status":"publish","type":"page","link":"https:\/\/test.comfenalcovalle.com.co\/en\/empresas\/eventos\/eventos-empresariales-2\/","title":{"rendered":"Eventos Empresariales"},"content":{"rendered":"<div data-elementor-type=\"wp-page\" data-elementor-id=\"670953\" class=\"elementor elementor-670953\" data-elementor-post-type=\"page\">\n\t\t\t\t<div class=\"elementor-element elementor-element-30f7b77 e-flex e-con-boxed e-con e-parent\" data-id=\"30f7b77\" data-element_type=\"container\">\n\t\t\t\t\t<div class=\"e-con-inner\">\n\t\t<div class=\"elementor-element elementor-element-c44c7a7 e-con-full e-flex e-con e-child\" data-id=\"c44c7a7\" data-element_type=\"container\">\n\t\t\t\t<div class=\"elementor-element elementor-element-2237a7a jet-breadcrumbs-align-center elementor-widget elementor-widget-jet-breadcrumbs\" data-id=\"2237a7a\" data-element_type=\"widget\" data-widget_type=\"jet-breadcrumbs.default\">\n\t\t\t\t<div class=\"elementor-widget-container\">\n\t\t\t\t\t<div class=\"elementor-jet-breadcrumbs jet-blocks\">\n\t\t<div class=\"jet-breadcrumbs\">\n\t\t<div class=\"jet-breadcrumbs__content\">\n\t\t<div class=\"jet-breadcrumbs__wrap\"><div class=\"jet-breadcrumbs__item\"><a href=\"https:\/\/test.comfenalcovalle.com.co\/en\/\" class=\"jet-breadcrumbs__item-link is-home\" rel=\"home\" title=\"Beginning\">Beginning<\/a><\/div>\n\t\t<\/div>\n\t\t<\/div>\n\t\t<\/div><\/div>\t\t\t\t<\/div>\n\t\t\t\t<\/div>\n\t\t\t\t<div class=\"elementor-element elementor-element-61d9010 elementor-widget elementor-widget-heading\" data-id=\"61d9010\" data-element_type=\"widget\" data-widget_type=\"heading.default\">\n\t\t\t\t<div class=\"elementor-widget-container\">\n\t\t\t\t\t<h1 class=\"elementor-heading-title elementor-size-default\">Eventos Empresariales \n<\/h1>\t\t\t\t<\/div>\n\t\t\t\t<\/div>\n\t\t\t\t<div class=\"elementor-element elementor-element-cbaf0b1 elementor-widget elementor-widget-text-editor\" data-id=\"cbaf0b1\" data-element_type=\"widget\" data-widget_type=\"text-editor.default\">\n\t\t\t\t<div class=\"elementor-widget-container\">\n\t\t\t\t\t\t\t\t\t<p>\u00bfQuieres premiar el esfuerzo de tu equipo con una fiesta de fin de a\u00f1o inolvidable? \u00bfO buscas el lugar ideal para un evento empresarial de integraci\u00f3n que fortalezca lazos?<\/p><p>Nuestras actividades y espacios al aire libre est\u00e1n dise\u00f1ados para crear experiencias \u00fanicas, desde convenciones de ventas hasta celebraciones que quedar\u00e1n en la memoria de todos.<\/p><p>Organizamos los mejores <b>eventos empresariales en Cali, Palmira<\/b>, <b>Buga, Tulu\u00e1, Cartago y Buenaventura <\/b>descubre nuestros salones y servicios personalizados.<\/p>\t\t\t\t\t\t\t\t<\/div>\n\t\t\t\t<\/div>\n\t\t\t\t<div class=\"elementor-element elementor-element-9ff07c8 elementor-widget elementor-widget-heading\" data-id=\"9ff07c8\" data-element_type=\"widget\" data-widget_type=\"heading.default\">\n\t\t\t\t<div class=\"elementor-widget-container\">\n\t\t\t\t\t<div class=\"elementor-heading-title elementor-size-default\">Cotice su evento empresarial:<\/div>\t\t\t\t<\/div>\n\t\t\t\t<\/div>\n\t\t<div class=\"elementor-element elementor-element-55f3d6f e-con-full e-flex e-con e-child\" data-id=\"55f3d6f\" data-element_type=\"container\">\n\t\t<div class=\"elementor-element elementor-element-1b93816 e-con-full e-flex e-con e-child\" data-id=\"1b93816\" data-element_type=\"container\">\n\t\t\t\t<div class=\"elementor-element elementor-element-be80f44 elementor-align-right elementor-mobile-align-justify elementor-widget elementor-widget-button\" data-id=\"be80f44\" data-element_type=\"widget\" data-widget_type=\"button.default\">\n\t\t\t\t<div class=\"elementor-widget-container\">\n\t\t\t\t\t\t\t\t\t<div class=\"elementor-button-wrapper\">\n\t\t\t\t\t<a class=\"elementor-button elementor-button-link elementor-size-sm elementor-animation-shrink\" href=\"tel:6028862727\">\n\t\t\t\t\t\t<span class=\"elementor-button-content-wrapper\">\n\t\t\t\t\t\t\t\t\t<span class=\"elementor-button-text\">Llama a 6028862727 ext. 3742<\/span>\n\t\t\t\t\t<\/span>\n\t\t\t\t\t<\/a>\n\t\t\t\t<\/div>\n\t\t\t\t\t\t\t\t<\/div>\n\t\t\t\t<\/div>\n\t\t\t\t<\/div>\n\t\t<div class=\"elementor-element elementor-element-d0a33c4 e-con-full e-flex e-con e-child\" data-id=\"d0a33c4\" data-element_type=\"container\">\n\t\t\t\t<div class=\"elementor-element elementor-element-4ea4dc5 elementor-align-left elementor-mobile-align-justify elementor-widget elementor-widget-button\" data-id=\"4ea4dc5\" data-element_type=\"widget\" data-widget_type=\"button.default\">\n\t\t\t\t<div class=\"elementor-widget-container\">\n\t\t\t\t\t\t\t\t\t<div class=\"elementor-button-wrapper\">\n\t\t\t\t\t<a class=\"elementor-button elementor-button-link elementor-size-sm elementor-animation-shrink\" href=\"mailto:lvtiria@comfenalcovalle.com.co\">\n\t\t\t\t\t\t<span class=\"elementor-button-content-wrapper\">\n\t\t\t\t\t\t\t\t\t<span class=\"elementor-button-text\">Escribe al correo: lvtiria@comfenalcovalle.com.co<\/span>\n\t\t\t\t\t<\/span>\n\t\t\t\t\t<\/a>\n\t\t\t\t<\/div>\n\t\t\t\t\t\t\t\t<\/div>\n\t\t\t\t<\/div>\n\t\t\t\t<\/div>\n\t\t\t\t<\/div>\n\t\t\t\t<\/div>\n\t\t<div class=\"elementor-element elementor-element-8aab184 e-con-full e-grid e-con e-child\" data-id=\"8aab184\" data-element_type=\"container\">\n\t\t<div class=\"elementor-element elementor-element-94272fe e-con-full e-flex e-con e-child\" data-id=\"94272fe\" data-element_type=\"container\">\n\t\t\t\t<div class=\"elementor-element elementor-element-0f75b2a elementor-widget elementor-widget-image\" data-id=\"0f75b2a\" data-element_type=\"widget\" data-widget_type=\"image.default\">\n\t\t\t\t<div class=\"elementor-widget-container\">\n\t\t\t\t\t\t\t\t\t\t\t\t\t\t\t<img fetchpriority=\"high\" decoding=\"async\" width=\"800\" height=\"523\" src=\"https:\/\/test.comfenalcovalle.com.co\/wp-content\/uploads\/2025\/11\/Convenciones-de-ventas.png\" class=\"attachment-large size-large wp-image-670957\" alt=\"Convenciones\u00a0de ventas\" srcset=\"https:\/\/test.comfenalcovalle.com.co\/wp-content\/uploads\/2025\/11\/Convenciones-de-ventas.png 925w, https:\/\/test.comfenalcovalle.com.co\/wp-content\/uploads\/2025\/11\/Convenciones-de-ventas-300x196.png 300w, https:\/\/test.comfenalcovalle.com.co\/wp-content\/uploads\/2025\/11\/Convenciones-de-ventas-768x502.png 768w, https:\/\/test.comfenalcovalle.com.co\/wp-content\/uploads\/2025\/11\/Convenciones-de-ventas-18x12.png 18w\" sizes=\"(max-width: 800px) 100vw, 800px\" \/>\t\t\t\t\t\t\t\t\t\t\t\t\t\t\t<\/div>\n\t\t\t\t<\/div>\n\t\t\t\t<div class=\"elementor-element elementor-element-6c0de79 elementor-widget elementor-widget-heading\" data-id=\"6c0de79\" data-element_type=\"widget\" data-widget_type=\"heading.default\">\n\t\t\t\t<div class=\"elementor-widget-container\">\n\t\t\t\t\t<h2 class=\"elementor-heading-title elementor-size-default\">Convenciones\u00a0de ventas\n<\/h2>\t\t\t\t<\/div>\n\t\t\t\t<\/div>\n\t\t\t\t<\/div>\n\t\t<div class=\"elementor-element elementor-element-5e60e75 e-con-full e-flex e-con e-child\" data-id=\"5e60e75\" data-element_type=\"container\">\n\t\t\t\t<div class=\"elementor-element elementor-element-31d31e5 elementor-widget elementor-widget-image\" data-id=\"31d31e5\" data-element_type=\"widget\" data-widget_type=\"image.default\">\n\t\t\t\t<div class=\"elementor-widget-container\">\n\t\t\t\t\t\t\t\t\t\t\t\t\t\t\t<img decoding=\"async\" width=\"800\" height=\"486\" data-src=\"https:\/\/test.comfenalcovalle.com.co\/wp-content\/uploads\/2025\/11\/Asambleas-y-juntas-directivas.png\" class=\"attachment-large size-large wp-image-670958 lazyload\" alt=\"Asambleas y\u00a0juntas directivas\" data-srcset=\"https:\/\/test.comfenalcovalle.com.co\/wp-content\/uploads\/2025\/11\/Asambleas-y-juntas-directivas.png 957w, https:\/\/test.comfenalcovalle.com.co\/wp-content\/uploads\/2025\/11\/Asambleas-y-juntas-directivas-300x182.png 300w, https:\/\/test.comfenalcovalle.com.co\/wp-content\/uploads\/2025\/11\/Asambleas-y-juntas-directivas-768x466.png 768w, https:\/\/test.comfenalcovalle.com.co\/wp-content\/uploads\/2025\/11\/Asambleas-y-juntas-directivas-18x12.png 18w\" data-sizes=\"(max-width: 800px) 100vw, 800px\" src=\"data:image\/svg+xml;base64,PHN2ZyB3aWR0aD0iMSIgaGVpZ2h0PSIxIiB4bWxucz0iaHR0cDovL3d3dy53My5vcmcvMjAwMC9zdmciPjwvc3ZnPg==\" style=\"--smush-placeholder-width: 800px; --smush-placeholder-aspect-ratio: 800\/486;\" \/>\t\t\t\t\t\t\t\t\t\t\t\t\t\t\t<\/div>\n\t\t\t\t<\/div>\n\t\t\t\t<div class=\"elementor-element elementor-element-5ff13c6 elementor-widget elementor-widget-heading\" data-id=\"5ff13c6\" data-element_type=\"widget\" data-widget_type=\"heading.default\">\n\t\t\t\t<div class=\"elementor-widget-container\">\n\t\t\t\t\t<h2 class=\"elementor-heading-title elementor-size-default\">Asambleas y\u00a0juntas directivas<\/h2>\t\t\t\t<\/div>\n\t\t\t\t<\/div>\n\t\t\t\t<\/div>\n\t\t<div class=\"elementor-element elementor-element-851c12b e-con-full e-flex e-con e-child\" data-id=\"851c12b\" data-element_type=\"container\">\n\t\t\t\t<div class=\"elementor-element elementor-element-bdf2917 elementor-widget elementor-widget-image\" data-id=\"bdf2917\" data-element_type=\"widget\" data-widget_type=\"image.default\">\n\t\t\t\t<div class=\"elementor-widget-container\">\n\t\t\t\t\t\t\t\t\t\t\t\t\t\t\t<img decoding=\"async\" width=\"800\" height=\"407\" data-src=\"https:\/\/test.comfenalcovalle.com.co\/wp-content\/uploads\/2025\/11\/Reuniones-capacitaciones-y-talleres-1024x521.png\" class=\"attachment-large size-large wp-image-670959 lazyload\" alt=\"Reuniones, capacitaciones y\u00a0talleres\" data-srcset=\"https:\/\/test.comfenalcovalle.com.co\/wp-content\/uploads\/2025\/11\/Reuniones-capacitaciones-y-talleres-1024x521.png 1024w, https:\/\/test.comfenalcovalle.com.co\/wp-content\/uploads\/2025\/11\/Reuniones-capacitaciones-y-talleres-300x153.png 300w, https:\/\/test.comfenalcovalle.com.co\/wp-content\/uploads\/2025\/11\/Reuniones-capacitaciones-y-talleres-768x391.png 768w, https:\/\/test.comfenalcovalle.com.co\/wp-content\/uploads\/2025\/11\/Reuniones-capacitaciones-y-talleres-18x9.png 18w, https:\/\/test.comfenalcovalle.com.co\/wp-content\/uploads\/2025\/11\/Reuniones-capacitaciones-y-talleres.png 1069w\" data-sizes=\"(max-width: 800px) 100vw, 800px\" src=\"data:image\/svg+xml;base64,PHN2ZyB3aWR0aD0iMSIgaGVpZ2h0PSIxIiB4bWxucz0iaHR0cDovL3d3dy53My5vcmcvMjAwMC9zdmciPjwvc3ZnPg==\" style=\"--smush-placeholder-width: 800px; --smush-placeholder-aspect-ratio: 800\/407;\" \/>\t\t\t\t\t\t\t\t\t\t\t\t\t\t\t<\/div>\n\t\t\t\t<\/div>\n\t\t\t\t<div class=\"elementor-element elementor-element-54a02ad elementor-widget elementor-widget-heading\" data-id=\"54a02ad\" data-element_type=\"widget\" data-widget_type=\"heading.default\">\n\t\t\t\t<div class=\"elementor-widget-container\">\n\t\t\t\t\t<h2 class=\"elementor-heading-title elementor-size-default\">Reuniones, capacitaciones y\u00a0talleres<\/h2>\t\t\t\t<\/div>\n\t\t\t\t<\/div>\n\t\t\t\t<\/div>\n\t\t<div class=\"elementor-element elementor-element-b70f02e e-con-full e-flex e-con e-child\" data-id=\"b70f02e\" data-element_type=\"container\">\n\t\t\t\t<div class=\"elementor-element elementor-element-bbac593 elementor-widget elementor-widget-image\" data-id=\"bbac593\" data-element_type=\"widget\" data-widget_type=\"image.default\">\n\t\t\t\t<div class=\"elementor-widget-container\">\n\t\t\t\t\t\t\t\t\t\t\t\t\t\t\t<img decoding=\"async\" width=\"800\" height=\"542\" data-src=\"https:\/\/test.comfenalcovalle.com.co\/wp-content\/uploads\/2025\/11\/Fiestas-de-fin-de-ano-empresarial-1024x694.png\" class=\"attachment-large size-large wp-image-670956 lazyload\" alt=\"Fiestas de fin de a\u00f1o empresarial\" data-srcset=\"https:\/\/test.comfenalcovalle.com.co\/wp-content\/uploads\/2025\/11\/Fiestas-de-fin-de-ano-empresarial-1024x694.png 1024w, https:\/\/test.comfenalcovalle.com.co\/wp-content\/uploads\/2025\/11\/Fiestas-de-fin-de-ano-empresarial-300x203.png 300w, https:\/\/test.comfenalcovalle.com.co\/wp-content\/uploads\/2025\/11\/Fiestas-de-fin-de-ano-empresarial-768x521.png 768w, https:\/\/test.comfenalcovalle.com.co\/wp-content\/uploads\/2025\/11\/Fiestas-de-fin-de-ano-empresarial-18x12.png 18w, https:\/\/test.comfenalcovalle.com.co\/wp-content\/uploads\/2025\/11\/Fiestas-de-fin-de-ano-empresarial.png 1047w\" data-sizes=\"(max-width: 800px) 100vw, 800px\" src=\"data:image\/svg+xml;base64,PHN2ZyB3aWR0aD0iMSIgaGVpZ2h0PSIxIiB4bWxucz0iaHR0cDovL3d3dy53My5vcmcvMjAwMC9zdmciPjwvc3ZnPg==\" style=\"--smush-placeholder-width: 800px; --smush-placeholder-aspect-ratio: 800\/542;\" \/>\t\t\t\t\t\t\t\t\t\t\t\t\t\t\t<\/div>\n\t\t\t\t<\/div>\n\t\t\t\t<div class=\"elementor-element elementor-element-7d88bce elementor-widget elementor-widget-heading\" data-id=\"7d88bce\" data-element_type=\"widget\" data-widget_type=\"heading.default\">\n\t\t\t\t<div class=\"elementor-widget-container\">\n\t\t\t\t\t<h2 class=\"elementor-heading-title elementor-size-default\">Fiestas de fin de a\u00f1o empresarial<\/h2>\t\t\t\t<\/div>\n\t\t\t\t<\/div>\n\t\t\t\t<\/div>\n\t\t\t\t<\/div>\n\t\t\t\t\t<\/div>\n\t\t\t\t<\/div>\n\t\t\t\t<\/div>","protected":false},"excerpt":{"rendered":"<p>Inicio Eventos Empresariales \u00bfQuieres premiar el esfuerzo de tu equipo con una fiesta de fin de a\u00f1o inolvidable? \u00bfO buscas el lugar ideal para un evento empresarial de integraci\u00f3n que fortalezca lazos? Nuestras actividades y espacios al aire libre est\u00e1n dise\u00f1ados para crear experiencias \u00fanicas, desde convenciones de ventas hasta celebraciones que quedar\u00e1n en la [&hellip;]<\/p>","protected":false},"author":29,"featured_media":575355,"parent":14824,"menu_order":0,"comment_status":"closed","ping_status":"closed","template":"","meta":{"footnotes":""},"class_list":["post-670953","page","type-page","status-publish","has-post-thumbnail","hentry"],"yoast_head":"<!-- This site is optimized with the Yoast SEO Premium plugin v25.9 (Yoast SEO v25.9) - https:\/\/yoast.com\/wordpress\/plugins\/seo\/ -->\n<title>Eventos Empresariales - Comfenalco Valle Delagente<\/title>\n<meta name=\"description\" content=\"Nuestras actividades y espacios al aire libre est\u00e1n dise\u00f1ados para crear experiencias \u00fanicas, desde convenciones de ventas hasta celebraciones...\" \/>\n<meta name=\"robots\" content=\"index, follow, max-snippet:-1, max-image-preview:large, max-video-preview:-1\" \/>\n<link rel=\"canonical\" href=\"https:\/\/www.comfenalcovalle.com.co\/empresas\/eventos\/eventos-empresariales-2\/\" \/>\n<meta property=\"og:locale\" content=\"en_US\" \/>\n<meta property=\"og:type\" content=\"article\" \/>\n<meta property=\"og:title\" content=\"Eventos Empresariales\" \/>\n<meta property=\"og:description\" content=\"Nuestras actividades y espacios al aire libre est\u00e1n dise\u00f1ados para crear experiencias \u00fanicas, desde convenciones de ventas hasta celebraciones...\" \/>\n<meta property=\"og:url\" content=\"https:\/\/www.comfenalcovalle.com.co\/empresas\/eventos\/eventos-empresariales-2\/\" \/>\n<meta property=\"og:site_name\" content=\"Comfenalco Valle Delagente\" \/>\n<meta property=\"article:modified_time\" content=\"2026-02-12T21:02:54+00:00\" \/>\n<meta property=\"og:image\" content=\"https:\/\/www.comfenalcovalle.com.co\/wp-content\/uploads\/2022\/02\/empresarios-info-portatil-pc.jpg\" \/>\n\t<meta property=\"og:image:width\" content=\"691\" \/>\n\t<meta property=\"og:image:height\" content=\"460\" \/>\n\t<meta property=\"og:image:type\" content=\"image\/jpeg\" \/>\n<meta name=\"twitter:card\" content=\"summary_large_image\" \/>\n<meta name=\"twitter:label1\" content=\"Est. reading time\" \/>\n\t<meta name=\"twitter:data1\" content=\"2 minutes\" \/>\n<script type=\"application\/ld+json\" class=\"yoast-schema-graph\">{\"@context\":\"https:\/\/schema.org\",\"@graph\":[{\"@type\":\"WebPage\",\"@id\":\"https:\/\/www.comfenalcovalle.com.co\/empresas\/eventos\/eventos-empresariales-2\/\",\"url\":\"https:\/\/www.comfenalcovalle.com.co\/empresas\/eventos\/eventos-empresariales-2\/\",\"name\":\"Eventos Empresariales - Comfenalco Valle Delagente\",\"isPartOf\":{\"@id\":\"https:\/\/www.comfenalcovalle.com.co\/#website\"},\"primaryImageOfPage\":{\"@id\":\"https:\/\/www.comfenalcovalle.com.co\/empresas\/eventos\/eventos-empresariales-2\/#primaryimage\"},\"image\":{\"@id\":\"https:\/\/www.comfenalcovalle.com.co\/empresas\/eventos\/eventos-empresariales-2\/#primaryimage\"},\"thumbnailUrl\":\"https:\/\/test.comfenalcovalle.com.co\/wp-content\/uploads\/2022\/02\/empresarios-info-portatil-pc.jpg\",\"datePublished\":\"2025-11-07T17:21:50+00:00\",\"dateModified\":\"2026-02-12T21:02:54+00:00\",\"description\":\"Nuestras actividades y espacios al aire libre est\u00e1n dise\u00f1ados para crear experiencias \u00fanicas, desde convenciones de ventas hasta celebraciones...\",\"breadcrumb\":{\"@id\":\"https:\/\/www.comfenalcovalle.com.co\/empresas\/eventos\/eventos-empresariales-2\/#breadcrumb\"},\"inLanguage\":\"en-US\",\"potentialAction\":[{\"@type\":\"ReadAction\",\"target\":[\"https:\/\/www.comfenalcovalle.com.co\/empresas\/eventos\/eventos-empresariales-2\/\"]}]},{\"@type\":\"ImageObject\",\"inLanguage\":\"en-US\",\"@id\":\"https:\/\/www.comfenalcovalle.com.co\/empresas\/eventos\/eventos-empresariales-2\/#primaryimage\",\"url\":\"https:\/\/test.comfenalcovalle.com.co\/wp-content\/uploads\/2022\/02\/empresarios-info-portatil-pc.jpg\",\"contentUrl\":\"https:\/\/test.comfenalcovalle.com.co\/wp-content\/uploads\/2022\/02\/empresarios-info-portatil-pc.jpg\",\"width\":691,\"height\":460,\"caption\":\"Business,People,Having,Fun,And,Chatting,At,Workplace,Office\"},{\"@type\":\"BreadcrumbList\",\"@id\":\"https:\/\/www.comfenalcovalle.com.co\/empresas\/eventos\/eventos-empresariales-2\/#breadcrumb\",\"itemListElement\":[{\"@type\":\"ListItem\",\"position\":1,\"name\":\"Portada\",\"item\":\"https:\/\/www.comfenalcovalle.com.co\/\"},{\"@type\":\"ListItem\",\"position\":2,\"name\":\"Empresas\",\"item\":\"https:\/\/www.comfenalcovalle.com.co\/empresas\/\"},{\"@type\":\"ListItem\",\"position\":3,\"name\":\"Eventos Empresariales y Sociales\",\"item\":\"https:\/\/www.comfenalcovalle.com.co\/empresas\/eventos\/\"},{\"@type\":\"ListItem\",\"position\":4,\"name\":\"Eventos Empresariales\"}]},{\"@type\":\"WebSite\",\"@id\":\"https:\/\/www.comfenalcovalle.com.co\/#website\",\"url\":\"https:\/\/www.comfenalcovalle.com.co\/\",\"name\":\"Comfenalco Valle Delagente\",\"description\":\"Caja de compensaci\u00f3n de Comfenalco Valle Delagente.\",\"publisher\":{\"@id\":\"https:\/\/www.comfenalcovalle.com.co\/#organization\"},\"potentialAction\":[{\"@type\":\"SearchAction\",\"target\":{\"@type\":\"EntryPoint\",\"urlTemplate\":\"https:\/\/www.comfenalcovalle.com.co\/?s={search_term_string}\"},\"query-input\":{\"@type\":\"PropertyValueSpecification\",\"valueRequired\":true,\"valueName\":\"search_term_string\"}}],\"inLanguage\":\"en-US\"},{\"@type\":\"Organization\",\"@id\":\"https:\/\/www.comfenalcovalle.com.co\/#organization\",\"name\":\"Comfenalco Valle Delagente\",\"url\":\"https:\/\/www.comfenalcovalle.com.co\/\",\"logo\":{\"@type\":\"ImageObject\",\"inLanguage\":\"en-US\",\"@id\":\"https:\/\/www.comfenalcovalle.com.co\/#\/schema\/logo\/image\/\",\"url\":\"https:\/\/test.comfenalcovalle.com.co\/wp-content\/uploads\/2021\/06\/logo-comfe-cabecera-agencia-empelo-actualizado.png\",\"contentUrl\":\"https:\/\/test.comfenalcovalle.com.co\/wp-content\/uploads\/2021\/06\/logo-comfe-cabecera-agencia-empelo-actualizado.png\",\"width\":500,\"height\":184,\"caption\":\"Comfenalco Valle Delagente\"},\"image\":{\"@id\":\"https:\/\/www.comfenalcovalle.com.co\/#\/schema\/logo\/image\/\"}}]}<\/script>\n<!-- \/ Yoast SEO Premium plugin. -->","yoast_head_json":{"title":"Eventos Empresariales - Comfenalco Valle Delagente","description":"Nuestras actividades y espacios al aire libre est\u00e1n dise\u00f1ados para crear experiencias \u00fanicas, desde convenciones de ventas hasta celebraciones...","robots":{"index":"index","follow":"follow","max-snippet":"max-snippet:-1","max-image-preview":"max-image-preview:large","max-video-preview":"max-video-preview:-1"},"canonical":"https:\/\/www.comfenalcovalle.com.co\/empresas\/eventos\/eventos-empresariales-2\/","og_locale":"en_US","og_type":"article","og_title":"Eventos Empresariales","og_description":"Nuestras actividades y espacios al aire libre est\u00e1n dise\u00f1ados para crear experiencias \u00fanicas, desde convenciones de ventas hasta celebraciones...","og_url":"https:\/\/www.comfenalcovalle.com.co\/empresas\/eventos\/eventos-empresariales-2\/","og_site_name":"Comfenalco Valle Delagente","article_modified_time":"2026-02-12T21:02:54+00:00","og_image":[{"width":691,"height":460,"url":"https:\/\/www.comfenalcovalle.com.co\/wp-content\/uploads\/2022\/02\/empresarios-info-portatil-pc.jpg","type":"image\/jpeg"}],"twitter_card":"summary_large_image","twitter_misc":{"Est. reading time":"2 minutes"},"schema":{"@context":"https:\/\/schema.org","@graph":[{"@type":"WebPage","@id":"https:\/\/www.comfenalcovalle.com.co\/empresas\/eventos\/eventos-empresariales-2\/","url":"https:\/\/www.comfenalcovalle.com.co\/empresas\/eventos\/eventos-empresariales-2\/","name":"Eventos Empresariales - Comfenalco Valle Delagente","isPartOf":{"@id":"https:\/\/www.comfenalcovalle.com.co\/#website"},"primaryImageOfPage":{"@id":"https:\/\/www.comfenalcovalle.com.co\/empresas\/eventos\/eventos-empresariales-2\/#primaryimage"},"image":{"@id":"https:\/\/www.comfenalcovalle.com.co\/empresas\/eventos\/eventos-empresariales-2\/#primaryimage"},"thumbnailUrl":"https:\/\/test.comfenalcovalle.com.co\/wp-content\/uploads\/2022\/02\/empresarios-info-portatil-pc.jpg","datePublished":"2025-11-07T17:21:50+00:00","dateModified":"2026-02-12T21:02:54+00:00","description":"Nuestras actividades y espacios al aire libre est\u00e1n dise\u00f1ados para crear experiencias \u00fanicas, desde convenciones de ventas hasta celebraciones...","breadcrumb":{"@id":"https:\/\/www.comfenalcovalle.com.co\/empresas\/eventos\/eventos-empresariales-2\/#breadcrumb"},"inLanguage":"en-US","potentialAction":[{"@type":"ReadAction","target":["https:\/\/www.comfenalcovalle.com.co\/empresas\/eventos\/eventos-empresariales-2\/"]}]},{"@type":"ImageObject","inLanguage":"en-US","@id":"https:\/\/www.comfenalcovalle.com.co\/empresas\/eventos\/eventos-empresariales-2\/#primaryimage","url":"https:\/\/test.comfenalcovalle.com.co\/wp-content\/uploads\/2022\/02\/empresarios-info-portatil-pc.jpg","contentUrl":"https:\/\/test.comfenalcovalle.com.co\/wp-content\/uploads\/2022\/02\/empresarios-info-portatil-pc.jpg","width":691,"height":460,"caption":"Business,People,Having,Fun,And,Chatting,At,Workplace,Office"},{"@type":"BreadcrumbList","@id":"https:\/\/www.comfenalcovalle.com.co\/empresas\/eventos\/eventos-empresariales-2\/#breadcrumb","itemListElement":[{"@type":"ListItem","position":1,"name":"Portada","item":"https:\/\/www.comfenalcovalle.com.co\/"},{"@type":"ListItem","position":2,"name":"Empresas","item":"https:\/\/www.comfenalcovalle.com.co\/empresas\/"},{"@type":"ListItem","position":3,"name":"Eventos Empresariales y Sociales","item":"https:\/\/www.comfenalcovalle.com.co\/empresas\/eventos\/"},{"@type":"ListItem","position":4,"name":"Eventos Empresariales"}]},{"@type":"WebSite","@id":"https:\/\/www.comfenalcovalle.com.co\/#website","url":"https:\/\/www.comfenalcovalle.com.co\/","name":"Comfenalco Valle Delagente","description":"Comfenalco Valle Delagente compensation fund.","publisher":{"@id":"https:\/\/www.comfenalcovalle.com.co\/#organization"},"potentialAction":[{"@type":"SearchAction","target":{"@type":"EntryPoint","urlTemplate":"https:\/\/www.comfenalcovalle.com.co\/?s={search_term_string}"},"query-input":{"@type":"PropertyValueSpecification","valueRequired":true,"valueName":"search_term_string"}}],"inLanguage":"en-US"},{"@type":"Organization","@id":"https:\/\/www.comfenalcovalle.com.co\/#organization","name":"Comfenalco Valle Delagente","url":"https:\/\/www.comfenalcovalle.com.co\/","logo":{"@type":"ImageObject","inLanguage":"en-US","@id":"https:\/\/www.comfenalcovalle.com.co\/#\/schema\/logo\/image\/","url":"https:\/\/test.comfenalcovalle.com.co\/wp-content\/uploads\/2021\/06\/logo-comfe-cabecera-agencia-empelo-actualizado.png","contentUrl":"https:\/\/test.comfenalcovalle.com.co\/wp-content\/uploads\/2021\/06\/logo-comfe-cabecera-agencia-empelo-actualizado.png","width":500,"height":184,"caption":"Comfenalco Valle Delagente"},"image":{"@id":"https:\/\/www.comfenalcovalle.com.co\/#\/schema\/logo\/image\/"}}]}},"publishpress_future_action":{"enabled":false,"date":"2026-05-10 13:13:08","action":"change-status","newStatus":"draft","terms":[],"taxonomy":"","extraData":[]},"publishpress_future_workflow_manual_trigger":{"enabledWorkflows":[]},"_links":{"self":[{"href":"https:\/\/test.comfenalcovalle.com.co\/en\/wp-json\/wp\/v2\/pages\/670953","targetHints":{"allow":["GET"]}}],"collection":[{"href":"https:\/\/test.comfenalcovalle.com.co\/en\/wp-json\/wp\/v2\/pages"}],"about":[{"href":"https:\/\/test.comfenalcovalle.com.co\/en\/wp-json\/wp\/v2\/types\/page"}],"author":[{"embeddable":true,"href":"https:\/\/test.comfenalcovalle.com.co\/en\/wp-json\/wp\/v2\/users\/29"}],"replies":[{"embeddable":true,"href":"https:\/\/test.comfenalcovalle.com.co\/en\/wp-json\/wp\/v2\/comments?post=670953"}],"version-history":[{"count":0,"href":"https:\/\/test.comfenalcovalle.com.co\/en\/wp-json\/wp\/v2\/pages\/670953\/revisions"}],"up":[{"embeddable":true,"href":"https:\/\/test.comfenalcovalle.com.co\/en\/wp-json\/wp\/v2\/pages\/14824"}],"wp:featuredmedia":[{"embeddable":true,"href":"https:\/\/test.comfenalcovalle.com.co\/en\/wp-json\/wp\/v2\/media\/575355"}],"wp:attachment":[{"href":"https:\/\/test.comfenalcovalle.com.co\/en\/wp-json\/wp\/v2\/media?parent=670953"}],"curies":[{"name":"wp","href":"https:\/\/api.w.org\/{rel}","templated":true}]}}