{"id":670766,"date":"2025-11-06T09:53:00","date_gmt":"2025-11-06T14:53:00","guid":{"rendered":"https:\/\/test.comfenalcovalle.com.co\/?page_id=670766"},"modified":"2025-11-06T10:06:12","modified_gmt":"2025-11-06T15:06:12","slug":"terminos-y-condiciones-de-uso-de-la-plataforma-explora-delagente","status":"publish","type":"page","link":"https:\/\/test.comfenalcovalle.com.co\/en\/terminos-y-condiciones-de-uso-de-la-plataforma-explora-delagente\/","title":{"rendered":"T\u00e9rminos y condiciones de uso de la plataforma Explora Delagente"},"content":{"rendered":"<div data-elementor-type=\"wp-page\" data-elementor-id=\"670766\" class=\"elementor elementor-670766\" data-elementor-post-type=\"page\">\n\t\t\t\t<main class=\"elementor-element elementor-element-1befee5 e-flex e-con-boxed e-con e-parent\" data-id=\"1befee5\" data-element_type=\"container\">\n\t\t\t\t\t<div class=\"e-con-inner\">\n\t\t<section class=\"elementor-element elementor-element-5a5a7f3 e-flex e-con-boxed e-con e-child\" data-id=\"5a5a7f3\" data-element_type=\"container\">\n\t\t\t\t\t<div class=\"e-con-inner\">\n\t\t\t\t<div class=\"elementor-element elementor-element-7ba9fe1 jet-breadcrumbs-align-center elementor-widget elementor-widget-jet-breadcrumbs\" data-id=\"7ba9fe1\" data-element_type=\"widget\" data-widget_type=\"jet-breadcrumbs.default\">\n\t\t\t\t<div class=\"elementor-widget-container\">\n\t\t\t\t\t<div class=\"elementor-jet-breadcrumbs jet-blocks\">\n\t\t<div class=\"jet-breadcrumbs\">\n\t\t<div class=\"jet-breadcrumbs__content\">\n\t\t<div class=\"jet-breadcrumbs__wrap\"><div class=\"jet-breadcrumbs__item\"><a href=\"https:\/\/test.comfenalcovalle.com.co\/en\/\" class=\"jet-breadcrumbs__item-link is-home\" rel=\"home\" title=\"Beginning\">Beginning<\/a><\/div>\n\t\t<\/div>\n\t\t<\/div>\n\t\t<\/div><\/div>\t\t\t\t<\/div>\n\t\t\t\t<\/div>\n\t\t\t\t<div class=\"elementor-element elementor-element-54905a9 elementor-widget elementor-widget-heading\" data-id=\"54905a9\" data-element_type=\"widget\" data-widget_type=\"heading.default\">\n\t\t\t\t<div class=\"elementor-widget-container\">\n\t\t\t\t\t<h1 class=\"elementor-heading-title elementor-size-default\">T\u00e9rminos y condiciones de uso<\/br>de la plataforma Explora Delagente<\/h1>\t\t\t\t<\/div>\n\t\t\t\t<\/div>\n\t\t\t\t\t<\/div>\n\t\t\t\t<\/section>\n\t\t<section class=\"elementor-element elementor-element-29b24e7 e-flex e-con-boxed e-con e-child\" data-id=\"29b24e7\" data-element_type=\"container\">\n\t\t\t\t\t<div class=\"e-con-inner\">\n\t\t<div class=\"elementor-element elementor-element-25e4cab e-flex e-con-boxed e-con e-child\" data-id=\"25e4cab\" data-element_type=\"container\">\n\t\t\t\t\t<div class=\"e-con-inner\">\n\t\t\t\t<div class=\"elementor-element elementor-element-d7c8e5b elementor-widget elementor-widget-heading\" data-id=\"d7c8e5b\" data-element_type=\"widget\" data-widget_type=\"heading.default\">\n\t\t\t\t<div class=\"elementor-widget-container\">\n\t\t\t\t\t<h2 class=\"elementor-heading-title elementor-size-default\">Aspectos generales\n<\/h2>\t\t\t\t<\/div>\n\t\t\t\t<\/div>\n\t\t<div class=\"elementor-element elementor-element-db2a845 e-flex e-con-boxed e-con e-child\" data-id=\"db2a845\" data-element_type=\"container\">\n\t\t\t\t\t<div class=\"e-con-inner\">\n\t\t\t\t<div class=\"elementor-element elementor-element-5140aab elementor-widget elementor-widget-heading\" data-id=\"5140aab\" data-element_type=\"widget\" data-widget_type=\"heading.default\">\n\t\t\t\t<div class=\"elementor-widget-container\">\n\t\t\t\t\t<h3 class=\"elementor-heading-title elementor-size-default\">Informaci\u00f3n<\/h3>\t\t\t\t<\/div>\n\t\t\t\t<\/div>\n\t\t\t\t<div class=\"elementor-element elementor-element-7702d3f elementor-widget elementor-widget-text-editor\" data-id=\"7702d3f\" data-element_type=\"widget\" data-widget_type=\"text-editor.default\">\n\t\t\t\t<div class=\"elementor-widget-container\">\n\t\t\t\t\t\t\t\t\t<p>La aplicaci\u00f3n est\u00e1 dise\u00f1ada para dar vida a fotograf\u00edas est\u00e1ticas mediante el uso de la tecnolog\u00eda de realidad aumentada y animaci\u00f3n digital, buscando vivir experiencias diferentes.<\/p>\t\t\t\t\t\t\t\t<\/div>\n\t\t\t\t<\/div>\n\t\t\t\t\t<\/div>\n\t\t\t\t<\/div>\n\t\t<div class=\"elementor-element elementor-element-1ecb5a7 e-flex e-con-boxed e-con e-child\" data-id=\"1ecb5a7\" data-element_type=\"container\">\n\t\t\t\t\t<div class=\"e-con-inner\">\n\t\t\t\t<div class=\"elementor-element elementor-element-7026843 elementor-widget elementor-widget-heading\" data-id=\"7026843\" data-element_type=\"widget\" data-widget_type=\"heading.default\">\n\t\t\t\t<div class=\"elementor-widget-container\">\n\t\t\t\t\t<h3 class=\"elementor-heading-title elementor-size-default\">Naturaleza jur\u00eddica<\/h3>\t\t\t\t<\/div>\n\t\t\t\t<\/div>\n\t\t\t\t<div class=\"elementor-element elementor-element-146d7af elementor-widget elementor-widget-text-editor\" data-id=\"146d7af\" data-element_type=\"widget\" data-widget_type=\"text-editor.default\">\n\t\t\t\t<div class=\"elementor-widget-container\">\n\t\t\t\t\t\t\t\t\t<p>Los presentes t\u00e9rminos y condiciones de uso regulan la relaci\u00f3n entre las personas que acceden a la plataforma virtual y al operador.<\/p>\t\t\t\t\t\t\t\t<\/div>\n\t\t\t\t<\/div>\n\t\t\t\t\t<\/div>\n\t\t\t\t<\/div>\n\t\t<div class=\"elementor-element elementor-element-3f6570b e-flex e-con-boxed e-con e-child\" data-id=\"3f6570b\" data-element_type=\"container\">\n\t\t\t\t\t<div class=\"e-con-inner\">\n\t\t\t\t<div class=\"elementor-element elementor-element-13d3ec7 elementor-widget elementor-widget-heading\" data-id=\"13d3ec7\" data-element_type=\"widget\" data-widget_type=\"heading.default\">\n\t\t\t\t<div class=\"elementor-widget-container\">\n\t\t\t\t\t<h3 class=\"elementor-heading-title elementor-size-default\">Plataforma tecnol\u00f3gica que permite su uso<\/h3>\t\t\t\t<\/div>\n\t\t\t\t<\/div>\n\t\t\t\t<div class=\"elementor-element elementor-element-668954d elementor-widget elementor-widget-text-editor\" data-id=\"668954d\" data-element_type=\"widget\" data-widget_type=\"text-editor.default\">\n\t\t\t\t<div class=\"elementor-widget-container\">\n\t\t\t\t\t\t\t\t\t<p>Esta plataforma fue creada para uso de usuarios, afiliados y colaboradores, la cual podr\u00e1n descargar en dispositivos m\u00f3viles por medio de tiendas virtuales de aplicaci\u00f3n de Apple (App Store) y de Google (Google Play).<\/p>\t\t\t\t\t\t\t\t<\/div>\n\t\t\t\t<\/div>\n\t\t\t\t\t<\/div>\n\t\t\t\t<\/div>\n\t\t<div class=\"elementor-element elementor-element-f91af2b e-flex e-con-boxed e-con e-child\" data-id=\"f91af2b\" data-element_type=\"container\">\n\t\t\t\t\t<div class=\"e-con-inner\">\n\t\t\t\t<div class=\"elementor-element elementor-element-fc94098 elementor-widget elementor-widget-heading\" data-id=\"fc94098\" data-element_type=\"widget\" data-widget_type=\"heading.default\">\n\t\t\t\t<div class=\"elementor-widget-container\">\n\t\t\t\t\t<h3 class=\"elementor-heading-title elementor-size-default\">Modificaci\u00f3n<\/h3>\t\t\t\t<\/div>\n\t\t\t\t<\/div>\n\t\t\t\t<div class=\"elementor-element elementor-element-bab9d97 elementor-widget elementor-widget-text-editor\" data-id=\"bab9d97\" data-element_type=\"widget\" data-widget_type=\"text-editor.default\">\n\t\t\t\t<div class=\"elementor-widget-container\">\n\t\t\t\t\t\t\t\t\t<p>\u27a3 Explora Delagente, es una plataforma dise\u00f1ada por Comfenalco Valle Delagente, la cual permite ofrecer al usuario una autonom\u00eda en su experiencia.<\/p><p>\u27a3 La App incorpora mejoras peri\u00f3dicas que optimizan la calidad de las animaciones y la velocidad del procesamiento.<\/p><p>\u27a3 Comfenalco Valle Delagente se reserva el derecho de habilitar y deshabilitar las opciones de la plataforma.<\/p>\t\t\t\t\t\t\t\t<\/div>\n\t\t\t\t<\/div>\n\t\t\t\t\t<\/div>\n\t\t\t\t<\/div>\n\t\t<div class=\"elementor-element elementor-element-11708fc e-con-full e-flex e-con e-child\" data-id=\"11708fc\" data-element_type=\"container\">\n\t\t\t\t<div class=\"elementor-element elementor-element-c41934b elementor-widget elementor-widget-heading\" data-id=\"c41934b\" data-element_type=\"widget\" data-widget_type=\"heading.default\">\n\t\t\t\t<div class=\"elementor-widget-container\">\n\t\t\t\t\t<h3 class=\"elementor-heading-title elementor-size-default\">Responsabilidad del usuario<\/h3>\t\t\t\t<\/div>\n\t\t\t\t<\/div>\n\t\t\t\t<div class=\"elementor-element elementor-element-c769362 elementor-widget elementor-widget-text-editor\" data-id=\"c769362\" data-element_type=\"widget\" data-widget_type=\"text-editor.default\">\n\t\t\t\t<div class=\"elementor-widget-container\">\n\t\t\t\t\t\t\t\t\t<p>\u00a0El usuario de la App es responsable de su conducta al usar la aplicaci\u00f3n. No debe usarla para fines ilegales o perjudiciales.<\/p>\t\t\t\t\t\t\t\t<\/div>\n\t\t\t\t<\/div>\n\t\t\t\t<\/div>\n\t\t<div class=\"elementor-element elementor-element-0f47f07 e-con-full e-flex e-con e-child\" data-id=\"0f47f07\" data-element_type=\"container\">\n\t\t\t\t<div class=\"elementor-element elementor-element-b2d4909 elementor-widget elementor-widget-heading\" data-id=\"b2d4909\" data-element_type=\"widget\" data-widget_type=\"heading.default\">\n\t\t\t\t<div class=\"elementor-widget-container\">\n\t\t\t\t\t<h3 class=\"elementor-heading-title elementor-size-default\">Limitaci\u00f3n de responsabilidad<\/h3>\t\t\t\t<\/div>\n\t\t\t\t<\/div>\n\t\t\t\t<div class=\"elementor-element elementor-element-31e0ad1 elementor-widget elementor-widget-text-editor\" data-id=\"31e0ad1\" data-element_type=\"widget\" data-widget_type=\"text-editor.default\">\n\t\t\t\t<div class=\"elementor-widget-container\">\n\t\t\t\t\t\t\t\t\t<p>Comfenalco Valle Delagente no se hace responsable por el uso inadecuado o da\u00f1os y lesiones que puedan generar el manejo de esta aplicaci\u00f3n<\/p>\t\t\t\t\t\t\t\t<\/div>\n\t\t\t\t<\/div>\n\t\t\t\t<\/div>\n\t\t<div class=\"elementor-element elementor-element-fd43557 e-con-full e-flex e-con e-child\" data-id=\"fd43557\" data-element_type=\"container\">\n\t\t\t\t<div class=\"elementor-element elementor-element-a07671c elementor-widget elementor-widget-heading\" data-id=\"a07671c\" data-element_type=\"widget\" data-widget_type=\"heading.default\">\n\t\t\t\t<div class=\"elementor-widget-container\">\n\t\t\t\t\t<p class=\"elementor-heading-title elementor-size-default\">Cordially,<\/p>\t\t\t\t<\/div>\n\t\t\t\t<\/div>\n\t\t\t\t<div class=\"elementor-element elementor-element-770b3e5 elementor-widget elementor-widget-heading\" data-id=\"770b3e5\" data-element_type=\"widget\" data-widget_type=\"heading.default\">\n\t\t\t\t<div class=\"elementor-widget-container\">\n\t\t\t\t\t<p class=\"elementor-heading-title elementor-size-default\">Comfenalco Valle Delagente<\/p>\t\t\t\t<\/div>\n\t\t\t\t<\/div>\n\t\t\t\t<\/div>\n\t\t\t\t\t<\/div>\n\t\t\t\t<\/div>\n\t\t\t\t\t<\/div>\n\t\t\t\t<\/section>\n\t\t\t\t\t<\/div>\n\t\t\t\t<\/main>\n\t\t\t\t<\/div>","protected":false},"excerpt":{"rendered":"<p>Inicio T\u00e9rminos y condiciones de usode la plataforma Explora Delagente Aspectos generales Informaci\u00f3n La aplicaci\u00f3n est\u00e1 dise\u00f1ada para dar vida a fotograf\u00edas est\u00e1ticas mediante el uso de la tecnolog\u00eda de realidad aumentada y animaci\u00f3n digital, buscando vivir experiencias diferentes. Naturaleza jur\u00eddica Los presentes t\u00e9rminos y condiciones de uso regulan la relaci\u00f3n entre las personas que [&hellip;]<\/p>","protected":false},"author":29,"featured_media":670751,"parent":0,"menu_order":0,"comment_status":"closed","ping_status":"closed","template":"","meta":{"footnotes":""},"class_list":["post-670766","page","type-page","status-publish","has-post-thumbnail","hentry"],"yoast_head":"<!-- This site is optimized with the Yoast SEO Premium plugin v25.9 (Yoast SEO v25.9) - https:\/\/yoast.com\/wordpress\/plugins\/seo\/ -->\n<title>T\u00e9rminos y condiciones de uso de la plataforma Explora Delagente<\/title>\n<meta name=\"description\" content=\"La aplicaci\u00f3n est\u00e1 dise\u00f1ada para dar vida a fotograf\u00edas est\u00e1ticas mediante el uso de la tecnolog\u00eda de realidad aumentada y animaci\u00f3n digital.\" \/>\n<meta name=\"robots\" content=\"index, follow, max-snippet:-1, max-image-preview:large, max-video-preview:-1\" \/>\n<link rel=\"canonical\" href=\"https:\/\/www.comfenalcovalle.com.co\/terminos-y-condiciones-de-uso-de-la-plataforma-explora-delagente\/\" \/>\n<meta property=\"og:locale\" content=\"en_US\" \/>\n<meta property=\"og:type\" content=\"article\" \/>\n<meta property=\"og:title\" content=\"T\u00e9rminos y condiciones de uso de la plataforma Explora Delagente\" \/>\n<meta property=\"og:description\" content=\"La aplicaci\u00f3n est\u00e1 dise\u00f1ada para dar vida a fotograf\u00edas est\u00e1ticas mediante el uso de la tecnolog\u00eda de realidad aumentada y animaci\u00f3n digital.\" \/>\n<meta property=\"og:url\" content=\"https:\/\/www.comfenalcovalle.com.co\/terminos-y-condiciones-de-uso-de-la-plataforma-explora-delagente\/\" \/>\n<meta property=\"og:site_name\" content=\"Comfenalco Valle Delagente\" \/>\n<meta property=\"article:modified_time\" content=\"2025-11-06T15:06:12+00:00\" \/>\n<meta property=\"og:image\" content=\"https:\/\/www.comfenalcovalle.com.co\/wp-content\/uploads\/2025\/11\/App-Delagente.jpg\" \/>\n\t<meta property=\"og:image:width\" content=\"1060\" \/>\n\t<meta property=\"og:image:height\" content=\"706\" \/>\n\t<meta property=\"og:image:type\" content=\"image\/jpeg\" \/>\n<meta name=\"twitter:card\" content=\"summary_large_image\" \/>\n<meta name=\"twitter:label1\" content=\"Est. reading time\" \/>\n\t<meta name=\"twitter:data1\" content=\"2 minutes\" \/>\n<script type=\"application\/ld+json\" class=\"yoast-schema-graph\">{\"@context\":\"https:\/\/schema.org\",\"@graph\":[{\"@type\":\"WebPage\",\"@id\":\"https:\/\/www.comfenalcovalle.com.co\/terminos-y-condiciones-de-uso-de-la-plataforma-explora-delagente\/\",\"url\":\"https:\/\/www.comfenalcovalle.com.co\/terminos-y-condiciones-de-uso-de-la-plataforma-explora-delagente\/\",\"name\":\"T\u00e9rminos y condiciones de uso de la plataforma Explora Delagente\",\"isPartOf\":{\"@id\":\"https:\/\/www.comfenalcovalle.com.co\/#website\"},\"primaryImageOfPage\":{\"@id\":\"https:\/\/www.comfenalcovalle.com.co\/terminos-y-condiciones-de-uso-de-la-plataforma-explora-delagente\/#primaryimage\"},\"image\":{\"@id\":\"https:\/\/www.comfenalcovalle.com.co\/terminos-y-condiciones-de-uso-de-la-plataforma-explora-delagente\/#primaryimage\"},\"thumbnailUrl\":\"https:\/\/test.comfenalcovalle.com.co\/wp-content\/uploads\/2025\/11\/App-Delagente.jpg\",\"datePublished\":\"2025-11-06T14:53:00+00:00\",\"dateModified\":\"2025-11-06T15:06:12+00:00\",\"description\":\"La aplicaci\u00f3n est\u00e1 dise\u00f1ada para dar vida a fotograf\u00edas est\u00e1ticas mediante el uso de la tecnolog\u00eda de realidad aumentada y animaci\u00f3n digital.\",\"breadcrumb\":{\"@id\":\"https:\/\/www.comfenalcovalle.com.co\/terminos-y-condiciones-de-uso-de-la-plataforma-explora-delagente\/#breadcrumb\"},\"inLanguage\":\"en-US\",\"potentialAction\":[{\"@type\":\"ReadAction\",\"target\":[\"https:\/\/www.comfenalcovalle.com.co\/terminos-y-condiciones-de-uso-de-la-plataforma-explora-delagente\/\"]}]},{\"@type\":\"ImageObject\",\"inLanguage\":\"en-US\",\"@id\":\"https:\/\/www.comfenalcovalle.com.co\/terminos-y-condiciones-de-uso-de-la-plataforma-explora-delagente\/#primaryimage\",\"url\":\"https:\/\/test.comfenalcovalle.com.co\/wp-content\/uploads\/2025\/11\/App-Delagente.jpg\",\"contentUrl\":\"https:\/\/test.comfenalcovalle.com.co\/wp-content\/uploads\/2025\/11\/App-Delagente.jpg\",\"width\":1060,\"height\":706,\"caption\":\"App Delagente\"},{\"@type\":\"BreadcrumbList\",\"@id\":\"https:\/\/www.comfenalcovalle.com.co\/terminos-y-condiciones-de-uso-de-la-plataforma-explora-delagente\/#breadcrumb\",\"itemListElement\":[{\"@type\":\"ListItem\",\"position\":1,\"name\":\"Portada\",\"item\":\"https:\/\/www.comfenalcovalle.com.co\/\"},{\"@type\":\"ListItem\",\"position\":2,\"name\":\"T\u00e9rminos y condiciones de uso de la plataforma Explora Delagente\"}]},{\"@type\":\"WebSite\",\"@id\":\"https:\/\/www.comfenalcovalle.com.co\/#website\",\"url\":\"https:\/\/www.comfenalcovalle.com.co\/\",\"name\":\"Comfenalco Valle Delagente\",\"description\":\"Caja de compensaci\u00f3n de Comfenalco Valle Delagente.\",\"publisher\":{\"@id\":\"https:\/\/www.comfenalcovalle.com.co\/#organization\"},\"potentialAction\":[{\"@type\":\"SearchAction\",\"target\":{\"@type\":\"EntryPoint\",\"urlTemplate\":\"https:\/\/www.comfenalcovalle.com.co\/?s={search_term_string}\"},\"query-input\":{\"@type\":\"PropertyValueSpecification\",\"valueRequired\":true,\"valueName\":\"search_term_string\"}}],\"inLanguage\":\"en-US\"},{\"@type\":\"Organization\",\"@id\":\"https:\/\/www.comfenalcovalle.com.co\/#organization\",\"name\":\"Comfenalco Valle Delagente\",\"url\":\"https:\/\/www.comfenalcovalle.com.co\/\",\"logo\":{\"@type\":\"ImageObject\",\"inLanguage\":\"en-US\",\"@id\":\"https:\/\/www.comfenalcovalle.com.co\/#\/schema\/logo\/image\/\",\"url\":\"https:\/\/test.comfenalcovalle.com.co\/wp-content\/uploads\/2021\/06\/logo-comfe-cabecera-agencia-empelo-actualizado.png\",\"contentUrl\":\"https:\/\/test.comfenalcovalle.com.co\/wp-content\/uploads\/2021\/06\/logo-comfe-cabecera-agencia-empelo-actualizado.png\",\"width\":500,\"height\":184,\"caption\":\"Comfenalco Valle Delagente\"},\"image\":{\"@id\":\"https:\/\/www.comfenalcovalle.com.co\/#\/schema\/logo\/image\/\"}}]}<\/script>\n<!-- \/ Yoast SEO Premium plugin. -->","yoast_head_json":{"title":"T\u00e9rminos y condiciones de uso de la plataforma Explora Delagente","description":"La aplicaci\u00f3n est\u00e1 dise\u00f1ada para dar vida a fotograf\u00edas est\u00e1ticas mediante el uso de la tecnolog\u00eda de realidad aumentada y animaci\u00f3n digital.","robots":{"index":"index","follow":"follow","max-snippet":"max-snippet:-1","max-image-preview":"max-image-preview:large","max-video-preview":"max-video-preview:-1"},"canonical":"https:\/\/www.comfenalcovalle.com.co\/terminos-y-condiciones-de-uso-de-la-plataforma-explora-delagente\/","og_locale":"en_US","og_type":"article","og_title":"T\u00e9rminos y condiciones de uso de la plataforma Explora Delagente","og_description":"La aplicaci\u00f3n est\u00e1 dise\u00f1ada para dar vida a fotograf\u00edas est\u00e1ticas mediante el uso de la tecnolog\u00eda de realidad aumentada y animaci\u00f3n digital.","og_url":"https:\/\/www.comfenalcovalle.com.co\/terminos-y-condiciones-de-uso-de-la-plataforma-explora-delagente\/","og_site_name":"Comfenalco Valle Delagente","article_modified_time":"2025-11-06T15:06:12+00:00","og_image":[{"width":1060,"height":706,"url":"https:\/\/www.comfenalcovalle.com.co\/wp-content\/uploads\/2025\/11\/App-Delagente.jpg","type":"image\/jpeg"}],"twitter_card":"summary_large_image","twitter_misc":{"Est. reading time":"2 minutes"},"schema":{"@context":"https:\/\/schema.org","@graph":[{"@type":"WebPage","@id":"https:\/\/www.comfenalcovalle.com.co\/terminos-y-condiciones-de-uso-de-la-plataforma-explora-delagente\/","url":"https:\/\/www.comfenalcovalle.com.co\/terminos-y-condiciones-de-uso-de-la-plataforma-explora-delagente\/","name":"T\u00e9rminos y condiciones de uso de la plataforma Explora Delagente","isPartOf":{"@id":"https:\/\/www.comfenalcovalle.com.co\/#website"},"primaryImageOfPage":{"@id":"https:\/\/www.comfenalcovalle.com.co\/terminos-y-condiciones-de-uso-de-la-plataforma-explora-delagente\/#primaryimage"},"image":{"@id":"https:\/\/www.comfenalcovalle.com.co\/terminos-y-condiciones-de-uso-de-la-plataforma-explora-delagente\/#primaryimage"},"thumbnailUrl":"https:\/\/test.comfenalcovalle.com.co\/wp-content\/uploads\/2025\/11\/App-Delagente.jpg","datePublished":"2025-11-06T14:53:00+00:00","dateModified":"2025-11-06T15:06:12+00:00","description":"La aplicaci\u00f3n est\u00e1 dise\u00f1ada para dar vida a fotograf\u00edas est\u00e1ticas mediante el uso de la tecnolog\u00eda de realidad aumentada y animaci\u00f3n digital.","breadcrumb":{"@id":"https:\/\/www.comfenalcovalle.com.co\/terminos-y-condiciones-de-uso-de-la-plataforma-explora-delagente\/#breadcrumb"},"inLanguage":"en-US","potentialAction":[{"@type":"ReadAction","target":["https:\/\/www.comfenalcovalle.com.co\/terminos-y-condiciones-de-uso-de-la-plataforma-explora-delagente\/"]}]},{"@type":"ImageObject","inLanguage":"en-US","@id":"https:\/\/www.comfenalcovalle.com.co\/terminos-y-condiciones-de-uso-de-la-plataforma-explora-delagente\/#primaryimage","url":"https:\/\/test.comfenalcovalle.com.co\/wp-content\/uploads\/2025\/11\/App-Delagente.jpg","contentUrl":"https:\/\/test.comfenalcovalle.com.co\/wp-content\/uploads\/2025\/11\/App-Delagente.jpg","width":1060,"height":706,"caption":"App Delagente"},{"@type":"BreadcrumbList","@id":"https:\/\/www.comfenalcovalle.com.co\/terminos-y-condiciones-de-uso-de-la-plataforma-explora-delagente\/#breadcrumb","itemListElement":[{"@type":"ListItem","position":1,"name":"Portada","item":"https:\/\/www.comfenalcovalle.com.co\/"},{"@type":"ListItem","position":2,"name":"T\u00e9rminos y condiciones de uso de la plataforma Explora Delagente"}]},{"@type":"WebSite","@id":"https:\/\/www.comfenalcovalle.com.co\/#website","url":"https:\/\/www.comfenalcovalle.com.co\/","name":"Comfenalco Valle Delagente","description":"Comfenalco Valle Delagente compensation fund.","publisher":{"@id":"https:\/\/www.comfenalcovalle.com.co\/#organization"},"potentialAction":[{"@type":"SearchAction","target":{"@type":"EntryPoint","urlTemplate":"https:\/\/www.comfenalcovalle.com.co\/?s={search_term_string}"},"query-input":{"@type":"PropertyValueSpecification","valueRequired":true,"valueName":"search_term_string"}}],"inLanguage":"en-US"},{"@type":"Organization","@id":"https:\/\/www.comfenalcovalle.com.co\/#organization","name":"Comfenalco Valle Delagente","url":"https:\/\/www.comfenalcovalle.com.co\/","logo":{"@type":"ImageObject","inLanguage":"en-US","@id":"https:\/\/www.comfenalcovalle.com.co\/#\/schema\/logo\/image\/","url":"https:\/\/test.comfenalcovalle.com.co\/wp-content\/uploads\/2021\/06\/logo-comfe-cabecera-agencia-empelo-actualizado.png","contentUrl":"https:\/\/test.comfenalcovalle.com.co\/wp-content\/uploads\/2021\/06\/logo-comfe-cabecera-agencia-empelo-actualizado.png","width":500,"height":184,"caption":"Comfenalco Valle Delagente"},"image":{"@id":"https:\/\/www.comfenalcovalle.com.co\/#\/schema\/logo\/image\/"}}]}},"publishpress_future_action":{"enabled":false,"date":"2026-05-08 09:17:24","action":"change-status","newStatus":"draft","terms":[],"taxonomy":"","extraData":[]},"publishpress_future_workflow_manual_trigger":{"enabledWorkflows":[]},"_links":{"self":[{"href":"https:\/\/test.comfenalcovalle.com.co\/en\/wp-json\/wp\/v2\/pages\/670766","targetHints":{"allow":["GET"]}}],"collection":[{"href":"https:\/\/test.comfenalcovalle.com.co\/en\/wp-json\/wp\/v2\/pages"}],"about":[{"href":"https:\/\/test.comfenalcovalle.com.co\/en\/wp-json\/wp\/v2\/types\/page"}],"author":[{"embeddable":true,"href":"https:\/\/test.comfenalcovalle.com.co\/en\/wp-json\/wp\/v2\/users\/29"}],"replies":[{"embeddable":true,"href":"https:\/\/test.comfenalcovalle.com.co\/en\/wp-json\/wp\/v2\/comments?post=670766"}],"version-history":[{"count":0,"href":"https:\/\/test.comfenalcovalle.com.co\/en\/wp-json\/wp\/v2\/pages\/670766\/revisions"}],"wp:featuredmedia":[{"embeddable":true,"href":"https:\/\/test.comfenalcovalle.com.co\/en\/wp-json\/wp\/v2\/media\/670751"}],"wp:attachment":[{"href":"https:\/\/test.comfenalcovalle.com.co\/en\/wp-json\/wp\/v2\/media?parent=670766"}],"curies":[{"name":"wp","href":"https:\/\/api.w.org\/{rel}","templated":true}]}}