{"id":664249,"date":"2025-07-28T14:19:23","date_gmt":"2025-07-28T19:19:23","guid":{"rendered":"https:\/\/test.comfenalcovalle.com.co\/?page_id=664249"},"modified":"2026-03-10T16:48:12","modified_gmt":"2026-03-10T21:48:12","slug":"ley-de-pospenados","status":"publish","type":"page","link":"https:\/\/test.comfenalcovalle.com.co\/en\/empresas\/aportes\/ley-de-pospenados\/","title":{"rendered":"Ley de Pospenados"},"content":{"rendered":"<div data-elementor-type=\"wp-page\" data-elementor-id=\"664249\" class=\"elementor elementor-664249\" data-elementor-post-type=\"page\">\n\t\t\t\t<div class=\"elementor-element elementor-element-db50a1b e-flex e-con-boxed e-con e-parent\" data-id=\"db50a1b\" data-element_type=\"container\">\n\t\t\t\t\t<div class=\"e-con-inner\">\n\t\t<div class=\"elementor-element elementor-element-a1dc738 e-con-full e-flex e-con e-child\" data-id=\"a1dc738\" data-element_type=\"container\">\n\t\t\t\t<div class=\"elementor-element elementor-element-7c52da0 jet-breadcrumbs-align-center elementor-widget elementor-widget-jet-breadcrumbs\" data-id=\"7c52da0\" data-element_type=\"widget\" data-widget_type=\"jet-breadcrumbs.default\">\n\t\t\t\t<div class=\"elementor-widget-container\">\n\t\t\t\t\t<div class=\"elementor-jet-breadcrumbs jet-blocks\">\n\t\t<div class=\"jet-breadcrumbs\">\n\t\t<div class=\"jet-breadcrumbs__content\">\n\t\t<div class=\"jet-breadcrumbs__wrap\"><div class=\"jet-breadcrumbs__item\"><a href=\"https:\/\/test.comfenalcovalle.com.co\/en\/\" class=\"jet-breadcrumbs__item-link is-home\" rel=\"home\" title=\"Beginning\">Beginning<\/a><\/div>\n\t\t<\/div>\n\t\t<\/div>\n\t\t<\/div><\/div>\t\t\t\t<\/div>\n\t\t\t\t<\/div>\n\t\t\t\t<div class=\"elementor-element elementor-element-c4d0894 elementor-widget elementor-widget-heading\" data-id=\"c4d0894\" data-element_type=\"widget\" data-widget_type=\"heading.default\">\n\t\t\t\t<div class=\"elementor-widget-container\">\n\t\t\t\t\t<h1 class=\"elementor-heading-title elementor-size-default\">Ley de Pospenados<\/h1>\t\t\t\t<\/div>\n\t\t\t\t<\/div>\n\t\t\t\t<\/div>\n\t\t<div class=\"elementor-element elementor-element-e1017d8 e-con-full e-flex e-con e-child\" data-id=\"e1017d8\" data-element_type=\"container\">\n\t\t\t\t<div class=\"elementor-element elementor-element-2414493 elementor-widget elementor-widget-text-editor\" data-id=\"2414493\" data-element_type=\"widget\" data-widget_type=\"text-editor.default\">\n\t\t\t\t<div class=\"elementor-widget-container\">\n\t\t\t\t\t\t\t\t\t<p>La Ley 2208 de 2022, conocida como la \u00abLey de Segundas Oportunidades\u00bb en Colombia, establece incentivos econ\u00f3micos para fortalecer el acceso y las oportunidades de empleo y formaci\u00f3n para la poblaci\u00f3n Pospenada y se dictan otras disposiciones.<\/p><p>El beneficio establecido en los art\u00edculos 6 y 7 de Ley 2208 \u201cProgresividad en el pago de parafiscales\u201d aplica para el Sistema de Subsidio Familiar y solo se predica respecto del trabajador.<\/p>\t\t\t\t\t\t\t\t<\/div>\n\t\t\t\t<\/div>\n\t\t\t\t<\/div>\n\t\t<div class=\"elementor-element elementor-element-f5714e6 e-con-full e-flex e-con e-child\" data-id=\"f5714e6\" data-element_type=\"container\">\n\t\t\t\t<div class=\"elementor-element elementor-element-d4933e0 elementor-widget elementor-widget-heading\" data-id=\"d4933e0\" data-element_type=\"widget\" data-widget_type=\"heading.default\">\n\t\t\t\t<div class=\"elementor-widget-container\">\n\t\t\t\t\t<h2 class=\"elementor-heading-title elementor-size-default\">Nuevo tipo de Cotizante:<\/h2>\t\t\t\t<\/div>\n\t\t\t\t<\/div>\n\t\t\t\t<div class=\"elementor-element elementor-element-fc6daaa elementor-widget elementor-widget-text-editor\" data-id=\"fc6daaa\" data-element_type=\"widget\" data-widget_type=\"text-editor.default\">\n\t\t\t\t<div class=\"elementor-widget-container\">\n\t\t\t\t\t\t\t\t\t<p>71 \u2013 Ley de segundas oportunidades<\/p>\t\t\t\t\t\t\t\t<\/div>\n\t\t\t\t<\/div>\n\t\t<div class=\"elementor-element elementor-element-b072a52 e-grid e-con-full e-con e-child\" data-id=\"b072a52\" data-element_type=\"container\">\n\t\t<div class=\"elementor-element elementor-element-233c348 e-con-full e-flex e-con e-child\" data-id=\"233c348\" data-element_type=\"container\">\n\t\t\t\t<div class=\"elementor-element elementor-element-86c9c62 elementor-widget__width-initial elementor-widget elementor-widget-heading\" data-id=\"86c9c62\" data-element_type=\"widget\" data-widget_type=\"heading.default\">\n\t\t\t\t<div class=\"elementor-widget-container\">\n\t\t\t\t\t<div class=\"elementor-heading-title elementor-size-default\">1.<\/div>\t\t\t\t<\/div>\n\t\t\t\t<\/div>\n\t\t\t\t<div class=\"elementor-element elementor-element-eb83049 elementor-widget__width-initial elementor-widget elementor-widget-text-editor\" data-id=\"eb83049\" data-element_type=\"widget\" data-widget_type=\"text-editor.default\">\n\t\t\t\t<div class=\"elementor-widget-container\">\n\t\t\t\t\t\t\t\t\t<p>Se liquida en planilla tipo E \u2013 Empleados empresa.<\/p>\t\t\t\t\t\t\t\t<\/div>\n\t\t\t\t<\/div>\n\t\t\t\t<\/div>\n\t\t<div class=\"elementor-element elementor-element-5a0a246 e-con-full e-flex e-con e-child\" data-id=\"5a0a246\" data-element_type=\"container\">\n\t\t\t\t<div class=\"elementor-element elementor-element-bfe7401 elementor-widget__width-initial elementor-widget elementor-widget-heading\" data-id=\"bfe7401\" data-element_type=\"widget\" data-widget_type=\"heading.default\">\n\t\t\t\t<div class=\"elementor-widget-container\">\n\t\t\t\t\t<div class=\"elementor-heading-title elementor-size-default\">2.<\/div>\t\t\t\t<\/div>\n\t\t\t\t<\/div>\n\t\t\t\t<div class=\"elementor-element elementor-element-e966fc1 elementor-widget__width-initial elementor-widget elementor-widget-text-editor\" data-id=\"e966fc1\" data-element_type=\"widget\" data-widget_type=\"text-editor.default\">\n\t\t\t\t<div class=\"elementor-widget-container\">\n\t\t\t\t\t\t\t\t\t<p>Solo podr\u00e1 ser usado por empresas con una planta de personal de 100 o m\u00e1s trabajadores.<\/p>\t\t\t\t\t\t\t\t<\/div>\n\t\t\t\t<\/div>\n\t\t\t\t<\/div>\n\t\t<div class=\"elementor-element elementor-element-84d3c5a e-con-full e-flex e-con e-child\" data-id=\"84d3c5a\" data-element_type=\"container\">\n\t\t\t\t<div class=\"elementor-element elementor-element-6019de1 elementor-widget__width-initial elementor-widget elementor-widget-heading\" data-id=\"6019de1\" data-element_type=\"widget\" data-widget_type=\"heading.default\">\n\t\t\t\t<div class=\"elementor-widget-container\">\n\t\t\t\t\t<div class=\"elementor-heading-title elementor-size-default\">3.<\/div>\t\t\t\t<\/div>\n\t\t\t\t<\/div>\n\t\t\t\t<div class=\"elementor-element elementor-element-7eb8613 elementor-widget__width-initial elementor-widget elementor-widget-text-editor\" data-id=\"7eb8613\" data-element_type=\"widget\" data-widget_type=\"text-editor.default\">\n\t\t\t\t<div class=\"elementor-widget-container\">\n\t\t\t\t\t\t\t\t\t<p>Aporta a los sistemas de EPS, AFP, ARL, CCF, SENA e ICBF.<\/p>\t\t\t\t\t\t\t\t<\/div>\n\t\t\t\t<\/div>\n\t\t\t\t<\/div>\n\t\t<div class=\"elementor-element elementor-element-f1407dd e-con-full e-flex e-con e-child\" data-id=\"f1407dd\" data-element_type=\"container\">\n\t\t\t\t<div class=\"elementor-element elementor-element-08789b0 elementor-widget__width-initial elementor-widget elementor-widget-heading\" data-id=\"08789b0\" data-element_type=\"widget\" data-widget_type=\"heading.default\">\n\t\t\t\t<div class=\"elementor-widget-container\">\n\t\t\t\t\t<div class=\"elementor-heading-title elementor-size-default\">4.<\/div>\t\t\t\t<\/div>\n\t\t\t\t<\/div>\n\t\t\t\t<div class=\"elementor-element elementor-element-710a971 elementor-widget__width-initial elementor-widget elementor-widget-text-editor\" data-id=\"710a971\" data-element_type=\"widget\" data-widget_type=\"text-editor.default\">\n\t\t\t\t<div class=\"elementor-widget-container\">\n\t\t\t\t\t\t\t\t\t<p>La base de cotizaci\u00f3n es cuando menos 1 SMMLV, o la proporci\u00f3n de d\u00edas.<\/p>\t\t\t\t\t\t\t\t<\/div>\n\t\t\t\t<\/div>\n\t\t\t\t<\/div>\n\t\t<div class=\"elementor-element elementor-element-d998d29 e-con-full e-flex e-con e-child\" data-id=\"d998d29\" data-element_type=\"container\">\n\t\t\t\t<div class=\"elementor-element elementor-element-7ff5f99 elementor-widget__width-initial elementor-widget elementor-widget-heading\" data-id=\"7ff5f99\" data-element_type=\"widget\" data-widget_type=\"heading.default\">\n\t\t\t\t<div class=\"elementor-widget-container\">\n\t\t\t\t\t<div class=\"elementor-heading-title elementor-size-default\">5.<\/div>\t\t\t\t<\/div>\n\t\t\t\t<\/div>\n\t\t\t\t<div class=\"elementor-element elementor-element-12afcd6 elementor-widget__width-initial elementor-widget elementor-widget-text-editor\" data-id=\"12afcd6\" data-element_type=\"widget\" data-widget_type=\"text-editor.default\">\n\t\t\t\t<div class=\"elementor-widget-container\">\n\t\t\t\t\t\t\t\t\t<p>El operador de informaci\u00f3n validar\u00e1 frente a base de referencia que el cotizante se encuentra autorizado.<\/p>\t\t\t\t\t\t\t\t<\/div>\n\t\t\t\t<\/div>\n\t\t\t\t<\/div>\n\t\t<div class=\"elementor-element elementor-element-9da5704 e-con-full e-flex e-con e-child\" data-id=\"9da5704\" data-element_type=\"container\">\n\t\t\t\t<div class=\"elementor-element elementor-element-c8ecb7f elementor-widget__width-initial elementor-widget elementor-widget-heading\" data-id=\"c8ecb7f\" data-element_type=\"widget\" data-widget_type=\"heading.default\">\n\t\t\t\t<div class=\"elementor-widget-container\">\n\t\t\t\t\t<div class=\"elementor-heading-title elementor-size-default\">6.<\/div>\t\t\t\t<\/div>\n\t\t\t\t<\/div>\n\t\t\t\t<div class=\"elementor-element elementor-element-7e484e5 elementor-widget__width-initial elementor-widget elementor-widget-text-editor\" data-id=\"7e484e5\" data-element_type=\"widget\" data-widget_type=\"text-editor.default\">\n\t\t\t\t<div class=\"elementor-widget-container\">\n\t\t\t\t\t\t\t\t\t<p>Para el reporte de la tarifa a caja de compensaci\u00f3n, el operador de informaci\u00f3n debe aplicar el porcentaje registrado en la base de referencia.<\/p>\t\t\t\t\t\t\t\t<\/div>\n\t\t\t\t<\/div>\n\t\t\t\t<\/div>\n\t\t\t\t<\/div>\n\t\t\t\t<\/div>\n\t\t\t\t\t<\/div>\n\t\t\t\t<\/div>\n\t\t\t\t<\/div>","protected":false},"excerpt":{"rendered":"<p>Inicio Ley de Pospenados La Ley 2208 de 2022, conocida como la \u00abLey de Segundas Oportunidades\u00bb en Colombia, establece incentivos econ\u00f3micos para fortalecer el acceso y las oportunidades de empleo y formaci\u00f3n para la poblaci\u00f3n Pospenada y se dictan otras disposiciones. El beneficio establecido en los art\u00edculos 6 y 7 de Ley 2208 \u201cProgresividad en [&hellip;]<\/p>","protected":false},"author":6,"featured_media":45142,"parent":14558,"menu_order":0,"comment_status":"closed","ping_status":"closed","template":"elementor_header_footer","meta":{"footnotes":""},"class_list":["post-664249","page","type-page","status-publish","has-post-thumbnail","hentry"],"yoast_head":"<!-- This site is optimized with the Yoast SEO Premium plugin v25.9 (Yoast SEO v25.9) - https:\/\/yoast.com\/wordpress\/plugins\/seo\/ -->\n<title>Ley de Pospenados - Comfenalco Valle Delagente<\/title>\n<meta name=\"robots\" content=\"index, follow, max-snippet:-1, max-image-preview:large, max-video-preview:-1\" \/>\n<link rel=\"canonical\" href=\"https:\/\/www.comfenalcovalle.com.co\/empresas\/aportes\/ley-de-pospenados\/\" \/>\n<meta property=\"og:locale\" content=\"en_US\" \/>\n<meta property=\"og:type\" content=\"article\" \/>\n<meta property=\"og:title\" content=\"Ley de Pospenados\" \/>\n<meta property=\"og:description\" content=\"Inicio Ley de Pospenados La Ley 2208 de 2022, conocida como la \u00abLey de Segundas Oportunidades\u00bb en Colombia, establece incentivos econ\u00f3micos para fortalecer el acceso y las oportunidades de empleo y formaci\u00f3n para la poblaci\u00f3n Pospenada y se dictan otras disposiciones. El beneficio establecido en los art\u00edculos 6 y 7 de Ley 2208 \u201cProgresividad en [&hellip;]\" \/>\n<meta property=\"og:url\" content=\"https:\/\/www.comfenalcovalle.com.co\/empresas\/aportes\/ley-de-pospenados\/\" \/>\n<meta property=\"og:site_name\" content=\"Comfenalco Valle Delagente\" \/>\n<meta property=\"article:modified_time\" content=\"2026-03-10T21:48:12+00:00\" \/>\n<meta property=\"og:image\" content=\"https:\/\/www.comfenalcovalle.com.co\/wp-content\/uploads\/2021\/10\/documentos-registro-aportes-web.jpeg\" \/>\n\t<meta property=\"og:image:width\" content=\"582\" \/>\n\t<meta property=\"og:image:height\" content=\"516\" \/>\n\t<meta property=\"og:image:type\" content=\"image\/jpeg\" \/>\n<meta name=\"twitter:card\" content=\"summary_large_image\" \/>\n<meta name=\"twitter:label1\" content=\"Est. reading time\" \/>\n\t<meta name=\"twitter:data1\" content=\"1 minute\" \/>\n<script type=\"application\/ld+json\" class=\"yoast-schema-graph\">{\"@context\":\"https:\/\/schema.org\",\"@graph\":[{\"@type\":\"WebPage\",\"@id\":\"https:\/\/www.comfenalcovalle.com.co\/empresas\/aportes\/ley-de-pospenados\/\",\"url\":\"https:\/\/www.comfenalcovalle.com.co\/empresas\/aportes\/ley-de-pospenados\/\",\"name\":\"Ley de Pospenados - Comfenalco Valle Delagente\",\"isPartOf\":{\"@id\":\"https:\/\/www.comfenalcovalle.com.co\/#website\"},\"primaryImageOfPage\":{\"@id\":\"https:\/\/www.comfenalcovalle.com.co\/empresas\/aportes\/ley-de-pospenados\/#primaryimage\"},\"image\":{\"@id\":\"https:\/\/www.comfenalcovalle.com.co\/empresas\/aportes\/ley-de-pospenados\/#primaryimage\"},\"thumbnailUrl\":\"https:\/\/test.comfenalcovalle.com.co\/wp-content\/uploads\/2021\/10\/documentos-registro-aportes-web.jpeg\",\"datePublished\":\"2025-07-28T19:19:23+00:00\",\"dateModified\":\"2026-03-10T21:48:12+00:00\",\"breadcrumb\":{\"@id\":\"https:\/\/www.comfenalcovalle.com.co\/empresas\/aportes\/ley-de-pospenados\/#breadcrumb\"},\"inLanguage\":\"en-US\",\"potentialAction\":[{\"@type\":\"ReadAction\",\"target\":[\"https:\/\/www.comfenalcovalle.com.co\/empresas\/aportes\/ley-de-pospenados\/\"]}]},{\"@type\":\"ImageObject\",\"inLanguage\":\"en-US\",\"@id\":\"https:\/\/www.comfenalcovalle.com.co\/empresas\/aportes\/ley-de-pospenados\/#primaryimage\",\"url\":\"https:\/\/test.comfenalcovalle.com.co\/wp-content\/uploads\/2021\/10\/documentos-registro-aportes-web.jpeg\",\"contentUrl\":\"https:\/\/test.comfenalcovalle.com.co\/wp-content\/uploads\/2021\/10\/documentos-registro-aportes-web.jpeg\",\"width\":582,\"height\":516,\"caption\":\"documentos-registro-aportes-web\"},{\"@type\":\"BreadcrumbList\",\"@id\":\"https:\/\/www.comfenalcovalle.com.co\/empresas\/aportes\/ley-de-pospenados\/#breadcrumb\",\"itemListElement\":[{\"@type\":\"ListItem\",\"position\":1,\"name\":\"Portada\",\"item\":\"https:\/\/www.comfenalcovalle.com.co\/\"},{\"@type\":\"ListItem\",\"position\":2,\"name\":\"Empresas\",\"item\":\"https:\/\/www.comfenalcovalle.com.co\/empresas\/\"},{\"@type\":\"ListItem\",\"position\":3,\"name\":\"Aportes\",\"item\":\"https:\/\/www.comfenalcovalle.com.co\/empresas\/aportes\/\"},{\"@type\":\"ListItem\",\"position\":4,\"name\":\"Ley de Pospenados\"}]},{\"@type\":\"WebSite\",\"@id\":\"https:\/\/www.comfenalcovalle.com.co\/#website\",\"url\":\"https:\/\/www.comfenalcovalle.com.co\/\",\"name\":\"Comfenalco Valle Delagente\",\"description\":\"Caja de compensaci\u00f3n de Comfenalco Valle Delagente.\",\"publisher\":{\"@id\":\"https:\/\/www.comfenalcovalle.com.co\/#organization\"},\"potentialAction\":[{\"@type\":\"SearchAction\",\"target\":{\"@type\":\"EntryPoint\",\"urlTemplate\":\"https:\/\/www.comfenalcovalle.com.co\/?s={search_term_string}\"},\"query-input\":{\"@type\":\"PropertyValueSpecification\",\"valueRequired\":true,\"valueName\":\"search_term_string\"}}],\"inLanguage\":\"en-US\"},{\"@type\":\"Organization\",\"@id\":\"https:\/\/www.comfenalcovalle.com.co\/#organization\",\"name\":\"Comfenalco Valle Delagente\",\"url\":\"https:\/\/www.comfenalcovalle.com.co\/\",\"logo\":{\"@type\":\"ImageObject\",\"inLanguage\":\"en-US\",\"@id\":\"https:\/\/www.comfenalcovalle.com.co\/#\/schema\/logo\/image\/\",\"url\":\"https:\/\/test.comfenalcovalle.com.co\/wp-content\/uploads\/2021\/06\/logo-comfe-cabecera-agencia-empelo-actualizado.png\",\"contentUrl\":\"https:\/\/test.comfenalcovalle.com.co\/wp-content\/uploads\/2021\/06\/logo-comfe-cabecera-agencia-empelo-actualizado.png\",\"width\":500,\"height\":184,\"caption\":\"Comfenalco Valle Delagente\"},\"image\":{\"@id\":\"https:\/\/www.comfenalcovalle.com.co\/#\/schema\/logo\/image\/\"}}]}<\/script>\n<!-- \/ Yoast SEO Premium plugin. -->","yoast_head_json":{"title":"Ley de Pospenados - Comfenalco Valle Delagente","robots":{"index":"index","follow":"follow","max-snippet":"max-snippet:-1","max-image-preview":"max-image-preview:large","max-video-preview":"max-video-preview:-1"},"canonical":"https:\/\/www.comfenalcovalle.com.co\/empresas\/aportes\/ley-de-pospenados\/","og_locale":"en_US","og_type":"article","og_title":"Ley de Pospenados","og_description":"Inicio Ley de Pospenados La Ley 2208 de 2022, conocida como la \u00abLey de Segundas Oportunidades\u00bb en Colombia, establece incentivos econ\u00f3micos para fortalecer el acceso y las oportunidades de empleo y formaci\u00f3n para la poblaci\u00f3n Pospenada y se dictan otras disposiciones. El beneficio establecido en los art\u00edculos 6 y 7 de Ley 2208 \u201cProgresividad en [&hellip;]","og_url":"https:\/\/www.comfenalcovalle.com.co\/empresas\/aportes\/ley-de-pospenados\/","og_site_name":"Comfenalco Valle Delagente","article_modified_time":"2026-03-10T21:48:12+00:00","og_image":[{"width":582,"height":516,"url":"https:\/\/www.comfenalcovalle.com.co\/wp-content\/uploads\/2021\/10\/documentos-registro-aportes-web.jpeg","type":"image\/jpeg"}],"twitter_card":"summary_large_image","twitter_misc":{"Est. reading time":"1 minute"},"schema":{"@context":"https:\/\/schema.org","@graph":[{"@type":"WebPage","@id":"https:\/\/www.comfenalcovalle.com.co\/empresas\/aportes\/ley-de-pospenados\/","url":"https:\/\/www.comfenalcovalle.com.co\/empresas\/aportes\/ley-de-pospenados\/","name":"Ley de Pospenados - Comfenalco Valle Delagente","isPartOf":{"@id":"https:\/\/www.comfenalcovalle.com.co\/#website"},"primaryImageOfPage":{"@id":"https:\/\/www.comfenalcovalle.com.co\/empresas\/aportes\/ley-de-pospenados\/#primaryimage"},"image":{"@id":"https:\/\/www.comfenalcovalle.com.co\/empresas\/aportes\/ley-de-pospenados\/#primaryimage"},"thumbnailUrl":"https:\/\/test.comfenalcovalle.com.co\/wp-content\/uploads\/2021\/10\/documentos-registro-aportes-web.jpeg","datePublished":"2025-07-28T19:19:23+00:00","dateModified":"2026-03-10T21:48:12+00:00","breadcrumb":{"@id":"https:\/\/www.comfenalcovalle.com.co\/empresas\/aportes\/ley-de-pospenados\/#breadcrumb"},"inLanguage":"en-US","potentialAction":[{"@type":"ReadAction","target":["https:\/\/www.comfenalcovalle.com.co\/empresas\/aportes\/ley-de-pospenados\/"]}]},{"@type":"ImageObject","inLanguage":"en-US","@id":"https:\/\/www.comfenalcovalle.com.co\/empresas\/aportes\/ley-de-pospenados\/#primaryimage","url":"https:\/\/test.comfenalcovalle.com.co\/wp-content\/uploads\/2021\/10\/documentos-registro-aportes-web.jpeg","contentUrl":"https:\/\/test.comfenalcovalle.com.co\/wp-content\/uploads\/2021\/10\/documentos-registro-aportes-web.jpeg","width":582,"height":516,"caption":"documentos-registro-aportes-web"},{"@type":"BreadcrumbList","@id":"https:\/\/www.comfenalcovalle.com.co\/empresas\/aportes\/ley-de-pospenados\/#breadcrumb","itemListElement":[{"@type":"ListItem","position":1,"name":"Portada","item":"https:\/\/www.comfenalcovalle.com.co\/"},{"@type":"ListItem","position":2,"name":"Empresas","item":"https:\/\/www.comfenalcovalle.com.co\/empresas\/"},{"@type":"ListItem","position":3,"name":"Aportes","item":"https:\/\/www.comfenalcovalle.com.co\/empresas\/aportes\/"},{"@type":"ListItem","position":4,"name":"Ley de Pospenados"}]},{"@type":"WebSite","@id":"https:\/\/www.comfenalcovalle.com.co\/#website","url":"https:\/\/www.comfenalcovalle.com.co\/","name":"Comfenalco Valle Delagente","description":"Comfenalco Valle Delagente compensation fund.","publisher":{"@id":"https:\/\/www.comfenalcovalle.com.co\/#organization"},"potentialAction":[{"@type":"SearchAction","target":{"@type":"EntryPoint","urlTemplate":"https:\/\/www.comfenalcovalle.com.co\/?s={search_term_string}"},"query-input":{"@type":"PropertyValueSpecification","valueRequired":true,"valueName":"search_term_string"}}],"inLanguage":"en-US"},{"@type":"Organization","@id":"https:\/\/www.comfenalcovalle.com.co\/#organization","name":"Comfenalco Valle Delagente","url":"https:\/\/www.comfenalcovalle.com.co\/","logo":{"@type":"ImageObject","inLanguage":"en-US","@id":"https:\/\/www.comfenalcovalle.com.co\/#\/schema\/logo\/image\/","url":"https:\/\/test.comfenalcovalle.com.co\/wp-content\/uploads\/2021\/06\/logo-comfe-cabecera-agencia-empelo-actualizado.png","contentUrl":"https:\/\/test.comfenalcovalle.com.co\/wp-content\/uploads\/2021\/06\/logo-comfe-cabecera-agencia-empelo-actualizado.png","width":500,"height":184,"caption":"Comfenalco Valle Delagente"},"image":{"@id":"https:\/\/www.comfenalcovalle.com.co\/#\/schema\/logo\/image\/"}}]}},"publishpress_future_action":{"enabled":false,"date":"2026-05-08 13:02:44","action":"change-status","newStatus":"draft","terms":[],"taxonomy":"","extraData":[]},"publishpress_future_workflow_manual_trigger":{"enabledWorkflows":[]},"_links":{"self":[{"href":"https:\/\/test.comfenalcovalle.com.co\/en\/wp-json\/wp\/v2\/pages\/664249","targetHints":{"allow":["GET"]}}],"collection":[{"href":"https:\/\/test.comfenalcovalle.com.co\/en\/wp-json\/wp\/v2\/pages"}],"about":[{"href":"https:\/\/test.comfenalcovalle.com.co\/en\/wp-json\/wp\/v2\/types\/page"}],"author":[{"embeddable":true,"href":"https:\/\/test.comfenalcovalle.com.co\/en\/wp-json\/wp\/v2\/users\/6"}],"replies":[{"embeddable":true,"href":"https:\/\/test.comfenalcovalle.com.co\/en\/wp-json\/wp\/v2\/comments?post=664249"}],"version-history":[{"count":0,"href":"https:\/\/test.comfenalcovalle.com.co\/en\/wp-json\/wp\/v2\/pages\/664249\/revisions"}],"up":[{"embeddable":true,"href":"https:\/\/test.comfenalcovalle.com.co\/en\/wp-json\/wp\/v2\/pages\/14558"}],"wp:featuredmedia":[{"embeddable":true,"href":"https:\/\/test.comfenalcovalle.com.co\/en\/wp-json\/wp\/v2\/media\/45142"}],"wp:attachment":[{"href":"https:\/\/test.comfenalcovalle.com.co\/en\/wp-json\/wp\/v2\/media?parent=664249"}],"curies":[{"name":"wp","href":"https:\/\/api.w.org\/{rel}","templated":true}]}}