{"id":658074,"date":"2025-04-22T16:49:34","date_gmt":"2025-04-22T21:49:34","guid":{"rendered":"https:\/\/test.comfenalcovalle.com.co\/?page_id=658074"},"modified":"2025-04-22T16:51:56","modified_gmt":"2025-04-22T21:51:56","slug":"factores-que-comprenden-el-ingreso-base-de-cotizacion","status":"publish","type":"page","link":"https:\/\/test.comfenalcovalle.com.co\/en\/empresas\/aportes\/factores-que-comprenden-el-ingreso-base-de-cotizacion\/","title":{"rendered":"Factores que comprenden el Ingreso Base de Cotizaci\u00f3n"},"content":{"rendered":"<div data-elementor-type=\"wp-page\" data-elementor-id=\"658074\" class=\"elementor elementor-658074\" data-elementor-post-type=\"page\">\n\t\t\t\t<div class=\"elementor-element elementor-element-ea48b47 e-flex e-con-boxed e-con e-parent\" data-id=\"ea48b47\" data-element_type=\"container\">\n\t\t\t\t\t<div class=\"e-con-inner\">\n\t\t<div class=\"elementor-element elementor-element-07a33b3 e-flex e-con-boxed e-con e-parent\" data-id=\"07a33b3\" data-element_type=\"container\">\n\t\t\t\t\t<div class=\"e-con-inner\">\n\t\t\t\t<div class=\"elementor-element elementor-element-ae3cb0f jet-breadcrumbs-align-center elementor-widget elementor-widget-jet-breadcrumbs\" data-id=\"ae3cb0f\" data-element_type=\"widget\" data-widget_type=\"jet-breadcrumbs.default\">\n\t\t\t\t<div class=\"elementor-widget-container\">\n\t\t\t\t\t<div class=\"elementor-jet-breadcrumbs jet-blocks\">\n\t\t<div class=\"jet-breadcrumbs\">\n\t\t<div class=\"jet-breadcrumbs__content\">\n\t\t<div class=\"jet-breadcrumbs__wrap\"><div class=\"jet-breadcrumbs__item\"><a href=\"https:\/\/test.comfenalcovalle.com.co\/en\/\" class=\"jet-breadcrumbs__item-link is-home\" rel=\"home\" title=\"Beginning\">Beginning<\/a><\/div>\n\t\t<\/div>\n\t\t<\/div>\n\t\t<\/div><\/div>\t\t\t\t<\/div>\n\t\t\t\t<\/div>\n\t\t\t\t<div class=\"elementor-element elementor-element-41d9d93 elementor-widget elementor-widget-heading\" data-id=\"41d9d93\" data-element_type=\"widget\" data-widget_type=\"heading.default\">\n\t\t\t\t<div class=\"elementor-widget-container\">\n\t\t\t\t\t<h1 class=\"elementor-heading-title elementor-size-default\">Factores que comprenden el Ingreso Base de Cotizaci\u00f3n<\/h1>\t\t\t\t<\/div>\n\t\t\t\t<\/div>\n\t\t\t\t<div class=\"elementor-element elementor-element-0b2f04e elementor-widget elementor-widget-text-editor\" data-id=\"0b2f04e\" data-element_type=\"widget\" data-widget_type=\"text-editor.default\">\n\t\t\t\t<div class=\"elementor-widget-container\">\n\t\t\t\t\t\t\t\t\t<p>Factores que comprenden el<strong> Ingreso Base de Cotizaci\u00f3n (IBC)<\/strong> para las contribuciones parafiscales al subsidio familiar, tanto en empresas privadas como p\u00fablicas:<\/p>\t\t\t\t\t\t\t\t<\/div>\n\t\t\t\t<\/div>\n\t\t\t\t\t<\/div>\n\t\t\t\t<\/div>\n\t\t<div class=\"elementor-element elementor-element-73c902b e-con-full e-flex e-con e-parent\" data-id=\"73c902b\" data-element_type=\"container\">\n\t\t<div class=\"elementor-element elementor-element-549b7ac e-flex e-con-boxed e-con e-parent\" data-id=\"549b7ac\" data-element_type=\"container\">\n\t\t\t\t\t<div class=\"e-con-inner\">\n\t\t<div class=\"elementor-element elementor-element-e9690f9 e-flex e-con-boxed e-con e-parent\" data-id=\"e9690f9\" data-element_type=\"container\">\n\t\t\t\t\t<div class=\"e-con-inner\">\n\t\t\t\t<div class=\"elementor-element elementor-element-34f1036 elementor-widget elementor-widget-heading\" data-id=\"34f1036\" data-element_type=\"widget\" data-widget_type=\"heading.default\">\n\t\t\t\t<div class=\"elementor-widget-container\">\n\t\t\t\t\t<h2 class=\"elementor-heading-title elementor-size-default\">SECTOR PRIVADO<\/h2>\t\t\t\t<\/div>\n\t\t\t\t<\/div>\n\t\t\t\t<div class=\"elementor-element elementor-element-a50f7cf elementor-widget elementor-widget-text-editor\" data-id=\"a50f7cf\" data-element_type=\"widget\" data-widget_type=\"text-editor.default\">\n\t\t\t\t<div class=\"elementor-widget-container\">\n\t\t\t\t\t\t\t\t\t<p>El IBC en el sector privado incluye:<\/p><p>* Salario B\u00e1sico.<\/p><p>* Horas extras, dominicales y festivos.<\/p><p>* Recargo nocturno.<\/p><p>* Comisiones o porcentajes sobre ventas y producci\u00f3n.<\/p><p>* Vi\u00e1ticos permanentes de manutenci\u00f3n y alojamiento.<\/p><p>* Vacaciones disfrutadas, liquidadas o compensadas en dinero.<\/p><p>* Salario integral: Base de liquidaci\u00f3n 70%.<\/p><p>* Pagos extralegales que constituyan salario para las partes, como primas, bonificaciones o auxilios de cualquier naturaleza.<\/p><p>* Sobresueldos.<\/p><p><strong>NOTA<\/strong>: Todos los pagos que constituyen salario forman parte del IBC, sin importar la modalidad, como: Sueldo, Sobresueldo, Salario en especie; Jornales; Pagos por obra, unidad de tiempo, tarea o a destajo; Horas C\u00e1tedra; Remuneraci\u00f3n a socios industriales pactada como salario y trabajo adicional, trabajo a domicilio, entre otros.<\/p>\t\t\t\t\t\t\t\t<\/div>\n\t\t\t\t<\/div>\n\t\t\t\t\t<\/div>\n\t\t\t\t<\/div>\n\t\t\t\t\t<\/div>\n\t\t\t\t<\/div>\n\t\t<div class=\"elementor-element elementor-element-c07d6b8 e-flex e-con-boxed e-con e-parent\" data-id=\"c07d6b8\" data-element_type=\"container\">\n\t\t\t\t\t<div class=\"e-con-inner\">\n\t\t\t\t<div class=\"elementor-element elementor-element-1398a68 elementor-widget elementor-widget-heading\" data-id=\"1398a68\" data-element_type=\"widget\" data-widget_type=\"heading.default\">\n\t\t\t\t<div class=\"elementor-widget-container\">\n\t\t\t\t\t<h2 class=\"elementor-heading-title elementor-size-default\">SECTOR P\u00daBLICO<\/h2>\t\t\t\t<\/div>\n\t\t\t\t<\/div>\n\t\t\t\t<div class=\"elementor-element elementor-element-50caab0 elementor-widget elementor-widget-text-editor\" data-id=\"50caab0\" data-element_type=\"widget\" data-widget_type=\"text-editor.default\">\n\t\t\t\t<div class=\"elementor-widget-container\">\n\t\t\t\t\t\t\t\t\t<p>El IBC en el sector p\u00fablico incluye:<\/p><p>* Asignaci\u00f3n b\u00e1sica mensual.<\/p><p>* Horas extras.<\/p><p>* Recargo nocturno.<\/p><p>* Dominicales y festivos.<\/p><p>* Incrementos por antig\u00fcedad.<\/p><p>* Gastos de representaci\u00f3n.<\/p><p>* Prima t\u00e9cnica (cuando constituye salario, es decir, por estudio y experiencia).<\/p><p>* Auxilio de alimentaci\u00f3n.<\/p><p>* Prima de servicios.<\/p><p>* Bonificaci\u00f3n de servicios prestados.<\/p><p>* Vi\u00e1ticos percibidos por funcionarios en comisi\u00f3n, para alojamiento y manutenci\u00f3n.<\/p><p>* Jornales.<\/p><p>* Personal supernumerario.<\/p><p>* Vacaciones disfrutadas, liquidadas o compensadas en dinero.<\/p><p><strong>NOTA<\/strong>: Todos los pagos que constituyen salario forman parte del IBC, sin importar la modalidad, como: Salario en especie; Jornales; Pagos por obra, unidad de tiempo, tarea o a destajo; Horas C\u00e1tedra y trabajo adicional, entre otros.<\/p>\t\t\t\t\t\t\t\t<\/div>\n\t\t\t\t<\/div>\n\t\t\t\t\t<\/div>\n\t\t\t\t<\/div>\n\t\t\t\t<\/div>\n\t\t\t\t\t<\/div>\n\t\t\t\t<\/div>\n\t\t\t\t<\/div>","protected":false},"excerpt":{"rendered":"<p>Inicio Factores que comprenden el Ingreso Base de Cotizaci\u00f3n (IBC) para las contribuciones parafiscales al subsidio familiar, tanto en empresas privadas como p\u00fablicas: SECTOR PRIVADO El IBC en el sector privado incluye: * Salario B\u00e1sico. * Horas extras, dominicales y festivos. * Recargo nocturno. * Comisiones o porcentajes sobre ventas y producci\u00f3n. * Vi\u00e1ticos permanentes [&hellip;]<\/p>","protected":false},"author":29,"featured_media":575355,"parent":14558,"menu_order":0,"comment_status":"closed","ping_status":"closed","template":"","meta":{"footnotes":""},"class_list":["post-658074","page","type-page","status-publish","has-post-thumbnail","hentry"],"yoast_head":"<!-- This site is optimized with the Yoast SEO Premium plugin v25.9 (Yoast SEO v25.9) - https:\/\/yoast.com\/wordpress\/plugins\/seo\/ -->\n<title>Factores que comprenden el Ingreso Base de Cotizaci\u00f3n<\/title>\n<meta name=\"description\" content=\"Factores que comprenden el Ingreso Base de Cotizaci\u00f3n (IBC) para las contribuciones parafiscales al subsidio familiar...\" \/>\n<meta name=\"robots\" content=\"index, follow, max-snippet:-1, max-image-preview:large, max-video-preview:-1\" \/>\n<link rel=\"canonical\" href=\"https:\/\/www.comfenalcovalle.com.co\/empresas\/aportes\/factores-que-comprenden-el-ingreso-base-de-cotizacion\/\" \/>\n<meta property=\"og:locale\" content=\"en_US\" \/>\n<meta property=\"og:type\" content=\"article\" \/>\n<meta property=\"og:title\" content=\"Factores que comprenden el Ingreso Base de Cotizaci\u00f3n\" \/>\n<meta property=\"og:description\" content=\"Factores que comprenden el Ingreso Base de Cotizaci\u00f3n (IBC) para las contribuciones parafiscales al subsidio familiar...\" \/>\n<meta property=\"og:url\" content=\"https:\/\/www.comfenalcovalle.com.co\/empresas\/aportes\/factores-que-comprenden-el-ingreso-base-de-cotizacion\/\" \/>\n<meta property=\"og:site_name\" content=\"Comfenalco Valle Delagente\" \/>\n<meta property=\"article:modified_time\" content=\"2025-04-22T21:51:56+00:00\" \/>\n<meta property=\"og:image\" content=\"https:\/\/www.comfenalcovalle.com.co\/wp-content\/uploads\/2022\/02\/empresarios-info-portatil-pc.jpg\" \/>\n\t<meta property=\"og:image:width\" content=\"691\" \/>\n\t<meta property=\"og:image:height\" content=\"460\" \/>\n\t<meta property=\"og:image:type\" content=\"image\/jpeg\" \/>\n<meta name=\"twitter:card\" content=\"summary_large_image\" \/>\n<meta name=\"twitter:label1\" content=\"Est. reading time\" \/>\n\t<meta name=\"twitter:data1\" content=\"2 minutes\" \/>\n<script type=\"application\/ld+json\" class=\"yoast-schema-graph\">{\"@context\":\"https:\/\/schema.org\",\"@graph\":[{\"@type\":\"WebPage\",\"@id\":\"https:\/\/www.comfenalcovalle.com.co\/empresas\/aportes\/factores-que-comprenden-el-ingreso-base-de-cotizacion\/\",\"url\":\"https:\/\/www.comfenalcovalle.com.co\/empresas\/aportes\/factores-que-comprenden-el-ingreso-base-de-cotizacion\/\",\"name\":\"Factores que comprenden el Ingreso Base de Cotizaci\u00f3n\",\"isPartOf\":{\"@id\":\"https:\/\/www.comfenalcovalle.com.co\/#website\"},\"primaryImageOfPage\":{\"@id\":\"https:\/\/www.comfenalcovalle.com.co\/empresas\/aportes\/factores-que-comprenden-el-ingreso-base-de-cotizacion\/#primaryimage\"},\"image\":{\"@id\":\"https:\/\/www.comfenalcovalle.com.co\/empresas\/aportes\/factores-que-comprenden-el-ingreso-base-de-cotizacion\/#primaryimage\"},\"thumbnailUrl\":\"https:\/\/test.comfenalcovalle.com.co\/wp-content\/uploads\/2022\/02\/empresarios-info-portatil-pc.jpg\",\"datePublished\":\"2025-04-22T21:49:34+00:00\",\"dateModified\":\"2025-04-22T21:51:56+00:00\",\"description\":\"Factores que comprenden el Ingreso Base de Cotizaci\u00f3n (IBC) para las contribuciones parafiscales al subsidio familiar...\",\"breadcrumb\":{\"@id\":\"https:\/\/www.comfenalcovalle.com.co\/empresas\/aportes\/factores-que-comprenden-el-ingreso-base-de-cotizacion\/#breadcrumb\"},\"inLanguage\":\"en-US\",\"potentialAction\":[{\"@type\":\"ReadAction\",\"target\":[\"https:\/\/www.comfenalcovalle.com.co\/empresas\/aportes\/factores-que-comprenden-el-ingreso-base-de-cotizacion\/\"]}]},{\"@type\":\"ImageObject\",\"inLanguage\":\"en-US\",\"@id\":\"https:\/\/www.comfenalcovalle.com.co\/empresas\/aportes\/factores-que-comprenden-el-ingreso-base-de-cotizacion\/#primaryimage\",\"url\":\"https:\/\/test.comfenalcovalle.com.co\/wp-content\/uploads\/2022\/02\/empresarios-info-portatil-pc.jpg\",\"contentUrl\":\"https:\/\/test.comfenalcovalle.com.co\/wp-content\/uploads\/2022\/02\/empresarios-info-portatil-pc.jpg\",\"width\":691,\"height\":460,\"caption\":\"Business,People,Having,Fun,And,Chatting,At,Workplace,Office\"},{\"@type\":\"BreadcrumbList\",\"@id\":\"https:\/\/www.comfenalcovalle.com.co\/empresas\/aportes\/factores-que-comprenden-el-ingreso-base-de-cotizacion\/#breadcrumb\",\"itemListElement\":[{\"@type\":\"ListItem\",\"position\":1,\"name\":\"Portada\",\"item\":\"https:\/\/www.comfenalcovalle.com.co\/\"},{\"@type\":\"ListItem\",\"position\":2,\"name\":\"Empresas\",\"item\":\"https:\/\/www.comfenalcovalle.com.co\/empresas\/\"},{\"@type\":\"ListItem\",\"position\":3,\"name\":\"Aportes\",\"item\":\"https:\/\/www.comfenalcovalle.com.co\/empresas\/aportes\/\"},{\"@type\":\"ListItem\",\"position\":4,\"name\":\"Factores que comprenden el Ingreso Base de Cotizaci\u00f3n\"}]},{\"@type\":\"WebSite\",\"@id\":\"https:\/\/www.comfenalcovalle.com.co\/#website\",\"url\":\"https:\/\/www.comfenalcovalle.com.co\/\",\"name\":\"Comfenalco Valle Delagente\",\"description\":\"Caja de compensaci\u00f3n de Comfenalco Valle Delagente.\",\"publisher\":{\"@id\":\"https:\/\/www.comfenalcovalle.com.co\/#organization\"},\"potentialAction\":[{\"@type\":\"SearchAction\",\"target\":{\"@type\":\"EntryPoint\",\"urlTemplate\":\"https:\/\/www.comfenalcovalle.com.co\/?s={search_term_string}\"},\"query-input\":{\"@type\":\"PropertyValueSpecification\",\"valueRequired\":true,\"valueName\":\"search_term_string\"}}],\"inLanguage\":\"en-US\"},{\"@type\":\"Organization\",\"@id\":\"https:\/\/www.comfenalcovalle.com.co\/#organization\",\"name\":\"Comfenalco Valle Delagente\",\"url\":\"https:\/\/www.comfenalcovalle.com.co\/\",\"logo\":{\"@type\":\"ImageObject\",\"inLanguage\":\"en-US\",\"@id\":\"https:\/\/www.comfenalcovalle.com.co\/#\/schema\/logo\/image\/\",\"url\":\"https:\/\/test.comfenalcovalle.com.co\/wp-content\/uploads\/2021\/06\/logo-comfe-cabecera-agencia-empelo-actualizado.png\",\"contentUrl\":\"https:\/\/test.comfenalcovalle.com.co\/wp-content\/uploads\/2021\/06\/logo-comfe-cabecera-agencia-empelo-actualizado.png\",\"width\":500,\"height\":184,\"caption\":\"Comfenalco Valle Delagente\"},\"image\":{\"@id\":\"https:\/\/www.comfenalcovalle.com.co\/#\/schema\/logo\/image\/\"}}]}<\/script>\n<!-- \/ Yoast SEO Premium plugin. -->","yoast_head_json":{"title":"Factores que comprenden el Ingreso Base de Cotizaci\u00f3n","description":"Factores que comprenden el Ingreso Base de Cotizaci\u00f3n (IBC) para las contribuciones parafiscales al subsidio familiar...","robots":{"index":"index","follow":"follow","max-snippet":"max-snippet:-1","max-image-preview":"max-image-preview:large","max-video-preview":"max-video-preview:-1"},"canonical":"https:\/\/www.comfenalcovalle.com.co\/empresas\/aportes\/factores-que-comprenden-el-ingreso-base-de-cotizacion\/","og_locale":"en_US","og_type":"article","og_title":"Factores que comprenden el Ingreso Base de Cotizaci\u00f3n","og_description":"Factores que comprenden el Ingreso Base de Cotizaci\u00f3n (IBC) para las contribuciones parafiscales al subsidio familiar...","og_url":"https:\/\/www.comfenalcovalle.com.co\/empresas\/aportes\/factores-que-comprenden-el-ingreso-base-de-cotizacion\/","og_site_name":"Comfenalco Valle Delagente","article_modified_time":"2025-04-22T21:51:56+00:00","og_image":[{"width":691,"height":460,"url":"https:\/\/www.comfenalcovalle.com.co\/wp-content\/uploads\/2022\/02\/empresarios-info-portatil-pc.jpg","type":"image\/jpeg"}],"twitter_card":"summary_large_image","twitter_misc":{"Est. reading time":"2 minutes"},"schema":{"@context":"https:\/\/schema.org","@graph":[{"@type":"WebPage","@id":"https:\/\/www.comfenalcovalle.com.co\/empresas\/aportes\/factores-que-comprenden-el-ingreso-base-de-cotizacion\/","url":"https:\/\/www.comfenalcovalle.com.co\/empresas\/aportes\/factores-que-comprenden-el-ingreso-base-de-cotizacion\/","name":"Factores que comprenden el Ingreso Base de Cotizaci\u00f3n","isPartOf":{"@id":"https:\/\/www.comfenalcovalle.com.co\/#website"},"primaryImageOfPage":{"@id":"https:\/\/www.comfenalcovalle.com.co\/empresas\/aportes\/factores-que-comprenden-el-ingreso-base-de-cotizacion\/#primaryimage"},"image":{"@id":"https:\/\/www.comfenalcovalle.com.co\/empresas\/aportes\/factores-que-comprenden-el-ingreso-base-de-cotizacion\/#primaryimage"},"thumbnailUrl":"https:\/\/test.comfenalcovalle.com.co\/wp-content\/uploads\/2022\/02\/empresarios-info-portatil-pc.jpg","datePublished":"2025-04-22T21:49:34+00:00","dateModified":"2025-04-22T21:51:56+00:00","description":"Factores que comprenden el Ingreso Base de Cotizaci\u00f3n (IBC) para las contribuciones parafiscales al subsidio familiar...","breadcrumb":{"@id":"https:\/\/www.comfenalcovalle.com.co\/empresas\/aportes\/factores-que-comprenden-el-ingreso-base-de-cotizacion\/#breadcrumb"},"inLanguage":"en-US","potentialAction":[{"@type":"ReadAction","target":["https:\/\/www.comfenalcovalle.com.co\/empresas\/aportes\/factores-que-comprenden-el-ingreso-base-de-cotizacion\/"]}]},{"@type":"ImageObject","inLanguage":"en-US","@id":"https:\/\/www.comfenalcovalle.com.co\/empresas\/aportes\/factores-que-comprenden-el-ingreso-base-de-cotizacion\/#primaryimage","url":"https:\/\/test.comfenalcovalle.com.co\/wp-content\/uploads\/2022\/02\/empresarios-info-portatil-pc.jpg","contentUrl":"https:\/\/test.comfenalcovalle.com.co\/wp-content\/uploads\/2022\/02\/empresarios-info-portatil-pc.jpg","width":691,"height":460,"caption":"Business,People,Having,Fun,And,Chatting,At,Workplace,Office"},{"@type":"BreadcrumbList","@id":"https:\/\/www.comfenalcovalle.com.co\/empresas\/aportes\/factores-que-comprenden-el-ingreso-base-de-cotizacion\/#breadcrumb","itemListElement":[{"@type":"ListItem","position":1,"name":"Portada","item":"https:\/\/www.comfenalcovalle.com.co\/"},{"@type":"ListItem","position":2,"name":"Empresas","item":"https:\/\/www.comfenalcovalle.com.co\/empresas\/"},{"@type":"ListItem","position":3,"name":"Aportes","item":"https:\/\/www.comfenalcovalle.com.co\/empresas\/aportes\/"},{"@type":"ListItem","position":4,"name":"Factores que comprenden el Ingreso Base de Cotizaci\u00f3n"}]},{"@type":"WebSite","@id":"https:\/\/www.comfenalcovalle.com.co\/#website","url":"https:\/\/www.comfenalcovalle.com.co\/","name":"Comfenalco Valle Delagente","description":"Comfenalco Valle Delagente compensation fund.","publisher":{"@id":"https:\/\/www.comfenalcovalle.com.co\/#organization"},"potentialAction":[{"@type":"SearchAction","target":{"@type":"EntryPoint","urlTemplate":"https:\/\/www.comfenalcovalle.com.co\/?s={search_term_string}"},"query-input":{"@type":"PropertyValueSpecification","valueRequired":true,"valueName":"search_term_string"}}],"inLanguage":"en-US"},{"@type":"Organization","@id":"https:\/\/www.comfenalcovalle.com.co\/#organization","name":"Comfenalco Valle Delagente","url":"https:\/\/www.comfenalcovalle.com.co\/","logo":{"@type":"ImageObject","inLanguage":"en-US","@id":"https:\/\/www.comfenalcovalle.com.co\/#\/schema\/logo\/image\/","url":"https:\/\/test.comfenalcovalle.com.co\/wp-content\/uploads\/2021\/06\/logo-comfe-cabecera-agencia-empelo-actualizado.png","contentUrl":"https:\/\/test.comfenalcovalle.com.co\/wp-content\/uploads\/2021\/06\/logo-comfe-cabecera-agencia-empelo-actualizado.png","width":500,"height":184,"caption":"Comfenalco Valle Delagente"},"image":{"@id":"https:\/\/www.comfenalcovalle.com.co\/#\/schema\/logo\/image\/"}}]}},"publishpress_future_action":{"enabled":false,"date":"2026-05-08 13:03:05","action":"change-status","newStatus":"draft","terms":[],"taxonomy":"","extraData":[]},"publishpress_future_workflow_manual_trigger":{"enabledWorkflows":[]},"_links":{"self":[{"href":"https:\/\/test.comfenalcovalle.com.co\/en\/wp-json\/wp\/v2\/pages\/658074","targetHints":{"allow":["GET"]}}],"collection":[{"href":"https:\/\/test.comfenalcovalle.com.co\/en\/wp-json\/wp\/v2\/pages"}],"about":[{"href":"https:\/\/test.comfenalcovalle.com.co\/en\/wp-json\/wp\/v2\/types\/page"}],"author":[{"embeddable":true,"href":"https:\/\/test.comfenalcovalle.com.co\/en\/wp-json\/wp\/v2\/users\/29"}],"replies":[{"embeddable":true,"href":"https:\/\/test.comfenalcovalle.com.co\/en\/wp-json\/wp\/v2\/comments?post=658074"}],"version-history":[{"count":0,"href":"https:\/\/test.comfenalcovalle.com.co\/en\/wp-json\/wp\/v2\/pages\/658074\/revisions"}],"up":[{"embeddable":true,"href":"https:\/\/test.comfenalcovalle.com.co\/en\/wp-json\/wp\/v2\/pages\/14558"}],"wp:featuredmedia":[{"embeddable":true,"href":"https:\/\/test.comfenalcovalle.com.co\/en\/wp-json\/wp\/v2\/media\/575355"}],"wp:attachment":[{"href":"https:\/\/test.comfenalcovalle.com.co\/en\/wp-json\/wp\/v2\/media?parent=658074"}],"curies":[{"name":"wp","href":"https:\/\/api.w.org\/{rel}","templated":true}]}}