{"id":630318,"date":"2024-08-21T08:03:07","date_gmt":"2024-08-21T13:03:07","guid":{"rendered":"https:\/\/test.comfenalcovalle.com.co\/?page_id=630318"},"modified":"2024-08-21T15:51:44","modified_gmt":"2024-08-21T20:51:44","slug":"excel-basico-cali","status":"publish","type":"page","link":"https:\/\/test.comfenalcovalle.com.co\/en\/personas\/educacion-y-cultura\/cursos-de-sistemas\/excel-basico-cali\/","title":{"rendered":"Excel b\u00e1sico \u2013 Cali"},"content":{"rendered":"<div data-elementor-type=\"wp-page\" data-elementor-id=\"630318\" class=\"elementor elementor-630318\" data-elementor-post-type=\"page\">\n\t\t\t\t<main class=\"elementor-element elementor-element-ab818da e-flex e-con-boxed e-con e-parent\" data-id=\"ab818da\" data-element_type=\"container\">\n\t\t\t\t\t<div class=\"e-con-inner\">\n\t\t<section class=\"elementor-element elementor-element-376626f e-flex e-con-boxed e-con e-parent\" data-id=\"376626f\" data-element_type=\"container\">\n\t\t\t\t\t<div class=\"e-con-inner\">\n\t\t\t\t<div class=\"elementor-element elementor-element-6b50f8e jet-breadcrumbs-align-left jet-breadcrumbs-align-mobile-center elementor-widget elementor-widget-jet-breadcrumbs\" data-id=\"6b50f8e\" data-element_type=\"widget\" data-widget_type=\"jet-breadcrumbs.default\">\n\t\t\t\t<div class=\"elementor-widget-container\">\n\t\t\t\t\t<div class=\"elementor-jet-breadcrumbs jet-blocks\">\n\t\t<div class=\"jet-breadcrumbs\">\n\t\t<div class=\"jet-breadcrumbs__content\">\n\t\t<div class=\"jet-breadcrumbs__wrap\"><div class=\"jet-breadcrumbs__item\"><a href=\"https:\/\/test.comfenalcovalle.com.co\/en\/\" class=\"jet-breadcrumbs__item-link is-home\" rel=\"home\" title=\"Beginning\">Beginning<\/a><\/div>\n\t\t<\/div>\n\t\t<\/div>\n\t\t<\/div><\/div>\t\t\t\t<\/div>\n\t\t\t\t<\/div>\n\t\t\t\t\t<\/div>\n\t\t\t\t<\/section>\n\t\t<section class=\"elementor-element elementor-element-70da942 e-flex e-con-boxed e-con e-parent\" data-id=\"70da942\" data-element_type=\"container\">\n\t\t\t\t\t<div class=\"e-con-inner\">\n\t\t<div class=\"elementor-element elementor-element-27a2967 e-con-full e-flex e-con e-parent\" data-id=\"27a2967\" data-element_type=\"container\">\n\t\t\t\t<div class=\"elementor-element elementor-element-b156280 elementor-widget elementor-widget-image\" data-id=\"b156280\" data-element_type=\"widget\" data-widget_type=\"image.default\">\n\t\t\t\t<div class=\"elementor-widget-container\">\n\t\t\t\t\t\t\t\t\t\t\t\t\t\t\t<img fetchpriority=\"high\" decoding=\"async\" width=\"728\" height=\"445\" src=\"https:\/\/test.comfenalcovalle.com.co\/wp-content\/uploads\/2023\/10\/curso-excel-gratis.webp\" class=\"attachment-full size-full wp-image-621394\" alt=\"\" srcset=\"https:\/\/test.comfenalcovalle.com.co\/wp-content\/uploads\/2023\/10\/curso-excel-gratis.webp 728w, https:\/\/test.comfenalcovalle.com.co\/wp-content\/uploads\/2023\/10\/curso-excel-gratis-300x183.webp 300w, https:\/\/test.comfenalcovalle.com.co\/wp-content\/uploads\/2023\/10\/curso-excel-gratis-18x12.webp 18w\" sizes=\"(max-width: 728px) 100vw, 728px\" \/>\t\t\t\t\t\t\t\t\t\t\t\t\t\t\t<\/div>\n\t\t\t\t<\/div>\n\t\t\t\t<\/div>\n\t\t<div class=\"elementor-element elementor-element-59c4694 e-con-full e-flex e-con e-parent\" data-id=\"59c4694\" data-element_type=\"container\">\n\t\t\t\t<div class=\"elementor-element elementor-element-ed65ac2 elementor-align-left elementor-icon-list--layout-traditional elementor-list-item-link-full_width elementor-widget elementor-widget-icon-list\" data-id=\"ed65ac2\" data-element_type=\"widget\" data-widget_type=\"icon-list.default\">\n\t\t\t\t<div class=\"elementor-widget-container\">\n\t\t\t\t\t\t\t<ul class=\"elementor-icon-list-items\">\n\t\t\t\t\t\t\t<li class=\"elementor-icon-list-item\">\n\t\t\t\t\t\t\t\t\t\t\t<span class=\"elementor-icon-list-icon\">\n\t\t\t\t\t\t\t<i aria-hidden=\"true\" class=\"far fa-clock\"><\/i>\t\t\t\t\t\t<\/span>\n\t\t\t\t\t\t\t\t\t\t<span class=\"elementor-icon-list-text\">20 hours \u2013 Monday to Friday from 6:30 a.m. to 9:30 p.m.<\/span>\n\t\t\t\t\t\t\t\t\t<\/li>\n\t\t\t\t\t\t<\/ul>\n\t\t\t\t\t\t<\/div>\n\t\t\t\t<\/div>\n\t\t\t\t<div class=\"elementor-element elementor-element-f92ee06 elementor-widget elementor-widget-text-editor\" data-id=\"f92ee06\" data-element_type=\"widget\" data-widget_type=\"text-editor.default\">\n\t\t\t\t<div class=\"elementor-widget-container\">\n\t\t\t\t\t\t\t\t\t<p>Este curso introductorio proporcionar\u00e1 a los participantes las habilidades b\u00e1sicas necesarias para utilizar Excel como una herramienta efectiva en la administraci\u00f3n y an\u00e1lisis de datos. Se abordar\u00e1n conceptos fundamentales y se realizar\u00e1n ejercicios pr\u00e1cticos para familiarizarse con la interfaz y las funciones b\u00e1sicas de Excel.<\/p>\t\t\t\t\t\t\t\t<\/div>\n\t\t\t\t<\/div>\n\t\t\t\t<\/div>\n\t\t\t\t\t<\/div>\n\t\t\t\t<\/section>\n\t\t<section class=\"elementor-element elementor-element-a898229 e-flex e-con-boxed e-con e-parent\" data-id=\"a898229\" data-element_type=\"container\">\n\t\t\t\t\t<div class=\"e-con-inner\">\n\t\t\t\t<div class=\"elementor-element elementor-element-0dca23a elementor-widget elementor-widget-jet-tabs\" data-id=\"0dca23a\" data-element_type=\"widget\" data-settings=\"{&quot;tabs_position&quot;:&quot;top&quot;,&quot;no_active_tabs&quot;:&quot;false&quot;}\" data-widget_type=\"jet-tabs.default\">\n\t\t\t\t<div class=\"elementor-widget-container\">\n\t\t\t\t\t\n\t\t<div class=\"jet-tabs jet-tabs-position-top jet-tabs-move-up-effect\" data-settings=\"{&quot;activeIndex&quot;:0,&quot;event&quot;:&quot;click&quot;,&quot;autoSwitch&quot;:false,&quot;autoSwitchDelay&quot;:3000,&quot;ajaxTemplate&quot;:false,&quot;tabsPosition&quot;:&quot;top&quot;,&quot;switchScrolling&quot;:false,&quot;switchScrollingOffset&quot;:0}\">\n\t\t\t<div class=\"jet-tabs__control-wrapper\" role=\"tablist\">\n                                    <div id=\"jet-tabs-control-1441\" class=\"jet-tabs__control jet-tabs__control-icon-left elementor-menu-anchor active-tab\" data-tab=\"1\" tabindex=\"0\" role=\"tab\" aria-controls=\"jet-tabs-content-1441\" aria-expanded=\"true\" data-template-id=\"false\"><div class=\"jet-tabs__control-inner\"><h2 class=\"jet-tabs__label-text\">Prerrequisitos<\/h2><\/div><\/div><div id=\"jet-tabs-control-1442\" class=\"jet-tabs__control jet-tabs__control-icon-left elementor-menu-anchor\" data-tab=\"2\" tabindex=\"0\" role=\"tab\" aria-controls=\"jet-tabs-content-1442\" aria-expanded=\"false\" data-template-id=\"false\"><div class=\"jet-tabs__control-inner\"><h2 class=\"jet-tabs__label-text\">Metodolog\u00eda<\/h2><\/div><\/div><div id=\"jet-tabs-control-1443\" class=\"jet-tabs__control jet-tabs__control-icon-left elementor-menu-anchor\" data-tab=\"3\" tabindex=\"0\" role=\"tab\" aria-controls=\"jet-tabs-content-1443\" aria-expanded=\"false\" data-template-id=\"false\"><div class=\"jet-tabs__control-inner\"><h2 class=\"jet-tabs__label-text\">Certificaci\u00f3n<\/h2><\/div><\/div>\n                    \t\t\t    <\/div>\n\t\t\t<div class=\"jet-tabs__content-wrapper\">\n\t\t\t\t<div id=\"jet-tabs-content-1441\" class=\"jet-tabs__content active-content\" data-tab=\"1\" role=\"tabpanel\" aria-hidden=\"false\" data-template-id=\"false\"><ul><li>Conocimiento manejo en un ambiente Windows, Teclado y Rat\u00f3n.<\/li><li>Manejo de comandos b\u00e1sicos seleccionar, Guardado, Copiado, Cortado y Pegado de texto.<\/li><li>Conocimientos en internet (manejo de Correo electr\u00f3nico).<\/li><\/ul><\/div><div id=\"jet-tabs-content-1442\" class=\"jet-tabs__content\" data-tab=\"2\" role=\"tabpanel\" aria-hidden=\"true\" data-template-id=\"false\"><p><strong>face-to-face<\/strong><\/p><p>The course has been structured through the theoretical-practical scheme, that is, the necessary information will be presented to know the theory and apply at the same time the activities that refer to them.<\/p><p>The Comfenalco Valle Systems Rooms have Windows 8.<\/p><\/div><div id=\"jet-tabs-content-1443\" class=\"jet-tabs__content\" data-tab=\"3\" role=\"tabpanel\" aria-hidden=\"true\" data-template-id=\"false\"><p>Comfenalco Valle will deliver a certificate of participation to people who meet at least 80% of the scheduled sessions.<\/p><\/div>\t\t\t<\/div>\n\t\t\t\t\t<\/div>\n\t\t\t\t\t\t<\/div>\n\t\t\t\t<\/div>\n\t\t\t\t\t<\/div>\n\t\t\t\t<\/section>\n\t\t<section class=\"elementor-element elementor-element-64b78dd e-flex e-con-boxed e-con e-parent\" data-id=\"64b78dd\" data-element_type=\"container\">\n\t\t\t\t\t<div class=\"e-con-inner\">\n\t\t<div class=\"elementor-element elementor-element-a7457ff e-flex e-con-boxed e-con e-parent\" data-id=\"a7457ff\" data-element_type=\"container\">\n\t\t\t\t\t<div class=\"e-con-inner\">\n\t\t<div class=\"elementor-element elementor-element-2e40f90 e-con-full e-flex e-con e-parent\" data-id=\"2e40f90\" data-element_type=\"container\">\n\t\t\t\t<\/div>\n\t\t<div class=\"elementor-element elementor-element-8487e3e e-con-full e-flex e-con e-parent\" data-id=\"8487e3e\" data-element_type=\"container\">\n\t\t\t\t<div class=\"elementor-element elementor-element-9265151 elementor-widget elementor-widget-global elementor-global-630004 elementor-widget-image\" data-id=\"9265151\" data-element_type=\"widget\" data-widget_type=\"image.default\">\n\t\t\t\t<div class=\"elementor-widget-container\">\n\t\t\t\t\t\t\t\t\t\t\t\t\t\t\t<img decoding=\"async\" width=\"1024\" height=\"345\" data-src=\"https:\/\/test.comfenalcovalle.com.co\/wp-content\/uploads\/2024\/08\/LOGO-PECDELAGENTE-FORMAMOS-PARA-EL-TRABAJO_Mesa-de-trabajo-1-copia-Coordinador-Mercadeo.webp\" class=\"attachment-full size-full wp-image-642279 lazyload\" alt=\"LOGO PECDELAGENTE FORMAMOS PARA EL TRABAJO\" data-srcset=\"https:\/\/test.comfenalcovalle.com.co\/wp-content\/uploads\/2024\/08\/LOGO-PECDELAGENTE-FORMAMOS-PARA-EL-TRABAJO_Mesa-de-trabajo-1-copia-Coordinador-Mercadeo.webp 1024w, https:\/\/test.comfenalcovalle.com.co\/wp-content\/uploads\/2024\/08\/LOGO-PECDELAGENTE-FORMAMOS-PARA-EL-TRABAJO_Mesa-de-trabajo-1-copia-Coordinador-Mercadeo-300x101.webp 300w, https:\/\/test.comfenalcovalle.com.co\/wp-content\/uploads\/2024\/08\/LOGO-PECDELAGENTE-FORMAMOS-PARA-EL-TRABAJO_Mesa-de-trabajo-1-copia-Coordinador-Mercadeo-768x259.webp 768w, https:\/\/test.comfenalcovalle.com.co\/wp-content\/uploads\/2024\/08\/LOGO-PECDELAGENTE-FORMAMOS-PARA-EL-TRABAJO_Mesa-de-trabajo-1-copia-Coordinador-Mercadeo-18x6.webp 18w\" data-sizes=\"(max-width: 1024px) 100vw, 1024px\" src=\"data:image\/svg+xml;base64,PHN2ZyB3aWR0aD0iMSIgaGVpZ2h0PSIxIiB4bWxucz0iaHR0cDovL3d3dy53My5vcmcvMjAwMC9zdmciPjwvc3ZnPg==\" style=\"--smush-placeholder-width: 1024px; --smush-placeholder-aspect-ratio: 1024\/345;\" \/>\t\t\t\t\t\t\t\t\t\t\t\t\t\t\t<\/div>\n\t\t\t\t<\/div>\n\t\t\t\t<\/div>\n\t\t<div class=\"elementor-element elementor-element-58314fe e-con-full e-flex e-con e-parent\" data-id=\"58314fe\" data-element_type=\"container\">\n\t\t\t\t<\/div>\n\t\t\t\t\t<\/div>\n\t\t\t\t<\/div>\n\t\t<div class=\"elementor-element elementor-element-d2f7cb0 e-flex e-con-boxed e-con e-parent\" data-id=\"d2f7cb0\" data-element_type=\"container\">\n\t\t\t\t\t<div class=\"e-con-inner\">\n\t\t\t\t<div class=\"elementor-element elementor-element-d925dab elementor-widget elementor-widget-heading\" data-id=\"d925dab\" data-element_type=\"widget\" data-widget_type=\"heading.default\">\n\t\t\t\t<div class=\"elementor-widget-container\">\n\t\t\t\t\t<h2 class=\"elementor-heading-title elementor-size-default\">It&#039;s your chance to study<\/h2>\t\t\t\t<\/div>\n\t\t\t\t<\/div>\n\t\t\t\t<div class=\"elementor-element elementor-element-43e2cae elementor-cta--skin-cover elementor-cta--valign-middle elementor-animated-content elementor-bg-transform elementor-bg-transform-zoom-in elementor-widget elementor-widget-call-to-action\" data-id=\"43e2cae\" data-element_type=\"widget\" data-widget_type=\"call-to-action.default\">\n\t\t\t\t<div class=\"elementor-widget-container\">\n\t\t\t\t\t\t\t<div class=\"elementor-cta\">\n\t\t\t\t\t<div class=\"elementor-cta__bg-wrapper\">\n\t\t\t\t<div class=\"elementor-cta__bg elementor-bg lazyload\" style=\"background-image:inherit;\" role=\"img\" aria-label=\"pexels-startup-stock-photos-7354\" data-bg-image=\"url(https:\/\/test.comfenalcovalle.com.co\/wp-content\/uploads\/2021\/10\/pexels-startup-stock-photos-7354-scaled.jpg)\"><\/div>\n\t\t\t\t<div class=\"elementor-cta__bg-overlay\"><\/div>\n\t\t\t<\/div>\n\t\t\t\t\t\t\t<div class=\"elementor-cta__content\">\n\t\t\t\t\n\t\t\t\t\t\t\t\t\t<h2 class=\"elementor-cta__title elementor-cta__content-item elementor-content-item elementor-animated-item--grow\">\n\t\t\t\t\t\tRequest more information about this course\t\t\t\t\t<\/h2>\n\t\t\t\t\n\t\t\t\t\t\t\t\t\t<div class=\"elementor-cta__description elementor-cta__content-item elementor-content-item elementor-animated-item--grow\">\n\t\t\t\t\t\tDo not miss this opportunity \t\t\t\t\t<\/div>\n\t\t\t\t\n\t\t\t\t\t\t\t\t\t<div class=\"elementor-cta__button-wrapper elementor-cta__content-item elementor-content-item elementor-animated-item--grow\">\n\t\t\t\t\t<a class=\"elementor-cta__button elementor-button elementor-size-\" href=\"https:\/\/servicioscaja.comfenalcovalle.com.co\/excel-basico\" target=\"_blank\" rel=\"nofollow\">\n\t\t\t\t\t\tClick here\t\t\t\t\t<\/a>\n\t\t\t\t\t<\/div>\n\t\t\t\t\t\t\t<\/div>\n\t\t\t\t\t\t<\/div>\n\t\t\t\t\t\t<\/div>\n\t\t\t\t<\/div>\n\t\t\t\t\t<\/div>\n\t\t\t\t<\/div>\n\t\t\t\t\t<\/div>\n\t\t\t\t<\/section>\n\t\t\t\t\t<\/div>\n\t\t\t\t<\/main>\n\t\t\t\t<\/div>","protected":false},"excerpt":{"rendered":"<p>En este curso se realizar\u00e1 una descripci\u00f3n de la hoja de c\u00e1lculo Microsoft Excel, viendo las funciones disponibles en este programa a la hora de crear y modificar hojas de c\u00e1lculo, viendo el uso de formatos, f\u00f3rmulas, funciones y gr\u00e1ficos en los libros de Excel.<\/p>","protected":false},"author":29,"featured_media":621394,"parent":4779,"menu_order":0,"comment_status":"closed","ping_status":"closed","template":"elementor_header_footer","meta":{"footnotes":""},"class_list":["post-630318","page","type-page","status-publish","has-post-thumbnail","hentry"],"yoast_head":"<!-- This site is optimized with the Yoast SEO Premium plugin v25.9 (Yoast SEO v25.9) - https:\/\/yoast.com\/wordpress\/plugins\/seo\/ -->\n<title>Excel b\u00e1sico \u2013 Cali - Comfenalco Valle Delagente<\/title>\n<meta name=\"robots\" content=\"index, follow, max-snippet:-1, max-image-preview:large, max-video-preview:-1\" \/>\n<link rel=\"canonical\" href=\"https:\/\/www.comfenalcovalle.com.co\/personas\/educacion-y-cultura\/cursos-de-sistemas\/excel-basico-cali\/\" \/>\n<meta property=\"og:locale\" content=\"en_US\" \/>\n<meta property=\"og:type\" content=\"article\" \/>\n<meta property=\"og:title\" content=\"Excel b\u00e1sico \u2013 Cali\" \/>\n<meta property=\"og:description\" content=\"En este curso se realizar\u00e1 una descripci\u00f3n de la hoja de c\u00e1lculo Microsoft Excel, viendo las funciones disponibles en este programa a la hora de crear y modificar hojas de c\u00e1lculo, viendo el uso de formatos, f\u00f3rmulas, funciones y gr\u00e1ficos en los libros de Excel.\" \/>\n<meta property=\"og:url\" content=\"https:\/\/www.comfenalcovalle.com.co\/personas\/educacion-y-cultura\/cursos-de-sistemas\/excel-basico-cali\/\" \/>\n<meta property=\"og:site_name\" content=\"Comfenalco Valle Delagente\" \/>\n<meta property=\"article:modified_time\" content=\"2024-08-21T20:51:44+00:00\" \/>\n<meta property=\"og:image\" content=\"https:\/\/www.comfenalcovalle.com.co\/wp-content\/uploads\/2023\/10\/curso-excel-gratis.webp\" \/>\n\t<meta property=\"og:image:width\" content=\"728\" \/>\n\t<meta property=\"og:image:height\" content=\"445\" \/>\n\t<meta property=\"og:image:type\" content=\"image\/webp\" \/>\n<meta name=\"twitter:card\" content=\"summary_large_image\" \/>\n<meta name=\"twitter:label1\" content=\"Est. reading time\" \/>\n\t<meta name=\"twitter:data1\" content=\"2 minutes\" \/>\n<script type=\"application\/ld+json\" class=\"yoast-schema-graph\">{\"@context\":\"https:\/\/schema.org\",\"@graph\":[{\"@type\":\"WebPage\",\"@id\":\"https:\/\/www.comfenalcovalle.com.co\/personas\/educacion-y-cultura\/cursos-de-sistemas\/excel-basico-cali\/\",\"url\":\"https:\/\/www.comfenalcovalle.com.co\/personas\/educacion-y-cultura\/cursos-de-sistemas\/excel-basico-cali\/\",\"name\":\"Excel b\u00e1sico \u2013 Cali - Comfenalco Valle Delagente\",\"isPartOf\":{\"@id\":\"https:\/\/www.comfenalcovalle.com.co\/#website\"},\"primaryImageOfPage\":{\"@id\":\"https:\/\/www.comfenalcovalle.com.co\/personas\/educacion-y-cultura\/cursos-de-sistemas\/excel-basico-cali\/#primaryimage\"},\"image\":{\"@id\":\"https:\/\/www.comfenalcovalle.com.co\/personas\/educacion-y-cultura\/cursos-de-sistemas\/excel-basico-cali\/#primaryimage\"},\"thumbnailUrl\":\"https:\/\/test.comfenalcovalle.com.co\/wp-content\/uploads\/2023\/10\/curso-excel-gratis.webp\",\"datePublished\":\"2024-08-21T13:03:07+00:00\",\"dateModified\":\"2024-08-21T20:51:44+00:00\",\"breadcrumb\":{\"@id\":\"https:\/\/www.comfenalcovalle.com.co\/personas\/educacion-y-cultura\/cursos-de-sistemas\/excel-basico-cali\/#breadcrumb\"},\"inLanguage\":\"en-US\",\"potentialAction\":[{\"@type\":\"ReadAction\",\"target\":[\"https:\/\/www.comfenalcovalle.com.co\/personas\/educacion-y-cultura\/cursos-de-sistemas\/excel-basico-cali\/\"]}]},{\"@type\":\"ImageObject\",\"inLanguage\":\"en-US\",\"@id\":\"https:\/\/www.comfenalcovalle.com.co\/personas\/educacion-y-cultura\/cursos-de-sistemas\/excel-basico-cali\/#primaryimage\",\"url\":\"https:\/\/test.comfenalcovalle.com.co\/wp-content\/uploads\/2023\/10\/curso-excel-gratis.webp\",\"contentUrl\":\"https:\/\/test.comfenalcovalle.com.co\/wp-content\/uploads\/2023\/10\/curso-excel-gratis.webp\",\"width\":728,\"height\":445},{\"@type\":\"BreadcrumbList\",\"@id\":\"https:\/\/www.comfenalcovalle.com.co\/personas\/educacion-y-cultura\/cursos-de-sistemas\/excel-basico-cali\/#breadcrumb\",\"itemListElement\":[{\"@type\":\"ListItem\",\"position\":1,\"name\":\"Portada\",\"item\":\"https:\/\/www.comfenalcovalle.com.co\/\"},{\"@type\":\"ListItem\",\"position\":2,\"name\":\"Personas\",\"item\":\"https:\/\/www.comfenalcovalle.com.co\/\"},{\"@type\":\"ListItem\",\"position\":3,\"name\":\"Educaci\u00f3n y Cultura\",\"item\":\"https:\/\/www.comfenalcovalle.com.co\/personas\/educacion-y-cultura\/\"},{\"@type\":\"ListItem\",\"position\":4,\"name\":\"Cursos de sistemas\",\"item\":\"https:\/\/www.comfenalcovalle.com.co\/personas\/educacion-y-cultura\/cursos-de-sistemas\/\"},{\"@type\":\"ListItem\",\"position\":5,\"name\":\"Excel b\u00e1sico \u2013 Cali\"}]},{\"@type\":\"WebSite\",\"@id\":\"https:\/\/www.comfenalcovalle.com.co\/#website\",\"url\":\"https:\/\/www.comfenalcovalle.com.co\/\",\"name\":\"Comfenalco Valle Delagente\",\"description\":\"Caja de compensaci\u00f3n de Comfenalco Valle Delagente.\",\"publisher\":{\"@id\":\"https:\/\/www.comfenalcovalle.com.co\/#organization\"},\"potentialAction\":[{\"@type\":\"SearchAction\",\"target\":{\"@type\":\"EntryPoint\",\"urlTemplate\":\"https:\/\/www.comfenalcovalle.com.co\/?s={search_term_string}\"},\"query-input\":{\"@type\":\"PropertyValueSpecification\",\"valueRequired\":true,\"valueName\":\"search_term_string\"}}],\"inLanguage\":\"en-US\"},{\"@type\":\"Organization\",\"@id\":\"https:\/\/www.comfenalcovalle.com.co\/#organization\",\"name\":\"Comfenalco Valle Delagente\",\"url\":\"https:\/\/www.comfenalcovalle.com.co\/\",\"logo\":{\"@type\":\"ImageObject\",\"inLanguage\":\"en-US\",\"@id\":\"https:\/\/www.comfenalcovalle.com.co\/#\/schema\/logo\/image\/\",\"url\":\"https:\/\/test.comfenalcovalle.com.co\/wp-content\/uploads\/2021\/06\/logo-comfe-cabecera-agencia-empelo-actualizado.png\",\"contentUrl\":\"https:\/\/test.comfenalcovalle.com.co\/wp-content\/uploads\/2021\/06\/logo-comfe-cabecera-agencia-empelo-actualizado.png\",\"width\":500,\"height\":184,\"caption\":\"Comfenalco Valle Delagente\"},\"image\":{\"@id\":\"https:\/\/www.comfenalcovalle.com.co\/#\/schema\/logo\/image\/\"}}]}<\/script>\n<!-- \/ Yoast SEO Premium plugin. -->","yoast_head_json":{"title":"Excel b\u00e1sico \u2013 Cali - Comfenalco Valle Delagente","robots":{"index":"index","follow":"follow","max-snippet":"max-snippet:-1","max-image-preview":"max-image-preview:large","max-video-preview":"max-video-preview:-1"},"canonical":"https:\/\/www.comfenalcovalle.com.co\/personas\/educacion-y-cultura\/cursos-de-sistemas\/excel-basico-cali\/","og_locale":"en_US","og_type":"article","og_title":"Excel b\u00e1sico \u2013 Cali","og_description":"En este curso se realizar\u00e1 una descripci\u00f3n de la hoja de c\u00e1lculo Microsoft Excel, viendo las funciones disponibles en este programa a la hora de crear y modificar hojas de c\u00e1lculo, viendo el uso de formatos, f\u00f3rmulas, funciones y gr\u00e1ficos en los libros de Excel.","og_url":"https:\/\/www.comfenalcovalle.com.co\/personas\/educacion-y-cultura\/cursos-de-sistemas\/excel-basico-cali\/","og_site_name":"Comfenalco Valle Delagente","article_modified_time":"2024-08-21T20:51:44+00:00","og_image":[{"width":728,"height":445,"url":"https:\/\/www.comfenalcovalle.com.co\/wp-content\/uploads\/2023\/10\/curso-excel-gratis.webp","type":"image\/webp"}],"twitter_card":"summary_large_image","twitter_misc":{"Est. reading time":"2 minutes"},"schema":{"@context":"https:\/\/schema.org","@graph":[{"@type":"WebPage","@id":"https:\/\/www.comfenalcovalle.com.co\/personas\/educacion-y-cultura\/cursos-de-sistemas\/excel-basico-cali\/","url":"https:\/\/www.comfenalcovalle.com.co\/personas\/educacion-y-cultura\/cursos-de-sistemas\/excel-basico-cali\/","name":"Excel b\u00e1sico \u2013 Cali - Comfenalco Valle Delagente","isPartOf":{"@id":"https:\/\/www.comfenalcovalle.com.co\/#website"},"primaryImageOfPage":{"@id":"https:\/\/www.comfenalcovalle.com.co\/personas\/educacion-y-cultura\/cursos-de-sistemas\/excel-basico-cali\/#primaryimage"},"image":{"@id":"https:\/\/www.comfenalcovalle.com.co\/personas\/educacion-y-cultura\/cursos-de-sistemas\/excel-basico-cali\/#primaryimage"},"thumbnailUrl":"https:\/\/test.comfenalcovalle.com.co\/wp-content\/uploads\/2023\/10\/curso-excel-gratis.webp","datePublished":"2024-08-21T13:03:07+00:00","dateModified":"2024-08-21T20:51:44+00:00","breadcrumb":{"@id":"https:\/\/www.comfenalcovalle.com.co\/personas\/educacion-y-cultura\/cursos-de-sistemas\/excel-basico-cali\/#breadcrumb"},"inLanguage":"en-US","potentialAction":[{"@type":"ReadAction","target":["https:\/\/www.comfenalcovalle.com.co\/personas\/educacion-y-cultura\/cursos-de-sistemas\/excel-basico-cali\/"]}]},{"@type":"ImageObject","inLanguage":"en-US","@id":"https:\/\/www.comfenalcovalle.com.co\/personas\/educacion-y-cultura\/cursos-de-sistemas\/excel-basico-cali\/#primaryimage","url":"https:\/\/test.comfenalcovalle.com.co\/wp-content\/uploads\/2023\/10\/curso-excel-gratis.webp","contentUrl":"https:\/\/test.comfenalcovalle.com.co\/wp-content\/uploads\/2023\/10\/curso-excel-gratis.webp","width":728,"height":445},{"@type":"BreadcrumbList","@id":"https:\/\/www.comfenalcovalle.com.co\/personas\/educacion-y-cultura\/cursos-de-sistemas\/excel-basico-cali\/#breadcrumb","itemListElement":[{"@type":"ListItem","position":1,"name":"Portada","item":"https:\/\/www.comfenalcovalle.com.co\/"},{"@type":"ListItem","position":2,"name":"Personas","item":"https:\/\/www.comfenalcovalle.com.co\/"},{"@type":"ListItem","position":3,"name":"Educaci\u00f3n y Cultura","item":"https:\/\/www.comfenalcovalle.com.co\/personas\/educacion-y-cultura\/"},{"@type":"ListItem","position":4,"name":"Cursos de sistemas","item":"https:\/\/www.comfenalcovalle.com.co\/personas\/educacion-y-cultura\/cursos-de-sistemas\/"},{"@type":"ListItem","position":5,"name":"Excel b\u00e1sico \u2013 Cali"}]},{"@type":"WebSite","@id":"https:\/\/www.comfenalcovalle.com.co\/#website","url":"https:\/\/www.comfenalcovalle.com.co\/","name":"Comfenalco Valle Delagente","description":"Comfenalco Valle Delagente compensation fund.","publisher":{"@id":"https:\/\/www.comfenalcovalle.com.co\/#organization"},"potentialAction":[{"@type":"SearchAction","target":{"@type":"EntryPoint","urlTemplate":"https:\/\/www.comfenalcovalle.com.co\/?s={search_term_string}"},"query-input":{"@type":"PropertyValueSpecification","valueRequired":true,"valueName":"search_term_string"}}],"inLanguage":"en-US"},{"@type":"Organization","@id":"https:\/\/www.comfenalcovalle.com.co\/#organization","name":"Comfenalco Valle Delagente","url":"https:\/\/www.comfenalcovalle.com.co\/","logo":{"@type":"ImageObject","inLanguage":"en-US","@id":"https:\/\/www.comfenalcovalle.com.co\/#\/schema\/logo\/image\/","url":"https:\/\/test.comfenalcovalle.com.co\/wp-content\/uploads\/2021\/06\/logo-comfe-cabecera-agencia-empelo-actualizado.png","contentUrl":"https:\/\/test.comfenalcovalle.com.co\/wp-content\/uploads\/2021\/06\/logo-comfe-cabecera-agencia-empelo-actualizado.png","width":500,"height":184,"caption":"Comfenalco Valle Delagente"},"image":{"@id":"https:\/\/www.comfenalcovalle.com.co\/#\/schema\/logo\/image\/"}}]}},"publishpress_future_action":{"enabled":false,"date":"2026-05-08 11:11:42","action":"change-status","newStatus":"draft","terms":[],"taxonomy":"","extraData":[]},"publishpress_future_workflow_manual_trigger":{"enabledWorkflows":[]},"_links":{"self":[{"href":"https:\/\/test.comfenalcovalle.com.co\/en\/wp-json\/wp\/v2\/pages\/630318","targetHints":{"allow":["GET"]}}],"collection":[{"href":"https:\/\/test.comfenalcovalle.com.co\/en\/wp-json\/wp\/v2\/pages"}],"about":[{"href":"https:\/\/test.comfenalcovalle.com.co\/en\/wp-json\/wp\/v2\/types\/page"}],"author":[{"embeddable":true,"href":"https:\/\/test.comfenalcovalle.com.co\/en\/wp-json\/wp\/v2\/users\/29"}],"replies":[{"embeddable":true,"href":"https:\/\/test.comfenalcovalle.com.co\/en\/wp-json\/wp\/v2\/comments?post=630318"}],"version-history":[{"count":0,"href":"https:\/\/test.comfenalcovalle.com.co\/en\/wp-json\/wp\/v2\/pages\/630318\/revisions"}],"up":[{"embeddable":true,"href":"https:\/\/test.comfenalcovalle.com.co\/en\/wp-json\/wp\/v2\/pages\/4779"}],"wp:featuredmedia":[{"embeddable":true,"href":"https:\/\/test.comfenalcovalle.com.co\/en\/wp-json\/wp\/v2\/media\/621394"}],"wp:attachment":[{"href":"https:\/\/test.comfenalcovalle.com.co\/en\/wp-json\/wp\/v2\/media?parent=630318"}],"curies":[{"name":"wp","href":"https:\/\/api.w.org\/{rel}","templated":true}]}}