{"id":619445,"date":"2023-11-27T10:29:22","date_gmt":"2023-11-27T15:29:22","guid":{"rendered":"https:\/\/test.comfenalcovalle.com.co\/?page_id=619445"},"modified":"2023-11-27T10:35:07","modified_gmt":"2023-11-27T15:35:07","slug":"cambio-en-medio-de-pago-del-subsidio-familiar-en-dinero","status":"publish","type":"page","link":"https:\/\/test.comfenalcovalle.com.co\/en\/cambio-en-medio-de-pago-del-subsidio-familiar-en-dinero\/","title":{"rendered":"Cambio en medio de pago del Subsidio Familiar en Dinero"},"content":{"rendered":"<div data-elementor-type=\"wp-page\" data-elementor-id=\"619445\" class=\"elementor elementor-619445\" data-elementor-post-type=\"page\">\n\t\t\t\t\t\t<section class=\"elementor-section elementor-top-section elementor-element elementor-element-0cc7a1a elementor-section-boxed elementor-section-height-default elementor-section-height-default\" data-id=\"0cc7a1a\" data-element_type=\"section\">\n\t\t\t\t\t\t<div class=\"elementor-container elementor-column-gap-default\">\n\t\t\t\t\t<div class=\"elementor-column elementor-col-100 elementor-top-column elementor-element elementor-element-7fa09b6\" data-id=\"7fa09b6\" data-element_type=\"column\">\n\t\t\t<div class=\"elementor-widget-wrap elementor-element-populated\">\n\t\t\t\t\t\t<div class=\"elementor-element elementor-element-6764282 jet-breadcrumbs-align-center elementor-widget elementor-widget-jet-breadcrumbs\" data-id=\"6764282\" data-element_type=\"widget\" data-widget_type=\"jet-breadcrumbs.default\">\n\t\t\t\t<div class=\"elementor-widget-container\">\n\t\t\t\t\t<div class=\"elementor-jet-breadcrumbs jet-blocks\">\n\t\t<div class=\"jet-breadcrumbs\">\n\t\t<div class=\"jet-breadcrumbs__content\">\n\t\t<div class=\"jet-breadcrumbs__wrap\"><div class=\"jet-breadcrumbs__item\"><a href=\"https:\/\/test.comfenalcovalle.com.co\/en\/\" class=\"jet-breadcrumbs__item-link is-home\" rel=\"home\" title=\"People\">People<\/a><\/div>\n\t\t<\/div>\n\t\t<\/div>\n\t\t<\/div><\/div>\t\t\t\t<\/div>\n\t\t\t\t<\/div>\n\t\t\t\t<div class=\"elementor-element elementor-element-3aa8f24 elementor-widget elementor-widget-image\" data-id=\"3aa8f24\" data-element_type=\"widget\" data-widget_type=\"image.default\">\n\t\t\t\t<div class=\"elementor-widget-container\">\n\t\t\t\t\t\t\t\t\t\t\t\t\t\t\t<img fetchpriority=\"high\" decoding=\"async\" width=\"768\" height=\"432\" src=\"https:\/\/test.comfenalcovalle.com.co\/wp-content\/uploads\/2020\/10\/subsidio-monetario-768x432.jpg\" class=\"attachment-medium_large size-medium_large wp-image-51601\" alt=\"subsidio-monetario\" srcset=\"https:\/\/test.comfenalcovalle.com.co\/wp-content\/uploads\/2020\/10\/subsidio-monetario-768x432.jpg 768w, https:\/\/test.comfenalcovalle.com.co\/wp-content\/uploads\/2020\/10\/subsidio-monetario-300x169.jpg 300w, https:\/\/test.comfenalcovalle.com.co\/wp-content\/uploads\/2020\/10\/subsidio-monetario-1024x576.jpg 1024w, https:\/\/test.comfenalcovalle.com.co\/wp-content\/uploads\/2020\/10\/subsidio-monetario-1536x864.jpg 1536w, https:\/\/test.comfenalcovalle.com.co\/wp-content\/uploads\/2020\/10\/subsidio-monetario-18x10.jpg 18w, https:\/\/test.comfenalcovalle.com.co\/wp-content\/uploads\/2020\/10\/subsidio-monetario-scaled.jpg 1280w\" sizes=\"(max-width: 768px) 100vw, 768px\" \/>\t\t\t\t\t\t\t\t\t\t\t\t\t\t\t<\/div>\n\t\t\t\t<\/div>\n\t\t\t\t<div class=\"elementor-element elementor-element-a3b42df elementor-widget elementor-widget-heading\" data-id=\"a3b42df\" data-element_type=\"widget\" data-widget_type=\"heading.default\">\n\t\t\t\t<div class=\"elementor-widget-container\">\n\t\t\t\t\t<h2 class=\"elementor-heading-title elementor-size-default\">Cambio de la modalidad de pago del subsidio familiar monetario<\/h2>\t\t\t\t<\/div>\n\t\t\t\t<\/div>\n\t\t\t\t<div class=\"elementor-element elementor-element-19c0c50 elementor-widget elementor-widget-text-editor\" data-id=\"19c0c50\" data-element_type=\"widget\" data-widget_type=\"text-editor.default\">\n\t\t\t\t<div class=\"elementor-widget-container\">\n\t\t\t\t\t\t\t\t\t\n<p>La Caja de Compensaci\u00f3n Familiar Comfenalco Valle Delagente te informa que el medio de pago Billetera Delagente Cobre, estar\u00e1 vigente hasta el 31 de enero de 2024; por lo tanto, los pr\u00f3ximos pagos del Subsidio Familiar en Dinero ser\u00e1n dispuestos a trav\u00e9s de la plataforma Kupi.<\/p>\n<p><\/p>\n<p>Si eres un afiliado a la Caja de Compensaci\u00f3n Familiar que tiene saldo en la APP Billetera Delagente, lo trasladaremos a Kupi en los pr\u00f3ximos d\u00edas.<\/p>\n<p><\/p>\n<h2 id=\"h-que-ventajas-tiene-kupi-como-medio-de-pago-del-subsidio-familiar-en-dinero\" class=\"wp-block-heading\">\u00bfQu\u00e9 ventajas tiene Kupi como medio de pago del Subsidio Familiar en Dinero?<\/h2>\n<p><\/p>\n<ul class=\"wp-block-list\">\n<li>Redime f\u00e1cil solo con presentar documento de identidad original, te llegar\u00e1 un mensaje de texto a tu celular, un correo electr\u00f3nico y\/o una llamada entreg\u00e1ndote un c\u00f3digo, el cual debe ser suministrado al establecimiento para poder realizar la compra o el retiro.<\/li>\n\n<li>M\u00e1s de 3.400 puntos Supergiros en el Valle del Cauca para retirar el subsidio.<\/li>\n\n<li>Mas 3.500 establecimientos comerciales para redimir el subsidio: supermercados, papeler\u00edas, restaurantes, ropa, calzado y muchos m\u00e1s.<\/li>\n\n<li>Consulta de saldo, movimientos y compras a trav\u00e9s de la App Kupi marca Comfenalco Valle Delagente en tu celular (opcional).<\/li>\n\n<li>Reporte de transacciones a trav\u00e9s de la App Kupi marca Comfenalco Valle Delagente en tu celular (opcional).<\/li>\n\n<li>Descarga gratis la aplicaci\u00f3n en los sistemas operativos m\u00e1s comunes: Android e IOS.<\/li>\n<\/ul>\n<p><\/p>\n<p><strong>Important:<\/strong> Si no te llega el mensaje de texto o el correo electr\u00f3nico, posiblemente tu informaci\u00f3n no se encuentra actualizada en nuestra base de datos, por lo cual te invitamos a actualizarla de la siguiente forma:<\/p>\n<p><\/p>\n<figure class=\"wp-block-table\">\n<table>\n<tbody>\n<tr>\n<td>update medium<\/td>\n<td>Management type<\/td>\n<td>Time to update on the platform<\/td>\n<td>How to do it?<\/td>\n<td>Direct access<\/td>\n<\/tr>\n<tr>\n<td>Virtual Branch<\/td>\n<td>self management<\/td>\n<td>immediate<\/td>\n<td>Ingresa a nuestra p\u00e1gina web &#8211; bot\u00f3n Sucursal Virtual &#8211; Afiliaci\u00f3n y Subsidio &#8211; Personas<\/td>\n<td><a href=\"https:\/\/virtual.comfenalcovalle.com.co\/ServiciosWebRyA\/index.html?tipoUsuario=p\" target=\"_blank\" rel=\"noreferrer noopener\">Clic aqu\u00ed Sucursal Virtual Personas<\/a><\/td>\n<\/tr>\n<tr>\n<td>face-to-face<\/td>\n<td>assisted<\/td>\n<td>immediate<\/td>\n<td>Visitando nuestras sedes, tomando un turno de Actualizaci\u00f3n de datos<\/td>\n<td>Sedes: Centro Integral de Servicios en Cali y Buenaventura.<br \/>Sedes Administrativas y de Servicios en el resto de regionales donde hacemos presencia<\/td>\n<\/tr>\n<\/tbody>\n<\/table>\n<\/figure>\n<p><\/p>\n<p><strong>Para cualquier duda o aclaraci\u00f3n:<\/strong><\/p>\n<p><\/p>\n<p><strong>Phone:<\/strong> (602) 886 2727 y L\u00ednea nacional gratuita 018000938585.<br \/><strong>Headquarters:<\/strong> Centro Integral de Servicios en Cali y Buenaventura, y Sedes Administrativas y de Servicios en el resto de regionales donde hacemos presencia.<\/p>\n<p><\/p>\n<p>\u00a0<\/p>\n<p><\/p>\n<p>Agradecemos tu atenci\u00f3n y comprensi\u00f3n.<\/p>\n<p><\/p>\n<p>\u00a0<\/p>\n<p><\/p>\n<p><strong>Gerencia de Registro y Aportes.<br \/>Comfenalco Valle Delagente.<\/strong><\/p>\n\t\t\t\t\t\t\t\t<\/div>\n\t\t\t\t<\/div>\n\t\t\t\t\t<\/div>\n\t\t<\/div>\n\t\t\t\t\t<\/div>\n\t\t<\/section>\n\t\t\t\t<\/div>","protected":false},"excerpt":{"rendered":"<p>Personas Cambio de la modalidad de pago del subsidio familiar monetario La Caja de Compensaci\u00f3n Familiar Comfenalco Valle Delagente te informa que el medio de pago Billetera Delagente Cobre, estar\u00e1 vigente hasta el 31 de enero de 2024; por lo tanto, los pr\u00f3ximos pagos del Subsidio Familiar en Dinero ser\u00e1n dispuestos a trav\u00e9s de la [&hellip;]<\/p>","protected":false},"author":2,"featured_media":51601,"parent":0,"menu_order":0,"comment_status":"closed","ping_status":"closed","template":"","meta":{"footnotes":""},"class_list":["post-619445","page","type-page","status-publish","has-post-thumbnail","hentry"],"yoast_head":"<!-- This site is optimized with the Yoast SEO Premium plugin v25.9 (Yoast SEO v25.9) - https:\/\/yoast.com\/wordpress\/plugins\/seo\/ -->\n<title>Cambio en medio de pago del Subsidio Familiar en Dinero<\/title>\n<meta name=\"description\" content=\"El medio de pago del subsidio Billetera Delagente Cobre ser\u00e1 cambiado por Kupi en el mes de enero del 2024.\" \/>\n<meta name=\"robots\" content=\"index, follow, max-snippet:-1, max-image-preview:large, max-video-preview:-1\" \/>\n<link rel=\"canonical\" href=\"https:\/\/www.comfenalcovalle.com.co\/cambio-en-medio-de-pago-del-subsidio-familiar-en-dinero\/\" \/>\n<meta property=\"og:locale\" content=\"en_US\" \/>\n<meta property=\"og:type\" content=\"article\" \/>\n<meta property=\"og:title\" content=\"Cambio en medio de pago del Subsidio Familiar en Dinero\" \/>\n<meta property=\"og:description\" content=\"El medio de pago del subsidio Billetera Delagente Cobre ser\u00e1 cambiado por Kupi en el mes de enero del 2024.\" \/>\n<meta property=\"og:url\" content=\"https:\/\/www.comfenalcovalle.com.co\/cambio-en-medio-de-pago-del-subsidio-familiar-en-dinero\/\" \/>\n<meta property=\"og:site_name\" content=\"Comfenalco Valle Delagente\" \/>\n<meta property=\"article:modified_time\" content=\"2023-11-27T15:35:07+00:00\" \/>\n<meta property=\"og:image\" content=\"https:\/\/www.comfenalcovalle.com.co\/wp-content\/uploads\/2020\/10\/subsidio-monetario-scaled.jpg\" \/>\n\t<meta property=\"og:image:width\" content=\"1280\" \/>\n\t<meta property=\"og:image:height\" content=\"720\" \/>\n\t<meta property=\"og:image:type\" content=\"image\/jpeg\" \/>\n<meta name=\"twitter:card\" content=\"summary_large_image\" \/>\n<meta name=\"twitter:label1\" content=\"Est. reading time\" \/>\n\t<meta name=\"twitter:data1\" content=\"2 minutes\" \/>\n<script type=\"application\/ld+json\" class=\"yoast-schema-graph\">{\"@context\":\"https:\/\/schema.org\",\"@graph\":[{\"@type\":\"WebPage\",\"@id\":\"https:\/\/www.comfenalcovalle.com.co\/cambio-en-medio-de-pago-del-subsidio-familiar-en-dinero\/\",\"url\":\"https:\/\/www.comfenalcovalle.com.co\/cambio-en-medio-de-pago-del-subsidio-familiar-en-dinero\/\",\"name\":\"Cambio en medio de pago del Subsidio Familiar en Dinero\",\"isPartOf\":{\"@id\":\"https:\/\/www.comfenalcovalle.com.co\/#website\"},\"primaryImageOfPage\":{\"@id\":\"https:\/\/www.comfenalcovalle.com.co\/cambio-en-medio-de-pago-del-subsidio-familiar-en-dinero\/#primaryimage\"},\"image\":{\"@id\":\"https:\/\/www.comfenalcovalle.com.co\/cambio-en-medio-de-pago-del-subsidio-familiar-en-dinero\/#primaryimage\"},\"thumbnailUrl\":\"https:\/\/test.comfenalcovalle.com.co\/wp-content\/uploads\/2020\/10\/subsidio-monetario-scaled.jpg\",\"datePublished\":\"2023-11-27T15:29:22+00:00\",\"dateModified\":\"2023-11-27T15:35:07+00:00\",\"description\":\"El medio de pago del subsidio Billetera Delagente Cobre ser\u00e1 cambiado por Kupi en el mes de enero del 2024.\",\"breadcrumb\":{\"@id\":\"https:\/\/www.comfenalcovalle.com.co\/cambio-en-medio-de-pago-del-subsidio-familiar-en-dinero\/#breadcrumb\"},\"inLanguage\":\"en-US\",\"potentialAction\":[{\"@type\":\"ReadAction\",\"target\":[\"https:\/\/www.comfenalcovalle.com.co\/cambio-en-medio-de-pago-del-subsidio-familiar-en-dinero\/\"]}]},{\"@type\":\"ImageObject\",\"inLanguage\":\"en-US\",\"@id\":\"https:\/\/www.comfenalcovalle.com.co\/cambio-en-medio-de-pago-del-subsidio-familiar-en-dinero\/#primaryimage\",\"url\":\"https:\/\/test.comfenalcovalle.com.co\/wp-content\/uploads\/2020\/10\/subsidio-monetario-scaled.jpg\",\"contentUrl\":\"https:\/\/test.comfenalcovalle.com.co\/wp-content\/uploads\/2020\/10\/subsidio-monetario-scaled.jpg\",\"width\":1280,\"height\":720,\"caption\":\"subsidio-monetario\"},{\"@type\":\"BreadcrumbList\",\"@id\":\"https:\/\/www.comfenalcovalle.com.co\/cambio-en-medio-de-pago-del-subsidio-familiar-en-dinero\/#breadcrumb\",\"itemListElement\":[{\"@type\":\"ListItem\",\"position\":1,\"name\":\"Portada\",\"item\":\"https:\/\/www.comfenalcovalle.com.co\/\"},{\"@type\":\"ListItem\",\"position\":2,\"name\":\"Cambio en medio de pago del Subsidio Familiar en Dinero\"}]},{\"@type\":\"WebSite\",\"@id\":\"https:\/\/www.comfenalcovalle.com.co\/#website\",\"url\":\"https:\/\/www.comfenalcovalle.com.co\/\",\"name\":\"Comfenalco Valle Delagente\",\"description\":\"Caja de compensaci\u00f3n de Comfenalco Valle Delagente.\",\"publisher\":{\"@id\":\"https:\/\/www.comfenalcovalle.com.co\/#organization\"},\"potentialAction\":[{\"@type\":\"SearchAction\",\"target\":{\"@type\":\"EntryPoint\",\"urlTemplate\":\"https:\/\/www.comfenalcovalle.com.co\/?s={search_term_string}\"},\"query-input\":{\"@type\":\"PropertyValueSpecification\",\"valueRequired\":true,\"valueName\":\"search_term_string\"}}],\"inLanguage\":\"en-US\"},{\"@type\":\"Organization\",\"@id\":\"https:\/\/www.comfenalcovalle.com.co\/#organization\",\"name\":\"Comfenalco Valle Delagente\",\"url\":\"https:\/\/www.comfenalcovalle.com.co\/\",\"logo\":{\"@type\":\"ImageObject\",\"inLanguage\":\"en-US\",\"@id\":\"https:\/\/www.comfenalcovalle.com.co\/#\/schema\/logo\/image\/\",\"url\":\"https:\/\/test.comfenalcovalle.com.co\/wp-content\/uploads\/2021\/06\/logo-comfe-cabecera-agencia-empelo-actualizado.png\",\"contentUrl\":\"https:\/\/test.comfenalcovalle.com.co\/wp-content\/uploads\/2021\/06\/logo-comfe-cabecera-agencia-empelo-actualizado.png\",\"width\":500,\"height\":184,\"caption\":\"Comfenalco Valle Delagente\"},\"image\":{\"@id\":\"https:\/\/www.comfenalcovalle.com.co\/#\/schema\/logo\/image\/\"}}]}<\/script>\n<!-- \/ Yoast SEO Premium plugin. -->","yoast_head_json":{"title":"Cambio en medio de pago del Subsidio Familiar en Dinero","description":"El medio de pago del subsidio Billetera Delagente Cobre ser\u00e1 cambiado por Kupi en el mes de enero del 2024.","robots":{"index":"index","follow":"follow","max-snippet":"max-snippet:-1","max-image-preview":"max-image-preview:large","max-video-preview":"max-video-preview:-1"},"canonical":"https:\/\/www.comfenalcovalle.com.co\/cambio-en-medio-de-pago-del-subsidio-familiar-en-dinero\/","og_locale":"en_US","og_type":"article","og_title":"Cambio en medio de pago del Subsidio Familiar en Dinero","og_description":"El medio de pago del subsidio Billetera Delagente Cobre ser\u00e1 cambiado por Kupi en el mes de enero del 2024.","og_url":"https:\/\/www.comfenalcovalle.com.co\/cambio-en-medio-de-pago-del-subsidio-familiar-en-dinero\/","og_site_name":"Comfenalco Valle Delagente","article_modified_time":"2023-11-27T15:35:07+00:00","og_image":[{"width":1280,"height":720,"url":"https:\/\/www.comfenalcovalle.com.co\/wp-content\/uploads\/2020\/10\/subsidio-monetario-scaled.jpg","type":"image\/jpeg"}],"twitter_card":"summary_large_image","twitter_misc":{"Est. reading time":"2 minutes"},"schema":{"@context":"https:\/\/schema.org","@graph":[{"@type":"WebPage","@id":"https:\/\/www.comfenalcovalle.com.co\/cambio-en-medio-de-pago-del-subsidio-familiar-en-dinero\/","url":"https:\/\/www.comfenalcovalle.com.co\/cambio-en-medio-de-pago-del-subsidio-familiar-en-dinero\/","name":"Cambio en medio de pago del Subsidio Familiar en Dinero","isPartOf":{"@id":"https:\/\/www.comfenalcovalle.com.co\/#website"},"primaryImageOfPage":{"@id":"https:\/\/www.comfenalcovalle.com.co\/cambio-en-medio-de-pago-del-subsidio-familiar-en-dinero\/#primaryimage"},"image":{"@id":"https:\/\/www.comfenalcovalle.com.co\/cambio-en-medio-de-pago-del-subsidio-familiar-en-dinero\/#primaryimage"},"thumbnailUrl":"https:\/\/test.comfenalcovalle.com.co\/wp-content\/uploads\/2020\/10\/subsidio-monetario-scaled.jpg","datePublished":"2023-11-27T15:29:22+00:00","dateModified":"2023-11-27T15:35:07+00:00","description":"El medio de pago del subsidio Billetera Delagente Cobre ser\u00e1 cambiado por Kupi en el mes de enero del 2024.","breadcrumb":{"@id":"https:\/\/www.comfenalcovalle.com.co\/cambio-en-medio-de-pago-del-subsidio-familiar-en-dinero\/#breadcrumb"},"inLanguage":"en-US","potentialAction":[{"@type":"ReadAction","target":["https:\/\/www.comfenalcovalle.com.co\/cambio-en-medio-de-pago-del-subsidio-familiar-en-dinero\/"]}]},{"@type":"ImageObject","inLanguage":"en-US","@id":"https:\/\/www.comfenalcovalle.com.co\/cambio-en-medio-de-pago-del-subsidio-familiar-en-dinero\/#primaryimage","url":"https:\/\/test.comfenalcovalle.com.co\/wp-content\/uploads\/2020\/10\/subsidio-monetario-scaled.jpg","contentUrl":"https:\/\/test.comfenalcovalle.com.co\/wp-content\/uploads\/2020\/10\/subsidio-monetario-scaled.jpg","width":1280,"height":720,"caption":"subsidio-monetario"},{"@type":"BreadcrumbList","@id":"https:\/\/www.comfenalcovalle.com.co\/cambio-en-medio-de-pago-del-subsidio-familiar-en-dinero\/#breadcrumb","itemListElement":[{"@type":"ListItem","position":1,"name":"Portada","item":"https:\/\/www.comfenalcovalle.com.co\/"},{"@type":"ListItem","position":2,"name":"Cambio en medio de pago del Subsidio Familiar en Dinero"}]},{"@type":"WebSite","@id":"https:\/\/www.comfenalcovalle.com.co\/#website","url":"https:\/\/www.comfenalcovalle.com.co\/","name":"Comfenalco Valle Delagente","description":"Comfenalco Valle Delagente compensation fund.","publisher":{"@id":"https:\/\/www.comfenalcovalle.com.co\/#organization"},"potentialAction":[{"@type":"SearchAction","target":{"@type":"EntryPoint","urlTemplate":"https:\/\/www.comfenalcovalle.com.co\/?s={search_term_string}"},"query-input":{"@type":"PropertyValueSpecification","valueRequired":true,"valueName":"search_term_string"}}],"inLanguage":"en-US"},{"@type":"Organization","@id":"https:\/\/www.comfenalcovalle.com.co\/#organization","name":"Comfenalco Valle Delagente","url":"https:\/\/www.comfenalcovalle.com.co\/","logo":{"@type":"ImageObject","inLanguage":"en-US","@id":"https:\/\/www.comfenalcovalle.com.co\/#\/schema\/logo\/image\/","url":"https:\/\/test.comfenalcovalle.com.co\/wp-content\/uploads\/2021\/06\/logo-comfe-cabecera-agencia-empelo-actualizado.png","contentUrl":"https:\/\/test.comfenalcovalle.com.co\/wp-content\/uploads\/2021\/06\/logo-comfe-cabecera-agencia-empelo-actualizado.png","width":500,"height":184,"caption":"Comfenalco Valle Delagente"},"image":{"@id":"https:\/\/www.comfenalcovalle.com.co\/#\/schema\/logo\/image\/"}}]}},"publishpress_future_action":{"enabled":false,"date":"2026-05-10 09:14:34","action":"change-status","newStatus":"draft","terms":[],"taxonomy":"","extraData":[]},"publishpress_future_workflow_manual_trigger":{"enabledWorkflows":[]},"_links":{"self":[{"href":"https:\/\/test.comfenalcovalle.com.co\/en\/wp-json\/wp\/v2\/pages\/619445","targetHints":{"allow":["GET"]}}],"collection":[{"href":"https:\/\/test.comfenalcovalle.com.co\/en\/wp-json\/wp\/v2\/pages"}],"about":[{"href":"https:\/\/test.comfenalcovalle.com.co\/en\/wp-json\/wp\/v2\/types\/page"}],"author":[{"embeddable":true,"href":"https:\/\/test.comfenalcovalle.com.co\/en\/wp-json\/wp\/v2\/users\/2"}],"replies":[{"embeddable":true,"href":"https:\/\/test.comfenalcovalle.com.co\/en\/wp-json\/wp\/v2\/comments?post=619445"}],"version-history":[{"count":0,"href":"https:\/\/test.comfenalcovalle.com.co\/en\/wp-json\/wp\/v2\/pages\/619445\/revisions"}],"wp:featuredmedia":[{"embeddable":true,"href":"https:\/\/test.comfenalcovalle.com.co\/en\/wp-json\/wp\/v2\/media\/51601"}],"wp:attachment":[{"href":"https:\/\/test.comfenalcovalle.com.co\/en\/wp-json\/wp\/v2\/media?parent=619445"}],"curies":[{"name":"wp","href":"https:\/\/api.w.org\/{rel}","templated":true}]}}