{"id":616641,"date":"2023-08-24T15:48:43","date_gmt":"2023-08-24T20:48:43","guid":{"rendered":"https:\/\/test.comfenalcovalle.com.co\/?page_id=616641"},"modified":"2024-04-26T09:00:05","modified_gmt":"2024-04-26T14:00:05","slug":"cambio-de-modalidad-de-pago-del-subsidio-familiar-monetario","status":"publish","type":"page","link":"https:\/\/test.comfenalcovalle.com.co\/en\/personas\/subsidios\/cambio-de-modalidad-de-pago-del-subsidio-familiar-monetario\/","title":{"rendered":"Cambio de modalidad de pago del subsidio familiar monetario"},"content":{"rendered":"<div data-elementor-type=\"wp-page\" data-elementor-id=\"616641\" class=\"elementor elementor-616641\" data-elementor-post-type=\"page\">\n\t\t\t\t<main class=\"elementor-element elementor-element-d745263 e-flex e-con-boxed e-con e-parent\" data-id=\"d745263\" data-element_type=\"container\">\n\t\t\t\t\t<div class=\"e-con-inner\">\n\t\t<section class=\"elementor-element elementor-element-9727e42 e-flex e-con-boxed e-con e-parent\" data-id=\"9727e42\" data-element_type=\"container\">\n\t\t\t\t\t<div class=\"e-con-inner\">\n\t\t\t\t<div class=\"elementor-element elementor-element-ef59eae jet-breadcrumbs-align-center elementor-widget elementor-widget-global elementor-global-606112 elementor-widget-jet-breadcrumbs\" data-id=\"ef59eae\" data-element_type=\"widget\" data-widget_type=\"jet-breadcrumbs.default\">\n\t\t\t\t<div class=\"elementor-widget-container\">\n\t\t\t\t\t<div class=\"elementor-jet-breadcrumbs jet-blocks\">\n\t\t<div class=\"jet-breadcrumbs\">\n\t\t<div class=\"jet-breadcrumbs__content\">\n\t\t<div class=\"jet-breadcrumbs__wrap\"><div class=\"jet-breadcrumbs__item\"><a href=\"https:\/\/test.comfenalcovalle.com.co\/en\/\" class=\"jet-breadcrumbs__item-link is-home\" rel=\"home\" title=\"Beginning\">Beginning<\/a><\/div>\n\t\t<\/div>\n\t\t<\/div>\n\t\t<\/div><\/div>\t\t\t\t<\/div>\n\t\t\t\t<\/div>\n\t\t\t\t\t<\/div>\n\t\t\t\t<\/section>\n\t\t<section class=\"elementor-element elementor-element-33c427f e-flex e-con-boxed e-con e-parent\" data-id=\"33c427f\" data-element_type=\"container\">\n\t\t\t\t\t<div class=\"e-con-inner\">\n\t\t<div class=\"elementor-element elementor-element-2f37a82 e-con-full e-flex e-con e-parent\" data-id=\"2f37a82\" data-element_type=\"container\" data-settings=\"{&quot;background_background&quot;:&quot;classic&quot;}\">\n\t\t\t\t<div class=\"elementor-element elementor-element-36ede38 elementor-widget elementor-widget-spacer\" data-id=\"36ede38\" data-element_type=\"widget\" data-widget_type=\"spacer.default\">\n\t\t\t\t<div class=\"elementor-widget-container\">\n\t\t\t\t\t\t\t<div class=\"elementor-spacer\">\n\t\t\t<div class=\"elementor-spacer-inner\"><\/div>\n\t\t<\/div>\n\t\t\t\t\t\t<\/div>\n\t\t\t\t<\/div>\n\t\t\t\t<\/div>\n\t\t<div class=\"elementor-element elementor-element-c741cfd e-con-full e-flex e-con e-parent\" data-id=\"c741cfd\" data-element_type=\"container\">\n\t\t\t\t<div class=\"elementor-element elementor-element-db7d21e elementor-widget elementor-widget-text-editor\" data-id=\"db7d21e\" data-element_type=\"widget\" data-widget_type=\"text-editor.default\">\n\t\t\t\t<div class=\"elementor-widget-container\">\n\t\t\t\t\t\t\t\t\t\n<p>La Caja de Compensaci\u00f3n Familiar Comfenalco Valle Delagente se permite informarle que, a partir del mes de agosto de 2023 su nueva modalidad de pago del subsidio familiar monetario ser\u00e1 KUPI, ya que la modalidad de pago Cobre F\u00e1cil ser\u00e1 inactivada, como le fue anunciado en el comunicado del d\u00eda 10 de agosto de 2023.<\/p>\n\t\t\t\t\t\t\t\t<\/div>\n\t\t\t\t<\/div>\n\t\t\t\t<\/div>\n\t\t\t\t\t<\/div>\n\t\t\t\t<\/section>\n\t\t<div class=\"elementor-element elementor-element-8e0a2b8 e-flex e-con-boxed e-con e-parent\" data-id=\"8e0a2b8\" data-element_type=\"container\">\n\t\t\t\t\t<div class=\"e-con-inner\">\n\t\t\t\t<div class=\"elementor-element elementor-element-edb4fda elementor-widget elementor-widget-text-editor\" data-id=\"edb4fda\" data-element_type=\"widget\" data-widget_type=\"text-editor.default\">\n\t\t\t\t<div class=\"elementor-widget-container\">\n\t\t\t\t\t\t\t\t\t\n<p><strong>\u00bfQu\u00e9 ventajas tiene su nuevo medio de pago?<\/strong><\/p>\n\n<p>\u2022 Esta alternativa digital trae seguridad, disponibilidad y agilidad en el manejo de su cuota monetaria.<br \/>\u2022 No requiere medio f\u00edsico o tarjeta para redimir el subsidio.<br \/>\u2022 Redime f\u00e1cil solo con presentar tu documento de identidad.<br \/>\u2022 Seguridad y verificaci\u00f3n en transacciones directamente al celular del afiliado.<br \/>\u2022 M\u00e1s de 3.400 puntos Supergiros en el Valle del Cauca para retirar el subsidio.<br \/>\u2022 M\u00e1s de 3.000 establecimientos comerciales para redimir el subsidio: supermercados, papeler\u00edas, restaurantes, ropa, calzado y muchos m\u00e1s.<br \/>\u2022 Consulta del saldo, movimientos y compras a trav\u00e9s de la App en tu celular (Aplica si descargas la App Kupi).<br \/>\u2022 Descarga gratis de las aplicaciones en los sistemas operativos m\u00e1s comunes: Android e IOS.<\/p>\n\n<p>Para informaci\u00f3n adicional comun\u00edquese a la l\u00ednea nacional gratuita 018000938585, la l\u00ednea (602) 8862727 en la ciudad de Cali, dir\u00edjase a nuestras sedes en el departamento del Valle del Cauca o escribanos al correo electr\u00f3nico: <a href=\"mailto:servicioalcliente@comfenalcovalle.com.co\" target=\"_blank\" rel=\"noreferrer noopener\">servicioalcliente@comfenalcovalle.com.co<\/a><\/p>\n\t\t\t\t\t\t\t\t<\/div>\n\t\t\t\t<\/div>\n\t\t\t\t<div class=\"elementor-element elementor-element-ac86699 elementor-widget elementor-widget-text-editor\" data-id=\"ac86699\" data-element_type=\"widget\" data-widget_type=\"text-editor.default\">\n\t\t\t\t<div class=\"elementor-widget-container\">\n\t\t\t\t\t\t\t\t\t<p>Cordially,<\/p>\n<p><strong>Registration and Contributions.<br \/>Family Compensation Fund Comfenalco Valle Delagente.<\/strong><\/p>\t\t\t\t\t\t\t\t<\/div>\n\t\t\t\t<\/div>\n\t\t\t\t\t<\/div>\n\t\t\t\t<\/div>\n\t\t\t\t\t<\/div>\n\t\t\t\t<\/main>\n\t\t\t\t<\/div>","protected":false},"excerpt":{"rendered":"<p>Inicio La Caja de Compensaci\u00f3n Familiar Comfenalco Valle Delagente se permite informarle que, a partir del mes de agosto de 2023 su nueva modalidad de pago del subsidio familiar monetario ser\u00e1 KUPI, ya que la modalidad de pago Cobre F\u00e1cil ser\u00e1 inactivada, como le fue anunciado en el comunicado del d\u00eda 10 de agosto de [&hellip;]<\/p>","protected":false},"author":6,"featured_media":51601,"parent":953,"menu_order":0,"comment_status":"closed","ping_status":"closed","template":"","meta":{"footnotes":""},"class_list":["post-616641","page","type-page","status-publish","has-post-thumbnail","hentry"],"yoast_head":"<!-- This site is optimized with the Yoast SEO Premium plugin v25.9 (Yoast SEO v25.9) - https:\/\/yoast.com\/wordpress\/plugins\/seo\/ -->\n<title>Cambio de modalidad de pago del subsidio familiar monetario<\/title>\n<meta name=\"description\" content=\"Informamos que su nueva modalidad de pago del subsidio familiar monetario ser\u00e1 KUPI, ya que la modalidad de pago Cobre F\u00e1cil ser\u00e1 inactivada.\" \/>\n<meta name=\"robots\" content=\"index, follow, max-snippet:-1, max-image-preview:large, max-video-preview:-1\" \/>\n<link rel=\"canonical\" href=\"https:\/\/www.comfenalcovalle.com.co\/personas\/subsidios\/cambio-de-modalidad-de-pago-del-subsidio-familiar-monetario\/\" \/>\n<meta property=\"og:locale\" content=\"en_US\" \/>\n<meta property=\"og:type\" content=\"article\" \/>\n<meta property=\"og:title\" content=\"Cambio de modalidad de pago del subsidio familiar monetario\" \/>\n<meta property=\"og:description\" content=\"Informamos que su nueva modalidad de pago del subsidio familiar monetario ser\u00e1 KUPI, ya que la modalidad de pago Cobre F\u00e1cil ser\u00e1 inactivada.\" \/>\n<meta property=\"og:url\" content=\"https:\/\/www.comfenalcovalle.com.co\/personas\/subsidios\/cambio-de-modalidad-de-pago-del-subsidio-familiar-monetario\/\" \/>\n<meta property=\"og:site_name\" content=\"Comfenalco Valle Delagente\" \/>\n<meta property=\"article:modified_time\" content=\"2024-04-26T14:00:05+00:00\" \/>\n<meta property=\"og:image\" content=\"https:\/\/www.comfenalcovalle.com.co\/wp-content\/uploads\/2020\/10\/subsidio-monetario-scaled.jpg\" \/>\n\t<meta property=\"og:image:width\" content=\"1280\" \/>\n\t<meta property=\"og:image:height\" content=\"720\" \/>\n\t<meta property=\"og:image:type\" content=\"image\/jpeg\" \/>\n<meta name=\"twitter:card\" content=\"summary_large_image\" \/>\n<meta name=\"twitter:label1\" content=\"Est. reading time\" \/>\n\t<meta name=\"twitter:data1\" content=\"2 minutes\" \/>\n<script type=\"application\/ld+json\" class=\"yoast-schema-graph\">{\"@context\":\"https:\/\/schema.org\",\"@graph\":[{\"@type\":\"WebPage\",\"@id\":\"https:\/\/www.comfenalcovalle.com.co\/personas\/subsidios\/cambio-de-modalidad-de-pago-del-subsidio-familiar-monetario\/\",\"url\":\"https:\/\/www.comfenalcovalle.com.co\/personas\/subsidios\/cambio-de-modalidad-de-pago-del-subsidio-familiar-monetario\/\",\"name\":\"Cambio de modalidad de pago del subsidio familiar monetario\",\"isPartOf\":{\"@id\":\"https:\/\/www.comfenalcovalle.com.co\/#website\"},\"primaryImageOfPage\":{\"@id\":\"https:\/\/www.comfenalcovalle.com.co\/personas\/subsidios\/cambio-de-modalidad-de-pago-del-subsidio-familiar-monetario\/#primaryimage\"},\"image\":{\"@id\":\"https:\/\/www.comfenalcovalle.com.co\/personas\/subsidios\/cambio-de-modalidad-de-pago-del-subsidio-familiar-monetario\/#primaryimage\"},\"thumbnailUrl\":\"https:\/\/test.comfenalcovalle.com.co\/wp-content\/uploads\/2020\/10\/subsidio-monetario-scaled.jpg\",\"datePublished\":\"2023-08-24T20:48:43+00:00\",\"dateModified\":\"2024-04-26T14:00:05+00:00\",\"description\":\"Informamos que su nueva modalidad de pago del subsidio familiar monetario ser\u00e1 KUPI, ya que la modalidad de pago Cobre F\u00e1cil ser\u00e1 inactivada.\",\"breadcrumb\":{\"@id\":\"https:\/\/www.comfenalcovalle.com.co\/personas\/subsidios\/cambio-de-modalidad-de-pago-del-subsidio-familiar-monetario\/#breadcrumb\"},\"inLanguage\":\"en-US\",\"potentialAction\":[{\"@type\":\"ReadAction\",\"target\":[\"https:\/\/www.comfenalcovalle.com.co\/personas\/subsidios\/cambio-de-modalidad-de-pago-del-subsidio-familiar-monetario\/\"]}]},{\"@type\":\"ImageObject\",\"inLanguage\":\"en-US\",\"@id\":\"https:\/\/www.comfenalcovalle.com.co\/personas\/subsidios\/cambio-de-modalidad-de-pago-del-subsidio-familiar-monetario\/#primaryimage\",\"url\":\"https:\/\/test.comfenalcovalle.com.co\/wp-content\/uploads\/2020\/10\/subsidio-monetario-scaled.jpg\",\"contentUrl\":\"https:\/\/test.comfenalcovalle.com.co\/wp-content\/uploads\/2020\/10\/subsidio-monetario-scaled.jpg\",\"width\":1280,\"height\":720,\"caption\":\"subsidio-monetario\"},{\"@type\":\"BreadcrumbList\",\"@id\":\"https:\/\/www.comfenalcovalle.com.co\/personas\/subsidios\/cambio-de-modalidad-de-pago-del-subsidio-familiar-monetario\/#breadcrumb\",\"itemListElement\":[{\"@type\":\"ListItem\",\"position\":1,\"name\":\"Portada\",\"item\":\"https:\/\/www.comfenalcovalle.com.co\/\"},{\"@type\":\"ListItem\",\"position\":2,\"name\":\"Personas\",\"item\":\"https:\/\/www.comfenalcovalle.com.co\/\"},{\"@type\":\"ListItem\",\"position\":3,\"name\":\"Subsidios\",\"item\":\"https:\/\/www.comfenalcovalle.com.co\/personas\/subsidios\/\"},{\"@type\":\"ListItem\",\"position\":4,\"name\":\"Cambio de modalidad de pago del subsidio familiar monetario\"}]},{\"@type\":\"WebSite\",\"@id\":\"https:\/\/www.comfenalcovalle.com.co\/#website\",\"url\":\"https:\/\/www.comfenalcovalle.com.co\/\",\"name\":\"Comfenalco Valle Delagente\",\"description\":\"Caja de compensaci\u00f3n de Comfenalco Valle Delagente.\",\"publisher\":{\"@id\":\"https:\/\/www.comfenalcovalle.com.co\/#organization\"},\"potentialAction\":[{\"@type\":\"SearchAction\",\"target\":{\"@type\":\"EntryPoint\",\"urlTemplate\":\"https:\/\/www.comfenalcovalle.com.co\/?s={search_term_string}\"},\"query-input\":{\"@type\":\"PropertyValueSpecification\",\"valueRequired\":true,\"valueName\":\"search_term_string\"}}],\"inLanguage\":\"en-US\"},{\"@type\":\"Organization\",\"@id\":\"https:\/\/www.comfenalcovalle.com.co\/#organization\",\"name\":\"Comfenalco Valle Delagente\",\"url\":\"https:\/\/www.comfenalcovalle.com.co\/\",\"logo\":{\"@type\":\"ImageObject\",\"inLanguage\":\"en-US\",\"@id\":\"https:\/\/www.comfenalcovalle.com.co\/#\/schema\/logo\/image\/\",\"url\":\"https:\/\/test.comfenalcovalle.com.co\/wp-content\/uploads\/2021\/06\/logo-comfe-cabecera-agencia-empelo-actualizado.png\",\"contentUrl\":\"https:\/\/test.comfenalcovalle.com.co\/wp-content\/uploads\/2021\/06\/logo-comfe-cabecera-agencia-empelo-actualizado.png\",\"width\":500,\"height\":184,\"caption\":\"Comfenalco Valle Delagente\"},\"image\":{\"@id\":\"https:\/\/www.comfenalcovalle.com.co\/#\/schema\/logo\/image\/\"}}]}<\/script>\n<!-- \/ Yoast SEO Premium plugin. -->","yoast_head_json":{"title":"Cambio de modalidad de pago del subsidio familiar monetario","description":"Informamos que su nueva modalidad de pago del subsidio familiar monetario ser\u00e1 KUPI, ya que la modalidad de pago Cobre F\u00e1cil ser\u00e1 inactivada.","robots":{"index":"index","follow":"follow","max-snippet":"max-snippet:-1","max-image-preview":"max-image-preview:large","max-video-preview":"max-video-preview:-1"},"canonical":"https:\/\/www.comfenalcovalle.com.co\/personas\/subsidios\/cambio-de-modalidad-de-pago-del-subsidio-familiar-monetario\/","og_locale":"en_US","og_type":"article","og_title":"Cambio de modalidad de pago del subsidio familiar monetario","og_description":"Informamos que su nueva modalidad de pago del subsidio familiar monetario ser\u00e1 KUPI, ya que la modalidad de pago Cobre F\u00e1cil ser\u00e1 inactivada.","og_url":"https:\/\/www.comfenalcovalle.com.co\/personas\/subsidios\/cambio-de-modalidad-de-pago-del-subsidio-familiar-monetario\/","og_site_name":"Comfenalco Valle Delagente","article_modified_time":"2024-04-26T14:00:05+00:00","og_image":[{"width":1280,"height":720,"url":"https:\/\/www.comfenalcovalle.com.co\/wp-content\/uploads\/2020\/10\/subsidio-monetario-scaled.jpg","type":"image\/jpeg"}],"twitter_card":"summary_large_image","twitter_misc":{"Est. reading time":"2 minutes"},"schema":{"@context":"https:\/\/schema.org","@graph":[{"@type":"WebPage","@id":"https:\/\/www.comfenalcovalle.com.co\/personas\/subsidios\/cambio-de-modalidad-de-pago-del-subsidio-familiar-monetario\/","url":"https:\/\/www.comfenalcovalle.com.co\/personas\/subsidios\/cambio-de-modalidad-de-pago-del-subsidio-familiar-monetario\/","name":"Cambio de modalidad de pago del subsidio familiar monetario","isPartOf":{"@id":"https:\/\/www.comfenalcovalle.com.co\/#website"},"primaryImageOfPage":{"@id":"https:\/\/www.comfenalcovalle.com.co\/personas\/subsidios\/cambio-de-modalidad-de-pago-del-subsidio-familiar-monetario\/#primaryimage"},"image":{"@id":"https:\/\/www.comfenalcovalle.com.co\/personas\/subsidios\/cambio-de-modalidad-de-pago-del-subsidio-familiar-monetario\/#primaryimage"},"thumbnailUrl":"https:\/\/test.comfenalcovalle.com.co\/wp-content\/uploads\/2020\/10\/subsidio-monetario-scaled.jpg","datePublished":"2023-08-24T20:48:43+00:00","dateModified":"2024-04-26T14:00:05+00:00","description":"Informamos que su nueva modalidad de pago del subsidio familiar monetario ser\u00e1 KUPI, ya que la modalidad de pago Cobre F\u00e1cil ser\u00e1 inactivada.","breadcrumb":{"@id":"https:\/\/www.comfenalcovalle.com.co\/personas\/subsidios\/cambio-de-modalidad-de-pago-del-subsidio-familiar-monetario\/#breadcrumb"},"inLanguage":"en-US","potentialAction":[{"@type":"ReadAction","target":["https:\/\/www.comfenalcovalle.com.co\/personas\/subsidios\/cambio-de-modalidad-de-pago-del-subsidio-familiar-monetario\/"]}]},{"@type":"ImageObject","inLanguage":"en-US","@id":"https:\/\/www.comfenalcovalle.com.co\/personas\/subsidios\/cambio-de-modalidad-de-pago-del-subsidio-familiar-monetario\/#primaryimage","url":"https:\/\/test.comfenalcovalle.com.co\/wp-content\/uploads\/2020\/10\/subsidio-monetario-scaled.jpg","contentUrl":"https:\/\/test.comfenalcovalle.com.co\/wp-content\/uploads\/2020\/10\/subsidio-monetario-scaled.jpg","width":1280,"height":720,"caption":"subsidio-monetario"},{"@type":"BreadcrumbList","@id":"https:\/\/www.comfenalcovalle.com.co\/personas\/subsidios\/cambio-de-modalidad-de-pago-del-subsidio-familiar-monetario\/#breadcrumb","itemListElement":[{"@type":"ListItem","position":1,"name":"Portada","item":"https:\/\/www.comfenalcovalle.com.co\/"},{"@type":"ListItem","position":2,"name":"Personas","item":"https:\/\/www.comfenalcovalle.com.co\/"},{"@type":"ListItem","position":3,"name":"Subsidios","item":"https:\/\/www.comfenalcovalle.com.co\/personas\/subsidios\/"},{"@type":"ListItem","position":4,"name":"Cambio de modalidad de pago del subsidio familiar monetario"}]},{"@type":"WebSite","@id":"https:\/\/www.comfenalcovalle.com.co\/#website","url":"https:\/\/www.comfenalcovalle.com.co\/","name":"Comfenalco Valle Delagente","description":"Comfenalco Valle Delagente compensation fund.","publisher":{"@id":"https:\/\/www.comfenalcovalle.com.co\/#organization"},"potentialAction":[{"@type":"SearchAction","target":{"@type":"EntryPoint","urlTemplate":"https:\/\/www.comfenalcovalle.com.co\/?s={search_term_string}"},"query-input":{"@type":"PropertyValueSpecification","valueRequired":true,"valueName":"search_term_string"}}],"inLanguage":"en-US"},{"@type":"Organization","@id":"https:\/\/www.comfenalcovalle.com.co\/#organization","name":"Comfenalco Valle Delagente","url":"https:\/\/www.comfenalcovalle.com.co\/","logo":{"@type":"ImageObject","inLanguage":"en-US","@id":"https:\/\/www.comfenalcovalle.com.co\/#\/schema\/logo\/image\/","url":"https:\/\/test.comfenalcovalle.com.co\/wp-content\/uploads\/2021\/06\/logo-comfe-cabecera-agencia-empelo-actualizado.png","contentUrl":"https:\/\/test.comfenalcovalle.com.co\/wp-content\/uploads\/2021\/06\/logo-comfe-cabecera-agencia-empelo-actualizado.png","width":500,"height":184,"caption":"Comfenalco Valle Delagente"},"image":{"@id":"https:\/\/www.comfenalcovalle.com.co\/#\/schema\/logo\/image\/"}}]}},"publishpress_future_action":{"enabled":false,"date":"2026-05-12 04:02:18","action":"change-status","newStatus":"draft","terms":[],"taxonomy":"","extraData":[]},"publishpress_future_workflow_manual_trigger":{"enabledWorkflows":[]},"_links":{"self":[{"href":"https:\/\/test.comfenalcovalle.com.co\/en\/wp-json\/wp\/v2\/pages\/616641","targetHints":{"allow":["GET"]}}],"collection":[{"href":"https:\/\/test.comfenalcovalle.com.co\/en\/wp-json\/wp\/v2\/pages"}],"about":[{"href":"https:\/\/test.comfenalcovalle.com.co\/en\/wp-json\/wp\/v2\/types\/page"}],"author":[{"embeddable":true,"href":"https:\/\/test.comfenalcovalle.com.co\/en\/wp-json\/wp\/v2\/users\/6"}],"replies":[{"embeddable":true,"href":"https:\/\/test.comfenalcovalle.com.co\/en\/wp-json\/wp\/v2\/comments?post=616641"}],"version-history":[{"count":0,"href":"https:\/\/test.comfenalcovalle.com.co\/en\/wp-json\/wp\/v2\/pages\/616641\/revisions"}],"up":[{"embeddable":true,"href":"https:\/\/test.comfenalcovalle.com.co\/en\/wp-json\/wp\/v2\/pages\/953"}],"wp:featuredmedia":[{"embeddable":true,"href":"https:\/\/test.comfenalcovalle.com.co\/en\/wp-json\/wp\/v2\/media\/51601"}],"wp:attachment":[{"href":"https:\/\/test.comfenalcovalle.com.co\/en\/wp-json\/wp\/v2\/media?parent=616641"}],"curies":[{"name":"wp","href":"https:\/\/api.w.org\/{rel}","templated":true}]}}