{"id":602512,"date":"2022-12-20T15:10:54","date_gmt":"2022-12-20T20:10:54","guid":{"rendered":"https:\/\/test.comfenalcovalle.com.co\/?page_id=602512"},"modified":"2025-10-10T15:25:18","modified_gmt":"2025-10-10T20:25:18","slug":"mecanismos-de-contacto-con-el-sujeto-obligado","status":"publish","type":"page","link":"https:\/\/test.comfenalcovalle.com.co\/en\/personas\/nosotros\/transparencia-y-acceso-a-la-informacion-publica\/mecanismos-de-contacto-con-el-sujeto-obligado\/","title":{"rendered":"Mechanisms of contact with the obligated subject"},"content":{"rendered":"<div data-elementor-type=\"wp-page\" data-elementor-id=\"602512\" class=\"elementor elementor-602512\" data-elementor-post-type=\"page\">\n\t\t\t\t<div class=\"elementor-element elementor-element-731cf2d e-flex e-con-boxed e-con e-parent\" data-id=\"731cf2d\" data-element_type=\"container\">\n\t\t\t\t\t<div class=\"e-con-inner\">\n\t\t<div class=\"elementor-element elementor-element-1bee19f e-con-full e-flex e-con e-child\" data-id=\"1bee19f\" data-element_type=\"container\">\n\t\t\t\t<div class=\"elementor-element elementor-element-cf426ab jet-breadcrumbs-align-center elementor-widget elementor-widget-jet-breadcrumbs\" data-id=\"cf426ab\" data-element_type=\"widget\" data-widget_type=\"jet-breadcrumbs.default\">\n\t\t\t\t<div class=\"elementor-widget-container\">\n\t\t\t\t\t<div class=\"elementor-jet-breadcrumbs jet-blocks\">\n\t\t<div class=\"jet-breadcrumbs\">\n\t\t<div class=\"jet-breadcrumbs__content\">\n\t\t<div class=\"jet-breadcrumbs__wrap\"><div class=\"jet-breadcrumbs__item\"><a href=\"https:\/\/test.comfenalcovalle.com.co\/en\/\" class=\"jet-breadcrumbs__item-link is-home\" rel=\"home\" title=\"home\">home<\/a><\/div>\n\t\t<\/div>\n\t\t<\/div>\n\t\t<\/div><\/div>\t\t\t\t<\/div>\n\t\t\t\t<\/div>\n\t\t\t\t<\/div>\n\t\t<div class=\"elementor-element elementor-element-6bfde29 e-con-full e-flex e-con e-child\" data-id=\"6bfde29\" data-element_type=\"container\">\n\t\t<div class=\"elementor-element elementor-element-6e22357 e-con-full e-grid e-con e-child\" data-id=\"6e22357\" data-element_type=\"container\">\n\t\t<div class=\"elementor-element elementor-element-c81d109 e-con-full e-flex e-con e-child\" data-id=\"c81d109\" data-element_type=\"container\">\n\t\t\t\t<div class=\"elementor-element elementor-element-8107a47 elementor-widget elementor-widget-heading\" data-id=\"8107a47\" data-element_type=\"widget\" data-widget_type=\"heading.default\">\n\t\t\t\t<div class=\"elementor-widget-container\">\n\t\t\t\t\t<h2 class=\"elementor-heading-title elementor-size-default\">Puntos de Atenci\u00f3n al Usuario Caja de Compensaci\u00f3n\n<\/h2>\t\t\t\t<\/div>\n\t\t\t\t<\/div>\n\t\t\t\t<div class=\"elementor-element elementor-element-d655c3d elementor-align-justify elementor-widget elementor-widget-button\" data-id=\"d655c3d\" data-element_type=\"widget\" data-widget_type=\"button.default\">\n\t\t\t\t<div class=\"elementor-widget-container\">\n\t\t\t\t\t\t\t\t\t<div class=\"elementor-button-wrapper\">\n\t\t\t\t\t<a class=\"elementor-button elementor-button-link elementor-size-sm\" href=\"https:\/\/test.comfenalcovalle.com.co\/en\/sedes\/\">\n\t\t\t\t\t\t<span class=\"elementor-button-content-wrapper\">\n\t\t\t\t\t\t\t\t\t<span class=\"elementor-button-text\">See here<\/span>\n\t\t\t\t\t<\/span>\n\t\t\t\t\t<\/a>\n\t\t\t\t<\/div>\n\t\t\t\t\t\t\t\t<\/div>\n\t\t\t\t<\/div>\n\t\t\t\t<\/div>\n\t\t<div class=\"elementor-element elementor-element-7a01b24 e-con-full e-flex e-con e-child\" data-id=\"7a01b24\" data-element_type=\"container\">\n\t\t\t\t<div class=\"elementor-element elementor-element-6309999 elementor-widget elementor-widget-heading\" data-id=\"6309999\" data-element_type=\"widget\" data-widget_type=\"heading.default\">\n\t\t\t\t<div class=\"elementor-widget-container\">\n\t\t\t\t\t<h2 class=\"elementor-heading-title elementor-size-default\">Puntos de Atenci\u00f3n al Usuario EPS\n<\/h2>\t\t\t\t<\/div>\n\t\t\t\t<\/div>\n\t\t\t\t<div class=\"elementor-element elementor-element-4d860e4 elementor-align-justify elementor-widget elementor-widget-button\" data-id=\"4d860e4\" data-element_type=\"widget\" data-widget_type=\"button.default\">\n\t\t\t\t<div class=\"elementor-widget-container\">\n\t\t\t\t\t\t\t\t\t<div class=\"elementor-button-wrapper\">\n\t\t\t\t\t<a class=\"elementor-button elementor-button-link elementor-size-sm\" href=\"https:\/\/epsdelagente.com.co\/personas\/presencial\/\">\n\t\t\t\t\t\t<span class=\"elementor-button-content-wrapper\">\n\t\t\t\t\t\t\t\t\t<span class=\"elementor-button-text\">See here<\/span>\n\t\t\t\t\t<\/span>\n\t\t\t\t\t<\/a>\n\t\t\t\t<\/div>\n\t\t\t\t\t\t\t\t<\/div>\n\t\t\t\t<\/div>\n\t\t\t\t<\/div>\n\t\t<div class=\"elementor-element elementor-element-57d6b40 e-con-full e-flex e-con e-child\" data-id=\"57d6b40\" data-element_type=\"container\">\n\t\t\t\t<div class=\"elementor-element elementor-element-b1290cb elementor-widget elementor-widget-heading\" data-id=\"b1290cb\" data-element_type=\"widget\" data-widget_type=\"heading.default\">\n\t\t\t\t<div class=\"elementor-widget-container\">\n\t\t\t\t\t<h2 class=\"elementor-heading-title elementor-size-default\">Sedes y horarios de atenci\u00f3n Caja de Compensaci\u00f3n<\/h2>\t\t\t\t<\/div>\n\t\t\t\t<\/div>\n\t\t\t\t<div class=\"elementor-element elementor-element-34612b5 elementor-align-justify elementor-widget elementor-widget-button\" data-id=\"34612b5\" data-element_type=\"widget\" data-widget_type=\"button.default\">\n\t\t\t\t<div class=\"elementor-widget-container\">\n\t\t\t\t\t\t\t\t\t<div class=\"elementor-button-wrapper\">\n\t\t\t\t\t<a class=\"elementor-button elementor-button-link elementor-size-sm\" href=\"https:\/\/test.comfenalcovalle.com.co\/en\/sedes\/\">\n\t\t\t\t\t\t<span class=\"elementor-button-content-wrapper\">\n\t\t\t\t\t\t\t\t\t<span class=\"elementor-button-text\">See here<\/span>\n\t\t\t\t\t<\/span>\n\t\t\t\t\t<\/a>\n\t\t\t\t<\/div>\n\t\t\t\t\t\t\t\t<\/div>\n\t\t\t\t<\/div>\n\t\t\t\t<\/div>\n\t\t<div class=\"elementor-element elementor-element-3cb57af e-con-full e-flex e-con e-child\" data-id=\"3cb57af\" data-element_type=\"container\">\n\t\t\t\t<div class=\"elementor-element elementor-element-cbd1d95 elementor-widget elementor-widget-heading\" data-id=\"cbd1d95\" data-element_type=\"widget\" data-widget_type=\"heading.default\">\n\t\t\t\t<div class=\"elementor-widget-container\">\n\t\t\t\t\t<h2 class=\"elementor-heading-title elementor-size-default\">Sedes y horarios de atenci\u00f3n EPS\n<\/h2>\t\t\t\t<\/div>\n\t\t\t\t<\/div>\n\t\t\t\t<div class=\"elementor-element elementor-element-09dd5c5 elementor-align-justify elementor-widget elementor-widget-button\" data-id=\"09dd5c5\" data-element_type=\"widget\" data-widget_type=\"button.default\">\n\t\t\t\t<div class=\"elementor-widget-container\">\n\t\t\t\t\t\t\t\t\t<div class=\"elementor-button-wrapper\">\n\t\t\t\t\t<a class=\"elementor-button elementor-button-link elementor-size-sm\" href=\"https:\/\/epsdelagente.com.co\/\" target=\"_blank\">\n\t\t\t\t\t\t<span class=\"elementor-button-content-wrapper\">\n\t\t\t\t\t\t\t\t\t<span class=\"elementor-button-text\">See here<\/span>\n\t\t\t\t\t<\/span>\n\t\t\t\t\t<\/a>\n\t\t\t\t<\/div>\n\t\t\t\t\t\t\t\t<\/div>\n\t\t\t\t<\/div>\n\t\t\t\t<\/div>\n\t\t\t\t<\/div>\n\t\t<div class=\"elementor-element elementor-element-a88792e e-con-full e-grid e-con e-child\" data-id=\"a88792e\" data-element_type=\"container\">\n\t\t<div class=\"elementor-element elementor-element-30041af e-con-full e-flex e-con e-child\" data-id=\"30041af\" data-element_type=\"container\">\n\t\t\t\t<div class=\"elementor-element elementor-element-2dc30fc elementor-widget elementor-widget-heading\" data-id=\"2dc30fc\" data-element_type=\"widget\" data-widget_type=\"heading.default\">\n\t\t\t\t<div class=\"elementor-widget-container\">\n\t\t\t\t\t<h2 class=\"elementor-heading-title elementor-size-default\">Requests, complaints, claims and suggestions contact form - Box\n<\/h2>\t\t\t\t<\/div>\n\t\t\t\t<\/div>\n\t\t\t\t<div class=\"elementor-element elementor-element-dcdf87f elementor-align-justify elementor-widget elementor-widget-button\" data-id=\"dcdf87f\" data-element_type=\"widget\" data-widget_type=\"button.default\">\n\t\t\t\t<div class=\"elementor-widget-container\">\n\t\t\t\t\t\t\t\t\t<div class=\"elementor-button-wrapper\">\n\t\t\t\t\t<a class=\"elementor-button elementor-button-link elementor-size-sm\" href=\"https:\/\/test.comfenalcovalle.com.co\/en\/personas\/servicio-al-cliente\/formulario-pqrsf\/\">\n\t\t\t\t\t\t<span class=\"elementor-button-content-wrapper\">\n\t\t\t\t\t\t\t\t\t<span class=\"elementor-button-text\">See here<\/span>\n\t\t\t\t\t<\/span>\n\t\t\t\t\t<\/a>\n\t\t\t\t<\/div>\n\t\t\t\t\t\t\t\t<\/div>\n\t\t\t\t<\/div>\n\t\t\t\t<\/div>\n\t\t<div class=\"elementor-element elementor-element-00a2eb2 e-con-full e-flex e-con e-child\" data-id=\"00a2eb2\" data-element_type=\"container\">\n\t\t\t\t<div class=\"elementor-element elementor-element-f76a1de elementor-widget elementor-widget-heading\" data-id=\"f76a1de\" data-element_type=\"widget\" data-widget_type=\"heading.default\">\n\t\t\t\t<div class=\"elementor-widget-container\">\n\t\t\t\t\t<h2 class=\"elementor-heading-title elementor-size-default\">Requests, complaints, claims and suggestions contact form - Health\n<\/h2>\t\t\t\t<\/div>\n\t\t\t\t<\/div>\n\t\t\t\t<div class=\"elementor-element elementor-element-4d69bfb elementor-align-justify elementor-widget elementor-widget-button\" data-id=\"4d69bfb\" data-element_type=\"widget\" data-widget_type=\"button.default\">\n\t\t\t\t<div class=\"elementor-widget-container\">\n\t\t\t\t\t\t\t\t\t<div class=\"elementor-button-wrapper\">\n\t\t\t\t\t<a class=\"elementor-button elementor-button-link elementor-size-sm\" href=\"https:\/\/epsdelagente.com.co\/personas\/pqrs\/\" target=\"_blank\">\n\t\t\t\t\t\t<span class=\"elementor-button-content-wrapper\">\n\t\t\t\t\t\t\t\t\t<span class=\"elementor-button-text\">See here<\/span>\n\t\t\t\t\t<\/span>\n\t\t\t\t\t<\/a>\n\t\t\t\t<\/div>\n\t\t\t\t\t\t\t\t<\/div>\n\t\t\t\t<\/div>\n\t\t\t\t<\/div>\n\t\t<div class=\"elementor-element elementor-element-f7f521b e-con-full e-flex e-con e-child\" data-id=\"f7f521b\" data-element_type=\"container\">\n\t\t\t\t<div class=\"elementor-element elementor-element-809b4c2 elementor-widget elementor-widget-heading\" data-id=\"809b4c2\" data-element_type=\"widget\" data-widget_type=\"heading.default\">\n\t\t\t\t<div class=\"elementor-widget-container\">\n\t\t\t\t\t<h2 class=\"elementor-heading-title elementor-size-default\">Consultation of requests\n<\/h2>\t\t\t\t<\/div>\n\t\t\t\t<\/div>\n\t\t\t\t<div class=\"elementor-element elementor-element-02a6b89 elementor-align-justify elementor-widget elementor-widget-button\" data-id=\"02a6b89\" data-element_type=\"widget\" data-widget_type=\"button.default\">\n\t\t\t\t<div class=\"elementor-widget-container\">\n\t\t\t\t\t\t\t\t\t<div class=\"elementor-button-wrapper\">\n\t\t\t\t\t<a class=\"elementor-button elementor-button-link elementor-size-sm\" href=\"https:\/\/virtual.comfenalcovalle.com.co\/ServiciosWeb\/consultaTiquete.xhtml\" target=\"_blank\">\n\t\t\t\t\t\t<span class=\"elementor-button-content-wrapper\">\n\t\t\t\t\t\t\t\t\t<span class=\"elementor-button-text\">See here<\/span>\n\t\t\t\t\t<\/span>\n\t\t\t\t\t<\/a>\n\t\t\t\t<\/div>\n\t\t\t\t\t\t\t\t<\/div>\n\t\t\t\t<\/div>\n\t\t\t\t<\/div>\n\t\t<div class=\"elementor-element elementor-element-094b91f e-con-full e-flex e-con e-child\" data-id=\"094b91f\" data-element_type=\"container\">\n\t\t\t\t<div class=\"elementor-element elementor-element-7a06d95 elementor-widget elementor-widget-heading\" data-id=\"7a06d95\" data-element_type=\"widget\" data-widget_type=\"heading.default\">\n\t\t\t\t<div class=\"elementor-widget-container\">\n\t\t\t\t\t<h2 class=\"elementor-heading-title elementor-size-default\">Information Treatment and Security Policy<\/h2>\t\t\t\t<\/div>\n\t\t\t\t<\/div>\n\t\t\t\t<div class=\"elementor-element elementor-element-59ec2d4 elementor-align-justify elementor-widget elementor-widget-button\" data-id=\"59ec2d4\" data-element_type=\"widget\" data-widget_type=\"button.default\">\n\t\t\t\t<div class=\"elementor-widget-container\">\n\t\t\t\t\t\t\t\t\t<div class=\"elementor-button-wrapper\">\n\t\t\t\t\t<a class=\"elementor-button elementor-button-link elementor-size-sm\" href=\"https:\/\/test.comfenalcovalle.com.co\/en\/corporativo\/quienes-somos\/politica-de-tratamiento-de-la-informacion\/\">\n\t\t\t\t\t\t<span class=\"elementor-button-content-wrapper\">\n\t\t\t\t\t\t\t\t\t<span class=\"elementor-button-text\">See here<\/span>\n\t\t\t\t\t<\/span>\n\t\t\t\t\t<\/a>\n\t\t\t\t<\/div>\n\t\t\t\t\t\t\t\t<\/div>\n\t\t\t\t<\/div>\n\t\t\t\t<\/div>\n\t\t<div class=\"elementor-element elementor-element-f6c17e5 e-con-full e-flex e-con e-child\" data-id=\"f6c17e5\" data-element_type=\"container\">\n\t\t\t\t<div class=\"elementor-element elementor-element-8901452 elementor-widget elementor-widget-heading\" data-id=\"8901452\" data-element_type=\"widget\" data-widget_type=\"heading.default\">\n\t\t\t\t<div class=\"elementor-widget-container\">\n\t\t\t\t\t<h2 class=\"elementor-heading-title elementor-size-default\">Judicial notification emails<\/h2>\t\t\t\t<\/div>\n\t\t\t\t<\/div>\n\t\t\t\t<div class=\"elementor-element elementor-element-c100910 elementor-align-justify elementor-widget elementor-widget-button\" data-id=\"c100910\" data-element_type=\"widget\" data-widget_type=\"button.default\">\n\t\t\t\t<div class=\"elementor-widget-container\">\n\t\t\t\t\t\t\t\t\t<div class=\"elementor-button-wrapper\">\n\t\t\t\t\t<a class=\"elementor-button elementor-button-link elementor-size-sm\" href=\"https:\/\/test.comfenalcovalle.com.co\/en\/personas\/servicio-al-cliente\/buzon-de-notificaciones-judiciales\/\">\n\t\t\t\t\t\t<span class=\"elementor-button-content-wrapper\">\n\t\t\t\t\t\t\t\t\t<span class=\"elementor-button-text\">See here<\/span>\n\t\t\t\t\t<\/span>\n\t\t\t\t\t<\/a>\n\t\t\t\t<\/div>\n\t\t\t\t\t\t\t\t<\/div>\n\t\t\t\t<\/div>\n\t\t\t\t<\/div>\n\t\t\t\t<\/div>\n\t\t\t\t<\/div>\n\t\t\t\t\t<\/div>\n\t\t\t\t<\/div>\n\t\t\t\t<\/div>","protected":false},"excerpt":{"rendered":"<p>Home Puntos de Atenci\u00f3n al Usuario Caja de Compensaci\u00f3n Ver aqu\u00ed Puntos de Atenci\u00f3n al Usuario EPS Ver aqu\u00ed Sedes y horarios de atenci\u00f3n Caja de Compensaci\u00f3n Ver aqu\u00ed Sedes y horarios de atenci\u00f3n EPS Ver aqu\u00ed Formulario contacto peticiones, quejas, reclamos y sugerencias &#8211; Caja Ver aqu\u00ed Formulario contacto peticiones, quejas, reclamos y sugerencias [&hellip;]<\/p>","protected":false},"author":14,"featured_media":0,"parent":1574,"menu_order":0,"comment_status":"closed","ping_status":"closed","template":"","meta":{"footnotes":""},"class_list":["post-602512","page","type-page","status-publish","hentry"],"yoast_head":"<!-- This site is optimized with the Yoast SEO Premium plugin v25.9 (Yoast SEO v25.9) - https:\/\/yoast.com\/wordpress\/plugins\/seo\/ -->\n<title>Mecanismos de contacto con el sujeto obligado - Comfenalco Valle Delagente<\/title>\n<meta name=\"robots\" content=\"index, follow, max-snippet:-1, max-image-preview:large, max-video-preview:-1\" \/>\n<link rel=\"canonical\" href=\"https:\/\/www.comfenalcovalle.com.co\/personas\/nosotros\/transparencia-y-acceso-a-la-informacion-publica\/mecanismos-de-contacto-con-el-sujeto-obligado\/\" \/>\n<meta property=\"og:locale\" content=\"en_US\" \/>\n<meta property=\"og:type\" content=\"article\" \/>\n<meta property=\"og:title\" content=\"Mecanismos de contacto con el sujeto obligado\" \/>\n<meta property=\"og:description\" content=\"Home Puntos de Atenci\u00f3n al Usuario Caja de Compensaci\u00f3n Ver aqu\u00ed Puntos de Atenci\u00f3n al Usuario EPS Ver aqu\u00ed Sedes y horarios de atenci\u00f3n Caja de Compensaci\u00f3n Ver aqu\u00ed Sedes y horarios de atenci\u00f3n EPS Ver aqu\u00ed Formulario contacto peticiones, quejas, reclamos y sugerencias &#8211; Caja Ver aqu\u00ed Formulario contacto peticiones, quejas, reclamos y sugerencias [&hellip;]\" \/>\n<meta property=\"og:url\" content=\"https:\/\/www.comfenalcovalle.com.co\/personas\/nosotros\/transparencia-y-acceso-a-la-informacion-publica\/mecanismos-de-contacto-con-el-sujeto-obligado\/\" \/>\n<meta property=\"og:site_name\" content=\"Comfenalco Valle Delagente\" \/>\n<meta property=\"article:modified_time\" content=\"2025-10-10T20:25:18+00:00\" \/>\n<meta name=\"twitter:card\" content=\"summary_large_image\" \/>\n<meta name=\"twitter:label1\" content=\"Est. reading time\" \/>\n\t<meta name=\"twitter:data1\" content=\"1 minute\" \/>\n<script type=\"application\/ld+json\" class=\"yoast-schema-graph\">{\"@context\":\"https:\/\/schema.org\",\"@graph\":[{\"@type\":\"WebPage\",\"@id\":\"https:\/\/www.comfenalcovalle.com.co\/personas\/nosotros\/transparencia-y-acceso-a-la-informacion-publica\/mecanismos-de-contacto-con-el-sujeto-obligado\/\",\"url\":\"https:\/\/www.comfenalcovalle.com.co\/personas\/nosotros\/transparencia-y-acceso-a-la-informacion-publica\/mecanismos-de-contacto-con-el-sujeto-obligado\/\",\"name\":\"Mecanismos de contacto con el sujeto obligado - Comfenalco Valle Delagente\",\"isPartOf\":{\"@id\":\"https:\/\/www.comfenalcovalle.com.co\/#website\"},\"datePublished\":\"2022-12-20T20:10:54+00:00\",\"dateModified\":\"2025-10-10T20:25:18+00:00\",\"breadcrumb\":{\"@id\":\"https:\/\/www.comfenalcovalle.com.co\/personas\/nosotros\/transparencia-y-acceso-a-la-informacion-publica\/mecanismos-de-contacto-con-el-sujeto-obligado\/#breadcrumb\"},\"inLanguage\":\"en-US\",\"potentialAction\":[{\"@type\":\"ReadAction\",\"target\":[\"https:\/\/www.comfenalcovalle.com.co\/personas\/nosotros\/transparencia-y-acceso-a-la-informacion-publica\/mecanismos-de-contacto-con-el-sujeto-obligado\/\"]}]},{\"@type\":\"BreadcrumbList\",\"@id\":\"https:\/\/www.comfenalcovalle.com.co\/personas\/nosotros\/transparencia-y-acceso-a-la-informacion-publica\/mecanismos-de-contacto-con-el-sujeto-obligado\/#breadcrumb\",\"itemListElement\":[{\"@type\":\"ListItem\",\"position\":1,\"name\":\"Portada\",\"item\":\"https:\/\/www.comfenalcovalle.com.co\/\"},{\"@type\":\"ListItem\",\"position\":2,\"name\":\"Personas\",\"item\":\"https:\/\/www.comfenalcovalle.com.co\/\"},{\"@type\":\"ListItem\",\"position\":3,\"name\":\"Nosotros\",\"item\":\"https:\/\/www.comfenalcovalle.com.co\/personas\/nosotros\/\"},{\"@type\":\"ListItem\",\"position\":4,\"name\":\"Transparencia y acceso a la informaci\u00f3n p\u00fablica\",\"item\":\"https:\/\/www.comfenalcovalle.com.co\/personas\/nosotros\/transparencia-y-acceso-a-la-informacion-publica\/\"},{\"@type\":\"ListItem\",\"position\":5,\"name\":\"Mecanismos de contacto con el sujeto obligado\"}]},{\"@type\":\"WebSite\",\"@id\":\"https:\/\/www.comfenalcovalle.com.co\/#website\",\"url\":\"https:\/\/www.comfenalcovalle.com.co\/\",\"name\":\"Comfenalco Valle Delagente\",\"description\":\"Caja de compensaci\u00f3n de Comfenalco Valle Delagente.\",\"publisher\":{\"@id\":\"https:\/\/www.comfenalcovalle.com.co\/#organization\"},\"potentialAction\":[{\"@type\":\"SearchAction\",\"target\":{\"@type\":\"EntryPoint\",\"urlTemplate\":\"https:\/\/www.comfenalcovalle.com.co\/?s={search_term_string}\"},\"query-input\":{\"@type\":\"PropertyValueSpecification\",\"valueRequired\":true,\"valueName\":\"search_term_string\"}}],\"inLanguage\":\"en-US\"},{\"@type\":\"Organization\",\"@id\":\"https:\/\/www.comfenalcovalle.com.co\/#organization\",\"name\":\"Comfenalco Valle Delagente\",\"url\":\"https:\/\/www.comfenalcovalle.com.co\/\",\"logo\":{\"@type\":\"ImageObject\",\"inLanguage\":\"en-US\",\"@id\":\"https:\/\/www.comfenalcovalle.com.co\/#\/schema\/logo\/image\/\",\"url\":\"https:\/\/test.comfenalcovalle.com.co\/wp-content\/uploads\/2021\/06\/logo-comfe-cabecera-agencia-empelo-actualizado.png\",\"contentUrl\":\"https:\/\/test.comfenalcovalle.com.co\/wp-content\/uploads\/2021\/06\/logo-comfe-cabecera-agencia-empelo-actualizado.png\",\"width\":500,\"height\":184,\"caption\":\"Comfenalco Valle Delagente\"},\"image\":{\"@id\":\"https:\/\/www.comfenalcovalle.com.co\/#\/schema\/logo\/image\/\"}}]}<\/script>\n<!-- \/ Yoast SEO Premium plugin. -->","yoast_head_json":{"title":"Mecanismos de contacto con el sujeto obligado - Comfenalco Valle Delagente","robots":{"index":"index","follow":"follow","max-snippet":"max-snippet:-1","max-image-preview":"max-image-preview:large","max-video-preview":"max-video-preview:-1"},"canonical":"https:\/\/www.comfenalcovalle.com.co\/personas\/nosotros\/transparencia-y-acceso-a-la-informacion-publica\/mecanismos-de-contacto-con-el-sujeto-obligado\/","og_locale":"en_US","og_type":"article","og_title":"Mecanismos de contacto con el sujeto obligado","og_description":"Home Puntos de Atenci\u00f3n al Usuario Caja de Compensaci\u00f3n Ver aqu\u00ed Puntos de Atenci\u00f3n al Usuario EPS Ver aqu\u00ed Sedes y horarios de atenci\u00f3n Caja de Compensaci\u00f3n Ver aqu\u00ed Sedes y horarios de atenci\u00f3n EPS Ver aqu\u00ed Formulario contacto peticiones, quejas, reclamos y sugerencias &#8211; Caja Ver aqu\u00ed Formulario contacto peticiones, quejas, reclamos y sugerencias [&hellip;]","og_url":"https:\/\/www.comfenalcovalle.com.co\/personas\/nosotros\/transparencia-y-acceso-a-la-informacion-publica\/mecanismos-de-contacto-con-el-sujeto-obligado\/","og_site_name":"Comfenalco Valle Delagente","article_modified_time":"2025-10-10T20:25:18+00:00","twitter_card":"summary_large_image","twitter_misc":{"Est. reading time":"1 minute"},"schema":{"@context":"https:\/\/schema.org","@graph":[{"@type":"WebPage","@id":"https:\/\/www.comfenalcovalle.com.co\/personas\/nosotros\/transparencia-y-acceso-a-la-informacion-publica\/mecanismos-de-contacto-con-el-sujeto-obligado\/","url":"https:\/\/www.comfenalcovalle.com.co\/personas\/nosotros\/transparencia-y-acceso-a-la-informacion-publica\/mecanismos-de-contacto-con-el-sujeto-obligado\/","name":"Mecanismos de contacto con el sujeto obligado - Comfenalco Valle Delagente","isPartOf":{"@id":"https:\/\/www.comfenalcovalle.com.co\/#website"},"datePublished":"2022-12-20T20:10:54+00:00","dateModified":"2025-10-10T20:25:18+00:00","breadcrumb":{"@id":"https:\/\/www.comfenalcovalle.com.co\/personas\/nosotros\/transparencia-y-acceso-a-la-informacion-publica\/mecanismos-de-contacto-con-el-sujeto-obligado\/#breadcrumb"},"inLanguage":"en-US","potentialAction":[{"@type":"ReadAction","target":["https:\/\/www.comfenalcovalle.com.co\/personas\/nosotros\/transparencia-y-acceso-a-la-informacion-publica\/mecanismos-de-contacto-con-el-sujeto-obligado\/"]}]},{"@type":"BreadcrumbList","@id":"https:\/\/www.comfenalcovalle.com.co\/personas\/nosotros\/transparencia-y-acceso-a-la-informacion-publica\/mecanismos-de-contacto-con-el-sujeto-obligado\/#breadcrumb","itemListElement":[{"@type":"ListItem","position":1,"name":"Portada","item":"https:\/\/www.comfenalcovalle.com.co\/"},{"@type":"ListItem","position":2,"name":"Personas","item":"https:\/\/www.comfenalcovalle.com.co\/"},{"@type":"ListItem","position":3,"name":"Nosotros","item":"https:\/\/www.comfenalcovalle.com.co\/personas\/nosotros\/"},{"@type":"ListItem","position":4,"name":"Transparencia y acceso a la informaci\u00f3n p\u00fablica","item":"https:\/\/www.comfenalcovalle.com.co\/personas\/nosotros\/transparencia-y-acceso-a-la-informacion-publica\/"},{"@type":"ListItem","position":5,"name":"Mecanismos de contacto con el sujeto obligado"}]},{"@type":"WebSite","@id":"https:\/\/www.comfenalcovalle.com.co\/#website","url":"https:\/\/www.comfenalcovalle.com.co\/","name":"Comfenalco Valle Delagente","description":"Comfenalco Valle Delagente compensation fund.","publisher":{"@id":"https:\/\/www.comfenalcovalle.com.co\/#organization"},"potentialAction":[{"@type":"SearchAction","target":{"@type":"EntryPoint","urlTemplate":"https:\/\/www.comfenalcovalle.com.co\/?s={search_term_string}"},"query-input":{"@type":"PropertyValueSpecification","valueRequired":true,"valueName":"search_term_string"}}],"inLanguage":"en-US"},{"@type":"Organization","@id":"https:\/\/www.comfenalcovalle.com.co\/#organization","name":"Comfenalco Valle Delagente","url":"https:\/\/www.comfenalcovalle.com.co\/","logo":{"@type":"ImageObject","inLanguage":"en-US","@id":"https:\/\/www.comfenalcovalle.com.co\/#\/schema\/logo\/image\/","url":"https:\/\/test.comfenalcovalle.com.co\/wp-content\/uploads\/2021\/06\/logo-comfe-cabecera-agencia-empelo-actualizado.png","contentUrl":"https:\/\/test.comfenalcovalle.com.co\/wp-content\/uploads\/2021\/06\/logo-comfe-cabecera-agencia-empelo-actualizado.png","width":500,"height":184,"caption":"Comfenalco Valle Delagente"},"image":{"@id":"https:\/\/www.comfenalcovalle.com.co\/#\/schema\/logo\/image\/"}}]}},"publishpress_future_action":{"enabled":false,"date":"2026-05-10 11:31:18","action":"change-status","newStatus":"draft","terms":[],"taxonomy":"","extraData":[]},"publishpress_future_workflow_manual_trigger":{"enabledWorkflows":[]},"_links":{"self":[{"href":"https:\/\/test.comfenalcovalle.com.co\/en\/wp-json\/wp\/v2\/pages\/602512","targetHints":{"allow":["GET"]}}],"collection":[{"href":"https:\/\/test.comfenalcovalle.com.co\/en\/wp-json\/wp\/v2\/pages"}],"about":[{"href":"https:\/\/test.comfenalcovalle.com.co\/en\/wp-json\/wp\/v2\/types\/page"}],"author":[{"embeddable":true,"href":"https:\/\/test.comfenalcovalle.com.co\/en\/wp-json\/wp\/v2\/users\/14"}],"replies":[{"embeddable":true,"href":"https:\/\/test.comfenalcovalle.com.co\/en\/wp-json\/wp\/v2\/comments?post=602512"}],"version-history":[{"count":0,"href":"https:\/\/test.comfenalcovalle.com.co\/en\/wp-json\/wp\/v2\/pages\/602512\/revisions"}],"up":[{"embeddable":true,"href":"https:\/\/test.comfenalcovalle.com.co\/en\/wp-json\/wp\/v2\/pages\/1574"}],"wp:attachment":[{"href":"https:\/\/test.comfenalcovalle.com.co\/en\/wp-json\/wp\/v2\/media?parent=602512"}],"curies":[{"name":"wp","href":"https:\/\/api.w.org\/{rel}","templated":true}]}}