{"id":601247,"date":"2022-11-21T16:21:08","date_gmt":"2022-11-21T21:21:08","guid":{"rendered":"https:\/\/test.comfenalcovalle.com.co\/?page_id=601247"},"modified":"2022-11-25T08:56:29","modified_gmt":"2022-11-25T13:56:29","slug":"politicas-de-ingreso-a-la-zona-de-camping","status":"publish","type":"page","link":"https:\/\/test.comfenalcovalle.com.co\/en\/personas\/hoteles-y-turismo\/politicas-de-ingreso-a-la-zona-de-camping\/","title":{"rendered":"Policies for entering the camping area"},"content":{"rendered":"<div data-elementor-type=\"wp-page\" data-elementor-id=\"601247\" class=\"elementor elementor-601247\" data-elementor-post-type=\"page\">\n\t\t\t\t\t\t<section class=\"elementor-section elementor-top-section elementor-element elementor-element-13ed749 elementor-section-boxed elementor-section-height-default elementor-section-height-default\" data-id=\"13ed749\" data-element_type=\"section\">\n\t\t\t\t\t\t<div class=\"elementor-container elementor-column-gap-default\">\n\t\t\t\t\t<div class=\"elementor-column elementor-col-100 elementor-top-column elementor-element elementor-element-87a4298\" data-id=\"87a4298\" data-element_type=\"column\">\n\t\t\t<div class=\"elementor-widget-wrap elementor-element-populated\">\n\t\t\t\t\t\t<div class=\"elementor-element elementor-element-45e306a jet-breadcrumbs-align-center elementor-widget elementor-widget-jet-breadcrumbs\" data-id=\"45e306a\" data-element_type=\"widget\" data-widget_type=\"jet-breadcrumbs.default\">\n\t\t\t\t<div class=\"elementor-widget-container\">\n\t\t\t\t\t<div class=\"elementor-jet-breadcrumbs jet-blocks\">\n\t\t<div class=\"jet-breadcrumbs\">\n\t\t<div class=\"jet-breadcrumbs__content\">\n\t\t<div class=\"jet-breadcrumbs__wrap\"><div class=\"jet-breadcrumbs__item\"><a href=\"https:\/\/test.comfenalcovalle.com.co\/en\/\" class=\"jet-breadcrumbs__item-link is-home\" rel=\"home\" title=\"Comfenalco Valle Delagente\">Comfenalco Valle Delagente<\/a><\/div>\n\t\t<\/div>\n\t\t<\/div>\n\t\t<\/div><\/div>\t\t\t\t<\/div>\n\t\t\t\t<\/div>\n\t\t\t\t<div class=\"elementor-element elementor-element-a8660e0 elementor-widget elementor-widget-image\" data-id=\"a8660e0\" data-element_type=\"widget\" data-widget_type=\"image.default\">\n\t\t\t\t<div class=\"elementor-widget-container\">\n\t\t\t\t\t\t\t\t\t\t\t\t\t\t\t<img fetchpriority=\"high\" decoding=\"async\" width=\"800\" height=\"347\" src=\"https:\/\/test.comfenalcovalle.com.co\/wp-content\/uploads\/2022\/11\/zona-camping-2022-02-web-1024x444.jpg\" class=\"attachment-large size-large wp-image-601284\" alt=\"\" srcset=\"https:\/\/test.comfenalcovalle.com.co\/wp-content\/uploads\/2022\/11\/zona-camping-2022-02-web-1024x444.jpg 1024w, https:\/\/test.comfenalcovalle.com.co\/wp-content\/uploads\/2022\/11\/zona-camping-2022-02-web-300x130.jpg 300w, https:\/\/test.comfenalcovalle.com.co\/wp-content\/uploads\/2022\/11\/zona-camping-2022-02-web-768x333.jpg 768w, https:\/\/test.comfenalcovalle.com.co\/wp-content\/uploads\/2022\/11\/zona-camping-2022-02-web-18x8.jpg 18w, https:\/\/test.comfenalcovalle.com.co\/wp-content\/uploads\/2022\/11\/zona-camping-2022-02-web.jpg 1202w\" sizes=\"(max-width: 800px) 100vw, 800px\" \/>\t\t\t\t\t\t\t\t\t\t\t\t\t\t\t<\/div>\n\t\t\t\t<\/div>\n\t\t\t\t<div class=\"elementor-element elementor-element-ef2a15c elementor-widget elementor-widget-text-editor\" data-id=\"ef2a15c\" data-element_type=\"widget\" data-widget_type=\"text-editor.default\">\n\t\t\t\t<div class=\"elementor-widget-container\">\n\t\t\t\t\t\t\t\t\t<p style=\"font-weight: 400;\">The following are some norms, practices and recommendations focused on the\u00a0<b><strong>Sustainable tourism<\/strong><\/b>, which help us to provide you with an excellent service. For this reason, we invite you to disclose them and ensure compliance:<\/p><ul style=\"font-weight: 400;\"><li>You are inside a protected area that is part of the Los Farallones de Cali National Natural Park, a place for the conservation of flora and fauna, for this reason we thank you for respecting the tranquility and integrity of all forms of life, and maintaining as much silence as possible possible.<\/li><li>To maintain natural processes, you must refrain from extracting plants, seeds, fruits, insects, animals or any species from the area.<\/li><li>Take care of the vegetation, do not mark the trunks or mistreat the branches of the trees.<\/li><li>Deposit common and usable waste in the arranged containers.<\/li><li>Smoking or making bonfires put the ecosystem at risk, therefore they are not allowed in the camping area.<\/li><li>Adult visitors who enter the accommodation accompanied by minor children (family members) will be responsible for them in all aspects of health and safety, and also for the proper use of the camping area facilities.<\/li><li>The catamaran mesh is a space for relaxation and reading, with a maximum capacity for four (4) people, in this space minors must be under the care of an adult.<\/li><li>Tents for rent for four (4) and six (6) people, includes mats, pillows, blankets and a padlock. These implements must be returned at the end of your stay, at 1:00 pm<\/li><li>All users of the camping service must wear an identification bracelet. People who do not carry it are not registered and will be asked to leave the camping area.<\/li><li>Respect the privacy, tranquility and safety of the people with whom you share the camping area.<\/li><li>Food preparation, consumption of alcoholic beverages and hallucinogenic substances, pet ownership, use of loud sound equipment, among others, are restricted activities in the Recreation Center, including the camping area.<\/li><li>The user will be responsible before the Compensation Fund and the competent authorities, for damages, loss of elements, damages and\/or bad behavior within our facilities.<\/li><li>Take care of your personal belongings, Comfenalco Valle Delagente, is not responsible for the loss of money, jewelry and other personal items of value that you own, nor does it assume any cost for the loss thereof. To avoid this situation and as a security mechanism for your personal belongings, our Family Compensation Fund has provided the luggage storage service for all users, it is totally free and you can request it during business hours.<\/li><li>If you are going to move out of the camping tent to another part of the Recreational Center, take your personal or valuable items with you.<\/li><li>After 9:00 pm, please do not do activities that affect the rest and good sleep of other users. People who return from our Tavern must do so with total discretion.<\/li><li>Report any concern or irregularity in the service to the Recreation Center Administrator, who will gladly provide you with the necessary support for a prompt solution.<\/li><li>Pool hours are extended until 9:00 pm After this time, the pools enter a maintenance and disinfection process, which can put the health of those who use them at risk.<\/li><li>In accordance with the provisions of the\u00a0<em>Art. 17 of Law 679 of 2001<\/em>, Comfenalco Valle Delagente rejects and denounces the exploitation and abuse of minors, these behaviors are criminally and civilly punished in accordance with the legal provisions in force in the country.<\/li><li>Failure to comply with these recommendations may even lead to withdrawal from the Recreation Center without the right to a refund.<\/li><\/ul><p>Su opini\u00f3n es muy importante para nosotros, por eso lo invitamos a utilizar nuestro buz\u00f3n de sugerencias y otros canales de atenci\u00f3n dispuestos en nuestra p\u00e1gina web https:\/\/test.comfenalcovalle.com.co\/personas\/servicio-al-cliente\/, donde podr\u00e1 manifestar su observaci\u00f3n sobre el servicio.<\/p>\t\t\t\t\t\t\t\t<\/div>\n\t\t\t\t<\/div>\n\t\t\t\t<div class=\"elementor-element elementor-element-4d16524 elementor-widget elementor-widget-image\" data-id=\"4d16524\" data-element_type=\"widget\" data-widget_type=\"image.default\">\n\t\t\t\t<div class=\"elementor-widget-container\">\n\t\t\t\t\t\t\t\t\t\t\t\t\t\t\t<img decoding=\"async\" width=\"800\" height=\"384\" data-src=\"https:\/\/test.comfenalcovalle.com.co\/wp-content\/uploads\/2022\/11\/zona-camping-2022-01-web-1024x491.jpg\" class=\"attachment-large size-large wp-image-601283 lazyload\" alt=\"\" data-srcset=\"https:\/\/test.comfenalcovalle.com.co\/wp-content\/uploads\/2022\/11\/zona-camping-2022-01-web-1024x491.jpg 1024w, https:\/\/test.comfenalcovalle.com.co\/wp-content\/uploads\/2022\/11\/zona-camping-2022-01-web-300x144.jpg 300w, https:\/\/test.comfenalcovalle.com.co\/wp-content\/uploads\/2022\/11\/zona-camping-2022-01-web-768x368.jpg 768w, https:\/\/test.comfenalcovalle.com.co\/wp-content\/uploads\/2022\/11\/zona-camping-2022-01-web-18x9.jpg 18w, https:\/\/test.comfenalcovalle.com.co\/wp-content\/uploads\/2022\/11\/zona-camping-2022-01-web.jpg 1203w\" data-sizes=\"(max-width: 800px) 100vw, 800px\" src=\"data:image\/svg+xml;base64,PHN2ZyB3aWR0aD0iMSIgaGVpZ2h0PSIxIiB4bWxucz0iaHR0cDovL3d3dy53My5vcmcvMjAwMC9zdmciPjwvc3ZnPg==\" style=\"--smush-placeholder-width: 800px; --smush-placeholder-aspect-ratio: 800\/384;\" \/>\t\t\t\t\t\t\t\t\t\t\t\t\t\t\t<\/div>\n\t\t\t\t<\/div>\n\t\t\t\t\t<\/div>\n\t\t<\/div>\n\t\t\t\t\t<\/div>\n\t\t<\/section>\n\t\t\t\t<\/div>","protected":false},"excerpt":{"rendered":"<p>Comfenalco Valle Delagente Las siguientes son algunas normas, pr\u00e1cticas y recomendaciones enfocadas al\u00a0Turismo Sostenible, las cuales nos ayudan a brindarte un excelente servicio. Por esta raz\u00f3n, te invitamos a divulgarlas y velar por su cumplimiento: Te encuentras dentro de un \u00e1rea protegida que hace parte del Parque Natural Nacional Los Farallones de Cali, un lugar [&hellip;]<\/p>","protected":false},"author":14,"featured_media":0,"parent":646,"menu_order":0,"comment_status":"closed","ping_status":"closed","template":"","meta":{"footnotes":""},"class_list":["post-601247","page","type-page","status-publish","hentry"],"yoast_head":"<!-- This site is optimized with the Yoast SEO Premium plugin v25.9 (Yoast SEO v25.9) - https:\/\/yoast.com\/wordpress\/plugins\/seo\/ -->\n<title>Politicas de ingreso a la zona de camping - Comfenalco Valle Delagente<\/title>\n<meta name=\"robots\" content=\"index, follow, max-snippet:-1, max-image-preview:large, max-video-preview:-1\" \/>\n<link rel=\"canonical\" href=\"https:\/\/www.comfenalcovalle.com.co\/personas\/hoteles-y-turismo\/politicas-de-ingreso-a-la-zona-de-camping\/\" \/>\n<meta property=\"og:locale\" content=\"en_US\" \/>\n<meta property=\"og:type\" content=\"article\" \/>\n<meta property=\"og:title\" content=\"Politicas de ingreso a la zona de camping\" \/>\n<meta property=\"og:description\" content=\"Comfenalco Valle Delagente Las siguientes son algunas normas, pr\u00e1cticas y recomendaciones enfocadas al\u00a0Turismo Sostenible, las cuales nos ayudan a brindarte un excelente servicio. Por esta raz\u00f3n, te invitamos a divulgarlas y velar por su cumplimiento: Te encuentras dentro de un \u00e1rea protegida que hace parte del Parque Natural Nacional Los Farallones de Cali, un lugar [&hellip;]\" \/>\n<meta property=\"og:url\" content=\"https:\/\/www.comfenalcovalle.com.co\/personas\/hoteles-y-turismo\/politicas-de-ingreso-a-la-zona-de-camping\/\" \/>\n<meta property=\"og:site_name\" content=\"Comfenalco Valle Delagente\" \/>\n<meta property=\"article:modified_time\" content=\"2022-11-25T13:56:29+00:00\" \/>\n<meta property=\"og:image\" content=\"https:\/\/www.comfenalcovalle.com.co\/wp-content\/uploads\/2022\/11\/zona-camping-2022-02-web-1024x444.jpg\" \/>\n<meta name=\"twitter:card\" content=\"summary_large_image\" \/>\n<meta name=\"twitter:label1\" content=\"Est. reading time\" \/>\n\t<meta name=\"twitter:data1\" content=\"4 minutes\" \/>\n<script type=\"application\/ld+json\" class=\"yoast-schema-graph\">{\"@context\":\"https:\/\/schema.org\",\"@graph\":[{\"@type\":\"WebPage\",\"@id\":\"https:\/\/www.comfenalcovalle.com.co\/personas\/hoteles-y-turismo\/politicas-de-ingreso-a-la-zona-de-camping\/\",\"url\":\"https:\/\/www.comfenalcovalle.com.co\/personas\/hoteles-y-turismo\/politicas-de-ingreso-a-la-zona-de-camping\/\",\"name\":\"Politicas de ingreso a la zona de camping - Comfenalco Valle Delagente\",\"isPartOf\":{\"@id\":\"https:\/\/www.comfenalcovalle.com.co\/#website\"},\"primaryImageOfPage\":{\"@id\":\"https:\/\/www.comfenalcovalle.com.co\/personas\/hoteles-y-turismo\/politicas-de-ingreso-a-la-zona-de-camping\/#primaryimage\"},\"image\":{\"@id\":\"https:\/\/www.comfenalcovalle.com.co\/personas\/hoteles-y-turismo\/politicas-de-ingreso-a-la-zona-de-camping\/#primaryimage\"},\"thumbnailUrl\":\"https:\/\/test.comfenalcovalle.com.co\/wp-content\/uploads\/2022\/11\/zona-camping-2022-02-web-1024x444.jpg\",\"datePublished\":\"2022-11-21T21:21:08+00:00\",\"dateModified\":\"2022-11-25T13:56:29+00:00\",\"breadcrumb\":{\"@id\":\"https:\/\/www.comfenalcovalle.com.co\/personas\/hoteles-y-turismo\/politicas-de-ingreso-a-la-zona-de-camping\/#breadcrumb\"},\"inLanguage\":\"en-US\",\"potentialAction\":[{\"@type\":\"ReadAction\",\"target\":[\"https:\/\/www.comfenalcovalle.com.co\/personas\/hoteles-y-turismo\/politicas-de-ingreso-a-la-zona-de-camping\/\"]}]},{\"@type\":\"ImageObject\",\"inLanguage\":\"en-US\",\"@id\":\"https:\/\/www.comfenalcovalle.com.co\/personas\/hoteles-y-turismo\/politicas-de-ingreso-a-la-zona-de-camping\/#primaryimage\",\"url\":\"https:\/\/test.comfenalcovalle.com.co\/wp-content\/uploads\/2022\/11\/zona-camping-2022-02-web-1024x444.jpg\",\"contentUrl\":\"https:\/\/test.comfenalcovalle.com.co\/wp-content\/uploads\/2022\/11\/zona-camping-2022-02-web-1024x444.jpg\"},{\"@type\":\"BreadcrumbList\",\"@id\":\"https:\/\/www.comfenalcovalle.com.co\/personas\/hoteles-y-turismo\/politicas-de-ingreso-a-la-zona-de-camping\/#breadcrumb\",\"itemListElement\":[{\"@type\":\"ListItem\",\"position\":1,\"name\":\"Portada\",\"item\":\"https:\/\/www.comfenalcovalle.com.co\/\"},{\"@type\":\"ListItem\",\"position\":2,\"name\":\"Personas\",\"item\":\"https:\/\/www.comfenalcovalle.com.co\/\"},{\"@type\":\"ListItem\",\"position\":3,\"name\":\"Hoteles y Turismo\",\"item\":\"https:\/\/www.comfenalcovalle.com.co\/personas\/hoteles-y-turismo\/\"},{\"@type\":\"ListItem\",\"position\":4,\"name\":\"Politicas de ingreso a la zona de camping\"}]},{\"@type\":\"WebSite\",\"@id\":\"https:\/\/www.comfenalcovalle.com.co\/#website\",\"url\":\"https:\/\/www.comfenalcovalle.com.co\/\",\"name\":\"Comfenalco Valle Delagente\",\"description\":\"Caja de compensaci\u00f3n de Comfenalco Valle Delagente.\",\"publisher\":{\"@id\":\"https:\/\/www.comfenalcovalle.com.co\/#organization\"},\"potentialAction\":[{\"@type\":\"SearchAction\",\"target\":{\"@type\":\"EntryPoint\",\"urlTemplate\":\"https:\/\/www.comfenalcovalle.com.co\/?s={search_term_string}\"},\"query-input\":{\"@type\":\"PropertyValueSpecification\",\"valueRequired\":true,\"valueName\":\"search_term_string\"}}],\"inLanguage\":\"en-US\"},{\"@type\":\"Organization\",\"@id\":\"https:\/\/www.comfenalcovalle.com.co\/#organization\",\"name\":\"Comfenalco Valle Delagente\",\"url\":\"https:\/\/www.comfenalcovalle.com.co\/\",\"logo\":{\"@type\":\"ImageObject\",\"inLanguage\":\"en-US\",\"@id\":\"https:\/\/www.comfenalcovalle.com.co\/#\/schema\/logo\/image\/\",\"url\":\"https:\/\/test.comfenalcovalle.com.co\/wp-content\/uploads\/2021\/06\/logo-comfe-cabecera-agencia-empelo-actualizado.png\",\"contentUrl\":\"https:\/\/test.comfenalcovalle.com.co\/wp-content\/uploads\/2021\/06\/logo-comfe-cabecera-agencia-empelo-actualizado.png\",\"width\":500,\"height\":184,\"caption\":\"Comfenalco Valle Delagente\"},\"image\":{\"@id\":\"https:\/\/www.comfenalcovalle.com.co\/#\/schema\/logo\/image\/\"}}]}<\/script>\n<!-- \/ Yoast SEO Premium plugin. -->","yoast_head_json":{"title":"Politicas de ingreso a la zona de camping - Comfenalco Valle Delagente","robots":{"index":"index","follow":"follow","max-snippet":"max-snippet:-1","max-image-preview":"max-image-preview:large","max-video-preview":"max-video-preview:-1"},"canonical":"https:\/\/www.comfenalcovalle.com.co\/personas\/hoteles-y-turismo\/politicas-de-ingreso-a-la-zona-de-camping\/","og_locale":"en_US","og_type":"article","og_title":"Politicas de ingreso a la zona de camping","og_description":"Comfenalco Valle Delagente Las siguientes son algunas normas, pr\u00e1cticas y recomendaciones enfocadas al\u00a0Turismo Sostenible, las cuales nos ayudan a brindarte un excelente servicio. Por esta raz\u00f3n, te invitamos a divulgarlas y velar por su cumplimiento: Te encuentras dentro de un \u00e1rea protegida que hace parte del Parque Natural Nacional Los Farallones de Cali, un lugar [&hellip;]","og_url":"https:\/\/www.comfenalcovalle.com.co\/personas\/hoteles-y-turismo\/politicas-de-ingreso-a-la-zona-de-camping\/","og_site_name":"Comfenalco Valle Delagente","article_modified_time":"2022-11-25T13:56:29+00:00","og_image":[{"url":"https:\/\/www.comfenalcovalle.com.co\/wp-content\/uploads\/2022\/11\/zona-camping-2022-02-web-1024x444.jpg","type":"","width":"","height":""}],"twitter_card":"summary_large_image","twitter_misc":{"Est. reading time":"4 minutes"},"schema":{"@context":"https:\/\/schema.org","@graph":[{"@type":"WebPage","@id":"https:\/\/www.comfenalcovalle.com.co\/personas\/hoteles-y-turismo\/politicas-de-ingreso-a-la-zona-de-camping\/","url":"https:\/\/www.comfenalcovalle.com.co\/personas\/hoteles-y-turismo\/politicas-de-ingreso-a-la-zona-de-camping\/","name":"Politicas de ingreso a la zona de camping - Comfenalco Valle Delagente","isPartOf":{"@id":"https:\/\/www.comfenalcovalle.com.co\/#website"},"primaryImageOfPage":{"@id":"https:\/\/www.comfenalcovalle.com.co\/personas\/hoteles-y-turismo\/politicas-de-ingreso-a-la-zona-de-camping\/#primaryimage"},"image":{"@id":"https:\/\/www.comfenalcovalle.com.co\/personas\/hoteles-y-turismo\/politicas-de-ingreso-a-la-zona-de-camping\/#primaryimage"},"thumbnailUrl":"https:\/\/test.comfenalcovalle.com.co\/wp-content\/uploads\/2022\/11\/zona-camping-2022-02-web-1024x444.jpg","datePublished":"2022-11-21T21:21:08+00:00","dateModified":"2022-11-25T13:56:29+00:00","breadcrumb":{"@id":"https:\/\/www.comfenalcovalle.com.co\/personas\/hoteles-y-turismo\/politicas-de-ingreso-a-la-zona-de-camping\/#breadcrumb"},"inLanguage":"en-US","potentialAction":[{"@type":"ReadAction","target":["https:\/\/www.comfenalcovalle.com.co\/personas\/hoteles-y-turismo\/politicas-de-ingreso-a-la-zona-de-camping\/"]}]},{"@type":"ImageObject","inLanguage":"en-US","@id":"https:\/\/www.comfenalcovalle.com.co\/personas\/hoteles-y-turismo\/politicas-de-ingreso-a-la-zona-de-camping\/#primaryimage","url":"https:\/\/test.comfenalcovalle.com.co\/wp-content\/uploads\/2022\/11\/zona-camping-2022-02-web-1024x444.jpg","contentUrl":"https:\/\/test.comfenalcovalle.com.co\/wp-content\/uploads\/2022\/11\/zona-camping-2022-02-web-1024x444.jpg"},{"@type":"BreadcrumbList","@id":"https:\/\/www.comfenalcovalle.com.co\/personas\/hoteles-y-turismo\/politicas-de-ingreso-a-la-zona-de-camping\/#breadcrumb","itemListElement":[{"@type":"ListItem","position":1,"name":"Portada","item":"https:\/\/www.comfenalcovalle.com.co\/"},{"@type":"ListItem","position":2,"name":"Personas","item":"https:\/\/www.comfenalcovalle.com.co\/"},{"@type":"ListItem","position":3,"name":"Hoteles y Turismo","item":"https:\/\/www.comfenalcovalle.com.co\/personas\/hoteles-y-turismo\/"},{"@type":"ListItem","position":4,"name":"Politicas de ingreso a la zona de camping"}]},{"@type":"WebSite","@id":"https:\/\/www.comfenalcovalle.com.co\/#website","url":"https:\/\/www.comfenalcovalle.com.co\/","name":"Comfenalco Valle Delagente","description":"Comfenalco Valle Delagente compensation fund.","publisher":{"@id":"https:\/\/www.comfenalcovalle.com.co\/#organization"},"potentialAction":[{"@type":"SearchAction","target":{"@type":"EntryPoint","urlTemplate":"https:\/\/www.comfenalcovalle.com.co\/?s={search_term_string}"},"query-input":{"@type":"PropertyValueSpecification","valueRequired":true,"valueName":"search_term_string"}}],"inLanguage":"en-US"},{"@type":"Organization","@id":"https:\/\/www.comfenalcovalle.com.co\/#organization","name":"Comfenalco Valle Delagente","url":"https:\/\/www.comfenalcovalle.com.co\/","logo":{"@type":"ImageObject","inLanguage":"en-US","@id":"https:\/\/www.comfenalcovalle.com.co\/#\/schema\/logo\/image\/","url":"https:\/\/test.comfenalcovalle.com.co\/wp-content\/uploads\/2021\/06\/logo-comfe-cabecera-agencia-empelo-actualizado.png","contentUrl":"https:\/\/test.comfenalcovalle.com.co\/wp-content\/uploads\/2021\/06\/logo-comfe-cabecera-agencia-empelo-actualizado.png","width":500,"height":184,"caption":"Comfenalco Valle Delagente"},"image":{"@id":"https:\/\/www.comfenalcovalle.com.co\/#\/schema\/logo\/image\/"}}]}},"publishpress_future_action":{"enabled":false,"date":"2026-05-10 05:17:38","action":"change-status","newStatus":"draft","terms":[],"taxonomy":"","extraData":[]},"publishpress_future_workflow_manual_trigger":{"enabledWorkflows":[]},"_links":{"self":[{"href":"https:\/\/test.comfenalcovalle.com.co\/en\/wp-json\/wp\/v2\/pages\/601247","targetHints":{"allow":["GET"]}}],"collection":[{"href":"https:\/\/test.comfenalcovalle.com.co\/en\/wp-json\/wp\/v2\/pages"}],"about":[{"href":"https:\/\/test.comfenalcovalle.com.co\/en\/wp-json\/wp\/v2\/types\/page"}],"author":[{"embeddable":true,"href":"https:\/\/test.comfenalcovalle.com.co\/en\/wp-json\/wp\/v2\/users\/14"}],"replies":[{"embeddable":true,"href":"https:\/\/test.comfenalcovalle.com.co\/en\/wp-json\/wp\/v2\/comments?post=601247"}],"version-history":[{"count":0,"href":"https:\/\/test.comfenalcovalle.com.co\/en\/wp-json\/wp\/v2\/pages\/601247\/revisions"}],"up":[{"embeddable":true,"href":"https:\/\/test.comfenalcovalle.com.co\/en\/wp-json\/wp\/v2\/pages\/646"}],"wp:attachment":[{"href":"https:\/\/test.comfenalcovalle.com.co\/en\/wp-json\/wp\/v2\/media?parent=601247"}],"curies":[{"name":"wp","href":"https:\/\/api.w.org\/{rel}","templated":true}]}}