{"id":600272,"date":"2022-10-20T15:46:00","date_gmt":"2022-10-20T20:46:00","guid":{"rendered":"https:\/\/test.comfenalcovalle.com.co\/?page_id=600272"},"modified":"2026-04-07T17:19:01","modified_gmt":"2026-04-07T22:19:01","slug":"induccion-afiliacion","status":"publish","type":"page","link":"https:\/\/test.comfenalcovalle.com.co\/en\/induccion-afiliacion\/","title":{"rendered":"Bienvenido a la Gu\u00eda Virtual"},"content":{"rendered":"<div data-elementor-type=\"wp-page\" data-elementor-id=\"600272\" class=\"elementor elementor-600272\" data-elementor-post-type=\"page\">\n\t\t\t\t<div class=\"elementor-element elementor-element-0f87c47 e-flex e-con-boxed e-con e-parent\" data-id=\"0f87c47\" data-element_type=\"container\">\n\t\t\t\t\t<div class=\"e-con-inner\">\n\t\t<div class=\"elementor-element elementor-element-5813c89 e-con-full e-flex e-con e-child\" data-id=\"5813c89\" data-element_type=\"container\">\n\t\t\t\t<div class=\"elementor-element elementor-element-9e1e25f jet-breadcrumbs-align-center elementor-widget elementor-widget-jet-breadcrumbs\" data-id=\"9e1e25f\" data-element_type=\"widget\" data-widget_type=\"jet-breadcrumbs.default\">\n\t\t\t\t<div class=\"elementor-widget-container\">\n\t\t\t\t\t<div class=\"elementor-jet-breadcrumbs jet-blocks\">\n\t\t<div class=\"jet-breadcrumbs\">\n\t\t<div class=\"jet-breadcrumbs__content\">\n\t\t<div class=\"jet-breadcrumbs__wrap\"><div class=\"jet-breadcrumbs__item\"><a href=\"https:\/\/test.comfenalcovalle.com.co\/en\/\" class=\"jet-breadcrumbs__item-link is-home\" rel=\"home\" title=\"Comfenalco Valle Delagente\">Comfenalco Valle Delagente<\/a><\/div>\n\t\t<\/div>\n\t\t<\/div>\n\t\t<\/div><\/div>\t\t\t\t<\/div>\n\t\t\t\t<\/div>\n\t\t\t\t<div class=\"elementor-element elementor-element-dadd36c elementor-widget elementor-widget-text-editor\" data-id=\"dadd36c\" data-element_type=\"widget\" data-widget_type=\"text-editor.default\">\n\t\t\t\t<div class=\"elementor-widget-container\">\n\t\t\t\t\t\t\t\t\t<p>Ahora que haces parte de nuestra Caja de Compensaci\u00f3n Familiar, te invitamos a conocer los servicios que tienes disponibles y la forma de acceder a ellos. Por favor selecciona tu tipo de afiliaci\u00f3n:<\/p>\t\t\t\t\t\t\t\t<\/div>\n\t\t\t\t<\/div>\n\t\t\t\t<\/div>\n\t\t<div class=\"elementor-element elementor-element-ac06843 e-grid e-con-full e-con e-child\" data-id=\"ac06843\" data-element_type=\"container\">\n\t\t<div class=\"elementor-element elementor-element-c99479a e-con-full e-flex e-con e-child\" data-id=\"c99479a\" data-element_type=\"container\">\n\t\t\t\t<div class=\"elementor-element elementor-element-c4dc179 elementor-widget elementor-widget-image\" data-id=\"c4dc179\" data-element_type=\"widget\" data-widget_type=\"image.default\">\n\t\t\t\t<div class=\"elementor-widget-container\">\n\t\t\t\t\t\t\t\t\t\t\t\t\t\t\t<img fetchpriority=\"high\" decoding=\"async\" width=\"464\" height=\"309\" src=\"https:\/\/test.comfenalcovalle.com.co\/wp-content\/uploads\/2023\/06\/induccion-virtual-empresas.webp\" class=\"attachment-full size-full wp-image-613558\" alt=\"\" srcset=\"https:\/\/test.comfenalcovalle.com.co\/wp-content\/uploads\/2023\/06\/induccion-virtual-empresas.webp 464w, https:\/\/test.comfenalcovalle.com.co\/wp-content\/uploads\/2023\/06\/induccion-virtual-empresas-300x200.webp 300w, https:\/\/test.comfenalcovalle.com.co\/wp-content\/uploads\/2023\/06\/induccion-virtual-empresas-18x12.webp 18w\" sizes=\"(max-width: 464px) 100vw, 464px\" \/>\t\t\t\t\t\t\t\t\t\t\t\t\t\t\t<\/div>\n\t\t\t\t<\/div>\n\t\t\t\t<div class=\"elementor-element elementor-element-c7e5ae1 elementor-widget elementor-widget-heading\" data-id=\"c7e5ae1\" data-element_type=\"widget\" data-widget_type=\"heading.default\">\n\t\t\t\t<div class=\"elementor-widget-container\">\n\t\t\t\t\t<h4 class=\"elementor-heading-title elementor-size-default\">Gu\u00eda para Empresas<\/h4>\t\t\t\t<\/div>\n\t\t\t\t<\/div>\n\t\t\t\t<div class=\"elementor-element elementor-element-3d7063f elementor-align-center elementor-widget elementor-widget-button\" data-id=\"3d7063f\" data-element_type=\"widget\" data-widget_type=\"button.default\">\n\t\t\t\t<div class=\"elementor-widget-container\">\n\t\t\t\t\t\t\t\t\t<div class=\"elementor-button-wrapper\">\n\t\t\t\t\t<a class=\"elementor-button elementor-button-link elementor-size-sm elementor-animation-shrink\" href=\"https:\/\/test.comfenalcovalle.com.co\/en\/personas\/afiliacion\/induccion-virtual-empresas\/\">\n\t\t\t\t\t\t<span class=\"elementor-button-content-wrapper\">\n\t\t\t\t\t\t\t\t\t<span class=\"elementor-button-text\">Clic para iniciar<\/span>\n\t\t\t\t\t<\/span>\n\t\t\t\t\t<\/a>\n\t\t\t\t<\/div>\n\t\t\t\t\t\t\t\t<\/div>\n\t\t\t\t<\/div>\n\t\t\t\t<\/div>\n\t\t<div class=\"elementor-element elementor-element-11e841b e-con-full e-flex e-con e-child\" data-id=\"11e841b\" data-element_type=\"container\">\n\t\t\t\t<div class=\"elementor-element elementor-element-108f79d elementor-widget elementor-widget-image\" data-id=\"108f79d\" data-element_type=\"widget\" data-widget_type=\"image.default\">\n\t\t\t\t<div class=\"elementor-widget-container\">\n\t\t\t\t\t\t\t\t\t\t\t\t\t\t\t<img decoding=\"async\" width=\"800\" height=\"439\" data-src=\"https:\/\/test.comfenalcovalle.com.co\/wp-content\/uploads\/2020\/12\/Afiliacio\u0301n-trabajadores-independientes-1024x562.jpg\" class=\"attachment-large size-large wp-image-4836 lazyload\" alt=\"Afiliacio\u0301n-trabajadores-independientes\" data-srcset=\"https:\/\/test.comfenalcovalle.com.co\/wp-content\/uploads\/2020\/12\/Afiliacio\u0301n-trabajadores-independientes-1024x562.jpg 1024w, https:\/\/test.comfenalcovalle.com.co\/wp-content\/uploads\/2020\/12\/Afiliacio\u0301n-trabajadores-independientes-300x165.jpg 300w, https:\/\/test.comfenalcovalle.com.co\/wp-content\/uploads\/2020\/12\/Afiliacio\u0301n-trabajadores-independientes-768x422.jpg 768w, https:\/\/test.comfenalcovalle.com.co\/wp-content\/uploads\/2020\/12\/Afiliacio\u0301n-trabajadores-independientes-1568x861.jpg 1568w, https:\/\/test.comfenalcovalle.com.co\/wp-content\/uploads\/2020\/12\/Afiliacio\u0301n-trabajadores-independientes.jpg 1280w\" data-sizes=\"(max-width: 800px) 100vw, 800px\" src=\"data:image\/svg+xml;base64,PHN2ZyB3aWR0aD0iMSIgaGVpZ2h0PSIxIiB4bWxucz0iaHR0cDovL3d3dy53My5vcmcvMjAwMC9zdmciPjwvc3ZnPg==\" style=\"--smush-placeholder-width: 800px; --smush-placeholder-aspect-ratio: 800\/439;\" \/>\t\t\t\t\t\t\t\t\t\t\t\t\t\t\t<\/div>\n\t\t\t\t<\/div>\n\t\t\t\t<div class=\"elementor-element elementor-element-373cb2a elementor-widget elementor-widget-heading\" data-id=\"373cb2a\" data-element_type=\"widget\" data-widget_type=\"heading.default\">\n\t\t\t\t<div class=\"elementor-widget-container\">\n\t\t\t\t\t<h4 class=\"elementor-heading-title elementor-size-default\">Gu\u00eda para independientes y contratistas<\/h4>\t\t\t\t<\/div>\n\t\t\t\t<\/div>\n\t\t\t\t<div class=\"elementor-element elementor-element-7a2ce96 elementor-align-center elementor-widget elementor-widget-button\" data-id=\"7a2ce96\" data-element_type=\"widget\" data-widget_type=\"button.default\">\n\t\t\t\t<div class=\"elementor-widget-container\">\n\t\t\t\t\t\t\t\t\t<div class=\"elementor-button-wrapper\">\n\t\t\t\t\t<a class=\"elementor-button elementor-button-link elementor-size-sm elementor-animation-shrink\" href=\"https:\/\/test.comfenalcovalle.com.co\/en\/induccion-afiliacion\/induccion-virtual-independientes-y-contratistas\/\">\n\t\t\t\t\t\t<span class=\"elementor-button-content-wrapper\">\n\t\t\t\t\t\t\t\t\t<span class=\"elementor-button-text\">Learn more<\/span>\n\t\t\t\t\t<\/span>\n\t\t\t\t\t<\/a>\n\t\t\t\t<\/div>\n\t\t\t\t\t\t\t\t<\/div>\n\t\t\t\t<\/div>\n\t\t\t\t<\/div>\n\t\t<div class=\"elementor-element elementor-element-f80763a e-con-full e-flex e-con e-child\" data-id=\"f80763a\" data-element_type=\"container\">\n\t\t\t\t<div class=\"elementor-element elementor-element-9b12d1e elementor-widget elementor-widget-image\" data-id=\"9b12d1e\" data-element_type=\"widget\" data-widget_type=\"image.default\">\n\t\t\t\t<div class=\"elementor-widget-container\">\n\t\t\t\t\t\t\t\t\t\t\t\t\t\t\t<img decoding=\"async\" width=\"800\" height=\"450\" data-src=\"https:\/\/test.comfenalcovalle.com.co\/wp-content\/uploads\/2020\/08\/afiliacio\u0301n-a-pensionados-1024x576.jpg\" class=\"attachment-large size-large wp-image-2275 lazyload\" alt=\"afiliacio\u0301n-a-pensionados\" data-srcset=\"https:\/\/test.comfenalcovalle.com.co\/wp-content\/uploads\/2020\/08\/afiliacio\u0301n-a-pensionados-1024x576.jpg 1024w, https:\/\/test.comfenalcovalle.com.co\/wp-content\/uploads\/2020\/08\/afiliacio\u0301n-a-pensionados-300x169.jpg 300w, https:\/\/test.comfenalcovalle.com.co\/wp-content\/uploads\/2020\/08\/afiliacio\u0301n-a-pensionados-768x432.jpg 768w, https:\/\/test.comfenalcovalle.com.co\/wp-content\/uploads\/2020\/08\/afiliacio\u0301n-a-pensionados-1536x864.jpg 1536w, https:\/\/test.comfenalcovalle.com.co\/wp-content\/uploads\/2020\/08\/afiliacio\u0301n-a-pensionados-1568x882.jpg 1568w, https:\/\/test.comfenalcovalle.com.co\/wp-content\/uploads\/2020\/08\/afiliacio\u0301n-a-pensionados.jpg 1280w\" data-sizes=\"(max-width: 800px) 100vw, 800px\" src=\"data:image\/svg+xml;base64,PHN2ZyB3aWR0aD0iMSIgaGVpZ2h0PSIxIiB4bWxucz0iaHR0cDovL3d3dy53My5vcmcvMjAwMC9zdmciPjwvc3ZnPg==\" style=\"--smush-placeholder-width: 800px; --smush-placeholder-aspect-ratio: 800\/450;\" \/>\t\t\t\t\t\t\t\t\t\t\t\t\t\t\t<\/div>\n\t\t\t\t<\/div>\n\t\t\t\t<div class=\"elementor-element elementor-element-c9cd441 elementor-widget elementor-widget-heading\" data-id=\"c9cd441\" data-element_type=\"widget\" data-widget_type=\"heading.default\">\n\t\t\t\t<div class=\"elementor-widget-container\">\n\t\t\t\t\t<h4 class=\"elementor-heading-title elementor-size-default\">Gu\u00eda para pensionados<\/h4>\t\t\t\t<\/div>\n\t\t\t\t<\/div>\n\t\t\t\t<div class=\"elementor-element elementor-element-e5f6fd4 elementor-align-center elementor-widget elementor-widget-button\" data-id=\"e5f6fd4\" data-element_type=\"widget\" data-widget_type=\"button.default\">\n\t\t\t\t<div class=\"elementor-widget-container\">\n\t\t\t\t\t\t\t\t\t<div class=\"elementor-button-wrapper\">\n\t\t\t\t\t<a class=\"elementor-button elementor-button-link elementor-size-sm elementor-animation-shrink\" href=\"https:\/\/test.comfenalcovalle.com.co\/en\/induccion-afiliacion\/guia-para-pensionados\/\">\n\t\t\t\t\t\t<span class=\"elementor-button-content-wrapper\">\n\t\t\t\t\t\t\t\t\t<span class=\"elementor-button-text\">see more<\/span>\n\t\t\t\t\t<\/span>\n\t\t\t\t\t<\/a>\n\t\t\t\t<\/div>\n\t\t\t\t\t\t\t\t<\/div>\n\t\t\t\t<\/div>\n\t\t\t\t<\/div>\n\t\t<div class=\"elementor-element elementor-element-8a4df16 e-con-full e-flex e-con e-child\" data-id=\"8a4df16\" data-element_type=\"container\">\n\t\t\t\t<div class=\"elementor-element elementor-element-bc93a4a elementor-widget elementor-widget-image\" data-id=\"bc93a4a\" data-element_type=\"widget\" data-widget_type=\"image.default\">\n\t\t\t\t<div class=\"elementor-widget-container\">\n\t\t\t\t\t\t\t\t\t\t\t\t\t\t\t<img decoding=\"async\" width=\"800\" height=\"450\" data-src=\"https:\/\/test.comfenalcovalle.com.co\/wp-content\/uploads\/2020\/08\/afiliacio\u0301n-empleadores-persona-empleados-domesticos-1024x576.jpg\" class=\"attachment-large size-large wp-image-2226 lazyload\" alt=\"afiliacio\u0301n-empleadores-persona-empleados-domesticos\" data-srcset=\"https:\/\/test.comfenalcovalle.com.co\/wp-content\/uploads\/2020\/08\/afiliacio\u0301n-empleadores-persona-empleados-domesticos-1024x576.jpg 1024w, https:\/\/test.comfenalcovalle.com.co\/wp-content\/uploads\/2020\/08\/afiliacio\u0301n-empleadores-persona-empleados-domesticos-300x169.jpg 300w, https:\/\/test.comfenalcovalle.com.co\/wp-content\/uploads\/2020\/08\/afiliacio\u0301n-empleadores-persona-empleados-domesticos-768x432.jpg 768w, https:\/\/test.comfenalcovalle.com.co\/wp-content\/uploads\/2020\/08\/afiliacio\u0301n-empleadores-persona-empleados-domesticos-1536x864.jpg 1536w, https:\/\/test.comfenalcovalle.com.co\/wp-content\/uploads\/2020\/08\/afiliacio\u0301n-empleadores-persona-empleados-domesticos-1568x882.jpg 1568w, https:\/\/test.comfenalcovalle.com.co\/wp-content\/uploads\/2020\/08\/afiliacio\u0301n-empleadores-persona-empleados-domesticos.jpg 1280w\" data-sizes=\"(max-width: 800px) 100vw, 800px\" src=\"data:image\/svg+xml;base64,PHN2ZyB3aWR0aD0iMSIgaGVpZ2h0PSIxIiB4bWxucz0iaHR0cDovL3d3dy53My5vcmcvMjAwMC9zdmciPjwvc3ZnPg==\" style=\"--smush-placeholder-width: 800px; --smush-placeholder-aspect-ratio: 800\/450;\" \/>\t\t\t\t\t\t\t\t\t\t\t\t\t\t\t<\/div>\n\t\t\t\t<\/div>\n\t\t\t\t<div class=\"elementor-element elementor-element-32be7c9 elementor-widget elementor-widget-heading\" data-id=\"32be7c9\" data-element_type=\"widget\" data-widget_type=\"heading.default\">\n\t\t\t\t<div class=\"elementor-widget-container\">\n\t\t\t\t\t<h4 class=\"elementor-heading-title elementor-size-default\">Gu\u00eda para servicio dom\u00e9stico<\/h4>\t\t\t\t<\/div>\n\t\t\t\t<\/div>\n\t\t\t\t<div class=\"elementor-element elementor-element-8de1b28 elementor-align-center elementor-widget elementor-widget-button\" data-id=\"8de1b28\" data-element_type=\"widget\" data-widget_type=\"button.default\">\n\t\t\t\t<div class=\"elementor-widget-container\">\n\t\t\t\t\t\t\t\t\t<div class=\"elementor-button-wrapper\">\n\t\t\t\t\t<a class=\"elementor-button elementor-button-link elementor-size-sm elementor-animation-shrink\" href=\"https:\/\/test.comfenalcovalle.com.co\/en\/induccion-afiliacion\/guia-para-servicio-domestico\/\">\n\t\t\t\t\t\t<span class=\"elementor-button-content-wrapper\">\n\t\t\t\t\t\t\t\t\t<span class=\"elementor-button-text\">Click here<\/span>\n\t\t\t\t\t<\/span>\n\t\t\t\t\t<\/a>\n\t\t\t\t<\/div>\n\t\t\t\t\t\t\t\t<\/div>\n\t\t\t\t<\/div>\n\t\t\t\t<\/div>\n\t\t\t\t<\/div>\n\t\t\t\t\t<\/div>\n\t\t\t\t<\/div>\n\t\t<div class=\"elementor-element elementor-element-b797969 e-flex e-con-boxed e-con e-child\" data-id=\"b797969\" data-element_type=\"container\">\n\t\t\t\t\t<div class=\"e-con-inner\">\n\t\t\t\t<div class=\"elementor-element elementor-element-ec6088c elementor-align-justify elementor-widget elementor-widget-button\" data-id=\"ec6088c\" data-element_type=\"widget\" data-widget_type=\"button.default\">\n\t\t\t\t<div class=\"elementor-widget-container\">\n\t\t\t\t\t\t\t\t\t<div class=\"elementor-button-wrapper\">\n\t\t\t\t\t<a class=\"elementor-button elementor-button-link elementor-size-lg elementor-animation-shrink\" href=\"https:\/\/test.comfenalcovalle.com.co\/en\">\n\t\t\t\t\t\t<span class=\"elementor-button-content-wrapper\">\n\t\t\t\t\t\t<span class=\"elementor-button-icon\">\n\t\t\t\t<i aria-hidden=\"true\" class=\"fas fa-backward\"><\/i>\t\t\t<\/span>\n\t\t\t\t\t\t\t\t\t<span class=\"elementor-button-text\">Regresar<\/span>\n\t\t\t\t\t<\/span>\n\t\t\t\t\t<\/a>\n\t\t\t\t<\/div>\n\t\t\t\t\t\t\t\t<\/div>\n\t\t\t\t<\/div>\n\t\t\t\t<div class=\"elementor-element elementor-element-86e92f6 elementor-align-justify elementor-widget elementor-widget-button\" data-id=\"86e92f6\" data-element_type=\"widget\" data-widget_type=\"button.default\">\n\t\t\t\t<div class=\"elementor-widget-container\">\n\t\t\t\t\t\t\t\t\t<div class=\"elementor-button-wrapper\">\n\t\t\t\t\t<a class=\"elementor-button elementor-button-link elementor-size-lg elementor-animation-shrink\" href=\"#top\">\n\t\t\t\t\t\t<span class=\"elementor-button-content-wrapper\">\n\t\t\t\t\t\t<span class=\"elementor-button-icon\">\n\t\t\t\t<i aria-hidden=\"true\" class=\"fas fa-angle-double-up\"><\/i>\t\t\t<\/span>\n\t\t\t\t\t\t\t\t\t<span class=\"elementor-button-text\">Subir<\/span>\n\t\t\t\t\t<\/span>\n\t\t\t\t\t<\/a>\n\t\t\t\t<\/div>\n\t\t\t\t\t\t\t\t<\/div>\n\t\t\t\t<\/div>\n\t\t\t\t\t<\/div>\n\t\t\t\t<\/div>\n\t\t\t\t<\/div>","protected":false},"excerpt":{"rendered":"<p>Comfenalco Valle Delagente Ahora que haces parte de nuestra Caja de Compensaci\u00f3n Familiar, te invitamos a conocer los servicios que tienes disponibles y la forma de acceder a ellos. Por favor selecciona tu tipo de afiliaci\u00f3n: Gu\u00eda para Empresas Clic para iniciar Gu\u00eda para independientes y contratistas Conoce m\u00e1s Gu\u00eda para pensionados Ver m\u00e1s Gu\u00eda [&hellip;]<\/p>","protected":false},"author":6,"featured_media":0,"parent":0,"menu_order":0,"comment_status":"closed","ping_status":"closed","template":"","meta":{"footnotes":""},"class_list":["post-600272","page","type-page","status-publish","hentry"],"yoast_head":"<!-- This site is optimized with the Yoast SEO Premium plugin v25.9 (Yoast SEO v25.9) - https:\/\/yoast.com\/wordpress\/plugins\/seo\/ -->\n<title>Bienvenido a la Gu\u00eda Virtual - Comfenalco Valle Delagente<\/title>\n<meta name=\"robots\" content=\"index, follow, max-snippet:-1, max-image-preview:large, max-video-preview:-1\" \/>\n<link rel=\"canonical\" href=\"https:\/\/www.comfenalcovalle.com.co\/induccion-afiliacion\/\" \/>\n<meta property=\"og:locale\" content=\"en_US\" \/>\n<meta property=\"og:type\" content=\"article\" \/>\n<meta property=\"og:title\" content=\"Bienvenido a la Gu\u00eda Virtual\" \/>\n<meta property=\"og:description\" content=\"Comfenalco Valle Delagente Ahora que haces parte de nuestra Caja de Compensaci\u00f3n Familiar, te invitamos a conocer los servicios que tienes disponibles y la forma de acceder a ellos. Por favor selecciona tu tipo de afiliaci\u00f3n: Gu\u00eda para Empresas Clic para iniciar Gu\u00eda para independientes y contratistas Conoce m\u00e1s Gu\u00eda para pensionados Ver m\u00e1s Gu\u00eda [&hellip;]\" \/>\n<meta property=\"og:url\" content=\"https:\/\/www.comfenalcovalle.com.co\/induccion-afiliacion\/\" \/>\n<meta property=\"og:site_name\" content=\"Comfenalco Valle Delagente\" \/>\n<meta property=\"article:modified_time\" content=\"2026-04-07T22:19:01+00:00\" \/>\n<meta property=\"og:image\" content=\"https:\/\/test.comfenalcovalle.com.co\/wp-content\/uploads\/2023\/06\/induccion-virtual-empresas.webp\" \/>\n\t<meta property=\"og:image:width\" content=\"464\" \/>\n\t<meta property=\"og:image:height\" content=\"309\" \/>\n\t<meta property=\"og:image:type\" content=\"image\/webp\" \/>\n<meta name=\"twitter:card\" content=\"summary_large_image\" \/>\n<meta name=\"twitter:label1\" content=\"Est. reading time\" \/>\n\t<meta name=\"twitter:data1\" content=\"2 minutes\" \/>\n<script type=\"application\/ld+json\" class=\"yoast-schema-graph\">{\"@context\":\"https:\/\/schema.org\",\"@graph\":[{\"@type\":\"WebPage\",\"@id\":\"https:\/\/www.comfenalcovalle.com.co\/induccion-afiliacion\/\",\"url\":\"https:\/\/www.comfenalcovalle.com.co\/induccion-afiliacion\/\",\"name\":\"Bienvenido a la Gu\u00eda Virtual - Comfenalco Valle Delagente\",\"isPartOf\":{\"@id\":\"https:\/\/www.comfenalcovalle.com.co\/#website\"},\"primaryImageOfPage\":{\"@id\":\"https:\/\/www.comfenalcovalle.com.co\/induccion-afiliacion\/#primaryimage\"},\"image\":{\"@id\":\"https:\/\/www.comfenalcovalle.com.co\/induccion-afiliacion\/#primaryimage\"},\"thumbnailUrl\":\"https:\/\/test.comfenalcovalle.com.co\/wp-content\/uploads\/2023\/06\/induccion-virtual-empresas.webp\",\"datePublished\":\"2022-10-20T20:46:00+00:00\",\"dateModified\":\"2026-04-07T22:19:01+00:00\",\"breadcrumb\":{\"@id\":\"https:\/\/www.comfenalcovalle.com.co\/induccion-afiliacion\/#breadcrumb\"},\"inLanguage\":\"en-US\",\"potentialAction\":[{\"@type\":\"ReadAction\",\"target\":[\"https:\/\/www.comfenalcovalle.com.co\/induccion-afiliacion\/\"]}]},{\"@type\":\"ImageObject\",\"inLanguage\":\"en-US\",\"@id\":\"https:\/\/www.comfenalcovalle.com.co\/induccion-afiliacion\/#primaryimage\",\"url\":\"https:\/\/test.comfenalcovalle.com.co\/wp-content\/uploads\/2023\/06\/induccion-virtual-empresas.webp\",\"contentUrl\":\"https:\/\/test.comfenalcovalle.com.co\/wp-content\/uploads\/2023\/06\/induccion-virtual-empresas.webp\"},{\"@type\":\"BreadcrumbList\",\"@id\":\"https:\/\/www.comfenalcovalle.com.co\/induccion-afiliacion\/#breadcrumb\",\"itemListElement\":[{\"@type\":\"ListItem\",\"position\":1,\"name\":\"Portada\",\"item\":\"https:\/\/www.comfenalcovalle.com.co\/\"},{\"@type\":\"ListItem\",\"position\":2,\"name\":\"Bienvenido a la Gu\u00eda Virtual\"}]},{\"@type\":\"WebSite\",\"@id\":\"https:\/\/www.comfenalcovalle.com.co\/#website\",\"url\":\"https:\/\/www.comfenalcovalle.com.co\/\",\"name\":\"Comfenalco Valle Delagente\",\"description\":\"Caja de compensaci\u00f3n de Comfenalco Valle Delagente.\",\"publisher\":{\"@id\":\"https:\/\/www.comfenalcovalle.com.co\/#organization\"},\"potentialAction\":[{\"@type\":\"SearchAction\",\"target\":{\"@type\":\"EntryPoint\",\"urlTemplate\":\"https:\/\/www.comfenalcovalle.com.co\/?s={search_term_string}\"},\"query-input\":{\"@type\":\"PropertyValueSpecification\",\"valueRequired\":true,\"valueName\":\"search_term_string\"}}],\"inLanguage\":\"en-US\"},{\"@type\":\"Organization\",\"@id\":\"https:\/\/www.comfenalcovalle.com.co\/#organization\",\"name\":\"Comfenalco Valle Delagente\",\"url\":\"https:\/\/www.comfenalcovalle.com.co\/\",\"logo\":{\"@type\":\"ImageObject\",\"inLanguage\":\"en-US\",\"@id\":\"https:\/\/www.comfenalcovalle.com.co\/#\/schema\/logo\/image\/\",\"url\":\"https:\/\/test.comfenalcovalle.com.co\/wp-content\/uploads\/2021\/06\/logo-comfe-cabecera-agencia-empelo-actualizado.png\",\"contentUrl\":\"https:\/\/test.comfenalcovalle.com.co\/wp-content\/uploads\/2021\/06\/logo-comfe-cabecera-agencia-empelo-actualizado.png\",\"width\":500,\"height\":184,\"caption\":\"Comfenalco Valle Delagente\"},\"image\":{\"@id\":\"https:\/\/www.comfenalcovalle.com.co\/#\/schema\/logo\/image\/\"}}]}<\/script>\n<!-- \/ Yoast SEO Premium plugin. -->","yoast_head_json":{"title":"Bienvenido a la Gu\u00eda Virtual - Comfenalco Valle Delagente","robots":{"index":"index","follow":"follow","max-snippet":"max-snippet:-1","max-image-preview":"max-image-preview:large","max-video-preview":"max-video-preview:-1"},"canonical":"https:\/\/www.comfenalcovalle.com.co\/induccion-afiliacion\/","og_locale":"en_US","og_type":"article","og_title":"Bienvenido a la Gu\u00eda Virtual","og_description":"Comfenalco Valle Delagente Ahora que haces parte de nuestra Caja de Compensaci\u00f3n Familiar, te invitamos a conocer los servicios que tienes disponibles y la forma de acceder a ellos. Por favor selecciona tu tipo de afiliaci\u00f3n: Gu\u00eda para Empresas Clic para iniciar Gu\u00eda para independientes y contratistas Conoce m\u00e1s Gu\u00eda para pensionados Ver m\u00e1s Gu\u00eda [&hellip;]","og_url":"https:\/\/www.comfenalcovalle.com.co\/induccion-afiliacion\/","og_site_name":"Comfenalco Valle Delagente","article_modified_time":"2026-04-07T22:19:01+00:00","og_image":[{"width":464,"height":309,"url":"https:\/\/test.comfenalcovalle.com.co\/wp-content\/uploads\/2023\/06\/induccion-virtual-empresas.webp","type":"image\/webp"}],"twitter_card":"summary_large_image","twitter_misc":{"Est. reading time":"2 minutes"},"schema":{"@context":"https:\/\/schema.org","@graph":[{"@type":"WebPage","@id":"https:\/\/www.comfenalcovalle.com.co\/induccion-afiliacion\/","url":"https:\/\/www.comfenalcovalle.com.co\/induccion-afiliacion\/","name":"Bienvenido a la Gu\u00eda Virtual - Comfenalco Valle Delagente","isPartOf":{"@id":"https:\/\/www.comfenalcovalle.com.co\/#website"},"primaryImageOfPage":{"@id":"https:\/\/www.comfenalcovalle.com.co\/induccion-afiliacion\/#primaryimage"},"image":{"@id":"https:\/\/www.comfenalcovalle.com.co\/induccion-afiliacion\/#primaryimage"},"thumbnailUrl":"https:\/\/test.comfenalcovalle.com.co\/wp-content\/uploads\/2023\/06\/induccion-virtual-empresas.webp","datePublished":"2022-10-20T20:46:00+00:00","dateModified":"2026-04-07T22:19:01+00:00","breadcrumb":{"@id":"https:\/\/www.comfenalcovalle.com.co\/induccion-afiliacion\/#breadcrumb"},"inLanguage":"en-US","potentialAction":[{"@type":"ReadAction","target":["https:\/\/www.comfenalcovalle.com.co\/induccion-afiliacion\/"]}]},{"@type":"ImageObject","inLanguage":"en-US","@id":"https:\/\/www.comfenalcovalle.com.co\/induccion-afiliacion\/#primaryimage","url":"https:\/\/test.comfenalcovalle.com.co\/wp-content\/uploads\/2023\/06\/induccion-virtual-empresas.webp","contentUrl":"https:\/\/test.comfenalcovalle.com.co\/wp-content\/uploads\/2023\/06\/induccion-virtual-empresas.webp"},{"@type":"BreadcrumbList","@id":"https:\/\/www.comfenalcovalle.com.co\/induccion-afiliacion\/#breadcrumb","itemListElement":[{"@type":"ListItem","position":1,"name":"Portada","item":"https:\/\/www.comfenalcovalle.com.co\/"},{"@type":"ListItem","position":2,"name":"Bienvenido a la Gu\u00eda Virtual"}]},{"@type":"WebSite","@id":"https:\/\/www.comfenalcovalle.com.co\/#website","url":"https:\/\/www.comfenalcovalle.com.co\/","name":"Comfenalco Valle Delagente","description":"Comfenalco Valle Delagente compensation fund.","publisher":{"@id":"https:\/\/www.comfenalcovalle.com.co\/#organization"},"potentialAction":[{"@type":"SearchAction","target":{"@type":"EntryPoint","urlTemplate":"https:\/\/www.comfenalcovalle.com.co\/?s={search_term_string}"},"query-input":{"@type":"PropertyValueSpecification","valueRequired":true,"valueName":"search_term_string"}}],"inLanguage":"en-US"},{"@type":"Organization","@id":"https:\/\/www.comfenalcovalle.com.co\/#organization","name":"Comfenalco Valle Delagente","url":"https:\/\/www.comfenalcovalle.com.co\/","logo":{"@type":"ImageObject","inLanguage":"en-US","@id":"https:\/\/www.comfenalcovalle.com.co\/#\/schema\/logo\/image\/","url":"https:\/\/test.comfenalcovalle.com.co\/wp-content\/uploads\/2021\/06\/logo-comfe-cabecera-agencia-empelo-actualizado.png","contentUrl":"https:\/\/test.comfenalcovalle.com.co\/wp-content\/uploads\/2021\/06\/logo-comfe-cabecera-agencia-empelo-actualizado.png","width":500,"height":184,"caption":"Comfenalco Valle Delagente"},"image":{"@id":"https:\/\/www.comfenalcovalle.com.co\/#\/schema\/logo\/image\/"}}]}},"publishpress_future_action":{"enabled":false,"date":"2026-05-10 06:42:33","action":"change-status","newStatus":"draft","terms":[],"taxonomy":"","extraData":[]},"publishpress_future_workflow_manual_trigger":{"enabledWorkflows":[]},"_links":{"self":[{"href":"https:\/\/test.comfenalcovalle.com.co\/en\/wp-json\/wp\/v2\/pages\/600272","targetHints":{"allow":["GET"]}}],"collection":[{"href":"https:\/\/test.comfenalcovalle.com.co\/en\/wp-json\/wp\/v2\/pages"}],"about":[{"href":"https:\/\/test.comfenalcovalle.com.co\/en\/wp-json\/wp\/v2\/types\/page"}],"author":[{"embeddable":true,"href":"https:\/\/test.comfenalcovalle.com.co\/en\/wp-json\/wp\/v2\/users\/6"}],"replies":[{"embeddable":true,"href":"https:\/\/test.comfenalcovalle.com.co\/en\/wp-json\/wp\/v2\/comments?post=600272"}],"version-history":[{"count":0,"href":"https:\/\/test.comfenalcovalle.com.co\/en\/wp-json\/wp\/v2\/pages\/600272\/revisions"}],"wp:attachment":[{"href":"https:\/\/test.comfenalcovalle.com.co\/en\/wp-json\/wp\/v2\/media?parent=600272"}],"curies":[{"name":"wp","href":"https:\/\/api.w.org\/{rel}","templated":true}]}}