{"id":589784,"date":"2022-05-27T14:19:05","date_gmt":"2022-05-27T19:19:05","guid":{"rendered":"https:\/\/test.comfenalcovalle.com.co\/?page_id=589784"},"modified":"2023-12-14T11:08:33","modified_gmt":"2023-12-14T16:08:33","slug":"como-pueden-contactarnos-los-proveedores","status":"publish","type":"page","link":"https:\/\/test.comfenalcovalle.com.co\/en\/proveedores\/como-pueden-contactarnos-los-proveedores\/","title":{"rendered":"How can suppliers contact us?"},"content":{"rendered":"<div data-elementor-type=\"wp-page\" data-elementor-id=\"589784\" class=\"elementor elementor-589784\" data-elementor-post-type=\"page\">\n\t\t\t\t\t\t<main class=\"elementor-section elementor-top-section elementor-element elementor-element-ad98bb6 elementor-section-boxed elementor-section-height-default elementor-section-height-default\" data-id=\"ad98bb6\" data-element_type=\"section\">\n\t\t\t\t\t\t<div class=\"elementor-container elementor-column-gap-default\">\n\t\t\t\t\t<div class=\"elementor-column elementor-col-33 elementor-top-column elementor-element elementor-element-aa6e58e\" data-id=\"aa6e58e\" data-element_type=\"column\">\n\t\t\t<div class=\"elementor-widget-wrap elementor-element-populated\">\n\t\t\t\t\t\t<div class=\"elementor-element elementor-element-41e710d elementor-widget elementor-widget-image\" data-id=\"41e710d\" data-element_type=\"widget\" data-widget_type=\"image.default\">\n\t\t\t\t<div class=\"elementor-widget-container\">\n\t\t\t\t\t\t\t\t\t\t\t\t\t\t\t<img fetchpriority=\"high\" decoding=\"async\" width=\"1280\" height=\"854\" src=\"https:\/\/test.comfenalcovalle.com.co\/wp-content\/uploads\/2022\/05\/handshake-business-men-concept-scaled-1.jpeg\" class=\"attachment-full size-full wp-image-589744\" alt=\"\" srcset=\"https:\/\/test.comfenalcovalle.com.co\/wp-content\/uploads\/2022\/05\/handshake-business-men-concept-scaled-1.jpeg 1280w, https:\/\/test.comfenalcovalle.com.co\/wp-content\/uploads\/2022\/05\/handshake-business-men-concept-scaled-1-300x200.jpeg 300w, https:\/\/test.comfenalcovalle.com.co\/wp-content\/uploads\/2022\/05\/handshake-business-men-concept-scaled-1-1024x683.jpeg 1024w, https:\/\/test.comfenalcovalle.com.co\/wp-content\/uploads\/2022\/05\/handshake-business-men-concept-scaled-1-768x512.jpeg 768w, https:\/\/test.comfenalcovalle.com.co\/wp-content\/uploads\/2022\/05\/handshake-business-men-concept-scaled-1-18x12.jpeg 18w\" sizes=\"(max-width: 1280px) 100vw, 1280px\" \/>\t\t\t\t\t\t\t\t\t\t\t\t\t\t\t<\/div>\n\t\t\t\t<\/div>\n\t\t\t\t\t<\/div>\n\t\t<\/div>\n\t\t\t\t<div class=\"elementor-column elementor-col-66 elementor-top-column elementor-element elementor-element-37100f4\" data-id=\"37100f4\" data-element_type=\"column\">\n\t\t\t<div class=\"elementor-widget-wrap elementor-element-populated\">\n\t\t\t\t\t\t<div class=\"elementor-element elementor-element-a8e67c9 jet-breadcrumbs-align-left jet-breadcrumbs-align-mobile-center elementor-widget elementor-widget-jet-breadcrumbs\" data-id=\"a8e67c9\" data-element_type=\"widget\" data-widget_type=\"jet-breadcrumbs.default\">\n\t\t\t\t<div class=\"elementor-widget-container\">\n\t\t\t\t\t<div class=\"elementor-jet-breadcrumbs jet-blocks\">\n\t\t<div class=\"jet-breadcrumbs\">\n\t\t<div class=\"jet-breadcrumbs__content\">\n\t\t<div class=\"jet-breadcrumbs__wrap\"><div class=\"jet-breadcrumbs__item\"><a href=\"https:\/\/test.comfenalcovalle.com.co\/en\/\" class=\"jet-breadcrumbs__item-link is-home\" rel=\"home\" title=\"Comfenalco Valle Delagente\">Comfenalco Valle Delagente<\/a><\/div>\n\t\t<\/div>\n\t\t<\/div>\n\t\t<\/div><\/div>\t\t\t\t<\/div>\n\t\t\t\t<\/div>\n\t\t\t\t<div class=\"elementor-element elementor-element-55a892c elementor-widget elementor-widget-text-editor\" data-id=\"55a892c\" data-element_type=\"widget\" data-widget_type=\"text-editor.default\">\n\t\t\t\t<div class=\"elementor-widget-container\">\n\t\t\t\t\t\t\t\t\t<p>Para comunicarse con el proceso de Contrataci\u00f3n y Compras de Bienes &amp; Servicios de Comfenalco Valle Delagente, puede escribirnos al correo <strong>contratacionycomprascorporativas@comfenalcovalle.com.co<\/strong>\u00a0o ir a nuestros puntos de atenci\u00f3n presencial.<\/p><ul><li>Oficina de Contrataci\u00f3n y Compras B&amp;S ubicada en el Centro Recreacional Ca\u00f1asgordas, horario de atenci\u00f3n de 7:30 a.m.\u00a0 a 12:00 m. y 1:00 p.m. a 4:30p.m.<\/li><li>\u00c1rea de Gesti\u00f3n Documental en la sede principal, Casa Administrativa 1 ubicada en la Calle 6 No. 6 &#8211; 63 , horario de atenci\u00f3n de 8:00 a.m. a 12:00 m. \u2013 1:00 p.m. a 4:00 p.m.<\/li><\/ul>\t\t\t\t\t\t\t\t<\/div>\n\t\t\t\t<\/div>\n\t\t\t\t<div class=\"elementor-element elementor-element-b71e85c elementor-widget elementor-widget-spacer\" data-id=\"b71e85c\" data-element_type=\"widget\" data-widget_type=\"spacer.default\">\n\t\t\t\t<div class=\"elementor-widget-container\">\n\t\t\t\t\t\t\t<div class=\"elementor-spacer\">\n\t\t\t<div class=\"elementor-spacer-inner\"><\/div>\n\t\t<\/div>\n\t\t\t\t\t\t<\/div>\n\t\t\t\t<\/div>\n\t\t\t\t\t<\/div>\n\t\t<\/div>\n\t\t\t\t\t<\/div>\n\t\t<\/main>\n\t\t\t\t<\/div>","protected":false},"excerpt":{"rendered":"<p>Comfenalco Valle Delagente Para comunicarse con el proceso de Contrataci\u00f3n y Compras de Bienes &amp; Servicios de Comfenalco Valle Delagente, puede escribirnos al correo contratacionycomprascorporativas@comfenalcovalle.com.co\u00a0o ir a nuestros puntos de atenci\u00f3n presencial. Oficina de Contrataci\u00f3n y Compras B&amp;S ubicada en el Centro Recreacional Ca\u00f1asgordas, horario de atenci\u00f3n de 7:30 a.m.\u00a0 a 12:00 m. y 1:00 [&hellip;]<\/p>","protected":false},"author":1,"featured_media":0,"parent":1595,"menu_order":0,"comment_status":"closed","ping_status":"closed","template":"","meta":{"footnotes":""},"class_list":["post-589784","page","type-page","status-publish","hentry"],"yoast_head":"<!-- This site is optimized with the Yoast SEO Premium plugin v25.9 (Yoast SEO v25.9) - https:\/\/yoast.com\/wordpress\/plugins\/seo\/ -->\n<title>\u00bfComo pueden contactarnos los proveedores? - Comfenalco Valle Delagente<\/title>\n<meta name=\"robots\" content=\"index, follow, max-snippet:-1, max-image-preview:large, max-video-preview:-1\" \/>\n<link rel=\"canonical\" href=\"https:\/\/www.comfenalcovalle.com.co\/proveedores\/como-pueden-contactarnos-los-proveedores\/\" \/>\n<meta property=\"og:locale\" content=\"en_US\" \/>\n<meta property=\"og:type\" content=\"article\" \/>\n<meta property=\"og:title\" content=\"\u00bfComo pueden contactarnos los proveedores?\" \/>\n<meta property=\"og:description\" content=\"Comfenalco Valle Delagente Para comunicarse con el proceso de Contrataci\u00f3n y Compras de Bienes &amp; Servicios de Comfenalco Valle Delagente, puede escribirnos al correo contratacionycomprascorporativas@comfenalcovalle.com.co\u00a0o ir a nuestros puntos de atenci\u00f3n presencial. Oficina de Contrataci\u00f3n y Compras B&amp;S ubicada en el Centro Recreacional Ca\u00f1asgordas, horario de atenci\u00f3n de 7:30 a.m.\u00a0 a 12:00 m. y 1:00 [&hellip;]\" \/>\n<meta property=\"og:url\" content=\"https:\/\/www.comfenalcovalle.com.co\/proveedores\/como-pueden-contactarnos-los-proveedores\/\" \/>\n<meta property=\"og:site_name\" content=\"Comfenalco Valle Delagente\" \/>\n<meta property=\"article:modified_time\" content=\"2023-12-14T16:08:33+00:00\" \/>\n<meta property=\"og:image\" content=\"https:\/\/www.comfenalcovalle.com.co\/wp-content\/uploads\/2022\/05\/handshake-business-men-concept-scaled-1.jpeg\" \/>\n<meta name=\"twitter:card\" content=\"summary_large_image\" \/>\n<meta name=\"twitter:label1\" content=\"Est. reading time\" \/>\n\t<meta name=\"twitter:data1\" content=\"1 minute\" \/>\n<script type=\"application\/ld+json\" class=\"yoast-schema-graph\">{\"@context\":\"https:\/\/schema.org\",\"@graph\":[{\"@type\":\"WebPage\",\"@id\":\"https:\/\/www.comfenalcovalle.com.co\/proveedores\/como-pueden-contactarnos-los-proveedores\/\",\"url\":\"https:\/\/www.comfenalcovalle.com.co\/proveedores\/como-pueden-contactarnos-los-proveedores\/\",\"name\":\"\u00bfComo pueden contactarnos los proveedores? - Comfenalco Valle Delagente\",\"isPartOf\":{\"@id\":\"https:\/\/www.comfenalcovalle.com.co\/#website\"},\"primaryImageOfPage\":{\"@id\":\"https:\/\/www.comfenalcovalle.com.co\/proveedores\/como-pueden-contactarnos-los-proveedores\/#primaryimage\"},\"image\":{\"@id\":\"https:\/\/www.comfenalcovalle.com.co\/proveedores\/como-pueden-contactarnos-los-proveedores\/#primaryimage\"},\"thumbnailUrl\":\"https:\/\/test.comfenalcovalle.com.co\/wp-content\/uploads\/2022\/05\/handshake-business-men-concept-scaled-1.jpeg\",\"datePublished\":\"2022-05-27T19:19:05+00:00\",\"dateModified\":\"2023-12-14T16:08:33+00:00\",\"breadcrumb\":{\"@id\":\"https:\/\/www.comfenalcovalle.com.co\/proveedores\/como-pueden-contactarnos-los-proveedores\/#breadcrumb\"},\"inLanguage\":\"en-US\",\"potentialAction\":[{\"@type\":\"ReadAction\",\"target\":[\"https:\/\/www.comfenalcovalle.com.co\/proveedores\/como-pueden-contactarnos-los-proveedores\/\"]}]},{\"@type\":\"ImageObject\",\"inLanguage\":\"en-US\",\"@id\":\"https:\/\/www.comfenalcovalle.com.co\/proveedores\/como-pueden-contactarnos-los-proveedores\/#primaryimage\",\"url\":\"https:\/\/test.comfenalcovalle.com.co\/wp-content\/uploads\/2022\/05\/handshake-business-men-concept-scaled-1.jpeg\",\"contentUrl\":\"https:\/\/test.comfenalcovalle.com.co\/wp-content\/uploads\/2022\/05\/handshake-business-men-concept-scaled-1.jpeg\"},{\"@type\":\"BreadcrumbList\",\"@id\":\"https:\/\/www.comfenalcovalle.com.co\/proveedores\/como-pueden-contactarnos-los-proveedores\/#breadcrumb\",\"itemListElement\":[{\"@type\":\"ListItem\",\"position\":1,\"name\":\"Portada\",\"item\":\"https:\/\/www.comfenalcovalle.com.co\/\"},{\"@type\":\"ListItem\",\"position\":2,\"name\":\"Proveedores\",\"item\":\"https:\/\/www.comfenalcovalle.com.co\/proveedores\/\"},{\"@type\":\"ListItem\",\"position\":3,\"name\":\"\u00bfComo pueden contactarnos los proveedores?\"}]},{\"@type\":\"WebSite\",\"@id\":\"https:\/\/www.comfenalcovalle.com.co\/#website\",\"url\":\"https:\/\/www.comfenalcovalle.com.co\/\",\"name\":\"Comfenalco Valle Delagente\",\"description\":\"Caja de compensaci\u00f3n de Comfenalco Valle Delagente.\",\"publisher\":{\"@id\":\"https:\/\/www.comfenalcovalle.com.co\/#organization\"},\"potentialAction\":[{\"@type\":\"SearchAction\",\"target\":{\"@type\":\"EntryPoint\",\"urlTemplate\":\"https:\/\/www.comfenalcovalle.com.co\/?s={search_term_string}\"},\"query-input\":{\"@type\":\"PropertyValueSpecification\",\"valueRequired\":true,\"valueName\":\"search_term_string\"}}],\"inLanguage\":\"en-US\"},{\"@type\":\"Organization\",\"@id\":\"https:\/\/www.comfenalcovalle.com.co\/#organization\",\"name\":\"Comfenalco Valle Delagente\",\"url\":\"https:\/\/www.comfenalcovalle.com.co\/\",\"logo\":{\"@type\":\"ImageObject\",\"inLanguage\":\"en-US\",\"@id\":\"https:\/\/www.comfenalcovalle.com.co\/#\/schema\/logo\/image\/\",\"url\":\"https:\/\/test.comfenalcovalle.com.co\/wp-content\/uploads\/2021\/06\/logo-comfe-cabecera-agencia-empelo-actualizado.png\",\"contentUrl\":\"https:\/\/test.comfenalcovalle.com.co\/wp-content\/uploads\/2021\/06\/logo-comfe-cabecera-agencia-empelo-actualizado.png\",\"width\":500,\"height\":184,\"caption\":\"Comfenalco Valle Delagente\"},\"image\":{\"@id\":\"https:\/\/www.comfenalcovalle.com.co\/#\/schema\/logo\/image\/\"}}]}<\/script>\n<!-- \/ Yoast SEO Premium plugin. -->","yoast_head_json":{"title":"\u00bfComo pueden contactarnos los proveedores? - Comfenalco Valle Delagente","robots":{"index":"index","follow":"follow","max-snippet":"max-snippet:-1","max-image-preview":"max-image-preview:large","max-video-preview":"max-video-preview:-1"},"canonical":"https:\/\/www.comfenalcovalle.com.co\/proveedores\/como-pueden-contactarnos-los-proveedores\/","og_locale":"en_US","og_type":"article","og_title":"\u00bfComo pueden contactarnos los proveedores?","og_description":"Comfenalco Valle Delagente Para comunicarse con el proceso de Contrataci\u00f3n y Compras de Bienes &amp; Servicios de Comfenalco Valle Delagente, puede escribirnos al correo contratacionycomprascorporativas@comfenalcovalle.com.co\u00a0o ir a nuestros puntos de atenci\u00f3n presencial. Oficina de Contrataci\u00f3n y Compras B&amp;S ubicada en el Centro Recreacional Ca\u00f1asgordas, horario de atenci\u00f3n de 7:30 a.m.\u00a0 a 12:00 m. y 1:00 [&hellip;]","og_url":"https:\/\/www.comfenalcovalle.com.co\/proveedores\/como-pueden-contactarnos-los-proveedores\/","og_site_name":"Comfenalco Valle Delagente","article_modified_time":"2023-12-14T16:08:33+00:00","og_image":[{"url":"https:\/\/www.comfenalcovalle.com.co\/wp-content\/uploads\/2022\/05\/handshake-business-men-concept-scaled-1.jpeg","type":"","width":"","height":""}],"twitter_card":"summary_large_image","twitter_misc":{"Est. reading time":"1 minute"},"schema":{"@context":"https:\/\/schema.org","@graph":[{"@type":"WebPage","@id":"https:\/\/www.comfenalcovalle.com.co\/proveedores\/como-pueden-contactarnos-los-proveedores\/","url":"https:\/\/www.comfenalcovalle.com.co\/proveedores\/como-pueden-contactarnos-los-proveedores\/","name":"\u00bfComo pueden contactarnos los proveedores? - Comfenalco Valle Delagente","isPartOf":{"@id":"https:\/\/www.comfenalcovalle.com.co\/#website"},"primaryImageOfPage":{"@id":"https:\/\/www.comfenalcovalle.com.co\/proveedores\/como-pueden-contactarnos-los-proveedores\/#primaryimage"},"image":{"@id":"https:\/\/www.comfenalcovalle.com.co\/proveedores\/como-pueden-contactarnos-los-proveedores\/#primaryimage"},"thumbnailUrl":"https:\/\/test.comfenalcovalle.com.co\/wp-content\/uploads\/2022\/05\/handshake-business-men-concept-scaled-1.jpeg","datePublished":"2022-05-27T19:19:05+00:00","dateModified":"2023-12-14T16:08:33+00:00","breadcrumb":{"@id":"https:\/\/www.comfenalcovalle.com.co\/proveedores\/como-pueden-contactarnos-los-proveedores\/#breadcrumb"},"inLanguage":"en-US","potentialAction":[{"@type":"ReadAction","target":["https:\/\/www.comfenalcovalle.com.co\/proveedores\/como-pueden-contactarnos-los-proveedores\/"]}]},{"@type":"ImageObject","inLanguage":"en-US","@id":"https:\/\/www.comfenalcovalle.com.co\/proveedores\/como-pueden-contactarnos-los-proveedores\/#primaryimage","url":"https:\/\/test.comfenalcovalle.com.co\/wp-content\/uploads\/2022\/05\/handshake-business-men-concept-scaled-1.jpeg","contentUrl":"https:\/\/test.comfenalcovalle.com.co\/wp-content\/uploads\/2022\/05\/handshake-business-men-concept-scaled-1.jpeg"},{"@type":"BreadcrumbList","@id":"https:\/\/www.comfenalcovalle.com.co\/proveedores\/como-pueden-contactarnos-los-proveedores\/#breadcrumb","itemListElement":[{"@type":"ListItem","position":1,"name":"Portada","item":"https:\/\/www.comfenalcovalle.com.co\/"},{"@type":"ListItem","position":2,"name":"Proveedores","item":"https:\/\/www.comfenalcovalle.com.co\/proveedores\/"},{"@type":"ListItem","position":3,"name":"\u00bfComo pueden contactarnos los proveedores?"}]},{"@type":"WebSite","@id":"https:\/\/www.comfenalcovalle.com.co\/#website","url":"https:\/\/www.comfenalcovalle.com.co\/","name":"Comfenalco Valle Delagente","description":"Comfenalco Valle Delagente compensation fund.","publisher":{"@id":"https:\/\/www.comfenalcovalle.com.co\/#organization"},"potentialAction":[{"@type":"SearchAction","target":{"@type":"EntryPoint","urlTemplate":"https:\/\/www.comfenalcovalle.com.co\/?s={search_term_string}"},"query-input":{"@type":"PropertyValueSpecification","valueRequired":true,"valueName":"search_term_string"}}],"inLanguage":"en-US"},{"@type":"Organization","@id":"https:\/\/www.comfenalcovalle.com.co\/#organization","name":"Comfenalco Valle Delagente","url":"https:\/\/www.comfenalcovalle.com.co\/","logo":{"@type":"ImageObject","inLanguage":"en-US","@id":"https:\/\/www.comfenalcovalle.com.co\/#\/schema\/logo\/image\/","url":"https:\/\/test.comfenalcovalle.com.co\/wp-content\/uploads\/2021\/06\/logo-comfe-cabecera-agencia-empelo-actualizado.png","contentUrl":"https:\/\/test.comfenalcovalle.com.co\/wp-content\/uploads\/2021\/06\/logo-comfe-cabecera-agencia-empelo-actualizado.png","width":500,"height":184,"caption":"Comfenalco Valle Delagente"},"image":{"@id":"https:\/\/www.comfenalcovalle.com.co\/#\/schema\/logo\/image\/"}}]}},"publishpress_future_action":{"enabled":false,"date":"2026-05-10 13:50:48","action":"change-status","newStatus":"draft","terms":[],"taxonomy":"","extraData":[]},"publishpress_future_workflow_manual_trigger":{"enabledWorkflows":[]},"_links":{"self":[{"href":"https:\/\/test.comfenalcovalle.com.co\/en\/wp-json\/wp\/v2\/pages\/589784","targetHints":{"allow":["GET"]}}],"collection":[{"href":"https:\/\/test.comfenalcovalle.com.co\/en\/wp-json\/wp\/v2\/pages"}],"about":[{"href":"https:\/\/test.comfenalcovalle.com.co\/en\/wp-json\/wp\/v2\/types\/page"}],"author":[{"embeddable":true,"href":"https:\/\/test.comfenalcovalle.com.co\/en\/wp-json\/wp\/v2\/users\/1"}],"replies":[{"embeddable":true,"href":"https:\/\/test.comfenalcovalle.com.co\/en\/wp-json\/wp\/v2\/comments?post=589784"}],"version-history":[{"count":0,"href":"https:\/\/test.comfenalcovalle.com.co\/en\/wp-json\/wp\/v2\/pages\/589784\/revisions"}],"up":[{"embeddable":true,"href":"https:\/\/test.comfenalcovalle.com.co\/en\/wp-json\/wp\/v2\/pages\/1595"}],"wp:attachment":[{"href":"https:\/\/test.comfenalcovalle.com.co\/en\/wp-json\/wp\/v2\/media?parent=589784"}],"curies":[{"name":"wp","href":"https:\/\/api.w.org\/{rel}","templated":true}]}}