{"id":589778,"date":"2022-05-27T14:14:14","date_gmt":"2022-05-27T19:14:14","guid":{"rendered":"https:\/\/test.comfenalcovalle.com.co\/?page_id=589778"},"modified":"2024-04-26T14:43:38","modified_gmt":"2024-04-26T19:43:38","slug":"que-documentos-se-requieren-para-ser-proveedor","status":"publish","type":"page","link":"https:\/\/test.comfenalcovalle.com.co\/en\/proveedores\/que-documentos-se-requieren-para-ser-proveedor\/","title":{"rendered":"What documents are required to be a supplier?"},"content":{"rendered":"<div data-elementor-type=\"wp-page\" data-elementor-id=\"589778\" class=\"elementor elementor-589778\" data-elementor-post-type=\"page\">\n\t\t\t\t\t\t<main class=\"elementor-section elementor-top-section elementor-element elementor-element-2f2fe3d elementor-section-boxed elementor-section-height-default elementor-section-height-default\" data-id=\"2f2fe3d\" data-element_type=\"section\">\n\t\t\t\t\t\t<div class=\"elementor-container elementor-column-gap-default\">\n\t\t\t\t\t<div class=\"elementor-column elementor-col-100 elementor-top-column elementor-element elementor-element-d9a0c2c\" data-id=\"d9a0c2c\" data-element_type=\"column\">\n\t\t\t<div class=\"elementor-widget-wrap elementor-element-populated\">\n\t\t\t\t\t\t<section class=\"elementor-section elementor-inner-section elementor-element elementor-element-d980e49 elementor-section-boxed elementor-section-height-default elementor-section-height-default\" data-id=\"d980e49\" data-element_type=\"section\">\n\t\t\t\t\t\t<div class=\"elementor-container elementor-column-gap-default\">\n\t\t\t\t\t<div class=\"elementor-column elementor-col-50 elementor-inner-column elementor-element elementor-element-ea3fd85\" data-id=\"ea3fd85\" data-element_type=\"column\">\n\t\t\t<div class=\"elementor-widget-wrap elementor-element-populated\">\n\t\t\t\t\t\t<div class=\"elementor-element elementor-element-89aa04b elementor-widget elementor-widget-image\" data-id=\"89aa04b\" data-element_type=\"widget\" data-widget_type=\"image.default\">\n\t\t\t\t<div class=\"elementor-widget-container\">\n\t\t\t\t\t\t\t\t\t\t\t\t\t\t\t<img fetchpriority=\"high\" decoding=\"async\" width=\"1280\" height=\"853\" src=\"https:\/\/test.comfenalcovalle.com.co\/wp-content\/uploads\/2022\/05\/business-men-sitting-at-the-lawyers-s-desk-people-signing-important-documents-scaled-1.jpeg\" class=\"attachment-full size-full wp-image-589745\" alt=\"Declaraci\u00f3n juramentada\" srcset=\"https:\/\/test.comfenalcovalle.com.co\/wp-content\/uploads\/2022\/05\/business-men-sitting-at-the-lawyers-s-desk-people-signing-important-documents-scaled-1.jpeg 1280w, https:\/\/test.comfenalcovalle.com.co\/wp-content\/uploads\/2022\/05\/business-men-sitting-at-the-lawyers-s-desk-people-signing-important-documents-scaled-1-300x200.jpeg 300w, https:\/\/test.comfenalcovalle.com.co\/wp-content\/uploads\/2022\/05\/business-men-sitting-at-the-lawyers-s-desk-people-signing-important-documents-scaled-1-1024x682.jpeg 1024w, https:\/\/test.comfenalcovalle.com.co\/wp-content\/uploads\/2022\/05\/business-men-sitting-at-the-lawyers-s-desk-people-signing-important-documents-scaled-1-768x512.jpeg 768w, https:\/\/test.comfenalcovalle.com.co\/wp-content\/uploads\/2022\/05\/business-men-sitting-at-the-lawyers-s-desk-people-signing-important-documents-scaled-1-18x12.jpeg 18w\" sizes=\"(max-width: 1280px) 100vw, 1280px\" \/>\t\t\t\t\t\t\t\t\t\t\t\t\t\t\t<\/div>\n\t\t\t\t<\/div>\n\t\t\t\t\t<\/div>\n\t\t<\/div>\n\t\t\t\t<div class=\"elementor-column elementor-col-50 elementor-inner-column elementor-element elementor-element-9214d44\" data-id=\"9214d44\" data-element_type=\"column\">\n\t\t\t<div class=\"elementor-widget-wrap elementor-element-populated\">\n\t\t\t\t\t\t<div class=\"elementor-element elementor-element-fea154a jet-breadcrumbs-align-left jet-breadcrumbs-align-mobile-center elementor-widget elementor-widget-jet-breadcrumbs\" data-id=\"fea154a\" data-element_type=\"widget\" data-widget_type=\"jet-breadcrumbs.default\">\n\t\t\t\t<div class=\"elementor-widget-container\">\n\t\t\t\t\t<div class=\"elementor-jet-breadcrumbs jet-blocks\">\n\t\t<div class=\"jet-breadcrumbs\">\n\t\t<div class=\"jet-breadcrumbs__content\">\n\t\t<div class=\"jet-breadcrumbs__wrap\"><div class=\"jet-breadcrumbs__item\"><a href=\"https:\/\/test.comfenalcovalle.com.co\/en\/\" class=\"jet-breadcrumbs__item-link is-home\" rel=\"home\" title=\"Comfenalco Valle Delagente\">Comfenalco Valle Delagente<\/a><\/div>\n\t\t<\/div>\n\t\t<\/div>\n\t\t<\/div><\/div>\t\t\t\t<\/div>\n\t\t\t\t<\/div>\n\t\t\t\t<div class=\"elementor-element elementor-element-32895c6 elementor-widget elementor-widget-text-editor\" data-id=\"32895c6\" data-element_type=\"widget\" data-widget_type=\"text-editor.default\">\n\t\t\t\t<div class=\"elementor-widget-container\">\n\t\t\t\t\t\t\t\t\t<p>The registration of Suppliers and\/or Contractors allows us to carry out the contracting and purchasing processes more smoothly. Next, we detail the necessary requirements to belong to our base of potential suppliers:<\/p>\t\t\t\t\t\t\t\t<\/div>\n\t\t\t\t<\/div>\n\t\t\t\t\t<\/div>\n\t\t<\/div>\n\t\t\t\t\t<\/div>\n\t\t<\/section>\n\t\t\t\t<div class=\"elementor-element elementor-element-7d43ab6 elementor-widget elementor-widget-heading\" data-id=\"7d43ab6\" data-element_type=\"widget\" data-widget_type=\"heading.default\">\n\t\t\t\t<div class=\"elementor-widget-container\">\n\t\t\t\t\t<p class=\"elementor-heading-title elementor-size-default\">Fill out the registration form <b>https:\/\/test.comfenalcovalle.com.co\/personas\/convenios\/formulario-registro-potenciales-proveedores\/<\/b> and provide the following documentation:<\/p>\t\t\t\t<\/div>\n\t\t\t\t<\/div>\n\t\t\t\t<div class=\"elementor-element elementor-element-c85bc30 elementor-widget elementor-widget-text-editor\" data-id=\"c85bc30\" data-element_type=\"widget\" data-widget_type=\"text-editor.default\">\n\t\t\t\t<div class=\"elementor-widget-container\">\n\t\t\t\t\t\t\t\t\t<p><strong><u>Initial Documents:<\/u><\/strong><\/p><p><strong>Legal or Natural Person:\u00a0 <\/strong><\/p><ul><li>RUT valid for the fiscal year.<\/li><li>Proposal or Portfolio<\/li><\/ul>\t\t\t\t\t\t\t\t<\/div>\n\t\t\t\t<\/div>\n\t\t\t\t<div class=\"elementor-element elementor-element-64597e9 elementor-widget elementor-widget-spacer\" data-id=\"64597e9\" data-element_type=\"widget\" data-widget_type=\"spacer.default\">\n\t\t\t\t<div class=\"elementor-widget-container\">\n\t\t\t\t\t\t\t<div class=\"elementor-spacer\">\n\t\t\t<div class=\"elementor-spacer-inner\"><\/div>\n\t\t<\/div>\n\t\t\t\t\t\t<\/div>\n\t\t\t\t<\/div>\n\t\t\t\t\t<\/div>\n\t\t<\/div>\n\t\t\t\t\t<\/div>\n\t\t<\/main>\n\t\t\t\t<\/div>","protected":false},"excerpt":{"rendered":"<p>Comfenalco Valle Delagente El registro de Proveedores y\/o Contratistas, nos permite llevar a cabo los procesos de contrataci\u00f3n y compras de manera m\u00e1s fluida. A continuaci\u00f3n, detallamos los requisitos necesarios para pertenecer a nuestra base de potenciales proveedores: Diligenciar el formulario de registro https:\/\/test.comfenalcovalle.com.co\/personas\/convenios\/formulario-registro-potenciales-proveedores\/ y aportar la siguiente documentaci\u00f3n: Documentos Iniciales: Persona Jur\u00eddica o Natural:&nbsp; [&hellip;]<\/p>","protected":false},"author":1,"featured_media":0,"parent":1595,"menu_order":0,"comment_status":"closed","ping_status":"closed","template":"","meta":{"footnotes":""},"class_list":["post-589778","page","type-page","status-publish","hentry"],"yoast_head":"<!-- This site is optimized with the Yoast SEO Premium plugin v25.9 (Yoast SEO v25.9) - https:\/\/yoast.com\/wordpress\/plugins\/seo\/ -->\n<title>\u00bfQu\u00e9 documentos se requieren para ser proveedor? - Comfenalco Valle Delagente<\/title>\n<meta name=\"robots\" content=\"index, follow, max-snippet:-1, max-image-preview:large, max-video-preview:-1\" \/>\n<link rel=\"canonical\" href=\"https:\/\/www.comfenalcovalle.com.co\/proveedores\/que-documentos-se-requieren-para-ser-proveedor\/\" \/>\n<meta property=\"og:locale\" content=\"en_US\" \/>\n<meta property=\"og:type\" content=\"article\" \/>\n<meta property=\"og:title\" content=\"\u00bfQu\u00e9 documentos se requieren para ser proveedor?\" \/>\n<meta property=\"og:description\" content=\"Comfenalco Valle Delagente El registro de Proveedores y\/o Contratistas, nos permite llevar a cabo los procesos de contrataci\u00f3n y compras de manera m\u00e1s fluida. A continuaci\u00f3n, detallamos los requisitos necesarios para pertenecer a nuestra base de potenciales proveedores: Diligenciar el formulario de registro https:\/\/test.comfenalcovalle.com.co\/personas\/convenios\/formulario-registro-potenciales-proveedores\/ y aportar la siguiente documentaci\u00f3n: Documentos Iniciales: Persona Jur\u00eddica o Natural:&nbsp; [&hellip;]\" \/>\n<meta property=\"og:url\" content=\"https:\/\/www.comfenalcovalle.com.co\/proveedores\/que-documentos-se-requieren-para-ser-proveedor\/\" \/>\n<meta property=\"og:site_name\" content=\"Comfenalco Valle Delagente\" \/>\n<meta property=\"article:modified_time\" content=\"2024-04-26T19:43:38+00:00\" \/>\n<meta property=\"og:image\" content=\"https:\/\/www.comfenalcovalle.com.co\/wp-content\/uploads\/2022\/05\/business-men-sitting-at-the-lawyers-s-desk-people-signing-important-documents-scaled-1.jpeg\" \/>\n<meta name=\"twitter:card\" content=\"summary_large_image\" \/>\n<meta name=\"twitter:label1\" content=\"Est. reading time\" \/>\n\t<meta name=\"twitter:data1\" content=\"1 minute\" \/>\n<script type=\"application\/ld+json\" class=\"yoast-schema-graph\">{\"@context\":\"https:\/\/schema.org\",\"@graph\":[{\"@type\":\"WebPage\",\"@id\":\"https:\/\/www.comfenalcovalle.com.co\/proveedores\/que-documentos-se-requieren-para-ser-proveedor\/\",\"url\":\"https:\/\/www.comfenalcovalle.com.co\/proveedores\/que-documentos-se-requieren-para-ser-proveedor\/\",\"name\":\"\u00bfQu\u00e9 documentos se requieren para ser proveedor? - Comfenalco Valle Delagente\",\"isPartOf\":{\"@id\":\"https:\/\/www.comfenalcovalle.com.co\/#website\"},\"primaryImageOfPage\":{\"@id\":\"https:\/\/www.comfenalcovalle.com.co\/proveedores\/que-documentos-se-requieren-para-ser-proveedor\/#primaryimage\"},\"image\":{\"@id\":\"https:\/\/www.comfenalcovalle.com.co\/proveedores\/que-documentos-se-requieren-para-ser-proveedor\/#primaryimage\"},\"thumbnailUrl\":\"https:\/\/test.comfenalcovalle.com.co\/wp-content\/uploads\/2022\/05\/business-men-sitting-at-the-lawyers-s-desk-people-signing-important-documents-scaled-1.jpeg\",\"datePublished\":\"2022-05-27T19:14:14+00:00\",\"dateModified\":\"2024-04-26T19:43:38+00:00\",\"breadcrumb\":{\"@id\":\"https:\/\/www.comfenalcovalle.com.co\/proveedores\/que-documentos-se-requieren-para-ser-proveedor\/#breadcrumb\"},\"inLanguage\":\"en-US\",\"potentialAction\":[{\"@type\":\"ReadAction\",\"target\":[\"https:\/\/www.comfenalcovalle.com.co\/proveedores\/que-documentos-se-requieren-para-ser-proveedor\/\"]}]},{\"@type\":\"ImageObject\",\"inLanguage\":\"en-US\",\"@id\":\"https:\/\/www.comfenalcovalle.com.co\/proveedores\/que-documentos-se-requieren-para-ser-proveedor\/#primaryimage\",\"url\":\"https:\/\/test.comfenalcovalle.com.co\/wp-content\/uploads\/2022\/05\/business-men-sitting-at-the-lawyers-s-desk-people-signing-important-documents-scaled-1.jpeg\",\"contentUrl\":\"https:\/\/test.comfenalcovalle.com.co\/wp-content\/uploads\/2022\/05\/business-men-sitting-at-the-lawyers-s-desk-people-signing-important-documents-scaled-1.jpeg\"},{\"@type\":\"BreadcrumbList\",\"@id\":\"https:\/\/www.comfenalcovalle.com.co\/proveedores\/que-documentos-se-requieren-para-ser-proveedor\/#breadcrumb\",\"itemListElement\":[{\"@type\":\"ListItem\",\"position\":1,\"name\":\"Portada\",\"item\":\"https:\/\/www.comfenalcovalle.com.co\/\"},{\"@type\":\"ListItem\",\"position\":2,\"name\":\"Proveedores\",\"item\":\"https:\/\/www.comfenalcovalle.com.co\/proveedores\/\"},{\"@type\":\"ListItem\",\"position\":3,\"name\":\"\u00bfQu\u00e9 documentos se requieren para ser proveedor?\"}]},{\"@type\":\"WebSite\",\"@id\":\"https:\/\/www.comfenalcovalle.com.co\/#website\",\"url\":\"https:\/\/www.comfenalcovalle.com.co\/\",\"name\":\"Comfenalco Valle Delagente\",\"description\":\"Caja de compensaci\u00f3n de Comfenalco Valle Delagente.\",\"publisher\":{\"@id\":\"https:\/\/www.comfenalcovalle.com.co\/#organization\"},\"potentialAction\":[{\"@type\":\"SearchAction\",\"target\":{\"@type\":\"EntryPoint\",\"urlTemplate\":\"https:\/\/www.comfenalcovalle.com.co\/?s={search_term_string}\"},\"query-input\":{\"@type\":\"PropertyValueSpecification\",\"valueRequired\":true,\"valueName\":\"search_term_string\"}}],\"inLanguage\":\"en-US\"},{\"@type\":\"Organization\",\"@id\":\"https:\/\/www.comfenalcovalle.com.co\/#organization\",\"name\":\"Comfenalco Valle Delagente\",\"url\":\"https:\/\/www.comfenalcovalle.com.co\/\",\"logo\":{\"@type\":\"ImageObject\",\"inLanguage\":\"en-US\",\"@id\":\"https:\/\/www.comfenalcovalle.com.co\/#\/schema\/logo\/image\/\",\"url\":\"https:\/\/test.comfenalcovalle.com.co\/wp-content\/uploads\/2021\/06\/logo-comfe-cabecera-agencia-empelo-actualizado.png\",\"contentUrl\":\"https:\/\/test.comfenalcovalle.com.co\/wp-content\/uploads\/2021\/06\/logo-comfe-cabecera-agencia-empelo-actualizado.png\",\"width\":500,\"height\":184,\"caption\":\"Comfenalco Valle Delagente\"},\"image\":{\"@id\":\"https:\/\/www.comfenalcovalle.com.co\/#\/schema\/logo\/image\/\"}}]}<\/script>\n<!-- \/ Yoast SEO Premium plugin. -->","yoast_head_json":{"title":"\u00bfQu\u00e9 documentos se requieren para ser proveedor? - Comfenalco Valle Delagente","robots":{"index":"index","follow":"follow","max-snippet":"max-snippet:-1","max-image-preview":"max-image-preview:large","max-video-preview":"max-video-preview:-1"},"canonical":"https:\/\/www.comfenalcovalle.com.co\/proveedores\/que-documentos-se-requieren-para-ser-proveedor\/","og_locale":"en_US","og_type":"article","og_title":"\u00bfQu\u00e9 documentos se requieren para ser proveedor?","og_description":"Comfenalco Valle Delagente El registro de Proveedores y\/o Contratistas, nos permite llevar a cabo los procesos de contrataci\u00f3n y compras de manera m\u00e1s fluida. A continuaci\u00f3n, detallamos los requisitos necesarios para pertenecer a nuestra base de potenciales proveedores: Diligenciar el formulario de registro https:\/\/test.comfenalcovalle.com.co\/personas\/convenios\/formulario-registro-potenciales-proveedores\/ y aportar la siguiente documentaci\u00f3n: Documentos Iniciales: Persona Jur\u00eddica o Natural:&nbsp; [&hellip;]","og_url":"https:\/\/www.comfenalcovalle.com.co\/proveedores\/que-documentos-se-requieren-para-ser-proveedor\/","og_site_name":"Comfenalco Valle Delagente","article_modified_time":"2024-04-26T19:43:38+00:00","og_image":[{"url":"https:\/\/www.comfenalcovalle.com.co\/wp-content\/uploads\/2022\/05\/business-men-sitting-at-the-lawyers-s-desk-people-signing-important-documents-scaled-1.jpeg","type":"","width":"","height":""}],"twitter_card":"summary_large_image","twitter_misc":{"Est. reading time":"1 minute"},"schema":{"@context":"https:\/\/schema.org","@graph":[{"@type":"WebPage","@id":"https:\/\/www.comfenalcovalle.com.co\/proveedores\/que-documentos-se-requieren-para-ser-proveedor\/","url":"https:\/\/www.comfenalcovalle.com.co\/proveedores\/que-documentos-se-requieren-para-ser-proveedor\/","name":"\u00bfQu\u00e9 documentos se requieren para ser proveedor? - Comfenalco Valle Delagente","isPartOf":{"@id":"https:\/\/www.comfenalcovalle.com.co\/#website"},"primaryImageOfPage":{"@id":"https:\/\/www.comfenalcovalle.com.co\/proveedores\/que-documentos-se-requieren-para-ser-proveedor\/#primaryimage"},"image":{"@id":"https:\/\/www.comfenalcovalle.com.co\/proveedores\/que-documentos-se-requieren-para-ser-proveedor\/#primaryimage"},"thumbnailUrl":"https:\/\/test.comfenalcovalle.com.co\/wp-content\/uploads\/2022\/05\/business-men-sitting-at-the-lawyers-s-desk-people-signing-important-documents-scaled-1.jpeg","datePublished":"2022-05-27T19:14:14+00:00","dateModified":"2024-04-26T19:43:38+00:00","breadcrumb":{"@id":"https:\/\/www.comfenalcovalle.com.co\/proveedores\/que-documentos-se-requieren-para-ser-proveedor\/#breadcrumb"},"inLanguage":"en-US","potentialAction":[{"@type":"ReadAction","target":["https:\/\/www.comfenalcovalle.com.co\/proveedores\/que-documentos-se-requieren-para-ser-proveedor\/"]}]},{"@type":"ImageObject","inLanguage":"en-US","@id":"https:\/\/www.comfenalcovalle.com.co\/proveedores\/que-documentos-se-requieren-para-ser-proveedor\/#primaryimage","url":"https:\/\/test.comfenalcovalle.com.co\/wp-content\/uploads\/2022\/05\/business-men-sitting-at-the-lawyers-s-desk-people-signing-important-documents-scaled-1.jpeg","contentUrl":"https:\/\/test.comfenalcovalle.com.co\/wp-content\/uploads\/2022\/05\/business-men-sitting-at-the-lawyers-s-desk-people-signing-important-documents-scaled-1.jpeg"},{"@type":"BreadcrumbList","@id":"https:\/\/www.comfenalcovalle.com.co\/proveedores\/que-documentos-se-requieren-para-ser-proveedor\/#breadcrumb","itemListElement":[{"@type":"ListItem","position":1,"name":"Portada","item":"https:\/\/www.comfenalcovalle.com.co\/"},{"@type":"ListItem","position":2,"name":"Proveedores","item":"https:\/\/www.comfenalcovalle.com.co\/proveedores\/"},{"@type":"ListItem","position":3,"name":"\u00bfQu\u00e9 documentos se requieren para ser proveedor?"}]},{"@type":"WebSite","@id":"https:\/\/www.comfenalcovalle.com.co\/#website","url":"https:\/\/www.comfenalcovalle.com.co\/","name":"Comfenalco Valle Delagente","description":"Comfenalco Valle Delagente compensation fund.","publisher":{"@id":"https:\/\/www.comfenalcovalle.com.co\/#organization"},"potentialAction":[{"@type":"SearchAction","target":{"@type":"EntryPoint","urlTemplate":"https:\/\/www.comfenalcovalle.com.co\/?s={search_term_string}"},"query-input":{"@type":"PropertyValueSpecification","valueRequired":true,"valueName":"search_term_string"}}],"inLanguage":"en-US"},{"@type":"Organization","@id":"https:\/\/www.comfenalcovalle.com.co\/#organization","name":"Comfenalco Valle Delagente","url":"https:\/\/www.comfenalcovalle.com.co\/","logo":{"@type":"ImageObject","inLanguage":"en-US","@id":"https:\/\/www.comfenalcovalle.com.co\/#\/schema\/logo\/image\/","url":"https:\/\/test.comfenalcovalle.com.co\/wp-content\/uploads\/2021\/06\/logo-comfe-cabecera-agencia-empelo-actualizado.png","contentUrl":"https:\/\/test.comfenalcovalle.com.co\/wp-content\/uploads\/2021\/06\/logo-comfe-cabecera-agencia-empelo-actualizado.png","width":500,"height":184,"caption":"Comfenalco Valle Delagente"},"image":{"@id":"https:\/\/www.comfenalcovalle.com.co\/#\/schema\/logo\/image\/"}}]}},"publishpress_future_action":{"enabled":false,"date":"2026-05-08 11:19:48","action":"change-status","newStatus":"draft","terms":[],"taxonomy":"","extraData":[]},"publishpress_future_workflow_manual_trigger":{"enabledWorkflows":[]},"_links":{"self":[{"href":"https:\/\/test.comfenalcovalle.com.co\/en\/wp-json\/wp\/v2\/pages\/589778","targetHints":{"allow":["GET"]}}],"collection":[{"href":"https:\/\/test.comfenalcovalle.com.co\/en\/wp-json\/wp\/v2\/pages"}],"about":[{"href":"https:\/\/test.comfenalcovalle.com.co\/en\/wp-json\/wp\/v2\/types\/page"}],"author":[{"embeddable":true,"href":"https:\/\/test.comfenalcovalle.com.co\/en\/wp-json\/wp\/v2\/users\/1"}],"replies":[{"embeddable":true,"href":"https:\/\/test.comfenalcovalle.com.co\/en\/wp-json\/wp\/v2\/comments?post=589778"}],"version-history":[{"count":0,"href":"https:\/\/test.comfenalcovalle.com.co\/en\/wp-json\/wp\/v2\/pages\/589778\/revisions"}],"up":[{"embeddable":true,"href":"https:\/\/test.comfenalcovalle.com.co\/en\/wp-json\/wp\/v2\/pages\/1595"}],"wp:attachment":[{"href":"https:\/\/test.comfenalcovalle.com.co\/en\/wp-json\/wp\/v2\/media?parent=589778"}],"curies":[{"name":"wp","href":"https:\/\/api.w.org\/{rel}","templated":true}]}}