{"id":49267,"date":"2023-03-01T08:00:00","date_gmt":"2023-03-01T13:00:00","guid":{"rendered":"https:\/\/test.comfenalcovalle.com.co\/?page_id=49267"},"modified":"2025-11-20T14:25:54","modified_gmt":"2025-11-20T19:25:54","slug":"buzon-de-notificaciones-judiciales","status":"publish","type":"page","link":"https:\/\/test.comfenalcovalle.com.co\/en\/personas\/servicio-al-cliente\/buzon-de-notificaciones-judiciales\/","title":{"rendered":"Mailbox for judicial notices"},"content":{"rendered":"<div data-elementor-type=\"wp-page\" data-elementor-id=\"49267\" class=\"elementor elementor-49267\" data-elementor-post-type=\"page\">\n\t\t\t\t<div class=\"elementor-element elementor-element-44cca66 e-flex e-con-boxed e-con e-parent\" data-id=\"44cca66\" data-element_type=\"container\">\n\t\t\t\t\t<div class=\"e-con-inner\">\n\t\t<div class=\"elementor-element elementor-element-df6b925 e-con-full e-flex e-con e-child\" data-id=\"df6b925\" data-element_type=\"container\">\n\t\t<div class=\"elementor-element elementor-element-08d1979 e-con-full e-flex e-con e-child\" data-id=\"08d1979\" data-element_type=\"container\" data-settings=\"{&quot;background_background&quot;:&quot;classic&quot;}\">\n\t\t\t\t<div class=\"elementor-element elementor-element-649b14b elementor-widget elementor-widget-spacer\" data-id=\"649b14b\" data-element_type=\"widget\" data-widget_type=\"spacer.default\">\n\t\t\t\t<div class=\"elementor-widget-container\">\n\t\t\t\t\t\t\t<div class=\"elementor-spacer\">\n\t\t\t<div class=\"elementor-spacer-inner\"><\/div>\n\t\t<\/div>\n\t\t\t\t\t\t<\/div>\n\t\t\t\t<\/div>\n\t\t\t\t<\/div>\n\t\t<div class=\"elementor-element elementor-element-c177a7c e-con-full e-flex e-con e-child\" data-id=\"c177a7c\" data-element_type=\"container\">\n\t\t\t\t<div class=\"elementor-element elementor-element-9456787 jet-breadcrumbs-align-left jet-breadcrumbs-align-mobile-center elementor-widget elementor-widget-jet-breadcrumbs\" data-id=\"9456787\" data-element_type=\"widget\" data-widget_type=\"jet-breadcrumbs.default\">\n\t\t\t\t<div class=\"elementor-widget-container\">\n\t\t\t\t\t<div class=\"elementor-jet-breadcrumbs jet-blocks\">\n\t\t<div class=\"jet-breadcrumbs\">\n\t\t<div class=\"jet-breadcrumbs__content\">\n\t\t<div class=\"jet-breadcrumbs__wrap\"><div class=\"jet-breadcrumbs__item\"><a href=\"https:\/\/test.comfenalcovalle.com.co\/en\/\" class=\"jet-breadcrumbs__item-link is-home\" rel=\"home\" title=\"Beginning\">Beginning<\/a><\/div>\n\t\t<\/div>\n\t\t<\/div>\n\t\t<\/div><\/div>\t\t\t\t<\/div>\n\t\t\t\t<\/div>\n\t\t\t\t<div class=\"elementor-element elementor-element-51632f3 elementor-widget elementor-widget-text-editor\" data-id=\"51632f3\" data-element_type=\"widget\" data-widget_type=\"text-editor.default\">\n\t\t\t\t<div class=\"elementor-widget-container\">\n\t\t\t\t\t\t\t\t\t<p>The Family Compensation Fund of Valle del Cauca Comfenalco Valle Delagente, is allowed to inform that, for the purposes of judicial notifications, the following emails have been enabled:<\/p>\t\t\t\t\t\t\t\t<\/div>\n\t\t\t\t<\/div>\n\t\t\t\t<\/div>\n\t\t\t\t<\/div>\n\t\t<div class=\"elementor-element elementor-element-f696de1 e-con-full e-flex e-con e-child\" data-id=\"f696de1\" data-element_type=\"container\">\n\t\t<div class=\"elementor-element elementor-element-8a55043 e-con-full e-flex e-con e-child\" data-id=\"8a55043\" data-element_type=\"container\">\n\t\t\t\t<div class=\"elementor-element elementor-element-c2f5d31 elementor-view-stacked elementor-position-left elementor-vertical-align-middle elementor-shape-circle elementor-mobile-position-top elementor-widget elementor-widget-icon-box\" data-id=\"c2f5d31\" data-element_type=\"widget\" data-widget_type=\"icon-box.default\">\n\t\t\t\t<div class=\"elementor-widget-container\">\n\t\t\t\t\t\t\t<div class=\"elementor-icon-box-wrapper\">\n\n\t\t\t\t\t\t<div class=\"elementor-icon-box-icon\">\n\t\t\t\t<span  class=\"elementor-icon elementor-animation-shrink\">\n\t\t\t\t<i aria-hidden=\"true\" class=\"fas fa-balance-scale\"><\/i>\t\t\t\t<\/span>\n\t\t\t<\/div>\n\t\t\t\n\t\t\t\t\t\t<div class=\"elementor-icon-box-content\">\n\n\t\t\t\t\n\t\t\t\t\t\t\t\t\t<p class=\"elementor-icon-box-description\">\n\t\t\t\t\t\tPara contactarte con el <b>Mailbox for the Comfenalco Valle Delagente Family Compensation Fund:<\/b>\t\t\t\t\t<\/p>\n\t\t\t\t\n\t\t\t<\/div>\n\t\t\t\n\t\t<\/div>\n\t\t\t\t\t\t<\/div>\n\t\t\t\t<\/div>\n\t\t\t\t<div class=\"elementor-element elementor-element-5a14fe3 elementor-widget elementor-widget-text-editor\" data-id=\"5a14fe3\" data-element_type=\"widget\" data-widget_type=\"text-editor.default\">\n\t\t\t\t<div class=\"elementor-widget-container\">\n\t\t\t\t\t\t\t\t\t<p><strong><a href=\"mailto:notificacionescajadecompensacion@comfenalcovalle.com.co\" target=\"_blank\" rel=\"noopener\">notificacionescajadecompensacion@comfenalcovalle.com.co<\/a><\/strong><\/p>\t\t\t\t\t\t\t\t<\/div>\n\t\t\t\t<\/div>\n\t\t\t\t<\/div>\n\t\t<div class=\"elementor-element elementor-element-eb873c8 e-con-full e-flex e-con e-child\" data-id=\"eb873c8\" data-element_type=\"container\">\n\t\t\t\t<div class=\"elementor-element elementor-element-cd18d0c elementor-view-stacked elementor-position-left elementor-vertical-align-middle elementor-shape-circle elementor-mobile-position-top elementor-widget elementor-widget-icon-box\" data-id=\"cd18d0c\" data-element_type=\"widget\" data-widget_type=\"icon-box.default\">\n\t\t\t\t<div class=\"elementor-widget-container\">\n\t\t\t\t\t\t\t<div class=\"elementor-icon-box-wrapper\">\n\n\t\t\t\t\t\t<div class=\"elementor-icon-box-icon\">\n\t\t\t\t<span  class=\"elementor-icon elementor-animation-shrink\">\n\t\t\t\t<i aria-hidden=\"true\" class=\"fas fa-laptop-medical\"><\/i>\t\t\t\t<\/span>\n\t\t\t<\/div>\n\t\t\t\n\t\t\t\t\t\t<div class=\"elementor-icon-box-content\">\n\n\t\t\t\t\n\t\t\t\t\t\t\t\t\t<p class=\"elementor-icon-box-description\">\n\t\t\t\t\t\tPara contactarte con el <b>Mailbox for Health Promotion Entity EPS Comfenalco Valle Delagente:<\/b>\t\t\t\t\t<\/p>\n\t\t\t\t\n\t\t\t<\/div>\n\t\t\t\n\t\t<\/div>\n\t\t\t\t\t\t<\/div>\n\t\t\t\t<\/div>\n\t\t\t\t<div class=\"elementor-element elementor-element-81d4bc2 elementor-widget elementor-widget-text-editor\" data-id=\"81d4bc2\" data-element_type=\"widget\" data-widget_type=\"text-editor.default\">\n\t\t\t\t<div class=\"elementor-widget-container\">\n\t\t\t\t\t\t\t\t\t<p>Para acciones de tutela, incidentes de desacato, fallos de tutela, requerimientos y dem\u00e1s notificaciones propias de estos tr\u00e1mites, escribir a: <strong><a href=\"mailto:notificacioneseps@epsdelagente.com.co\" target=\"_blank\" rel=\"noopener\">notificacioneseps@epsdelagente.com.co<\/a><\/strong><\/p><p>Para procesos judiciales adelantados en diferentes instancias y jurisdicciones, notificaciones de actuaciones procesales y dem\u00e1s notificaciones propias referente a demandas, escribir a: <strong><a href=\"mailto:notificacionesprocesosjudicialeseps@epsdelagente.com.co\">notificacionesprocesosjudicialeseps@epsdelagente.com.co<\/a><\/strong><\/p>\t\t\t\t\t\t\t\t<\/div>\n\t\t\t\t<\/div>\n\t\t\t\t<\/div>\n\t\t\t\t<\/div>\n\t\t<div class=\"elementor-element elementor-element-46ad079 e-con-full e-flex e-con e-child\" data-id=\"46ad079\" data-element_type=\"container\">\n\t\t\t\t<div class=\"elementor-element elementor-element-7b2419c elementor-widget elementor-widget-text-editor\" data-id=\"7b2419c\" data-element_type=\"widget\" data-widget_type=\"text-editor.default\">\n\t\t\t\t<div class=\"elementor-widget-container\">\n\t\t\t\t\t\t\t\t\t<p>These emails are the only means authorized for judicial purposes, which is why messages that do not correspond to matters of this order will not be processed by this means.<\/p>\t\t\t\t\t\t\t\t<\/div>\n\t\t\t\t<\/div>\n\t\t\t\t<div class=\"elementor-element elementor-element-5a38a64 elementor-widget elementor-widget-heading\" data-id=\"5a38a64\" data-element_type=\"widget\" data-widget_type=\"heading.default\">\n\t\t\t\t<div class=\"elementor-widget-container\">\n\t\t\t\t\t<h2 class=\"elementor-heading-title elementor-size-default\">Note that:<\/h2>\t\t\t\t<\/div>\n\t\t\t\t<\/div>\n\t\t\t\t<div class=\"elementor-element elementor-element-5068849 elementor-widget elementor-widget-text-editor\" data-id=\"5068849\" data-element_type=\"widget\" data-widget_type=\"text-editor.default\">\n\t\t\t\t<div class=\"elementor-widget-container\">\n\t\t\t\t\t\t\t\t\t<ol><li>These emails are exclusively used to receive notifications of judicial processes carried out by a judge, a notifier or an official authorized by Colombian law.<\/li><li>Judicial notifications have the objective of informing, in writing, the parties or third parties of the resolutions or orders of a judge through official letters, orders and sentences.<\/li><li>No communications other than judicial ones are filed through these emails from the notification mailbox. For complaints, claims or other requests for the services of Comfenalco Valle Delagente, you must contact the customer service channels for the<strong> <a href=\"https:\/\/test.comfenalcovalle.com.co\/en\/personas\/servicio-al-cliente\/formulario-pqrsf\/\">Filing of PQRSF Box<\/a>\u00a0and\u00a0<\/strong><a href=\"https:\/\/comfenalcovalle.com.co\/salud\/estados-financieros-eps\/contactanos-eps\/\"><strong>Contact us EPS<\/strong><\/a>. \u00a0\u00a0<\/li><\/ol>\t\t\t\t\t\t\t\t<\/div>\n\t\t\t\t<\/div>\n\t\t\t\t<div class=\"elementor-element elementor-element-502a88d elementor-alert-danger elementor-widget elementor-widget-alert\" data-id=\"502a88d\" data-element_type=\"widget\" data-widget_type=\"alert.default\">\n\t\t\t\t<div class=\"elementor-widget-container\">\n\t\t\t\t\t\t\t<div class=\"elementor-alert\" role=\"alert\">\n\n\t\t\t\t\t\t<span class=\"elementor-alert-title\">Filing hours:<\/span>\n\t\t\t\n\t\t\t\t\t\t<span class=\"elementor-alert-description\">Notifications will be filed from Monday to Friday from 8:00 a.m. to 5:00 p.m. (business days), therefore, if an email is received after 5:00 p.m. or on a non-business day, it is understood to have been received on the day next business<\/span>\n\t\t\t\n\t\t\t\n\t\t<\/div>\n\t\t\t\t\t\t<\/div>\n\t\t\t\t<\/div>\n\t\t\t\t<\/div>\n\t\t\t\t\t<\/div>\n\t\t\t\t<\/div>\n\t\t\t\t<\/div>","protected":false},"excerpt":{"rendered":"<p>Inicio La Caja de Compensaci\u00f3n Familiar del Valle del Cauca Comfenalco Valle Delagente, se permite informar que, para efectos de notificaciones judiciales, se han habilitado los siguientes correos electr\u00f3nicos: Para contactarte con el Buz\u00f3n para la Caja de Compensaci\u00f3n Familiar Comfenalco Valle Delagente: notificacionescajadecompensacion@comfenalcovalle.com.co Para contactarte con el Buz\u00f3n para Entidad Promotora de Salud EPS [&hellip;]<\/p>","protected":false},"author":1,"featured_media":20621,"parent":1714,"menu_order":0,"comment_status":"closed","ping_status":"closed","template":"elementor_header_footer","meta":{"footnotes":""},"class_list":["post-49267","page","type-page","status-publish","has-post-thumbnail","hentry"],"yoast_head":"<!-- This site is optimized with the Yoast SEO Premium plugin v25.9 (Yoast SEO v25.9) - https:\/\/yoast.com\/wordpress\/plugins\/seo\/ -->\n<title>Buz\u00f3n de notificaciones judiciales - Comfenalco Valle Delagente<\/title>\n<meta name=\"description\" content=\"se nos permite informar que, para efectos de notificaciones judiciales, se han habilitado los siguientes correos electr\u00f3nicos...\" \/>\n<meta name=\"robots\" content=\"index, follow, max-snippet:-1, max-image-preview:large, max-video-preview:-1\" \/>\n<link rel=\"canonical\" href=\"https:\/\/www.comfenalcovalle.com.co\/personas\/servicio-al-cliente\/buzon-de-notificaciones-judiciales\/\" \/>\n<meta property=\"og:locale\" content=\"en_US\" \/>\n<meta property=\"og:type\" content=\"article\" \/>\n<meta property=\"og:title\" content=\"Buz\u00f3n de notificaciones judiciales\" \/>\n<meta property=\"og:description\" content=\"se nos permite informar que, para efectos de notificaciones judiciales, se han habilitado los siguientes correos electr\u00f3nicos...\" \/>\n<meta property=\"og:url\" content=\"https:\/\/www.comfenalcovalle.com.co\/personas\/servicio-al-cliente\/buzon-de-notificaciones-judiciales\/\" \/>\n<meta property=\"og:site_name\" content=\"Comfenalco Valle Delagente\" \/>\n<meta property=\"article:modified_time\" content=\"2025-11-20T19:25:54+00:00\" \/>\n<meta property=\"og:image\" content=\"https:\/\/www.comfenalcovalle.com.co\/wp-content\/uploads\/2021\/06\/imagen-buzon-notificaciones-judiciales-1-3.jpg\" \/>\n\t<meta property=\"og:image:width\" content=\"1920\" \/>\n\t<meta property=\"og:image:height\" content=\"1257\" \/>\n\t<meta property=\"og:image:type\" content=\"image\/jpeg\" \/>\n<meta name=\"twitter:card\" content=\"summary_large_image\" \/>\n<meta name=\"twitter:label1\" content=\"Est. reading time\" \/>\n\t<meta name=\"twitter:data1\" content=\"2 minutes\" \/>\n<script type=\"application\/ld+json\" class=\"yoast-schema-graph\">{\"@context\":\"https:\/\/schema.org\",\"@graph\":[{\"@type\":\"WebPage\",\"@id\":\"https:\/\/www.comfenalcovalle.com.co\/personas\/servicio-al-cliente\/buzon-de-notificaciones-judiciales\/\",\"url\":\"https:\/\/www.comfenalcovalle.com.co\/personas\/servicio-al-cliente\/buzon-de-notificaciones-judiciales\/\",\"name\":\"Buz\u00f3n de notificaciones judiciales - Comfenalco Valle Delagente\",\"isPartOf\":{\"@id\":\"https:\/\/www.comfenalcovalle.com.co\/#website\"},\"primaryImageOfPage\":{\"@id\":\"https:\/\/www.comfenalcovalle.com.co\/personas\/servicio-al-cliente\/buzon-de-notificaciones-judiciales\/#primaryimage\"},\"image\":{\"@id\":\"https:\/\/www.comfenalcovalle.com.co\/personas\/servicio-al-cliente\/buzon-de-notificaciones-judiciales\/#primaryimage\"},\"thumbnailUrl\":\"https:\/\/test.comfenalcovalle.com.co\/wp-content\/uploads\/2021\/06\/imagen-buzon-notificaciones-judiciales-1-3.jpg\",\"datePublished\":\"2023-03-01T13:00:00+00:00\",\"dateModified\":\"2025-11-20T19:25:54+00:00\",\"description\":\"se nos permite informar que, para efectos de notificaciones judiciales, se han habilitado los siguientes correos electr\u00f3nicos...\",\"breadcrumb\":{\"@id\":\"https:\/\/www.comfenalcovalle.com.co\/personas\/servicio-al-cliente\/buzon-de-notificaciones-judiciales\/#breadcrumb\"},\"inLanguage\":\"en-US\",\"potentialAction\":[{\"@type\":\"ReadAction\",\"target\":[\"https:\/\/www.comfenalcovalle.com.co\/personas\/servicio-al-cliente\/buzon-de-notificaciones-judiciales\/\"]}]},{\"@type\":\"ImageObject\",\"inLanguage\":\"en-US\",\"@id\":\"https:\/\/www.comfenalcovalle.com.co\/personas\/servicio-al-cliente\/buzon-de-notificaciones-judiciales\/#primaryimage\",\"url\":\"https:\/\/test.comfenalcovalle.com.co\/wp-content\/uploads\/2021\/06\/imagen-buzon-notificaciones-judiciales-1-3.jpg\",\"contentUrl\":\"https:\/\/test.comfenalcovalle.com.co\/wp-content\/uploads\/2021\/06\/imagen-buzon-notificaciones-judiciales-1-3.jpg\",\"width\":1920,\"height\":1257,\"caption\":\"imagen-buzon-notificaciones-judiciales-1-3\"},{\"@type\":\"BreadcrumbList\",\"@id\":\"https:\/\/www.comfenalcovalle.com.co\/personas\/servicio-al-cliente\/buzon-de-notificaciones-judiciales\/#breadcrumb\",\"itemListElement\":[{\"@type\":\"ListItem\",\"position\":1,\"name\":\"Portada\",\"item\":\"https:\/\/www.comfenalcovalle.com.co\/\"},{\"@type\":\"ListItem\",\"position\":2,\"name\":\"Personas\",\"item\":\"https:\/\/www.comfenalcovalle.com.co\/\"},{\"@type\":\"ListItem\",\"position\":3,\"name\":\"Servicio al cliente\",\"item\":\"https:\/\/www.comfenalcovalle.com.co\/personas\/servicio-al-cliente\/\"},{\"@type\":\"ListItem\",\"position\":4,\"name\":\"Buz\u00f3n de notificaciones judiciales\"}]},{\"@type\":\"WebSite\",\"@id\":\"https:\/\/www.comfenalcovalle.com.co\/#website\",\"url\":\"https:\/\/www.comfenalcovalle.com.co\/\",\"name\":\"Comfenalco Valle Delagente\",\"description\":\"Caja de compensaci\u00f3n de Comfenalco Valle Delagente.\",\"publisher\":{\"@id\":\"https:\/\/www.comfenalcovalle.com.co\/#organization\"},\"potentialAction\":[{\"@type\":\"SearchAction\",\"target\":{\"@type\":\"EntryPoint\",\"urlTemplate\":\"https:\/\/www.comfenalcovalle.com.co\/?s={search_term_string}\"},\"query-input\":{\"@type\":\"PropertyValueSpecification\",\"valueRequired\":true,\"valueName\":\"search_term_string\"}}],\"inLanguage\":\"en-US\"},{\"@type\":\"Organization\",\"@id\":\"https:\/\/www.comfenalcovalle.com.co\/#organization\",\"name\":\"Comfenalco Valle Delagente\",\"url\":\"https:\/\/www.comfenalcovalle.com.co\/\",\"logo\":{\"@type\":\"ImageObject\",\"inLanguage\":\"en-US\",\"@id\":\"https:\/\/www.comfenalcovalle.com.co\/#\/schema\/logo\/image\/\",\"url\":\"https:\/\/test.comfenalcovalle.com.co\/wp-content\/uploads\/2021\/06\/logo-comfe-cabecera-agencia-empelo-actualizado.png\",\"contentUrl\":\"https:\/\/test.comfenalcovalle.com.co\/wp-content\/uploads\/2021\/06\/logo-comfe-cabecera-agencia-empelo-actualizado.png\",\"width\":500,\"height\":184,\"caption\":\"Comfenalco Valle Delagente\"},\"image\":{\"@id\":\"https:\/\/www.comfenalcovalle.com.co\/#\/schema\/logo\/image\/\"}}]}<\/script>\n<!-- \/ Yoast SEO Premium plugin. -->","yoast_head_json":{"title":"Buz\u00f3n de notificaciones judiciales - Comfenalco Valle Delagente","description":"se nos permite informar que, para efectos de notificaciones judiciales, se han habilitado los siguientes correos electr\u00f3nicos...","robots":{"index":"index","follow":"follow","max-snippet":"max-snippet:-1","max-image-preview":"max-image-preview:large","max-video-preview":"max-video-preview:-1"},"canonical":"https:\/\/www.comfenalcovalle.com.co\/personas\/servicio-al-cliente\/buzon-de-notificaciones-judiciales\/","og_locale":"en_US","og_type":"article","og_title":"Buz\u00f3n de notificaciones judiciales","og_description":"se nos permite informar que, para efectos de notificaciones judiciales, se han habilitado los siguientes correos electr\u00f3nicos...","og_url":"https:\/\/www.comfenalcovalle.com.co\/personas\/servicio-al-cliente\/buzon-de-notificaciones-judiciales\/","og_site_name":"Comfenalco Valle Delagente","article_modified_time":"2025-11-20T19:25:54+00:00","og_image":[{"width":1920,"height":1257,"url":"https:\/\/www.comfenalcovalle.com.co\/wp-content\/uploads\/2021\/06\/imagen-buzon-notificaciones-judiciales-1-3.jpg","type":"image\/jpeg"}],"twitter_card":"summary_large_image","twitter_misc":{"Est. reading time":"2 minutes"},"schema":{"@context":"https:\/\/schema.org","@graph":[{"@type":"WebPage","@id":"https:\/\/www.comfenalcovalle.com.co\/personas\/servicio-al-cliente\/buzon-de-notificaciones-judiciales\/","url":"https:\/\/www.comfenalcovalle.com.co\/personas\/servicio-al-cliente\/buzon-de-notificaciones-judiciales\/","name":"Buz\u00f3n de notificaciones judiciales - Comfenalco Valle Delagente","isPartOf":{"@id":"https:\/\/www.comfenalcovalle.com.co\/#website"},"primaryImageOfPage":{"@id":"https:\/\/www.comfenalcovalle.com.co\/personas\/servicio-al-cliente\/buzon-de-notificaciones-judiciales\/#primaryimage"},"image":{"@id":"https:\/\/www.comfenalcovalle.com.co\/personas\/servicio-al-cliente\/buzon-de-notificaciones-judiciales\/#primaryimage"},"thumbnailUrl":"https:\/\/test.comfenalcovalle.com.co\/wp-content\/uploads\/2021\/06\/imagen-buzon-notificaciones-judiciales-1-3.jpg","datePublished":"2023-03-01T13:00:00+00:00","dateModified":"2025-11-20T19:25:54+00:00","description":"se nos permite informar que, para efectos de notificaciones judiciales, se han habilitado los siguientes correos electr\u00f3nicos...","breadcrumb":{"@id":"https:\/\/www.comfenalcovalle.com.co\/personas\/servicio-al-cliente\/buzon-de-notificaciones-judiciales\/#breadcrumb"},"inLanguage":"en-US","potentialAction":[{"@type":"ReadAction","target":["https:\/\/www.comfenalcovalle.com.co\/personas\/servicio-al-cliente\/buzon-de-notificaciones-judiciales\/"]}]},{"@type":"ImageObject","inLanguage":"en-US","@id":"https:\/\/www.comfenalcovalle.com.co\/personas\/servicio-al-cliente\/buzon-de-notificaciones-judiciales\/#primaryimage","url":"https:\/\/test.comfenalcovalle.com.co\/wp-content\/uploads\/2021\/06\/imagen-buzon-notificaciones-judiciales-1-3.jpg","contentUrl":"https:\/\/test.comfenalcovalle.com.co\/wp-content\/uploads\/2021\/06\/imagen-buzon-notificaciones-judiciales-1-3.jpg","width":1920,"height":1257,"caption":"imagen-buzon-notificaciones-judiciales-1-3"},{"@type":"BreadcrumbList","@id":"https:\/\/www.comfenalcovalle.com.co\/personas\/servicio-al-cliente\/buzon-de-notificaciones-judiciales\/#breadcrumb","itemListElement":[{"@type":"ListItem","position":1,"name":"Portada","item":"https:\/\/www.comfenalcovalle.com.co\/"},{"@type":"ListItem","position":2,"name":"Personas","item":"https:\/\/www.comfenalcovalle.com.co\/"},{"@type":"ListItem","position":3,"name":"Servicio al cliente","item":"https:\/\/www.comfenalcovalle.com.co\/personas\/servicio-al-cliente\/"},{"@type":"ListItem","position":4,"name":"Buz\u00f3n de notificaciones judiciales"}]},{"@type":"WebSite","@id":"https:\/\/www.comfenalcovalle.com.co\/#website","url":"https:\/\/www.comfenalcovalle.com.co\/","name":"Comfenalco Valle Delagente","description":"Comfenalco Valle Delagente compensation fund.","publisher":{"@id":"https:\/\/www.comfenalcovalle.com.co\/#organization"},"potentialAction":[{"@type":"SearchAction","target":{"@type":"EntryPoint","urlTemplate":"https:\/\/www.comfenalcovalle.com.co\/?s={search_term_string}"},"query-input":{"@type":"PropertyValueSpecification","valueRequired":true,"valueName":"search_term_string"}}],"inLanguage":"en-US"},{"@type":"Organization","@id":"https:\/\/www.comfenalcovalle.com.co\/#organization","name":"Comfenalco Valle Delagente","url":"https:\/\/www.comfenalcovalle.com.co\/","logo":{"@type":"ImageObject","inLanguage":"en-US","@id":"https:\/\/www.comfenalcovalle.com.co\/#\/schema\/logo\/image\/","url":"https:\/\/test.comfenalcovalle.com.co\/wp-content\/uploads\/2021\/06\/logo-comfe-cabecera-agencia-empelo-actualizado.png","contentUrl":"https:\/\/test.comfenalcovalle.com.co\/wp-content\/uploads\/2021\/06\/logo-comfe-cabecera-agencia-empelo-actualizado.png","width":500,"height":184,"caption":"Comfenalco Valle Delagente"},"image":{"@id":"https:\/\/www.comfenalcovalle.com.co\/#\/schema\/logo\/image\/"}}]}},"publishpress_future_action":{"enabled":false,"date":"2026-05-08 11:49:47","action":"change-status","newStatus":"draft","terms":[],"taxonomy":"","extraData":[]},"publishpress_future_workflow_manual_trigger":{"enabledWorkflows":[]},"_links":{"self":[{"href":"https:\/\/test.comfenalcovalle.com.co\/en\/wp-json\/wp\/v2\/pages\/49267","targetHints":{"allow":["GET"]}}],"collection":[{"href":"https:\/\/test.comfenalcovalle.com.co\/en\/wp-json\/wp\/v2\/pages"}],"about":[{"href":"https:\/\/test.comfenalcovalle.com.co\/en\/wp-json\/wp\/v2\/types\/page"}],"author":[{"embeddable":true,"href":"https:\/\/test.comfenalcovalle.com.co\/en\/wp-json\/wp\/v2\/users\/1"}],"replies":[{"embeddable":true,"href":"https:\/\/test.comfenalcovalle.com.co\/en\/wp-json\/wp\/v2\/comments?post=49267"}],"version-history":[{"count":0,"href":"https:\/\/test.comfenalcovalle.com.co\/en\/wp-json\/wp\/v2\/pages\/49267\/revisions"}],"up":[{"embeddable":true,"href":"https:\/\/test.comfenalcovalle.com.co\/en\/wp-json\/wp\/v2\/pages\/1714"}],"wp:featuredmedia":[{"embeddable":true,"href":"https:\/\/test.comfenalcovalle.com.co\/en\/wp-json\/wp\/v2\/media\/20621"}],"wp:attachment":[{"href":"https:\/\/test.comfenalcovalle.com.co\/en\/wp-json\/wp\/v2\/media?parent=49267"}],"curies":[{"name":"wp","href":"https:\/\/api.w.org\/{rel}","templated":true}]}}