{"id":40606,"date":"2024-08-21T08:00:37","date_gmt":"2024-08-21T13:00:37","guid":{"rendered":"https:\/\/test.comfenalcovalle.com.co\/?page_id=40606"},"modified":"2024-08-21T15:42:00","modified_gmt":"2024-08-21T20:42:00","slug":"excel-avanzado-buenaventura","status":"publish","type":"page","link":"https:\/\/test.comfenalcovalle.com.co\/en\/personas\/educacion-y-cultura\/cursos-de-sistemas\/excel-avanzado-buenaventura\/","title":{"rendered":"Advanced Excel \u2013 Buenaventura"},"content":{"rendered":"<div data-elementor-type=\"wp-page\" data-elementor-id=\"40606\" class=\"elementor elementor-40606\" data-elementor-post-type=\"page\">\n\t\t\t\t<main class=\"elementor-element elementor-element-6464e64 e-flex e-con-boxed e-con e-parent\" data-id=\"6464e64\" data-element_type=\"container\">\n\t\t\t\t\t<div class=\"e-con-inner\">\n\t\t<section class=\"elementor-element elementor-element-337b1b5 e-flex e-con-boxed e-con e-parent\" data-id=\"337b1b5\" data-element_type=\"container\">\n\t\t\t\t\t<div class=\"e-con-inner\">\n\t\t\t\t<div class=\"elementor-element elementor-element-059958a jet-breadcrumbs-align-left jet-breadcrumbs-align-mobile-center elementor-widget elementor-widget-jet-breadcrumbs\" data-id=\"059958a\" data-element_type=\"widget\" data-widget_type=\"jet-breadcrumbs.default\">\n\t\t\t\t<div class=\"elementor-widget-container\">\n\t\t\t\t\t<div class=\"elementor-jet-breadcrumbs jet-blocks\">\n\t\t<div class=\"jet-breadcrumbs\">\n\t\t<div class=\"jet-breadcrumbs__content\">\n\t\t<div class=\"jet-breadcrumbs__wrap\"><div class=\"jet-breadcrumbs__item\"><a href=\"https:\/\/test.comfenalcovalle.com.co\/en\/\" class=\"jet-breadcrumbs__item-link is-home\" rel=\"home\" title=\"Beginning\">Beginning<\/a><\/div>\n\t\t<\/div>\n\t\t<\/div>\n\t\t<\/div><\/div>\t\t\t\t<\/div>\n\t\t\t\t<\/div>\n\t\t\t\t\t<\/div>\n\t\t\t\t<\/section>\n\t\t<section class=\"elementor-element elementor-element-c9787df e-flex e-con-boxed e-con e-parent\" data-id=\"c9787df\" data-element_type=\"container\">\n\t\t\t\t\t<div class=\"e-con-inner\">\n\t\t<div class=\"elementor-element elementor-element-2057a1d e-con-full e-flex e-con e-parent\" data-id=\"2057a1d\" data-element_type=\"container\">\n\t\t\t\t<div class=\"elementor-element elementor-element-4275355 elementor-widget elementor-widget-image\" data-id=\"4275355\" data-element_type=\"widget\" data-widget_type=\"image.default\">\n\t\t\t\t<div class=\"elementor-widget-container\">\n\t\t\t\t\t\t\t\t\t\t\t\t\t\t\t<img fetchpriority=\"high\" decoding=\"async\" width=\"640\" height=\"480\" src=\"https:\/\/test.comfenalcovalle.com.co\/wp-content\/uploads\/2021\/10\/excel-avanzado.jpeg\" class=\"attachment-full size-full wp-image-40573\" alt=\"excel-avanzado\" srcset=\"https:\/\/test.comfenalcovalle.com.co\/wp-content\/uploads\/2021\/10\/excel-avanzado.jpeg 640w, https:\/\/test.comfenalcovalle.com.co\/wp-content\/uploads\/2021\/10\/excel-avanzado-300x225.jpeg 300w, https:\/\/test.comfenalcovalle.com.co\/wp-content\/uploads\/2021\/10\/excel-avanzado-16x12.jpeg 16w\" sizes=\"(max-width: 640px) 100vw, 640px\" \/>\t\t\t\t\t\t\t\t\t\t\t\t\t\t\t<\/div>\n\t\t\t\t<\/div>\n\t\t\t\t<\/div>\n\t\t<div class=\"elementor-element elementor-element-a5efdf8 e-con-full e-flex e-con e-parent\" data-id=\"a5efdf8\" data-element_type=\"container\">\n\t\t\t\t<div class=\"elementor-element elementor-element-14b002c elementor-align-left elementor-icon-list--layout-traditional elementor-list-item-link-full_width elementor-widget elementor-widget-icon-list\" data-id=\"14b002c\" data-element_type=\"widget\" data-widget_type=\"icon-list.default\">\n\t\t\t\t<div class=\"elementor-widget-container\">\n\t\t\t\t\t\t\t<ul class=\"elementor-icon-list-items\">\n\t\t\t\t\t\t\t<li class=\"elementor-icon-list-item\">\n\t\t\t\t\t\t\t\t\t\t\t<span class=\"elementor-icon-list-icon\">\n\t\t\t\t\t\t\t<i aria-hidden=\"true\" class=\"far fa-clock\"><\/i>\t\t\t\t\t\t<\/span>\n\t\t\t\t\t\t\t\t\t\t<span class=\"elementor-icon-list-text\">20 hours \u2013 Monday to Friday from 6:30 a.m. to 9:30 p.m.<\/span>\n\t\t\t\t\t\t\t\t\t<\/li>\n\t\t\t\t\t\t<\/ul>\n\t\t\t\t\t\t<\/div>\n\t\t\t\t<\/div>\n\t\t\t\t<div class=\"elementor-element elementor-element-676a1d4 elementor-widget elementor-widget-text-editor\" data-id=\"676a1d4\" data-element_type=\"widget\" data-widget_type=\"text-editor.default\">\n\t\t\t\t<div class=\"elementor-widget-container\">\n\t\t\t\t\t\t\t\t\t<p>Description of the most common advanced functions of the Microsoft Excel spreadsheet, explaining functions that the application has to create, edit and work with complex spreadsheets.<\/p>\t\t\t\t\t\t\t\t<\/div>\n\t\t\t\t<\/div>\n\t\t\t\t<\/div>\n\t\t\t\t\t<\/div>\n\t\t\t\t<\/section>\n\t\t<section class=\"elementor-element elementor-element-89dae3f e-flex e-con-boxed e-con e-parent\" data-id=\"89dae3f\" data-element_type=\"container\">\n\t\t\t\t\t<div class=\"e-con-inner\">\n\t\t\t\t<div class=\"elementor-element elementor-element-1ca695e elementor-widget elementor-widget-jet-tabs\" data-id=\"1ca695e\" data-element_type=\"widget\" data-settings=\"{&quot;tabs_position&quot;:&quot;top&quot;,&quot;no_active_tabs&quot;:&quot;false&quot;}\" data-widget_type=\"jet-tabs.default\">\n\t\t\t\t<div class=\"elementor-widget-container\">\n\t\t\t\t\t\n\t\t<div class=\"jet-tabs jet-tabs-position-top jet-tabs-move-up-effect\" data-settings=\"{&quot;activeIndex&quot;:0,&quot;event&quot;:&quot;click&quot;,&quot;autoSwitch&quot;:false,&quot;autoSwitchDelay&quot;:3000,&quot;ajaxTemplate&quot;:false,&quot;tabsPosition&quot;:&quot;top&quot;,&quot;switchScrolling&quot;:false,&quot;switchScrollingOffset&quot;:0}\">\n\t\t\t<div class=\"jet-tabs__control-wrapper\" role=\"tablist\">\n                                    <div id=\"jet-tabs-control-3001\" class=\"jet-tabs__control jet-tabs__control-icon-left elementor-menu-anchor active-tab\" data-tab=\"1\" tabindex=\"0\" role=\"tab\" aria-controls=\"jet-tabs-content-3001\" aria-expanded=\"true\" data-template-id=\"false\"><div class=\"jet-tabs__control-inner\"><h2 class=\"jet-tabs__label-text\">Prerrequisitos<\/h2><\/div><\/div><div id=\"jet-tabs-control-3002\" class=\"jet-tabs__control jet-tabs__control-icon-left elementor-menu-anchor\" data-tab=\"2\" tabindex=\"0\" role=\"tab\" aria-controls=\"jet-tabs-content-3002\" aria-expanded=\"false\" data-template-id=\"false\"><div class=\"jet-tabs__control-inner\"><h2 class=\"jet-tabs__label-text\">Metodolog\u00eda<\/h2><\/div><\/div><div id=\"jet-tabs-control-3003\" class=\"jet-tabs__control jet-tabs__control-icon-left elementor-menu-anchor\" data-tab=\"3\" tabindex=\"0\" role=\"tab\" aria-controls=\"jet-tabs-content-3003\" aria-expanded=\"false\" data-template-id=\"false\"><div class=\"jet-tabs__control-inner\"><h2 class=\"jet-tabs__label-text\">Certificaci\u00f3n<\/h2><\/div><\/div>\n                    \t\t\t    <\/div>\n\t\t\t<div class=\"jet-tabs__content-wrapper\">\n\t\t\t\t<div id=\"jet-tabs-content-3001\" class=\"jet-tabs__content active-content\" data-tab=\"1\" role=\"tabpanel\" aria-hidden=\"false\" data-template-id=\"false\"><ul><li>Knowledge and management in a Windows environment, Keyboard and Mouse.<\/li><li>Handling Selection Commands, Saving, Copying, Cutting and Pasting text.<\/li><li>Internet knowledge (email).<\/li><li>Basic and intermediate knowledge of Excel (or its equivalent).<\/li><li>Management of Basic formulas (additions, subtractions, multiplications and divisions).<\/li><li>Management of Tables.<\/li><\/ul><\/div><div id=\"jet-tabs-content-3002\" class=\"jet-tabs__content\" data-tab=\"2\" role=\"tabpanel\" aria-hidden=\"true\" data-template-id=\"false\"><p><strong>Virtual<\/strong>.<\/p><\/div><div id=\"jet-tabs-content-3003\" class=\"jet-tabs__content\" data-tab=\"3\" role=\"tabpanel\" aria-hidden=\"true\" data-template-id=\"false\"><p>Comfenalco Valle will deliver a certificate of participation to people who meet at least 80% of the scheduled sessions.<\/p><\/div>\t\t\t<\/div>\n\t\t\t\t\t<\/div>\n\t\t\t\t\t\t<\/div>\n\t\t\t\t<\/div>\n\t\t\t\t\t<\/div>\n\t\t\t\t<\/section>\n\t\t<section class=\"elementor-element elementor-element-6d645df e-flex e-con-boxed e-con e-parent\" data-id=\"6d645df\" data-element_type=\"container\">\n\t\t\t\t\t<div class=\"e-con-inner\">\n\t\t<div class=\"elementor-element elementor-element-a1877da e-flex e-con-boxed e-con e-parent\" data-id=\"a1877da\" data-element_type=\"container\">\n\t\t\t\t\t<div class=\"e-con-inner\">\n\t\t<div class=\"elementor-element elementor-element-36b907f e-con-full e-flex e-con e-parent\" data-id=\"36b907f\" data-element_type=\"container\">\n\t\t\t\t<\/div>\n\t\t<div class=\"elementor-element elementor-element-83ab2c2 e-con-full e-flex e-con e-parent\" data-id=\"83ab2c2\" data-element_type=\"container\">\n\t\t\t\t<div class=\"elementor-element elementor-element-4d08d5f elementor-widget elementor-widget-global elementor-global-630004 elementor-widget-image\" data-id=\"4d08d5f\" data-element_type=\"widget\" data-widget_type=\"image.default\">\n\t\t\t\t<div class=\"elementor-widget-container\">\n\t\t\t\t\t\t\t\t\t\t\t\t\t\t\t<img decoding=\"async\" width=\"1024\" height=\"345\" data-src=\"https:\/\/test.comfenalcovalle.com.co\/wp-content\/uploads\/2024\/08\/LOGO-PECDELAGENTE-FORMAMOS-PARA-EL-TRABAJO_Mesa-de-trabajo-1-copia-Coordinador-Mercadeo.webp\" class=\"attachment-full size-full wp-image-642279 lazyload\" alt=\"LOGO PECDELAGENTE FORMAMOS PARA EL TRABAJO\" data-srcset=\"https:\/\/test.comfenalcovalle.com.co\/wp-content\/uploads\/2024\/08\/LOGO-PECDELAGENTE-FORMAMOS-PARA-EL-TRABAJO_Mesa-de-trabajo-1-copia-Coordinador-Mercadeo.webp 1024w, https:\/\/test.comfenalcovalle.com.co\/wp-content\/uploads\/2024\/08\/LOGO-PECDELAGENTE-FORMAMOS-PARA-EL-TRABAJO_Mesa-de-trabajo-1-copia-Coordinador-Mercadeo-300x101.webp 300w, https:\/\/test.comfenalcovalle.com.co\/wp-content\/uploads\/2024\/08\/LOGO-PECDELAGENTE-FORMAMOS-PARA-EL-TRABAJO_Mesa-de-trabajo-1-copia-Coordinador-Mercadeo-768x259.webp 768w, https:\/\/test.comfenalcovalle.com.co\/wp-content\/uploads\/2024\/08\/LOGO-PECDELAGENTE-FORMAMOS-PARA-EL-TRABAJO_Mesa-de-trabajo-1-copia-Coordinador-Mercadeo-18x6.webp 18w\" data-sizes=\"(max-width: 1024px) 100vw, 1024px\" src=\"data:image\/svg+xml;base64,PHN2ZyB3aWR0aD0iMSIgaGVpZ2h0PSIxIiB4bWxucz0iaHR0cDovL3d3dy53My5vcmcvMjAwMC9zdmciPjwvc3ZnPg==\" style=\"--smush-placeholder-width: 1024px; --smush-placeholder-aspect-ratio: 1024\/345;\" \/>\t\t\t\t\t\t\t\t\t\t\t\t\t\t\t<\/div>\n\t\t\t\t<\/div>\n\t\t\t\t<\/div>\n\t\t<div class=\"elementor-element elementor-element-1bc5dba e-con-full e-flex e-con e-parent\" data-id=\"1bc5dba\" data-element_type=\"container\">\n\t\t\t\t<\/div>\n\t\t\t\t\t<\/div>\n\t\t\t\t<\/div>\n\t\t<div class=\"elementor-element elementor-element-f8fa715 e-flex e-con-boxed e-con e-parent\" data-id=\"f8fa715\" data-element_type=\"container\">\n\t\t\t\t\t<div class=\"e-con-inner\">\n\t\t\t\t<div class=\"elementor-element elementor-element-18b611f elementor-widget elementor-widget-heading\" data-id=\"18b611f\" data-element_type=\"widget\" data-widget_type=\"heading.default\">\n\t\t\t\t<div class=\"elementor-widget-container\">\n\t\t\t\t\t<h2 class=\"elementor-heading-title elementor-size-default\">It&#039;s your chance to study<\/h2>\t\t\t\t<\/div>\n\t\t\t\t<\/div>\n\t\t\t\t<div class=\"elementor-element elementor-element-b2c5eea elementor-cta--skin-cover elementor-cta--valign-middle elementor-animated-content elementor-bg-transform elementor-bg-transform-zoom-in elementor-widget elementor-widget-call-to-action\" data-id=\"b2c5eea\" data-element_type=\"widget\" data-widget_type=\"call-to-action.default\">\n\t\t\t\t<div class=\"elementor-widget-container\">\n\t\t\t\t\t\t\t<div class=\"elementor-cta\">\n\t\t\t\t\t<div class=\"elementor-cta__bg-wrapper\">\n\t\t\t\t<div class=\"elementor-cta__bg elementor-bg lazyload\" style=\"background-image:inherit;\" role=\"img\" aria-label=\"pexels-startup-stock-photos-7354\" data-bg-image=\"url(https:\/\/test.comfenalcovalle.com.co\/wp-content\/uploads\/2021\/10\/pexels-startup-stock-photos-7354-scaled.jpg)\"><\/div>\n\t\t\t\t<div class=\"elementor-cta__bg-overlay\"><\/div>\n\t\t\t<\/div>\n\t\t\t\t\t\t\t<div class=\"elementor-cta__content\">\n\t\t\t\t\n\t\t\t\t\t\t\t\t\t<h2 class=\"elementor-cta__title elementor-cta__content-item elementor-content-item elementor-animated-item--grow\">\n\t\t\t\t\t\tRequest more information about this course\t\t\t\t\t<\/h2>\n\t\t\t\t\n\t\t\t\t\t\t\t\t\t<div class=\"elementor-cta__description elementor-cta__content-item elementor-content-item elementor-animated-item--grow\">\n\t\t\t\t\t\tDo not miss this opportunity \t\t\t\t\t<\/div>\n\t\t\t\t\n\t\t\t\t\t\t\t\t\t<div class=\"elementor-cta__button-wrapper elementor-cta__content-item elementor-content-item elementor-animated-item--grow\">\n\t\t\t\t\t<a class=\"elementor-cta__button elementor-button elementor-size-\" href=\"https:\/\/servicioscaja.comfenalcovalle.com.co\/excel-avanzado\" target=\"_blank\" rel=\"nofollow\">\n\t\t\t\t\t\tClick here\t\t\t\t\t<\/a>\n\t\t\t\t\t<\/div>\n\t\t\t\t\t\t\t<\/div>\n\t\t\t\t\t\t<\/div>\n\t\t\t\t\t\t<\/div>\n\t\t\t\t<\/div>\n\t\t\t\t\t<\/div>\n\t\t\t\t<\/div>\n\t\t\t\t\t<\/div>\n\t\t\t\t<\/section>\n\t\t\t\t\t<\/div>\n\t\t\t\t<\/main>\n\t\t\t\t<\/div>","protected":false},"excerpt":{"rendered":"<p>Inicio 20 horas \u2013 Lunes a Viernes de 6:30 a 9:30 p.m. Descripci\u00f3n de funciones avanzadas m\u00e1s comunes de la hoja de c\u00e1lculo Microsoft Excel, explicando funciones que la aplicaci\u00f3n posee para crear, editar y trabajar con complejas hojas de c\u00e1lculo. Prerrequisitos Metodolog\u00eda Certificaci\u00f3n Conocimiento y manejo en un ambiente Windows, Teclado y Rat\u00f3n. Manejo [&hellip;]<\/p>","protected":false},"author":29,"featured_media":40573,"parent":4779,"menu_order":0,"comment_status":"closed","ping_status":"closed","template":"","meta":{"footnotes":""},"class_list":["post-40606","page","type-page","status-publish","has-post-thumbnail","hentry"],"yoast_head":"<!-- This site is optimized with the Yoast SEO Premium plugin v25.9 (Yoast SEO v25.9) - https:\/\/yoast.com\/wordpress\/plugins\/seo\/ -->\n<title>Excel Avanzado - Buenaventura - Comfenalco Valle Delagente<\/title>\n<meta name=\"description\" content=\"Descripci\u00f3n de funciones avanzadas m\u00e1s comunes de la hoja de c\u00e1lculo Microsoft Excel, explicando funciones que la aplicaci\u00f3n posee para crear, editar...\" \/>\n<meta name=\"robots\" content=\"index, follow, max-snippet:-1, max-image-preview:large, max-video-preview:-1\" \/>\n<link rel=\"canonical\" href=\"https:\/\/www.comfenalcovalle.com.co\/personas\/educacion-y-cultura\/cursos-de-sistemas\/excel-avanzado-buenaventura\/\" \/>\n<meta property=\"og:locale\" content=\"en_US\" \/>\n<meta property=\"og:type\" content=\"article\" \/>\n<meta property=\"og:title\" content=\"Excel Avanzado - Buenaventura\" \/>\n<meta property=\"og:description\" content=\"Descripci\u00f3n de funciones avanzadas m\u00e1s comunes de la hoja de c\u00e1lculo Microsoft Excel, explicando funciones que la aplicaci\u00f3n posee para crear, editar...\" \/>\n<meta property=\"og:url\" content=\"https:\/\/www.comfenalcovalle.com.co\/personas\/educacion-y-cultura\/cursos-de-sistemas\/excel-avanzado-buenaventura\/\" \/>\n<meta property=\"og:site_name\" content=\"Comfenalco Valle Delagente\" \/>\n<meta property=\"article:modified_time\" content=\"2024-08-21T20:42:00+00:00\" \/>\n<meta property=\"og:image\" content=\"https:\/\/www.comfenalcovalle.com.co\/wp-content\/uploads\/2021\/10\/excel-avanzado.jpeg\" \/>\n\t<meta property=\"og:image:width\" content=\"640\" \/>\n\t<meta property=\"og:image:height\" content=\"480\" \/>\n\t<meta property=\"og:image:type\" content=\"image\/jpeg\" \/>\n<meta name=\"twitter:card\" content=\"summary_large_image\" \/>\n<meta name=\"twitter:label1\" content=\"Est. reading time\" \/>\n\t<meta name=\"twitter:data1\" content=\"2 minutes\" \/>\n<script type=\"application\/ld+json\" class=\"yoast-schema-graph\">{\"@context\":\"https:\/\/schema.org\",\"@graph\":[{\"@type\":\"WebPage\",\"@id\":\"https:\/\/www.comfenalcovalle.com.co\/personas\/educacion-y-cultura\/cursos-de-sistemas\/excel-avanzado-buenaventura\/\",\"url\":\"https:\/\/www.comfenalcovalle.com.co\/personas\/educacion-y-cultura\/cursos-de-sistemas\/excel-avanzado-buenaventura\/\",\"name\":\"Excel Avanzado - Buenaventura - Comfenalco Valle Delagente\",\"isPartOf\":{\"@id\":\"https:\/\/www.comfenalcovalle.com.co\/#website\"},\"primaryImageOfPage\":{\"@id\":\"https:\/\/www.comfenalcovalle.com.co\/personas\/educacion-y-cultura\/cursos-de-sistemas\/excel-avanzado-buenaventura\/#primaryimage\"},\"image\":{\"@id\":\"https:\/\/www.comfenalcovalle.com.co\/personas\/educacion-y-cultura\/cursos-de-sistemas\/excel-avanzado-buenaventura\/#primaryimage\"},\"thumbnailUrl\":\"https:\/\/test.comfenalcovalle.com.co\/wp-content\/uploads\/2021\/10\/excel-avanzado.jpeg\",\"datePublished\":\"2024-08-21T13:00:37+00:00\",\"dateModified\":\"2024-08-21T20:42:00+00:00\",\"description\":\"Descripci\u00f3n de funciones avanzadas m\u00e1s comunes de la hoja de c\u00e1lculo Microsoft Excel, explicando funciones que la aplicaci\u00f3n posee para crear, editar...\",\"breadcrumb\":{\"@id\":\"https:\/\/www.comfenalcovalle.com.co\/personas\/educacion-y-cultura\/cursos-de-sistemas\/excel-avanzado-buenaventura\/#breadcrumb\"},\"inLanguage\":\"en-US\",\"potentialAction\":[{\"@type\":\"ReadAction\",\"target\":[\"https:\/\/www.comfenalcovalle.com.co\/personas\/educacion-y-cultura\/cursos-de-sistemas\/excel-avanzado-buenaventura\/\"]}]},{\"@type\":\"ImageObject\",\"inLanguage\":\"en-US\",\"@id\":\"https:\/\/www.comfenalcovalle.com.co\/personas\/educacion-y-cultura\/cursos-de-sistemas\/excel-avanzado-buenaventura\/#primaryimage\",\"url\":\"https:\/\/test.comfenalcovalle.com.co\/wp-content\/uploads\/2021\/10\/excel-avanzado.jpeg\",\"contentUrl\":\"https:\/\/test.comfenalcovalle.com.co\/wp-content\/uploads\/2021\/10\/excel-avanzado.jpeg\",\"width\":640,\"height\":480,\"caption\":\"excel-avanzado\"},{\"@type\":\"BreadcrumbList\",\"@id\":\"https:\/\/www.comfenalcovalle.com.co\/personas\/educacion-y-cultura\/cursos-de-sistemas\/excel-avanzado-buenaventura\/#breadcrumb\",\"itemListElement\":[{\"@type\":\"ListItem\",\"position\":1,\"name\":\"Portada\",\"item\":\"https:\/\/www.comfenalcovalle.com.co\/\"},{\"@type\":\"ListItem\",\"position\":2,\"name\":\"Personas\",\"item\":\"https:\/\/www.comfenalcovalle.com.co\/\"},{\"@type\":\"ListItem\",\"position\":3,\"name\":\"Educaci\u00f3n y Cultura\",\"item\":\"https:\/\/www.comfenalcovalle.com.co\/personas\/educacion-y-cultura\/\"},{\"@type\":\"ListItem\",\"position\":4,\"name\":\"Cursos de sistemas\",\"item\":\"https:\/\/www.comfenalcovalle.com.co\/personas\/educacion-y-cultura\/cursos-de-sistemas\/\"},{\"@type\":\"ListItem\",\"position\":5,\"name\":\"Excel Avanzado &#8211; Buenaventura\"}]},{\"@type\":\"WebSite\",\"@id\":\"https:\/\/www.comfenalcovalle.com.co\/#website\",\"url\":\"https:\/\/www.comfenalcovalle.com.co\/\",\"name\":\"Comfenalco Valle Delagente\",\"description\":\"Caja de compensaci\u00f3n de Comfenalco Valle Delagente.\",\"publisher\":{\"@id\":\"https:\/\/www.comfenalcovalle.com.co\/#organization\"},\"potentialAction\":[{\"@type\":\"SearchAction\",\"target\":{\"@type\":\"EntryPoint\",\"urlTemplate\":\"https:\/\/www.comfenalcovalle.com.co\/?s={search_term_string}\"},\"query-input\":{\"@type\":\"PropertyValueSpecification\",\"valueRequired\":true,\"valueName\":\"search_term_string\"}}],\"inLanguage\":\"en-US\"},{\"@type\":\"Organization\",\"@id\":\"https:\/\/www.comfenalcovalle.com.co\/#organization\",\"name\":\"Comfenalco Valle Delagente\",\"url\":\"https:\/\/www.comfenalcovalle.com.co\/\",\"logo\":{\"@type\":\"ImageObject\",\"inLanguage\":\"en-US\",\"@id\":\"https:\/\/www.comfenalcovalle.com.co\/#\/schema\/logo\/image\/\",\"url\":\"https:\/\/test.comfenalcovalle.com.co\/wp-content\/uploads\/2021\/06\/logo-comfe-cabecera-agencia-empelo-actualizado.png\",\"contentUrl\":\"https:\/\/test.comfenalcovalle.com.co\/wp-content\/uploads\/2021\/06\/logo-comfe-cabecera-agencia-empelo-actualizado.png\",\"width\":500,\"height\":184,\"caption\":\"Comfenalco Valle Delagente\"},\"image\":{\"@id\":\"https:\/\/www.comfenalcovalle.com.co\/#\/schema\/logo\/image\/\"}}]}<\/script>\n<!-- \/ Yoast SEO Premium plugin. -->","yoast_head_json":{"title":"Excel Avanzado - Buenaventura - Comfenalco Valle Delagente","description":"Descripci\u00f3n de funciones avanzadas m\u00e1s comunes de la hoja de c\u00e1lculo Microsoft Excel, explicando funciones que la aplicaci\u00f3n posee para crear, editar...","robots":{"index":"index","follow":"follow","max-snippet":"max-snippet:-1","max-image-preview":"max-image-preview:large","max-video-preview":"max-video-preview:-1"},"canonical":"https:\/\/www.comfenalcovalle.com.co\/personas\/educacion-y-cultura\/cursos-de-sistemas\/excel-avanzado-buenaventura\/","og_locale":"en_US","og_type":"article","og_title":"Excel Avanzado - Buenaventura","og_description":"Descripci\u00f3n de funciones avanzadas m\u00e1s comunes de la hoja de c\u00e1lculo Microsoft Excel, explicando funciones que la aplicaci\u00f3n posee para crear, editar...","og_url":"https:\/\/www.comfenalcovalle.com.co\/personas\/educacion-y-cultura\/cursos-de-sistemas\/excel-avanzado-buenaventura\/","og_site_name":"Comfenalco Valle Delagente","article_modified_time":"2024-08-21T20:42:00+00:00","og_image":[{"width":640,"height":480,"url":"https:\/\/www.comfenalcovalle.com.co\/wp-content\/uploads\/2021\/10\/excel-avanzado.jpeg","type":"image\/jpeg"}],"twitter_card":"summary_large_image","twitter_misc":{"Est. reading time":"2 minutes"},"schema":{"@context":"https:\/\/schema.org","@graph":[{"@type":"WebPage","@id":"https:\/\/www.comfenalcovalle.com.co\/personas\/educacion-y-cultura\/cursos-de-sistemas\/excel-avanzado-buenaventura\/","url":"https:\/\/www.comfenalcovalle.com.co\/personas\/educacion-y-cultura\/cursos-de-sistemas\/excel-avanzado-buenaventura\/","name":"Excel Avanzado - Buenaventura - Comfenalco Valle Delagente","isPartOf":{"@id":"https:\/\/www.comfenalcovalle.com.co\/#website"},"primaryImageOfPage":{"@id":"https:\/\/www.comfenalcovalle.com.co\/personas\/educacion-y-cultura\/cursos-de-sistemas\/excel-avanzado-buenaventura\/#primaryimage"},"image":{"@id":"https:\/\/www.comfenalcovalle.com.co\/personas\/educacion-y-cultura\/cursos-de-sistemas\/excel-avanzado-buenaventura\/#primaryimage"},"thumbnailUrl":"https:\/\/test.comfenalcovalle.com.co\/wp-content\/uploads\/2021\/10\/excel-avanzado.jpeg","datePublished":"2024-08-21T13:00:37+00:00","dateModified":"2024-08-21T20:42:00+00:00","description":"Descripci\u00f3n de funciones avanzadas m\u00e1s comunes de la hoja de c\u00e1lculo Microsoft Excel, explicando funciones que la aplicaci\u00f3n posee para crear, editar...","breadcrumb":{"@id":"https:\/\/www.comfenalcovalle.com.co\/personas\/educacion-y-cultura\/cursos-de-sistemas\/excel-avanzado-buenaventura\/#breadcrumb"},"inLanguage":"en-US","potentialAction":[{"@type":"ReadAction","target":["https:\/\/www.comfenalcovalle.com.co\/personas\/educacion-y-cultura\/cursos-de-sistemas\/excel-avanzado-buenaventura\/"]}]},{"@type":"ImageObject","inLanguage":"en-US","@id":"https:\/\/www.comfenalcovalle.com.co\/personas\/educacion-y-cultura\/cursos-de-sistemas\/excel-avanzado-buenaventura\/#primaryimage","url":"https:\/\/test.comfenalcovalle.com.co\/wp-content\/uploads\/2021\/10\/excel-avanzado.jpeg","contentUrl":"https:\/\/test.comfenalcovalle.com.co\/wp-content\/uploads\/2021\/10\/excel-avanzado.jpeg","width":640,"height":480,"caption":"excel-avanzado"},{"@type":"BreadcrumbList","@id":"https:\/\/www.comfenalcovalle.com.co\/personas\/educacion-y-cultura\/cursos-de-sistemas\/excel-avanzado-buenaventura\/#breadcrumb","itemListElement":[{"@type":"ListItem","position":1,"name":"Portada","item":"https:\/\/www.comfenalcovalle.com.co\/"},{"@type":"ListItem","position":2,"name":"Personas","item":"https:\/\/www.comfenalcovalle.com.co\/"},{"@type":"ListItem","position":3,"name":"Educaci\u00f3n y Cultura","item":"https:\/\/www.comfenalcovalle.com.co\/personas\/educacion-y-cultura\/"},{"@type":"ListItem","position":4,"name":"Cursos de sistemas","item":"https:\/\/www.comfenalcovalle.com.co\/personas\/educacion-y-cultura\/cursos-de-sistemas\/"},{"@type":"ListItem","position":5,"name":"Excel Avanzado &#8211; Buenaventura"}]},{"@type":"WebSite","@id":"https:\/\/www.comfenalcovalle.com.co\/#website","url":"https:\/\/www.comfenalcovalle.com.co\/","name":"Comfenalco Valle Delagente","description":"Comfenalco Valle Delagente compensation fund.","publisher":{"@id":"https:\/\/www.comfenalcovalle.com.co\/#organization"},"potentialAction":[{"@type":"SearchAction","target":{"@type":"EntryPoint","urlTemplate":"https:\/\/www.comfenalcovalle.com.co\/?s={search_term_string}"},"query-input":{"@type":"PropertyValueSpecification","valueRequired":true,"valueName":"search_term_string"}}],"inLanguage":"en-US"},{"@type":"Organization","@id":"https:\/\/www.comfenalcovalle.com.co\/#organization","name":"Comfenalco Valle Delagente","url":"https:\/\/www.comfenalcovalle.com.co\/","logo":{"@type":"ImageObject","inLanguage":"en-US","@id":"https:\/\/www.comfenalcovalle.com.co\/#\/schema\/logo\/image\/","url":"https:\/\/test.comfenalcovalle.com.co\/wp-content\/uploads\/2021\/06\/logo-comfe-cabecera-agencia-empelo-actualizado.png","contentUrl":"https:\/\/test.comfenalcovalle.com.co\/wp-content\/uploads\/2021\/06\/logo-comfe-cabecera-agencia-empelo-actualizado.png","width":500,"height":184,"caption":"Comfenalco Valle Delagente"},"image":{"@id":"https:\/\/www.comfenalcovalle.com.co\/#\/schema\/logo\/image\/"}}]}},"publishpress_future_action":{"enabled":false,"date":"2026-05-08 13:53:16","action":"change-status","newStatus":"draft","terms":[],"taxonomy":"","extraData":[]},"publishpress_future_workflow_manual_trigger":{"enabledWorkflows":[]},"_links":{"self":[{"href":"https:\/\/test.comfenalcovalle.com.co\/en\/wp-json\/wp\/v2\/pages\/40606","targetHints":{"allow":["GET"]}}],"collection":[{"href":"https:\/\/test.comfenalcovalle.com.co\/en\/wp-json\/wp\/v2\/pages"}],"about":[{"href":"https:\/\/test.comfenalcovalle.com.co\/en\/wp-json\/wp\/v2\/types\/page"}],"author":[{"embeddable":true,"href":"https:\/\/test.comfenalcovalle.com.co\/en\/wp-json\/wp\/v2\/users\/29"}],"replies":[{"embeddable":true,"href":"https:\/\/test.comfenalcovalle.com.co\/en\/wp-json\/wp\/v2\/comments?post=40606"}],"version-history":[{"count":0,"href":"https:\/\/test.comfenalcovalle.com.co\/en\/wp-json\/wp\/v2\/pages\/40606\/revisions"}],"up":[{"embeddable":true,"href":"https:\/\/test.comfenalcovalle.com.co\/en\/wp-json\/wp\/v2\/pages\/4779"}],"wp:featuredmedia":[{"embeddable":true,"href":"https:\/\/test.comfenalcovalle.com.co\/en\/wp-json\/wp\/v2\/media\/40573"}],"wp:attachment":[{"href":"https:\/\/test.comfenalcovalle.com.co\/en\/wp-json\/wp\/v2\/media?parent=40606"}],"curies":[{"name":"wp","href":"https:\/\/api.w.org\/{rel}","templated":true}]}}