{"id":2807,"date":"2020-10-02T11:20:35","date_gmt":"2020-10-02T16:20:35","guid":{"rendered":"https:\/\/test.comfenalcovalle.com.co\/webredlat\/?page_id=2807"},"modified":"2024-04-26T08:44:55","modified_gmt":"2024-04-26T13:44:55","slug":"entidades-de-vigilancia-y-control","status":"publish","type":"page","link":"https:\/\/test.comfenalcovalle.com.co\/en\/personas\/nosotros\/transparencia-y-acceso-a-la-informacion-publica\/entidades-de-vigilancia-y-control\/","title":{"rendered":"Surveillance and control entities"},"content":{"rendered":"<div data-elementor-type=\"wp-page\" data-elementor-id=\"2807\" class=\"elementor elementor-2807\" data-elementor-post-type=\"page\">\n\t\t\t\t<main class=\"elementor-element elementor-element-27d2274 e-flex e-con-boxed e-con e-parent\" data-id=\"27d2274\" data-element_type=\"container\">\n\t\t\t\t\t<div class=\"e-con-inner\">\n\t\t<section class=\"elementor-element elementor-element-e2ea353 e-flex e-con-boxed e-con e-child\" data-id=\"e2ea353\" data-element_type=\"container\">\n\t\t\t\t\t<div class=\"e-con-inner\">\n\t\t\t\t<div class=\"elementor-element elementor-element-c32242e jet-breadcrumbs-align-center elementor-widget elementor-widget-global elementor-global-606112 elementor-widget-jet-breadcrumbs\" data-id=\"c32242e\" data-element_type=\"widget\" data-widget_type=\"jet-breadcrumbs.default\">\n\t\t\t\t<div class=\"elementor-widget-container\">\n\t\t\t\t\t<div class=\"elementor-jet-breadcrumbs jet-blocks\">\n\t\t<div class=\"jet-breadcrumbs\">\n\t\t<div class=\"jet-breadcrumbs__content\">\n\t\t<div class=\"jet-breadcrumbs__wrap\"><div class=\"jet-breadcrumbs__item\"><a href=\"https:\/\/test.comfenalcovalle.com.co\/en\/\" class=\"jet-breadcrumbs__item-link is-home\" rel=\"home\" title=\"Beginning\">Beginning<\/a><\/div>\n\t\t<\/div>\n\t\t<\/div>\n\t\t<\/div><\/div>\t\t\t\t<\/div>\n\t\t\t\t<\/div>\n\t\t\t\t<div class=\"elementor-element elementor-element-4615053 elementor-widget elementor-widget-text-editor\" data-id=\"4615053\" data-element_type=\"widget\" data-widget_type=\"text-editor.default\">\n\t\t\t\t<div class=\"elementor-widget-container\">\n\t\t\t\t\t\t\t\t\t<p style=\"text-align: left;\"><span style=\"font-weight: 400;\">We are an organization controlled and monitored by different governmental entities, in accordance with the regulations governing Family Compensation Funds.<\/span><\/p>\t\t\t\t\t\t\t\t<\/div>\n\t\t\t\t<\/div>\n\t\t\t\t<div class=\"elementor-element elementor-element-5187a0e elementor-widget elementor-widget-heading\" data-id=\"5187a0e\" data-element_type=\"widget\" data-widget_type=\"heading.default\">\n\t\t\t\t<div class=\"elementor-widget-container\">\n\t\t\t\t\t<h2 class=\"elementor-heading-title elementor-size-default\">These are the internal entities:<\/h2>\t\t\t\t<\/div>\n\t\t\t\t<\/div>\n\t\t\t\t<div class=\"elementor-element elementor-element-2e1d4c0 elementor-widget elementor-widget-text-editor\" data-id=\"2e1d4c0\" data-element_type=\"widget\" data-widget_type=\"text-editor.default\">\n\t\t\t\t<div class=\"elementor-widget-container\">\n\t\t\t\t\t\t\t\t\t<ul><li>Tax inspection.<\/li><li>Auditor\u00eda Interna<\/li><\/ul>\t\t\t\t\t\t\t\t<\/div>\n\t\t\t\t<\/div>\n\t\t\t\t<div class=\"elementor-element elementor-element-a364310 elementor-widget elementor-widget-heading\" data-id=\"a364310\" data-element_type=\"widget\" data-widget_type=\"heading.default\">\n\t\t\t\t<div class=\"elementor-widget-container\">\n\t\t\t\t\t<h2 class=\"elementor-heading-title elementor-size-default\">These are the external entities:<\/h2>\t\t\t\t<\/div>\n\t\t\t\t<\/div>\n\t\t\t\t\t<\/div>\n\t\t\t\t<\/section>\n\t\t<section class=\"elementor-element elementor-element-18aff25 e-flex e-con-boxed e-con e-child\" data-id=\"18aff25\" data-element_type=\"container\">\n\t\t\t\t\t<div class=\"e-con-inner\">\n\t\t<div class=\"elementor-element elementor-element-ac4e394 e-flex e-con-boxed e-con e-child\" data-id=\"ac4e394\" data-element_type=\"container\">\n\t\t\t\t\t<div class=\"e-con-inner\">\n\t\t\t\t<div class=\"elementor-element elementor-element-6705d40 elementor-widget elementor-widget-image\" data-id=\"6705d40\" data-element_type=\"widget\" data-widget_type=\"image.default\">\n\t\t\t\t<div class=\"elementor-widget-container\">\n\t\t\t\t\t\t\t\t\t\t\t\t\t\t\t\t<a href=\"https:\/\/www.ssf.gov.co\/\" target=\"_blank\">\n\t\t\t\t\t\t\t<img decoding=\"async\" width=\"280\" height=\"71\" data-src=\"https:\/\/test.comfenalcovalle.com.co\/wp-content\/uploads\/2020\/07\/supersubsidio.png\" class=\"attachment-full size-full wp-image-1618 lazyload\" alt=\"\" src=\"data:image\/svg+xml;base64,PHN2ZyB3aWR0aD0iMSIgaGVpZ2h0PSIxIiB4bWxucz0iaHR0cDovL3d3dy53My5vcmcvMjAwMC9zdmciPjwvc3ZnPg==\" style=\"--smush-placeholder-width: 280px; --smush-placeholder-aspect-ratio: 280\/71;\" \/>\t\t\t\t\t\t\t\t<\/a>\n\t\t\t\t\t\t\t\t\t\t\t\t\t\t\t<\/div>\n\t\t\t\t<\/div>\n\t\t\t\t<div class=\"elementor-element elementor-element-771e890 elementor-widget elementor-widget-text-editor\" data-id=\"771e890\" data-element_type=\"widget\" data-widget_type=\"text-editor.default\">\n\t\t\t\t<div class=\"elementor-widget-container\">\n\t\t\t\t\t\t\t\t\t<p><strong>regulatory<\/strong><\/p><p><strong>Address:<\/strong> <br \/>Carrera 69 No. 25B &#8211; 44. Pisos 3, 4 y 7<br \/>Edificio World Business Port<br \/>Bogota Colombia.<\/p><p><strong>PBX:<\/strong> <br \/>+57 (601) 348 78 00.<\/p><p><strong>Mail:<\/strong> <br \/><a href=\"mailto:notificacionesjudiciales@ssf.gov.co\">notificacionesjudiciales@ssf.gov.co<\/a><\/p>\t\t\t\t\t\t\t\t<\/div>\n\t\t\t\t<\/div>\n\t\t\t\t\t<\/div>\n\t\t\t\t<\/div>\n\t\t<div class=\"elementor-element elementor-element-005b3db e-flex e-con-boxed e-con e-child\" data-id=\"005b3db\" data-element_type=\"container\">\n\t\t\t\t\t<div class=\"e-con-inner\">\n\t\t\t\t<div class=\"elementor-element elementor-element-449daf2 elementor-widget elementor-widget-image\" data-id=\"449daf2\" data-element_type=\"widget\" data-widget_type=\"image.default\">\n\t\t\t\t<div class=\"elementor-widget-container\">\n\t\t\t\t\t\t\t\t\t\t\t\t\t\t\t\t<a href=\"https:\/\/www.contraloria.gov.co\/\" target=\"_blank\">\n\t\t\t\t\t\t\t<img decoding=\"async\" width=\"235\" height=\"65\" data-src=\"https:\/\/test.comfenalcovalle.com.co\/wp-content\/uploads\/2020\/07\/contraloria.png\" class=\"attachment-full size-full wp-image-1622 lazyload\" alt=\"\" src=\"data:image\/svg+xml;base64,PHN2ZyB3aWR0aD0iMSIgaGVpZ2h0PSIxIiB4bWxucz0iaHR0cDovL3d3dy53My5vcmcvMjAwMC9zdmciPjwvc3ZnPg==\" style=\"--smush-placeholder-width: 235px; --smush-placeholder-aspect-ratio: 235\/65;\" \/>\t\t\t\t\t\t\t\t<\/a>\n\t\t\t\t\t\t\t\t\t\t\t\t\t\t\t<\/div>\n\t\t\t\t<\/div>\n\t\t\t\t<div class=\"elementor-element elementor-element-5b38959 elementor-widget elementor-widget-text-editor\" data-id=\"5b38959\" data-element_type=\"widget\" data-widget_type=\"text-editor.default\">\n\t\t\t\t<div class=\"elementor-widget-container\">\n\t\t\t\t\t\t\t\t\t<p><strong>Fiscal<\/strong><\/p><p><strong>Address:<\/strong> <br \/>Direcci\u00f3n: Carrera 69 No 44-35<br \/>Bogot\u00e1, Colombia.<\/p><p><strong>PBX:<\/strong> <br \/>(+57) 601 518 7000.<\/p><p><strong>Mail:<\/strong> <br \/><a href=\"mailto:cgr@contraloria.gov.co\">cgr@contraloria.gov.co<\/a><\/p>\t\t\t\t\t\t\t\t<\/div>\n\t\t\t\t<\/div>\n\t\t\t\t\t<\/div>\n\t\t\t\t<\/div>\n\t\t<div class=\"elementor-element elementor-element-f0d3c5e e-flex e-con-boxed e-con e-child\" data-id=\"f0d3c5e\" data-element_type=\"container\">\n\t\t\t\t\t<div class=\"e-con-inner\">\n\t\t\t\t<div class=\"elementor-element elementor-element-5a7ae60 elementor-widget elementor-widget-image\" data-id=\"5a7ae60\" data-element_type=\"widget\" data-widget_type=\"image.default\">\n\t\t\t\t<div class=\"elementor-widget-container\">\n\t\t\t\t\t\t\t\t\t\t\t\t\t\t\t\t<a href=\"https:\/\/www.sic.gov.co\/\" target=\"_blank\">\n\t\t\t\t\t\t\t<img fetchpriority=\"high\" decoding=\"async\" width=\"844\" height=\"183\" src=\"https:\/\/test.comfenalcovalle.com.co\/wp-content\/uploads\/2020\/07\/superintendencia-de-industria-y-turismo-1.png\" class=\"attachment-full size-full wp-image-1621\" alt=\"\" srcset=\"https:\/\/test.comfenalcovalle.com.co\/wp-content\/uploads\/2020\/07\/superintendencia-de-industria-y-turismo-1.png 844w, https:\/\/test.comfenalcovalle.com.co\/wp-content\/uploads\/2020\/07\/superintendencia-de-industria-y-turismo-1-300x65.png 300w, https:\/\/test.comfenalcovalle.com.co\/wp-content\/uploads\/2020\/07\/superintendencia-de-industria-y-turismo-1-768x167.png 768w\" sizes=\"(max-width: 844px) 100vw, 844px\" \/>\t\t\t\t\t\t\t\t<\/a>\n\t\t\t\t\t\t\t\t\t\t\t\t\t\t\t<\/div>\n\t\t\t\t<\/div>\n\t\t\t\t<div class=\"elementor-element elementor-element-1eee679 elementor-widget elementor-widget-text-editor\" data-id=\"1eee679\" data-element_type=\"widget\" data-widget_type=\"text-editor.default\">\n\t\t\t\t<div class=\"elementor-widget-container\">\n\t\t\t\t\t\t\t\t\t<p><strong>regulatory<\/strong><\/p><p><strong>Address: <br \/><\/strong>Carrera 13 No. 27 \u2013 00, Floors 1 and 3.<\/p><p><strong>Telephone Switch:<\/strong> <br \/>+60 (1) 587 00 00 \u2013 Bogota.<\/p><p><strong>Mail:<\/strong> <br \/><a href=\"mailto:contactenos@sic.gov.co\">contactenos@sic.gov.co<\/a><\/p>\t\t\t\t\t\t\t\t<\/div>\n\t\t\t\t<\/div>\n\t\t\t\t\t<\/div>\n\t\t\t\t<\/div>\n\t\t\t\t\t<\/div>\n\t\t\t\t<\/section>\n\t\t<section class=\"elementor-element elementor-element-6645f30 e-flex e-con-boxed e-con e-child\" data-id=\"6645f30\" data-element_type=\"container\">\n\t\t\t\t\t<div class=\"e-con-inner\">\n\t\t<div class=\"elementor-element elementor-element-07d724e e-flex e-con-boxed e-con e-child\" data-id=\"07d724e\" data-element_type=\"container\">\n\t\t\t\t\t<div class=\"e-con-inner\">\n\t\t\t\t<div class=\"elementor-element elementor-element-a0c0178 elementor-widget elementor-widget-image\" data-id=\"a0c0178\" data-element_type=\"widget\" data-widget_type=\"image.default\">\n\t\t\t\t<div class=\"elementor-widget-container\">\n\t\t\t\t\t\t\t\t\t\t\t\t\t\t\t\t<a href=\"https:\/\/www.supersalud.gov.co\/es-co\" target=\"_blank\">\n\t\t\t\t\t\t\t<img decoding=\"async\" data-src=\"https:\/\/test.comfenalcovalle.com.co\/wp-content\/uploads\/2020\/07\/logo-supersalud.jpg\" title=\"\" alt=\"\" src=\"data:image\/svg+xml;base64,PHN2ZyB3aWR0aD0iMSIgaGVpZ2h0PSIxIiB4bWxucz0iaHR0cDovL3d3dy53My5vcmcvMjAwMC9zdmciPjwvc3ZnPg==\" class=\"lazyload\" \/>\t\t\t\t\t\t\t\t<\/a>\n\t\t\t\t\t\t\t\t\t\t\t\t\t\t\t<\/div>\n\t\t\t\t<\/div>\n\t\t\t\t<div class=\"elementor-element elementor-element-1c2c017 elementor-widget elementor-widget-text-editor\" data-id=\"1c2c017\" data-element_type=\"widget\" data-widget_type=\"text-editor.default\">\n\t\t\t\t<div class=\"elementor-widget-container\">\n\t\t\t\t\t\t\t\t\t<p><strong>regulatory<\/strong><\/p><p><strong>Address:<\/strong> <br \/>Race 68A No. 24B \u2013 10, Tower 3, Floor 4, 9 and 10<br \/>Plaza Claro Building, Bogota DC<\/p><p><strong>PBX:<\/strong> <br \/>+57 601 744 2000.\u00a0 \u00a0<\/p><p><strong>Mail:\u00a0<\/strong><br \/><a href=\"mailto:snsnotificacionesjudiciales@supersalud.gov.co\">snsnotificacionesjudiciales@supersalud.gov.co<\/a><\/p>\t\t\t\t\t\t\t\t<\/div>\n\t\t\t\t<\/div>\n\t\t\t\t\t<\/div>\n\t\t\t\t<\/div>\n\t\t<div class=\"elementor-element elementor-element-46d0204 e-flex e-con-boxed e-con e-child\" data-id=\"46d0204\" data-element_type=\"container\">\n\t\t\t\t\t<div class=\"e-con-inner\">\n\t\t\t\t<div class=\"elementor-element elementor-element-e2a3f27 elementor-widget elementor-widget-image\" data-id=\"e2a3f27\" data-element_type=\"widget\" data-widget_type=\"image.default\">\n\t\t\t\t<div class=\"elementor-widget-container\">\n\t\t\t\t\t\t\t\t\t\t\t\t\t\t\t\t<a href=\"https:\/\/www.procuraduria.gov.co\/portal\/\" target=\"_blank\">\n\t\t\t\t\t\t\t<img decoding=\"async\" width=\"182\" height=\"240\" data-src=\"https:\/\/test.comfenalcovalle.com.co\/wp-content\/uploads\/2020\/07\/logo-procuraduria.png\" class=\"attachment-full size-full wp-image-1623 lazyload\" alt=\"\" src=\"data:image\/svg+xml;base64,PHN2ZyB3aWR0aD0iMSIgaGVpZ2h0PSIxIiB4bWxucz0iaHR0cDovL3d3dy53My5vcmcvMjAwMC9zdmciPjwvc3ZnPg==\" style=\"--smush-placeholder-width: 182px; --smush-placeholder-aspect-ratio: 182\/240;\" \/>\t\t\t\t\t\t\t\t<\/a>\n\t\t\t\t\t\t\t\t\t\t\t\t\t\t\t<\/div>\n\t\t\t\t<\/div>\n\t\t\t\t<div class=\"elementor-element elementor-element-6fa3cd0 elementor-widget elementor-widget-text-editor\" data-id=\"6fa3cd0\" data-element_type=\"widget\" data-widget_type=\"text-editor.default\">\n\t\t\t\t<div class=\"elementor-widget-container\">\n\t\t\t\t\t\t\t\t\t<p><strong>Disciplinary<\/strong><\/p><p><strong>Address:<\/strong> <br \/>Direcci\u00f3n: Carrera 5 # 15-80<br \/>Bogot\u00e1 D.C., Colombia.<\/p><p><strong>switch phone:<\/strong> <br \/>+57 601 587 8750.<\/p><p><strong>Mail:<\/strong> <br \/><a href=\"mailto:procesosjudiciales@procuraduria.gov.co\">procesosjudiciales@procuraduria.gov.co<\/a><\/p>\t\t\t\t\t\t\t\t<\/div>\n\t\t\t\t<\/div>\n\t\t\t\t\t<\/div>\n\t\t\t\t<\/div>\n\t\t\t\t\t<\/div>\n\t\t\t\t<\/section>\n\t\t\t\t\t<\/div>\n\t\t\t\t<\/main>\n\t\t\t\t<\/div>","protected":false},"excerpt":{"rendered":"<p>Inicio Somos una organizaci\u00f3n controlada y vigilada por distintas entidades de orden gubernamental, de acuerdo a la normatividad que rige a las Cajas de Compensaci\u00f3n Familiar. Estas son las entidades internas: Revisor\u00eda Fiscal. Auditor\u00eda Interna Estas son las entidades externas: Regulatorio Direcci\u00f3n: Carrera 69 No. 25B &#8211; 44. Pisos 3, 4 y 7 Edificio World [&hellip;]<\/p>","protected":false},"author":1,"featured_media":2940,"parent":1574,"menu_order":0,"comment_status":"closed","ping_status":"closed","template":"elementor_header_footer","meta":{"footnotes":""},"class_list":["post-2807","page","type-page","status-publish","has-post-thumbnail","hentry"],"yoast_head":"<!-- This site is optimized with the Yoast SEO Premium plugin v25.9 (Yoast SEO v25.9) - https:\/\/yoast.com\/wordpress\/plugins\/seo\/ -->\n<title>Entidades de vigilancia y control - Comfenalco Valle Delagente<\/title>\n<meta name=\"description\" content=\"Somos una organizaci\u00f3n controlada y vigilada por distintas entidades de orden gubernamental, de acuerdo a la normatividad que se rige.\" \/>\n<meta name=\"robots\" content=\"index, follow, max-snippet:-1, max-image-preview:large, max-video-preview:-1\" \/>\n<link rel=\"canonical\" href=\"https:\/\/www.comfenalcovalle.com.co\/personas\/nosotros\/transparencia-y-acceso-a-la-informacion-publica\/entidades-de-vigilancia-y-control\/\" \/>\n<meta property=\"og:locale\" content=\"en_US\" \/>\n<meta property=\"og:type\" content=\"article\" \/>\n<meta property=\"og:title\" content=\"Entidades de vigilancia y control\" \/>\n<meta property=\"og:description\" content=\"Somos una organizaci\u00f3n controlada y vigilada por distintas entidades de orden gubernamental, de acuerdo a la normatividad que se rige.\" \/>\n<meta property=\"og:url\" content=\"https:\/\/www.comfenalcovalle.com.co\/personas\/nosotros\/transparencia-y-acceso-a-la-informacion-publica\/entidades-de-vigilancia-y-control\/\" \/>\n<meta property=\"og:site_name\" content=\"Comfenalco Valle Delagente\" \/>\n<meta property=\"article:modified_time\" content=\"2024-04-26T13:44:55+00:00\" \/>\n<meta property=\"og:image\" content=\"https:\/\/www.comfenalcovalle.com.co\/wp-content\/uploads\/2020\/10\/comfenalco-valle-sede-calle-5-torre-A.jpg\" \/>\n\t<meta property=\"og:image:width\" content=\"709\" \/>\n\t<meta property=\"og:image:height\" content=\"473\" \/>\n\t<meta property=\"og:image:type\" content=\"image\/jpeg\" \/>\n<meta name=\"twitter:card\" content=\"summary_large_image\" \/>\n<meta name=\"twitter:label1\" content=\"Est. reading time\" \/>\n\t<meta name=\"twitter:data1\" content=\"2 minutes\" \/>\n<script type=\"application\/ld+json\" class=\"yoast-schema-graph\">{\"@context\":\"https:\/\/schema.org\",\"@graph\":[{\"@type\":\"WebPage\",\"@id\":\"https:\/\/www.comfenalcovalle.com.co\/personas\/nosotros\/transparencia-y-acceso-a-la-informacion-publica\/entidades-de-vigilancia-y-control\/\",\"url\":\"https:\/\/www.comfenalcovalle.com.co\/personas\/nosotros\/transparencia-y-acceso-a-la-informacion-publica\/entidades-de-vigilancia-y-control\/\",\"name\":\"Entidades de vigilancia y control - Comfenalco Valle Delagente\",\"isPartOf\":{\"@id\":\"https:\/\/www.comfenalcovalle.com.co\/#website\"},\"primaryImageOfPage\":{\"@id\":\"https:\/\/www.comfenalcovalle.com.co\/personas\/nosotros\/transparencia-y-acceso-a-la-informacion-publica\/entidades-de-vigilancia-y-control\/#primaryimage\"},\"image\":{\"@id\":\"https:\/\/www.comfenalcovalle.com.co\/personas\/nosotros\/transparencia-y-acceso-a-la-informacion-publica\/entidades-de-vigilancia-y-control\/#primaryimage\"},\"thumbnailUrl\":\"https:\/\/test.comfenalcovalle.com.co\/wp-content\/uploads\/2020\/10\/comfenalco-valle-sede-calle-5-torre-A.jpg\",\"datePublished\":\"2020-10-02T16:20:35+00:00\",\"dateModified\":\"2024-04-26T13:44:55+00:00\",\"description\":\"Somos una organizaci\u00f3n controlada y vigilada por distintas entidades de orden gubernamental, de acuerdo a la normatividad que se rige.\",\"breadcrumb\":{\"@id\":\"https:\/\/www.comfenalcovalle.com.co\/personas\/nosotros\/transparencia-y-acceso-a-la-informacion-publica\/entidades-de-vigilancia-y-control\/#breadcrumb\"},\"inLanguage\":\"en-US\",\"potentialAction\":[{\"@type\":\"ReadAction\",\"target\":[\"https:\/\/www.comfenalcovalle.com.co\/personas\/nosotros\/transparencia-y-acceso-a-la-informacion-publica\/entidades-de-vigilancia-y-control\/\"]}]},{\"@type\":\"ImageObject\",\"inLanguage\":\"en-US\",\"@id\":\"https:\/\/www.comfenalcovalle.com.co\/personas\/nosotros\/transparencia-y-acceso-a-la-informacion-publica\/entidades-de-vigilancia-y-control\/#primaryimage\",\"url\":\"https:\/\/test.comfenalcovalle.com.co\/wp-content\/uploads\/2020\/10\/comfenalco-valle-sede-calle-5-torre-A.jpg\",\"contentUrl\":\"https:\/\/test.comfenalcovalle.com.co\/wp-content\/uploads\/2020\/10\/comfenalco-valle-sede-calle-5-torre-A.jpg\",\"width\":709,\"height\":473,\"caption\":\"Comfenalco Valle Delagente\"},{\"@type\":\"BreadcrumbList\",\"@id\":\"https:\/\/www.comfenalcovalle.com.co\/personas\/nosotros\/transparencia-y-acceso-a-la-informacion-publica\/entidades-de-vigilancia-y-control\/#breadcrumb\",\"itemListElement\":[{\"@type\":\"ListItem\",\"position\":1,\"name\":\"Portada\",\"item\":\"https:\/\/www.comfenalcovalle.com.co\/\"},{\"@type\":\"ListItem\",\"position\":2,\"name\":\"Personas\",\"item\":\"https:\/\/www.comfenalcovalle.com.co\/\"},{\"@type\":\"ListItem\",\"position\":3,\"name\":\"Nosotros\",\"item\":\"https:\/\/www.comfenalcovalle.com.co\/personas\/nosotros\/\"},{\"@type\":\"ListItem\",\"position\":4,\"name\":\"Transparencia y acceso a la informaci\u00f3n p\u00fablica\",\"item\":\"https:\/\/www.comfenalcovalle.com.co\/personas\/nosotros\/transparencia-y-acceso-a-la-informacion-publica\/\"},{\"@type\":\"ListItem\",\"position\":5,\"name\":\"Entidades de vigilancia y control\"}]},{\"@type\":\"WebSite\",\"@id\":\"https:\/\/www.comfenalcovalle.com.co\/#website\",\"url\":\"https:\/\/www.comfenalcovalle.com.co\/\",\"name\":\"Comfenalco Valle Delagente\",\"description\":\"Caja de compensaci\u00f3n de Comfenalco Valle Delagente.\",\"publisher\":{\"@id\":\"https:\/\/www.comfenalcovalle.com.co\/#organization\"},\"potentialAction\":[{\"@type\":\"SearchAction\",\"target\":{\"@type\":\"EntryPoint\",\"urlTemplate\":\"https:\/\/www.comfenalcovalle.com.co\/?s={search_term_string}\"},\"query-input\":{\"@type\":\"PropertyValueSpecification\",\"valueRequired\":true,\"valueName\":\"search_term_string\"}}],\"inLanguage\":\"en-US\"},{\"@type\":\"Organization\",\"@id\":\"https:\/\/www.comfenalcovalle.com.co\/#organization\",\"name\":\"Comfenalco Valle Delagente\",\"url\":\"https:\/\/www.comfenalcovalle.com.co\/\",\"logo\":{\"@type\":\"ImageObject\",\"inLanguage\":\"en-US\",\"@id\":\"https:\/\/www.comfenalcovalle.com.co\/#\/schema\/logo\/image\/\",\"url\":\"https:\/\/test.comfenalcovalle.com.co\/wp-content\/uploads\/2021\/06\/logo-comfe-cabecera-agencia-empelo-actualizado.png\",\"contentUrl\":\"https:\/\/test.comfenalcovalle.com.co\/wp-content\/uploads\/2021\/06\/logo-comfe-cabecera-agencia-empelo-actualizado.png\",\"width\":500,\"height\":184,\"caption\":\"Comfenalco Valle Delagente\"},\"image\":{\"@id\":\"https:\/\/www.comfenalcovalle.com.co\/#\/schema\/logo\/image\/\"}}]}<\/script>\n<!-- \/ Yoast SEO Premium plugin. -->","yoast_head_json":{"title":"Entidades de vigilancia y control - Comfenalco Valle Delagente","description":"Somos una organizaci\u00f3n controlada y vigilada por distintas entidades de orden gubernamental, de acuerdo a la normatividad que se rige.","robots":{"index":"index","follow":"follow","max-snippet":"max-snippet:-1","max-image-preview":"max-image-preview:large","max-video-preview":"max-video-preview:-1"},"canonical":"https:\/\/www.comfenalcovalle.com.co\/personas\/nosotros\/transparencia-y-acceso-a-la-informacion-publica\/entidades-de-vigilancia-y-control\/","og_locale":"en_US","og_type":"article","og_title":"Entidades de vigilancia y control","og_description":"Somos una organizaci\u00f3n controlada y vigilada por distintas entidades de orden gubernamental, de acuerdo a la normatividad que se rige.","og_url":"https:\/\/www.comfenalcovalle.com.co\/personas\/nosotros\/transparencia-y-acceso-a-la-informacion-publica\/entidades-de-vigilancia-y-control\/","og_site_name":"Comfenalco Valle Delagente","article_modified_time":"2024-04-26T13:44:55+00:00","og_image":[{"width":709,"height":473,"url":"https:\/\/www.comfenalcovalle.com.co\/wp-content\/uploads\/2020\/10\/comfenalco-valle-sede-calle-5-torre-A.jpg","type":"image\/jpeg"}],"twitter_card":"summary_large_image","twitter_misc":{"Est. reading time":"2 minutes"},"schema":{"@context":"https:\/\/schema.org","@graph":[{"@type":"WebPage","@id":"https:\/\/www.comfenalcovalle.com.co\/personas\/nosotros\/transparencia-y-acceso-a-la-informacion-publica\/entidades-de-vigilancia-y-control\/","url":"https:\/\/www.comfenalcovalle.com.co\/personas\/nosotros\/transparencia-y-acceso-a-la-informacion-publica\/entidades-de-vigilancia-y-control\/","name":"Entidades de vigilancia y control - Comfenalco Valle Delagente","isPartOf":{"@id":"https:\/\/www.comfenalcovalle.com.co\/#website"},"primaryImageOfPage":{"@id":"https:\/\/www.comfenalcovalle.com.co\/personas\/nosotros\/transparencia-y-acceso-a-la-informacion-publica\/entidades-de-vigilancia-y-control\/#primaryimage"},"image":{"@id":"https:\/\/www.comfenalcovalle.com.co\/personas\/nosotros\/transparencia-y-acceso-a-la-informacion-publica\/entidades-de-vigilancia-y-control\/#primaryimage"},"thumbnailUrl":"https:\/\/test.comfenalcovalle.com.co\/wp-content\/uploads\/2020\/10\/comfenalco-valle-sede-calle-5-torre-A.jpg","datePublished":"2020-10-02T16:20:35+00:00","dateModified":"2024-04-26T13:44:55+00:00","description":"Somos una organizaci\u00f3n controlada y vigilada por distintas entidades de orden gubernamental, de acuerdo a la normatividad que se rige.","breadcrumb":{"@id":"https:\/\/www.comfenalcovalle.com.co\/personas\/nosotros\/transparencia-y-acceso-a-la-informacion-publica\/entidades-de-vigilancia-y-control\/#breadcrumb"},"inLanguage":"en-US","potentialAction":[{"@type":"ReadAction","target":["https:\/\/www.comfenalcovalle.com.co\/personas\/nosotros\/transparencia-y-acceso-a-la-informacion-publica\/entidades-de-vigilancia-y-control\/"]}]},{"@type":"ImageObject","inLanguage":"en-US","@id":"https:\/\/www.comfenalcovalle.com.co\/personas\/nosotros\/transparencia-y-acceso-a-la-informacion-publica\/entidades-de-vigilancia-y-control\/#primaryimage","url":"https:\/\/test.comfenalcovalle.com.co\/wp-content\/uploads\/2020\/10\/comfenalco-valle-sede-calle-5-torre-A.jpg","contentUrl":"https:\/\/test.comfenalcovalle.com.co\/wp-content\/uploads\/2020\/10\/comfenalco-valle-sede-calle-5-torre-A.jpg","width":709,"height":473,"caption":"Comfenalco Valle Delagente"},{"@type":"BreadcrumbList","@id":"https:\/\/www.comfenalcovalle.com.co\/personas\/nosotros\/transparencia-y-acceso-a-la-informacion-publica\/entidades-de-vigilancia-y-control\/#breadcrumb","itemListElement":[{"@type":"ListItem","position":1,"name":"Portada","item":"https:\/\/www.comfenalcovalle.com.co\/"},{"@type":"ListItem","position":2,"name":"Personas","item":"https:\/\/www.comfenalcovalle.com.co\/"},{"@type":"ListItem","position":3,"name":"Nosotros","item":"https:\/\/www.comfenalcovalle.com.co\/personas\/nosotros\/"},{"@type":"ListItem","position":4,"name":"Transparencia y acceso a la informaci\u00f3n p\u00fablica","item":"https:\/\/www.comfenalcovalle.com.co\/personas\/nosotros\/transparencia-y-acceso-a-la-informacion-publica\/"},{"@type":"ListItem","position":5,"name":"Entidades de vigilancia y control"}]},{"@type":"WebSite","@id":"https:\/\/www.comfenalcovalle.com.co\/#website","url":"https:\/\/www.comfenalcovalle.com.co\/","name":"Comfenalco Valle Delagente","description":"Comfenalco Valle Delagente compensation fund.","publisher":{"@id":"https:\/\/www.comfenalcovalle.com.co\/#organization"},"potentialAction":[{"@type":"SearchAction","target":{"@type":"EntryPoint","urlTemplate":"https:\/\/www.comfenalcovalle.com.co\/?s={search_term_string}"},"query-input":{"@type":"PropertyValueSpecification","valueRequired":true,"valueName":"search_term_string"}}],"inLanguage":"en-US"},{"@type":"Organization","@id":"https:\/\/www.comfenalcovalle.com.co\/#organization","name":"Comfenalco Valle Delagente","url":"https:\/\/www.comfenalcovalle.com.co\/","logo":{"@type":"ImageObject","inLanguage":"en-US","@id":"https:\/\/www.comfenalcovalle.com.co\/#\/schema\/logo\/image\/","url":"https:\/\/test.comfenalcovalle.com.co\/wp-content\/uploads\/2021\/06\/logo-comfe-cabecera-agencia-empelo-actualizado.png","contentUrl":"https:\/\/test.comfenalcovalle.com.co\/wp-content\/uploads\/2021\/06\/logo-comfe-cabecera-agencia-empelo-actualizado.png","width":500,"height":184,"caption":"Comfenalco Valle Delagente"},"image":{"@id":"https:\/\/www.comfenalcovalle.com.co\/#\/schema\/logo\/image\/"}}]}},"publishpress_future_action":{"enabled":false,"date":"2026-05-08 09:57:59","action":"change-status","newStatus":"draft","terms":[],"taxonomy":"","extraData":[]},"publishpress_future_workflow_manual_trigger":{"enabledWorkflows":[]},"_links":{"self":[{"href":"https:\/\/test.comfenalcovalle.com.co\/en\/wp-json\/wp\/v2\/pages\/2807","targetHints":{"allow":["GET"]}}],"collection":[{"href":"https:\/\/test.comfenalcovalle.com.co\/en\/wp-json\/wp\/v2\/pages"}],"about":[{"href":"https:\/\/test.comfenalcovalle.com.co\/en\/wp-json\/wp\/v2\/types\/page"}],"author":[{"embeddable":true,"href":"https:\/\/test.comfenalcovalle.com.co\/en\/wp-json\/wp\/v2\/users\/1"}],"replies":[{"embeddable":true,"href":"https:\/\/test.comfenalcovalle.com.co\/en\/wp-json\/wp\/v2\/comments?post=2807"}],"version-history":[{"count":0,"href":"https:\/\/test.comfenalcovalle.com.co\/en\/wp-json\/wp\/v2\/pages\/2807\/revisions"}],"up":[{"embeddable":true,"href":"https:\/\/test.comfenalcovalle.com.co\/en\/wp-json\/wp\/v2\/pages\/1574"}],"wp:featuredmedia":[{"embeddable":true,"href":"https:\/\/test.comfenalcovalle.com.co\/en\/wp-json\/wp\/v2\/media\/2940"}],"wp:attachment":[{"href":"https:\/\/test.comfenalcovalle.com.co\/en\/wp-json\/wp\/v2\/media?parent=2807"}],"curies":[{"name":"wp","href":"https:\/\/api.w.org\/{rel}","templated":true}]}}