{"id":2699,"date":"2023-03-01T08:00:00","date_gmt":"2023-03-01T13:00:00","guid":{"rendered":"https:\/\/test.comfenalcovalle.com.co\/webredlat\/?page_id=2699"},"modified":"2026-01-22T14:32:07","modified_gmt":"2026-01-22T19:32:07","slug":"codigo-de-etica-y-buen-gobierno","status":"publish","type":"page","link":"https:\/\/test.comfenalcovalle.com.co\/en\/codigo-de-etica-y-buen-gobierno\/","title":{"rendered":"Code of ethics and good governance"},"content":{"rendered":"<div data-elementor-type=\"wp-page\" data-elementor-id=\"2699\" class=\"elementor elementor-2699\" data-elementor-post-type=\"page\">\n\t\t\t\t<div class=\"elementor-element elementor-element-658d42a e-flex e-con-boxed e-con e-parent\" data-id=\"658d42a\" data-element_type=\"container\">\n\t\t\t\t\t<div class=\"e-con-inner\">\n\t\t<div class=\"elementor-element elementor-element-54d31d7 e-con-full e-flex e-con e-child\" data-id=\"54d31d7\" data-element_type=\"container\">\n\t\t<div class=\"elementor-element elementor-element-e7e8953 e-con-full e-flex e-con e-child\" data-id=\"e7e8953\" data-element_type=\"container\" data-settings=\"{&quot;background_background&quot;:&quot;classic&quot;}\">\n\t\t\t\t<div class=\"elementor-element elementor-element-a2e3031 elementor-widget elementor-widget-spacer\" data-id=\"a2e3031\" data-element_type=\"widget\" data-widget_type=\"spacer.default\">\n\t\t\t\t<div class=\"elementor-widget-container\">\n\t\t\t\t\t\t\t<div class=\"elementor-spacer\">\n\t\t\t<div class=\"elementor-spacer-inner\"><\/div>\n\t\t<\/div>\n\t\t\t\t\t\t<\/div>\n\t\t\t\t<\/div>\n\t\t\t\t<\/div>\n\t\t<div class=\"elementor-element elementor-element-36dab3e e-con-full e-flex e-con e-child\" data-id=\"36dab3e\" data-element_type=\"container\">\n\t\t\t\t<div class=\"elementor-element elementor-element-d946446 jet-breadcrumbs-align-left jet-breadcrumbs-align-tablet-center jet-breadcrumbs-align-mobile-center elementor-widget elementor-widget-jet-breadcrumbs\" data-id=\"d946446\" data-element_type=\"widget\" data-widget_type=\"jet-breadcrumbs.default\">\n\t\t\t\t<div class=\"elementor-widget-container\">\n\t\t\t\t\t<div class=\"elementor-jet-breadcrumbs jet-blocks\">\n\t\t<div class=\"jet-breadcrumbs\">\n\t\t<div class=\"jet-breadcrumbs__content\">\n\t\t<div class=\"jet-breadcrumbs__wrap\"><div class=\"jet-breadcrumbs__item\"><a href=\"https:\/\/test.comfenalcovalle.com.co\/en\/\" class=\"jet-breadcrumbs__item-link is-home\" rel=\"home\" title=\"Beginning\">Beginning<\/a><\/div>\n\t\t<\/div>\n\t\t<\/div>\n\t\t<\/div><\/div>\t\t\t\t<\/div>\n\t\t\t\t<\/div>\n\t\t\t\t<div class=\"elementor-element elementor-element-bb5ecfb elementor-widget elementor-widget-heading\" data-id=\"bb5ecfb\" data-element_type=\"widget\" data-widget_type=\"heading.default\">\n\t\t\t\t<div class=\"elementor-widget-container\">\n\t\t\t\t\t<h1 class=\"elementor-heading-title elementor-size-default\">C\u00f3digo de \u00c9tica, Conducta, Integridad y Buen Gobierno Organizacional<\/h1>\t\t\t\t<\/div>\n\t\t\t\t<\/div>\n\t\t\t\t<div class=\"elementor-element elementor-element-d119ca8 elementor-widget elementor-widget-text-editor\" data-id=\"d119ca8\" data-element_type=\"widget\" data-widget_type=\"text-editor.default\">\n\t\t\t\t<div class=\"elementor-widget-container\">\n\t\t\t\t\t\t\t\t\t<p>Todas las organizaciones p\u00fablicas o privadas en Colombia tienen la responsabilidad de socializar sus pol\u00edticas de \u00e9tica y buen gobierno corporativo. Como organizaci\u00f3n, generamos impacto social a trav\u00e9s de servicios, programas o proyectos en beneficio de las empresas afiliadas, afiliados y sus familias, y comunidad en general.<\/p><p>Creemos en la \u00e9tica corporativa como clave de competitividad y desarrollo. El siguiente documento es nuestra gu\u00eda para construir una cultura organizacional edificada en valores. En cumplimiento de la Ley 789 de diciembre del 2002, hacemos p\u00fablico el C\u00f3digo de \u00c9tica, Conducta, Integridad y Buen Gobierno Organizacional Comfenalco Valle Delagente y de su Programa de Aseguramiento en Salud EPS Comfenalco Valle.<\/p>\t\t\t\t\t\t\t\t<\/div>\n\t\t\t\t<\/div>\n\t\t\t\t<\/div>\n\t\t\t\t<\/div>\n\t\t<div class=\"elementor-element elementor-element-9808492 e-con-full e-flex e-con e-child\" data-id=\"9808492\" data-element_type=\"container\">\n\t\t<div class=\"elementor-element elementor-element-44353ae e-con-full e-flex e-con e-child\" data-id=\"44353ae\" data-element_type=\"container\">\n\t\t\t\t<div class=\"elementor-element elementor-element-5f70a87 elementor-view-stacked elementor-shape-circle elementor-widget elementor-widget-icon\" data-id=\"5f70a87\" data-element_type=\"widget\" data-widget_type=\"icon.default\">\n\t\t\t\t<div class=\"elementor-widget-container\">\n\t\t\t\t\t\t\t<div class=\"elementor-icon-wrapper\">\n\t\t\t<div class=\"elementor-icon elementor-animation-grow\">\n\t\t\t<svg xmlns=\"http:\/\/www.w3.org\/2000\/svg\" id=\"Capa_1\" height=\"512\" viewbox=\"0 0 512 512\" width=\"512\"><g><g><g><g><path d=\"m379.655 170.335c-5.522 0-10-4.478-10-10v-68.379c0-5.522 4.478-10 10-10s10 4.478 10 10v68.379c0 5.522-4.477 10-10 10z\"><\/path><\/g><\/g><g><g><circle cx=\"379.612\" cy=\"59.778\" r=\"10\"><\/circle><\/g><\/g><g><path d=\"m484.648 105.057c0-57.929-47.119-105.057-105.037-105.057-23.973 0-46.095 8.074-63.793 21.646h-252.073c-20.067 0-36.393 16.325-36.393 36.393v363.773c0 20.067 16.326 36.394 36.393 36.394h31.731v17.4c0 20.067 16.326 36.394 36.393 36.394h261.461c20.067 0 36.393-16.326 36.393-36.394v-138.702c0-5.522-4.478-10-10-10s-10 4.478-10 10v138.702c0 9.039-7.354 16.394-16.393 16.394h-261.461c-9.039 0-16.393-7.354-16.393-16.394v-17.4h209.731c20.067 0 36.394-16.326 36.394-36.394v-213.244c5.854 1.016 11.871 1.546 18.011 1.546 10.461 0 20.57-1.538 30.112-4.399v40.778c0 5.522 4.478 10 10 10s10-4.478 10-10v-49.125c32.692-17.826 54.924-52.52 54.924-92.311zm-143.047 316.756c0 9.039-7.354 16.394-16.394 16.394h-261.462c-9.039 0-16.393-7.354-16.393-16.394v-363.774c0-9.039 7.354-16.393 16.393-16.393h232.171c-12.552 16.533-20.326 36.883-21.248 58.974h-170.291c-5.522 0-10 4.478-10 10v42.234c0 5.522 4.478 10 10 10h180.198c2.273 0 4.369-.759 6.049-2.037 11.946 19.004 29.806 33.931 50.977 42.179zm-67.026-301.193v22.234h-160.198v-22.234zm105.036 69.493c-46.889 0-85.036-38.156-85.036-85.057 0-46.9 38.147-85.057 85.036-85.057 46.89 0 85.037 38.156 85.037 85.057s-38.147 85.057-85.037 85.057z\"><\/path><g><g><path d=\"m419.72 301.52c-4.12 0-7.897-2.637-9.349-6.482-1.491-3.946-.27-8.586 3.009-11.255 3.285-2.673 8.014-2.994 11.617-.758 3.596 2.232 5.437 6.635 4.464 10.764-1.053 4.466-5.146 7.731-9.741 7.731z\"><\/path><\/g><\/g><\/g><g><g><g><g><path d=\"m284.575 217.633h-180.198c-5.522 0-10-4.477-10-10 0-5.522 4.478-10 10-10h180.198c5.522 0 10 4.478 10 10s-4.477 10-10 10z\"><\/path><\/g><\/g><g><g><path d=\"m284.575 265.063h-180.198c-5.522 0-10-4.478-10-10 0-5.523 4.478-10 10-10h180.198c5.522 0 10 4.477 10 10 0 5.522-4.477 10-10 10z\"><\/path><\/g><\/g><g><g><path d=\"m284.575 312.493h-180.198c-5.522 0-10-4.478-10-10s4.478-10 10-10h180.198c5.522 0 10 4.478 10 10 0 5.523-4.477 10-10 10z\"><\/path><\/g><\/g><g><g><path d=\"m284.575 359.923h-180.198c-5.522 0-10-4.478-10-10 0-5.523 4.478-10 10-10h180.198c5.522 0 10 4.477 10 10 0 5.522-4.477 10-10 10z\"><\/path><\/g><\/g><\/g><\/g><\/g><\/g><\/svg>\t\t\t<\/div>\n\t\t<\/div>\n\t\t\t\t\t\t<\/div>\n\t\t\t\t<\/div>\n\t\t\t\t<div class=\"elementor-element elementor-element-c738b2e elementor-widget elementor-widget-heading\" data-id=\"c738b2e\" data-element_type=\"widget\" data-widget_type=\"heading.default\">\n\t\t\t\t<div class=\"elementor-widget-container\">\n\t\t\t\t\t<h2 class=\"elementor-heading-title elementor-size-default\"><a href=\"https:\/\/test.comfenalcovalle.com.co\/wp-content\/uploads\/2026\/01\/CDO-DES-PLE-01-V5-Codigo-de-Etica-Conducta-Integridad-y-Buen-Gobierno.pdf\" target=\"_blank\">Descarga aqu\u00ed el C\u00f3digo de \u00c9tica, Conducta, Integridad y Buen Gobierno Organizacional<\/a><\/h2>\t\t\t\t<\/div>\n\t\t\t\t<\/div>\n\t\t\t\t<\/div>\n\t\t\t\t<div class=\"elementor-element elementor-element-ad50db7 elementor-alert-success elementor-widget elementor-widget-alert\" data-id=\"ad50db7\" data-element_type=\"widget\" data-widget_type=\"alert.default\">\n\t\t\t\t<div class=\"elementor-widget-container\">\n\t\t\t\t\t\t\t<div class=\"elementor-alert\" role=\"alert\">\n\n\t\t\t\t\t\t<span class=\"elementor-alert-title\">Note:<\/span>\n\t\t\t\n\t\t\t\t\t\t<span class=\"elementor-alert-description\">Este documento es un aliado estrat\u00e9gico para afianzar la confianza y la credibilidad en el empresariado vallecaucano, y ofrecer mayores garant\u00edas a los grupos de inter\u00e9s con los cuales interactuamos, especialmente a nuestros afiliados.<\/span>\n\t\t\t\n\t\t\t\n\t\t<\/div>\n\t\t\t\t\t\t<\/div>\n\t\t\t\t<\/div>\n\t\t\t\t<\/div>\n\t\t\t\t\t<\/div>\n\t\t\t\t<\/div>\n\t\t\t\t<\/div>","protected":false},"excerpt":{"rendered":"<p>Inicio C\u00f3digo de \u00c9tica, Conducta, Integridad y Buen Gobierno Organizacional Todas las organizaciones p\u00fablicas o privadas en Colombia tienen la responsabilidad de socializar sus pol\u00edticas de \u00e9tica y buen gobierno corporativo. Como organizaci\u00f3n, generamos impacto social a trav\u00e9s de servicios, programas o proyectos en beneficio de las empresas afiliadas, afiliados y sus familias, y comunidad [&hellip;]<\/p>","protected":false},"author":1,"featured_media":575141,"parent":0,"menu_order":0,"comment_status":"closed","ping_status":"closed","template":"elementor_header_footer","meta":{"footnotes":""},"class_list":["post-2699","page","type-page","status-publish","has-post-thumbnail","hentry"],"yoast_head":"<!-- This site is optimized with the Yoast SEO Premium plugin v25.9 (Yoast SEO v25.9) - https:\/\/yoast.com\/wordpress\/plugins\/seo\/ -->\n<title>C\u00f3digo de \u00e9tica y buen gobierno - Comfenalco Valle Delagente<\/title>\n<meta name=\"description\" content=\"Creemos en la \u00e9tica corporativa como clave de competitividad y desarrollo. Es nuestra gu\u00eda para construir una cultura organizacional.\" \/>\n<meta name=\"robots\" content=\"index, follow, max-snippet:-1, max-image-preview:large, max-video-preview:-1\" \/>\n<link rel=\"canonical\" href=\"https:\/\/www.comfenalcovalle.com.co\/codigo-de-etica-y-buen-gobierno\/\" \/>\n<meta property=\"og:locale\" content=\"en_US\" \/>\n<meta property=\"og:type\" content=\"article\" \/>\n<meta property=\"og:title\" content=\"C\u00f3digo de \u00e9tica y buen gobierno\" \/>\n<meta property=\"og:description\" content=\"Creemos en la \u00e9tica corporativa como clave de competitividad y desarrollo. Es nuestra gu\u00eda para construir una cultura organizacional.\" \/>\n<meta property=\"og:url\" content=\"https:\/\/www.comfenalcovalle.com.co\/codigo-de-etica-y-buen-gobierno\/\" \/>\n<meta property=\"og:site_name\" content=\"Comfenalco Valle Delagente\" \/>\n<meta property=\"article:modified_time\" content=\"2026-01-22T19:32:07+00:00\" \/>\n<meta property=\"og:image\" content=\"https:\/\/www.comfenalcovalle.com.co\/wp-content\/uploads\/2022\/02\/servicios-financieron-2.jpg\" \/>\n\t<meta property=\"og:image:width\" content=\"1200\" \/>\n\t<meta property=\"og:image:height\" content=\"1200\" \/>\n\t<meta property=\"og:image:type\" content=\"image\/jpeg\" \/>\n<meta name=\"twitter:card\" content=\"summary_large_image\" \/>\n<meta name=\"twitter:label1\" content=\"Est. reading time\" \/>\n\t<meta name=\"twitter:data1\" content=\"1 minute\" \/>\n<script type=\"application\/ld+json\" class=\"yoast-schema-graph\">{\"@context\":\"https:\/\/schema.org\",\"@graph\":[{\"@type\":\"WebPage\",\"@id\":\"https:\/\/www.comfenalcovalle.com.co\/codigo-de-etica-y-buen-gobierno\/\",\"url\":\"https:\/\/www.comfenalcovalle.com.co\/codigo-de-etica-y-buen-gobierno\/\",\"name\":\"C\u00f3digo de \u00e9tica y buen gobierno - Comfenalco Valle Delagente\",\"isPartOf\":{\"@id\":\"https:\/\/www.comfenalcovalle.com.co\/#website\"},\"primaryImageOfPage\":{\"@id\":\"https:\/\/www.comfenalcovalle.com.co\/codigo-de-etica-y-buen-gobierno\/#primaryimage\"},\"image\":{\"@id\":\"https:\/\/www.comfenalcovalle.com.co\/codigo-de-etica-y-buen-gobierno\/#primaryimage\"},\"thumbnailUrl\":\"https:\/\/test.comfenalcovalle.com.co\/wp-content\/uploads\/2022\/02\/servicios-financieron-2.jpg\",\"datePublished\":\"2023-03-01T13:00:00+00:00\",\"dateModified\":\"2026-01-22T19:32:07+00:00\",\"description\":\"Creemos en la \u00e9tica corporativa como clave de competitividad y desarrollo. Es nuestra gu\u00eda para construir una cultura organizacional.\",\"breadcrumb\":{\"@id\":\"https:\/\/www.comfenalcovalle.com.co\/codigo-de-etica-y-buen-gobierno\/#breadcrumb\"},\"inLanguage\":\"en-US\",\"potentialAction\":[{\"@type\":\"ReadAction\",\"target\":[\"https:\/\/www.comfenalcovalle.com.co\/codigo-de-etica-y-buen-gobierno\/\"]}]},{\"@type\":\"ImageObject\",\"inLanguage\":\"en-US\",\"@id\":\"https:\/\/www.comfenalcovalle.com.co\/codigo-de-etica-y-buen-gobierno\/#primaryimage\",\"url\":\"https:\/\/test.comfenalcovalle.com.co\/wp-content\/uploads\/2022\/02\/servicios-financieron-2.jpg\",\"contentUrl\":\"https:\/\/test.comfenalcovalle.com.co\/wp-content\/uploads\/2022\/02\/servicios-financieron-2.jpg\",\"width\":1200,\"height\":1200,\"caption\":\"servicios-financieron\"},{\"@type\":\"BreadcrumbList\",\"@id\":\"https:\/\/www.comfenalcovalle.com.co\/codigo-de-etica-y-buen-gobierno\/#breadcrumb\",\"itemListElement\":[{\"@type\":\"ListItem\",\"position\":1,\"name\":\"Portada\",\"item\":\"https:\/\/www.comfenalcovalle.com.co\/\"},{\"@type\":\"ListItem\",\"position\":2,\"name\":\"C\u00f3digo de \u00e9tica y buen gobierno\"}]},{\"@type\":\"WebSite\",\"@id\":\"https:\/\/www.comfenalcovalle.com.co\/#website\",\"url\":\"https:\/\/www.comfenalcovalle.com.co\/\",\"name\":\"Comfenalco Valle Delagente\",\"description\":\"Caja de compensaci\u00f3n de Comfenalco Valle Delagente.\",\"publisher\":{\"@id\":\"https:\/\/www.comfenalcovalle.com.co\/#organization\"},\"potentialAction\":[{\"@type\":\"SearchAction\",\"target\":{\"@type\":\"EntryPoint\",\"urlTemplate\":\"https:\/\/www.comfenalcovalle.com.co\/?s={search_term_string}\"},\"query-input\":{\"@type\":\"PropertyValueSpecification\",\"valueRequired\":true,\"valueName\":\"search_term_string\"}}],\"inLanguage\":\"en-US\"},{\"@type\":\"Organization\",\"@id\":\"https:\/\/www.comfenalcovalle.com.co\/#organization\",\"name\":\"Comfenalco Valle Delagente\",\"url\":\"https:\/\/www.comfenalcovalle.com.co\/\",\"logo\":{\"@type\":\"ImageObject\",\"inLanguage\":\"en-US\",\"@id\":\"https:\/\/www.comfenalcovalle.com.co\/#\/schema\/logo\/image\/\",\"url\":\"https:\/\/test.comfenalcovalle.com.co\/wp-content\/uploads\/2021\/06\/logo-comfe-cabecera-agencia-empelo-actualizado.png\",\"contentUrl\":\"https:\/\/test.comfenalcovalle.com.co\/wp-content\/uploads\/2021\/06\/logo-comfe-cabecera-agencia-empelo-actualizado.png\",\"width\":500,\"height\":184,\"caption\":\"Comfenalco Valle Delagente\"},\"image\":{\"@id\":\"https:\/\/www.comfenalcovalle.com.co\/#\/schema\/logo\/image\/\"}}]}<\/script>\n<!-- \/ Yoast SEO Premium plugin. -->","yoast_head_json":{"title":"C\u00f3digo de \u00e9tica y buen gobierno - Comfenalco Valle Delagente","description":"Creemos en la \u00e9tica corporativa como clave de competitividad y desarrollo. Es nuestra gu\u00eda para construir una cultura organizacional.","robots":{"index":"index","follow":"follow","max-snippet":"max-snippet:-1","max-image-preview":"max-image-preview:large","max-video-preview":"max-video-preview:-1"},"canonical":"https:\/\/www.comfenalcovalle.com.co\/codigo-de-etica-y-buen-gobierno\/","og_locale":"en_US","og_type":"article","og_title":"C\u00f3digo de \u00e9tica y buen gobierno","og_description":"Creemos en la \u00e9tica corporativa como clave de competitividad y desarrollo. Es nuestra gu\u00eda para construir una cultura organizacional.","og_url":"https:\/\/www.comfenalcovalle.com.co\/codigo-de-etica-y-buen-gobierno\/","og_site_name":"Comfenalco Valle Delagente","article_modified_time":"2026-01-22T19:32:07+00:00","og_image":[{"width":1200,"height":1200,"url":"https:\/\/www.comfenalcovalle.com.co\/wp-content\/uploads\/2022\/02\/servicios-financieron-2.jpg","type":"image\/jpeg"}],"twitter_card":"summary_large_image","twitter_misc":{"Est. reading time":"1 minute"},"schema":{"@context":"https:\/\/schema.org","@graph":[{"@type":"WebPage","@id":"https:\/\/www.comfenalcovalle.com.co\/codigo-de-etica-y-buen-gobierno\/","url":"https:\/\/www.comfenalcovalle.com.co\/codigo-de-etica-y-buen-gobierno\/","name":"C\u00f3digo de \u00e9tica y buen gobierno - Comfenalco Valle Delagente","isPartOf":{"@id":"https:\/\/www.comfenalcovalle.com.co\/#website"},"primaryImageOfPage":{"@id":"https:\/\/www.comfenalcovalle.com.co\/codigo-de-etica-y-buen-gobierno\/#primaryimage"},"image":{"@id":"https:\/\/www.comfenalcovalle.com.co\/codigo-de-etica-y-buen-gobierno\/#primaryimage"},"thumbnailUrl":"https:\/\/test.comfenalcovalle.com.co\/wp-content\/uploads\/2022\/02\/servicios-financieron-2.jpg","datePublished":"2023-03-01T13:00:00+00:00","dateModified":"2026-01-22T19:32:07+00:00","description":"Creemos en la \u00e9tica corporativa como clave de competitividad y desarrollo. Es nuestra gu\u00eda para construir una cultura organizacional.","breadcrumb":{"@id":"https:\/\/www.comfenalcovalle.com.co\/codigo-de-etica-y-buen-gobierno\/#breadcrumb"},"inLanguage":"en-US","potentialAction":[{"@type":"ReadAction","target":["https:\/\/www.comfenalcovalle.com.co\/codigo-de-etica-y-buen-gobierno\/"]}]},{"@type":"ImageObject","inLanguage":"en-US","@id":"https:\/\/www.comfenalcovalle.com.co\/codigo-de-etica-y-buen-gobierno\/#primaryimage","url":"https:\/\/test.comfenalcovalle.com.co\/wp-content\/uploads\/2022\/02\/servicios-financieron-2.jpg","contentUrl":"https:\/\/test.comfenalcovalle.com.co\/wp-content\/uploads\/2022\/02\/servicios-financieron-2.jpg","width":1200,"height":1200,"caption":"servicios-financieron"},{"@type":"BreadcrumbList","@id":"https:\/\/www.comfenalcovalle.com.co\/codigo-de-etica-y-buen-gobierno\/#breadcrumb","itemListElement":[{"@type":"ListItem","position":1,"name":"Portada","item":"https:\/\/www.comfenalcovalle.com.co\/"},{"@type":"ListItem","position":2,"name":"C\u00f3digo de \u00e9tica y buen gobierno"}]},{"@type":"WebSite","@id":"https:\/\/www.comfenalcovalle.com.co\/#website","url":"https:\/\/www.comfenalcovalle.com.co\/","name":"Comfenalco Valle Delagente","description":"Comfenalco Valle Delagente compensation fund.","publisher":{"@id":"https:\/\/www.comfenalcovalle.com.co\/#organization"},"potentialAction":[{"@type":"SearchAction","target":{"@type":"EntryPoint","urlTemplate":"https:\/\/www.comfenalcovalle.com.co\/?s={search_term_string}"},"query-input":{"@type":"PropertyValueSpecification","valueRequired":true,"valueName":"search_term_string"}}],"inLanguage":"en-US"},{"@type":"Organization","@id":"https:\/\/www.comfenalcovalle.com.co\/#organization","name":"Comfenalco Valle Delagente","url":"https:\/\/www.comfenalcovalle.com.co\/","logo":{"@type":"ImageObject","inLanguage":"en-US","@id":"https:\/\/www.comfenalcovalle.com.co\/#\/schema\/logo\/image\/","url":"https:\/\/test.comfenalcovalle.com.co\/wp-content\/uploads\/2021\/06\/logo-comfe-cabecera-agencia-empelo-actualizado.png","contentUrl":"https:\/\/test.comfenalcovalle.com.co\/wp-content\/uploads\/2021\/06\/logo-comfe-cabecera-agencia-empelo-actualizado.png","width":500,"height":184,"caption":"Comfenalco Valle Delagente"},"image":{"@id":"https:\/\/www.comfenalcovalle.com.co\/#\/schema\/logo\/image\/"}}]}},"publishpress_future_action":{"enabled":false,"date":"2026-05-10 03:46:57","action":"change-status","newStatus":"draft","terms":[],"taxonomy":"","extraData":[]},"publishpress_future_workflow_manual_trigger":{"enabledWorkflows":[]},"_links":{"self":[{"href":"https:\/\/test.comfenalcovalle.com.co\/en\/wp-json\/wp\/v2\/pages\/2699","targetHints":{"allow":["GET"]}}],"collection":[{"href":"https:\/\/test.comfenalcovalle.com.co\/en\/wp-json\/wp\/v2\/pages"}],"about":[{"href":"https:\/\/test.comfenalcovalle.com.co\/en\/wp-json\/wp\/v2\/types\/page"}],"author":[{"embeddable":true,"href":"https:\/\/test.comfenalcovalle.com.co\/en\/wp-json\/wp\/v2\/users\/1"}],"replies":[{"embeddable":true,"href":"https:\/\/test.comfenalcovalle.com.co\/en\/wp-json\/wp\/v2\/comments?post=2699"}],"version-history":[{"count":0,"href":"https:\/\/test.comfenalcovalle.com.co\/en\/wp-json\/wp\/v2\/pages\/2699\/revisions"}],"wp:featuredmedia":[{"embeddable":true,"href":"https:\/\/test.comfenalcovalle.com.co\/en\/wp-json\/wp\/v2\/media\/575141"}],"wp:attachment":[{"href":"https:\/\/test.comfenalcovalle.com.co\/en\/wp-json\/wp\/v2\/media?parent=2699"}],"curies":[{"name":"wp","href":"https:\/\/api.w.org\/{rel}","templated":true}]}}