{"id":15991,"date":"2023-03-01T08:00:00","date_gmt":"2023-03-01T13:00:00","guid":{"rendered":"https:\/\/test.comfenalcovalle.com.co\/webredlat\/?page_id=15991"},"modified":"2023-03-23T11:42:55","modified_gmt":"2023-03-23T16:42:55","slug":"fotografias-de-academias-deportivas","status":"publish","type":"page","link":"https:\/\/test.comfenalcovalle.com.co\/en\/sala-de-prensa\/fotografias\/fotografias-de-academias-deportivas\/","title":{"rendered":"Photographs of Sports Academies"},"content":{"rendered":"<div data-elementor-type=\"wp-page\" data-elementor-id=\"15991\" class=\"elementor elementor-15991\" data-elementor-post-type=\"page\">\n\t\t\t\t\t\t<main class=\"elementor-section elementor-top-section elementor-element elementor-element-46e745c elementor-section-full_width elementor-section-height-default elementor-section-height-default\" data-id=\"46e745c\" data-element_type=\"section\">\n\t\t\t\t\t\t<div class=\"elementor-container elementor-column-gap-default\">\n\t\t\t\t\t<div class=\"elementor-column elementor-col-100 elementor-top-column elementor-element elementor-element-3d445c6\" data-id=\"3d445c6\" data-element_type=\"column\">\n\t\t\t<div class=\"elementor-widget-wrap elementor-element-populated\">\n\t\t\t\t\t\t<section class=\"elementor-section elementor-inner-section elementor-element elementor-element-7d29e40 elementor-section-boxed elementor-section-height-default elementor-section-height-default\" data-id=\"7d29e40\" data-element_type=\"section\">\n\t\t\t\t\t\t<div class=\"elementor-container elementor-column-gap-default\">\n\t\t\t\t\t<div class=\"elementor-column elementor-col-100 elementor-inner-column elementor-element elementor-element-951a03a\" data-id=\"951a03a\" data-element_type=\"column\">\n\t\t\t<div class=\"elementor-widget-wrap elementor-element-populated\">\n\t\t\t\t\t\t<div class=\"elementor-element elementor-element-f65c414 jet-breadcrumbs-align-center elementor-widget elementor-widget-jet-breadcrumbs\" data-id=\"f65c414\" data-element_type=\"widget\" data-widget_type=\"jet-breadcrumbs.default\">\n\t\t\t\t<div class=\"elementor-widget-container\">\n\t\t\t\t\t<div class=\"elementor-jet-breadcrumbs jet-blocks\">\n\t\t<div class=\"jet-breadcrumbs\">\n\t\t<div class=\"jet-breadcrumbs__content\">\n\t\t<div class=\"jet-breadcrumbs__wrap\"><div class=\"jet-breadcrumbs__item\"><a href=\"https:\/\/test.comfenalcovalle.com.co\/en\/\" class=\"jet-breadcrumbs__item-link is-home\" rel=\"home\" title=\"Beginning\">Beginning<\/a><\/div>\n\t\t<\/div>\n\t\t<\/div>\n\t\t<\/div><\/div>\t\t\t\t<\/div>\n\t\t\t\t<\/div>\n\t\t\t\t<div class=\"elementor-element elementor-element-98c7eb6 elementor-widget elementor-widget-heading\" data-id=\"98c7eb6\" data-element_type=\"widget\" data-widget_type=\"heading.default\">\n\t\t\t\t<div class=\"elementor-widget-container\">\n\t\t\t\t\t<h1 class=\"elementor-heading-title elementor-size-default\">Photographs of Sports Academies<\/h1>\t\t\t\t<\/div>\n\t\t\t\t<\/div>\n\t\t\t\t<div class=\"elementor-element elementor-element-8929b75 elementor-widget__width-initial elementor-widget elementor-widget-text-editor\" data-id=\"8929b75\" data-element_type=\"widget\" data-widget_type=\"text-editor.default\">\n\t\t\t\t<div class=\"elementor-widget-container\">\n\t\t\t\t\t\t\t\t\t<p>In this space you will find photographic material so that you know the programs or services available to affiliates and the community in general in Valle del Cauca.<\/p>\t\t\t\t\t\t\t\t<\/div>\n\t\t\t\t<\/div>\n\t\t\t\t\t<\/div>\n\t\t<\/div>\n\t\t\t\t\t<\/div>\n\t\t<\/section>\n\t\t\t\t<section class=\"elementor-section elementor-inner-section elementor-element elementor-element-bbcb2b5 elementor-section-boxed elementor-section-height-default elementor-section-height-default\" data-id=\"bbcb2b5\" data-element_type=\"section\">\n\t\t\t\t\t\t<div class=\"elementor-container elementor-column-gap-default\">\n\t\t\t\t\t<div class=\"elementor-column elementor-col-100 elementor-inner-column elementor-element elementor-element-9d352b5\" data-id=\"9d352b5\" data-element_type=\"column\">\n\t\t\t<div class=\"elementor-widget-wrap elementor-element-populated\">\n\t\t\t\t\t\t<div class=\"elementor-element elementor-element-9710736 elementor-widget elementor-widget-heading\" data-id=\"9710736\" data-element_type=\"widget\" data-widget_type=\"heading.default\">\n\t\t\t\t<div class=\"elementor-widget-container\">\n\t\t\t\t\t<h2 class=\"elementor-heading-title elementor-size-default\">Soccer <\/h2>\t\t\t\t<\/div>\n\t\t\t\t<\/div>\n\t\t\t\t<div class=\"elementor-element elementor-element-d3a3857 elementor-widget elementor-widget-gallery\" data-id=\"d3a3857\" data-element_type=\"widget\" data-settings=\"{&quot;overlay_title&quot;:&quot;alt&quot;,&quot;lazyload&quot;:&quot;yes&quot;,&quot;gallery_layout&quot;:&quot;grid&quot;,&quot;columns&quot;:4,&quot;columns_tablet&quot;:2,&quot;columns_mobile&quot;:1,&quot;gap&quot;:{&quot;unit&quot;:&quot;px&quot;,&quot;size&quot;:10,&quot;sizes&quot;:[]},&quot;gap_tablet&quot;:{&quot;unit&quot;:&quot;px&quot;,&quot;size&quot;:10,&quot;sizes&quot;:[]},&quot;gap_mobile&quot;:{&quot;unit&quot;:&quot;px&quot;,&quot;size&quot;:10,&quot;sizes&quot;:[]},&quot;link_to&quot;:&quot;file&quot;,&quot;aspect_ratio&quot;:&quot;3:2&quot;,&quot;overlay_background&quot;:&quot;yes&quot;,&quot;content_hover_animation&quot;:&quot;fade-in&quot;}\" data-widget_type=\"gallery.default\">\n\t\t\t\t<div class=\"elementor-widget-container\">\n\t\t\t\t\t\t\t<div class=\"elementor-gallery__container\">\n\t\t\t\t\t\t\t<a class=\"e-gallery-item elementor-gallery-item elementor-animated-content\" href=\"https:\/\/test.comfenalcovalle.com.co\/wp-content\/uploads\/2021\/03\/eventos-deportivos.jpg\" data-elementor-open-lightbox=\"yes\" data-elementor-lightbox-slideshow=\"d3a3857\" data-elementor-lightbox-title=\"eventos-deportivos\" data-e-action-hash=\"#elementor-action%3Aaction%3Dlightbox%26settings%3DeyJpZCI6MTQ5MTMsInVybCI6Imh0dHBzOlwvXC90ZXN0LmNvbWZlbmFsY292YWxsZS5jb20uY29cL3dwLWNvbnRlbnRcL3VwbG9hZHNcLzIwMjFcLzAzXC9ldmVudG9zLWRlcG9ydGl2b3MuanBnIiwic2xpZGVzaG93IjoiZDNhMzg1NyJ9\">\n\t\t\t\t\t<div class=\"e-gallery-image elementor-gallery-item__image\" data-thumbnail=\"https:\/\/test.comfenalcovalle.com.co\/wp-content\/uploads\/2021\/03\/eventos-deportivos-300x169.jpg\" data-width=\"300\" data-height=\"169\" aria-label=\"Sports events\" role=\"img\" ><\/div>\n\t\t\t\t\t\t\t\t\t\t\t<div class=\"elementor-gallery-item__overlay\"><\/div>\n\t\t\t\t\t\t\t\t\t\t\t\t\t\t\t<div class=\"elementor-gallery-item__content\">\n\t\t\t\t\t\t\t\t\t\t\t\t\t\t<div class=\"elementor-gallery-item__title\">\n\t\t\t\t\t\t\t\t\t\t\t\t\t\t\t\t\t\tSports events\t\t\t\t\t\t\t\t<\/div>\n\t\t\t\t\t\t\t\t\t\t\t\t<\/div>\n\t\t\t\t\t\t\t\t\t<\/a>\n\t\t\t\t\t\t\t<a class=\"e-gallery-item elementor-gallery-item elementor-animated-content\" href=\"https:\/\/test.comfenalcovalle.com.co\/wp-content\/uploads\/2020\/12\/futbol-3.jpg\" data-elementor-open-lightbox=\"yes\" data-elementor-lightbox-slideshow=\"d3a3857\" data-elementor-lightbox-title=\"F\u00fatbol\" data-e-action-hash=\"#elementor-action%3Aaction%3Dlightbox%26settings%3DeyJpZCI6NDk5MSwidXJsIjoiaHR0cHM6XC9cL3Rlc3QuY29tZmVuYWxjb3ZhbGxlLmNvbS5jb1wvd3AtY29udGVudFwvdXBsb2Fkc1wvMjAyMFwvMTJcL2Z1dGJvbC0zLmpwZyIsInNsaWRlc2hvdyI6ImQzYTM4NTcifQ%3D%3D\">\n\t\t\t\t\t<div class=\"e-gallery-image elementor-gallery-item__image\" data-thumbnail=\"https:\/\/test.comfenalcovalle.com.co\/wp-content\/uploads\/2020\/12\/futbol-3-300x169.jpg\" data-width=\"300\" data-height=\"169\" aria-label=\"Soccer\" role=\"img\" ><\/div>\n\t\t\t\t\t\t\t\t\t\t\t<div class=\"elementor-gallery-item__overlay\"><\/div>\n\t\t\t\t\t\t\t\t\t\t\t\t\t\t\t<div class=\"elementor-gallery-item__content\">\n\t\t\t\t\t\t\t\t\t\t\t\t\t\t<div class=\"elementor-gallery-item__title\">\n\t\t\t\t\t\t\t\t\t\t\t\t\t\t\t\t\t\tSoccer\t\t\t\t\t\t\t\t<\/div>\n\t\t\t\t\t\t\t\t\t\t\t\t<\/div>\n\t\t\t\t\t\t\t\t\t<\/a>\n\t\t\t\t\t\t\t<a class=\"e-gallery-item elementor-gallery-item elementor-animated-content\" href=\"https:\/\/test.comfenalcovalle.com.co\/wp-content\/uploads\/2020\/11\/centro-comfamar.jpg\" data-elementor-open-lightbox=\"yes\" data-elementor-lightbox-slideshow=\"d3a3857\" data-elementor-lightbox-title=\"F\u00fatbol\" data-e-action-hash=\"#elementor-action%3Aaction%3Dlightbox%26settings%3DeyJpZCI6NDUwMywidXJsIjoiaHR0cHM6XC9cL3Rlc3QuY29tZmVuYWxjb3ZhbGxlLmNvbS5jb1wvd3AtY29udGVudFwvdXBsb2Fkc1wvMjAyMFwvMTFcL2NlbnRyby1jb21mYW1hci5qcGciLCJzbGlkZXNob3ciOiJkM2EzODU3In0%3D\">\n\t\t\t\t\t<div class=\"e-gallery-image elementor-gallery-item__image\" data-thumbnail=\"https:\/\/test.comfenalcovalle.com.co\/wp-content\/uploads\/2020\/11\/centro-comfamar-300x165.jpg\" data-width=\"300\" data-height=\"165\" aria-label=\"Soccer\" role=\"img\" ><\/div>\n\t\t\t\t\t\t\t\t\t\t\t<div class=\"elementor-gallery-item__overlay\"><\/div>\n\t\t\t\t\t\t\t\t\t\t\t\t\t\t\t<div class=\"elementor-gallery-item__content\">\n\t\t\t\t\t\t\t\t\t\t\t\t\t\t<div class=\"elementor-gallery-item__title\">\n\t\t\t\t\t\t\t\t\t\t\t\t\t\t\t\t\t\tSoccer\t\t\t\t\t\t\t\t<\/div>\n\t\t\t\t\t\t\t\t\t\t\t\t<\/div>\n\t\t\t\t\t\t\t\t\t<\/a>\n\t\t\t\t\t<\/div>\n\t\t\t\t\t<\/div>\n\t\t\t\t<\/div>\n\t\t\t\t\t<\/div>\n\t\t<\/div>\n\t\t\t\t\t<\/div>\n\t\t<\/section>\n\t\t\t\t\t<\/div>\n\t\t<\/div>\n\t\t\t\t\t<\/div>\n\t\t<\/main>\n\t\t\t\t<\/div>","protected":false},"excerpt":{"rendered":"<p>Inicio En este espacio encuentras material fotogr\u00e1fico para que conozcas los programas o servicios al alcance de los afiliados y comunidad en general en el Valle del Cauca. F\u00fatbol Eventos deportivos F\u00fatbol F\u00fatbol<\/p>","protected":false},"author":1,"featured_media":1338,"parent":13106,"menu_order":0,"comment_status":"closed","ping_status":"closed","template":"elementor_header_footer","meta":{"footnotes":""},"class_list":["post-15991","page","type-page","status-publish","has-post-thumbnail","hentry"],"yoast_head":"<!-- This site is optimized with the Yoast SEO Premium plugin v25.9 (Yoast SEO v25.9) - https:\/\/yoast.com\/wordpress\/plugins\/seo\/ -->\n<title>Fotograf\u00edas de Academias deportivas - Comfenalco Valle Delagente<\/title>\n<meta name=\"description\" content=\"En este espacio de Academias deportivas, encuentras material fotogr\u00e1fico para que conozcas los programas o servicios al alcance de los afiliados.\" \/>\n<meta name=\"robots\" content=\"index, follow, max-snippet:-1, max-image-preview:large, max-video-preview:-1\" \/>\n<link rel=\"canonical\" href=\"https:\/\/www.comfenalcovalle.com.co\/sala-de-prensa\/fotografias\/fotografias-de-academias-deportivas\/\" \/>\n<meta property=\"og:locale\" content=\"en_US\" \/>\n<meta property=\"og:type\" content=\"article\" \/>\n<meta property=\"og:title\" content=\"Fotograf\u00edas de Academias deportivas\" \/>\n<meta property=\"og:description\" content=\"En este espacio de Academias deportivas, encuentras material fotogr\u00e1fico para que conozcas los programas o servicios al alcance de los afiliados.\" \/>\n<meta property=\"og:url\" content=\"https:\/\/www.comfenalcovalle.com.co\/sala-de-prensa\/fotografias\/fotografias-de-academias-deportivas\/\" \/>\n<meta property=\"og:site_name\" content=\"Comfenalco Valle Delagente\" \/>\n<meta property=\"article:modified_time\" content=\"2023-03-23T16:42:55+00:00\" \/>\n<meta property=\"og:image\" content=\"https:\/\/www.comfenalcovalle.com.co\/wp-content\/uploads\/2020\/06\/carrousel-bottom-4.jpg\" \/>\n\t<meta property=\"og:image:width\" content=\"211\" \/>\n\t<meta property=\"og:image:height\" content=\"242\" \/>\n\t<meta property=\"og:image:type\" content=\"image\/jpeg\" \/>\n<meta name=\"twitter:card\" content=\"summary_large_image\" \/>\n<meta name=\"twitter:label1\" content=\"Est. reading time\" \/>\n\t<meta name=\"twitter:data1\" content=\"1 minute\" \/>\n<script type=\"application\/ld+json\" class=\"yoast-schema-graph\">{\"@context\":\"https:\/\/schema.org\",\"@graph\":[{\"@type\":\"WebPage\",\"@id\":\"https:\/\/www.comfenalcovalle.com.co\/sala-de-prensa\/fotografias\/fotografias-de-academias-deportivas\/\",\"url\":\"https:\/\/www.comfenalcovalle.com.co\/sala-de-prensa\/fotografias\/fotografias-de-academias-deportivas\/\",\"name\":\"Fotograf\u00edas de Academias deportivas - Comfenalco Valle Delagente\",\"isPartOf\":{\"@id\":\"https:\/\/www.comfenalcovalle.com.co\/#website\"},\"primaryImageOfPage\":{\"@id\":\"https:\/\/www.comfenalcovalle.com.co\/sala-de-prensa\/fotografias\/fotografias-de-academias-deportivas\/#primaryimage\"},\"image\":{\"@id\":\"https:\/\/www.comfenalcovalle.com.co\/sala-de-prensa\/fotografias\/fotografias-de-academias-deportivas\/#primaryimage\"},\"thumbnailUrl\":\"https:\/\/test.comfenalcovalle.com.co\/wp-content\/uploads\/2020\/06\/carrousel-bottom-4.jpg\",\"datePublished\":\"2023-03-01T13:00:00+00:00\",\"dateModified\":\"2023-03-23T16:42:55+00:00\",\"description\":\"En este espacio de Academias deportivas, encuentras material fotogr\u00e1fico para que conozcas los programas o servicios al alcance de los afiliados.\",\"breadcrumb\":{\"@id\":\"https:\/\/www.comfenalcovalle.com.co\/sala-de-prensa\/fotografias\/fotografias-de-academias-deportivas\/#breadcrumb\"},\"inLanguage\":\"en-US\",\"potentialAction\":[{\"@type\":\"ReadAction\",\"target\":[\"https:\/\/www.comfenalcovalle.com.co\/sala-de-prensa\/fotografias\/fotografias-de-academias-deportivas\/\"]}]},{\"@type\":\"ImageObject\",\"inLanguage\":\"en-US\",\"@id\":\"https:\/\/www.comfenalcovalle.com.co\/sala-de-prensa\/fotografias\/fotografias-de-academias-deportivas\/#primaryimage\",\"url\":\"https:\/\/test.comfenalcovalle.com.co\/wp-content\/uploads\/2020\/06\/carrousel-bottom-4.jpg\",\"contentUrl\":\"https:\/\/test.comfenalcovalle.com.co\/wp-content\/uploads\/2020\/06\/carrousel-bottom-4.jpg\",\"width\":211,\"height\":242,\"caption\":\"Eventos deportivos\"},{\"@type\":\"BreadcrumbList\",\"@id\":\"https:\/\/www.comfenalcovalle.com.co\/sala-de-prensa\/fotografias\/fotografias-de-academias-deportivas\/#breadcrumb\",\"itemListElement\":[{\"@type\":\"ListItem\",\"position\":1,\"name\":\"Portada\",\"item\":\"https:\/\/www.comfenalcovalle.com.co\/\"},{\"@type\":\"ListItem\",\"position\":2,\"name\":\"Sala de prensa\",\"item\":\"https:\/\/www.comfenalcovalle.com.co\/sala-de-prensa\/\"},{\"@type\":\"ListItem\",\"position\":3,\"name\":\"Fotograf\u00edas\",\"item\":\"https:\/\/www.comfenalcovalle.com.co\/sala-de-prensa\/fotografias\/\"},{\"@type\":\"ListItem\",\"position\":4,\"name\":\"Fotograf\u00edas de Academias deportivas\"}]},{\"@type\":\"WebSite\",\"@id\":\"https:\/\/www.comfenalcovalle.com.co\/#website\",\"url\":\"https:\/\/www.comfenalcovalle.com.co\/\",\"name\":\"Comfenalco Valle Delagente\",\"description\":\"Caja de compensaci\u00f3n de Comfenalco Valle Delagente.\",\"publisher\":{\"@id\":\"https:\/\/www.comfenalcovalle.com.co\/#organization\"},\"potentialAction\":[{\"@type\":\"SearchAction\",\"target\":{\"@type\":\"EntryPoint\",\"urlTemplate\":\"https:\/\/www.comfenalcovalle.com.co\/?s={search_term_string}\"},\"query-input\":{\"@type\":\"PropertyValueSpecification\",\"valueRequired\":true,\"valueName\":\"search_term_string\"}}],\"inLanguage\":\"en-US\"},{\"@type\":\"Organization\",\"@id\":\"https:\/\/www.comfenalcovalle.com.co\/#organization\",\"name\":\"Comfenalco Valle Delagente\",\"url\":\"https:\/\/www.comfenalcovalle.com.co\/\",\"logo\":{\"@type\":\"ImageObject\",\"inLanguage\":\"en-US\",\"@id\":\"https:\/\/www.comfenalcovalle.com.co\/#\/schema\/logo\/image\/\",\"url\":\"https:\/\/test.comfenalcovalle.com.co\/wp-content\/uploads\/2021\/06\/logo-comfe-cabecera-agencia-empelo-actualizado.png\",\"contentUrl\":\"https:\/\/test.comfenalcovalle.com.co\/wp-content\/uploads\/2021\/06\/logo-comfe-cabecera-agencia-empelo-actualizado.png\",\"width\":500,\"height\":184,\"caption\":\"Comfenalco Valle Delagente\"},\"image\":{\"@id\":\"https:\/\/www.comfenalcovalle.com.co\/#\/schema\/logo\/image\/\"}}]}<\/script>\n<!-- \/ Yoast SEO Premium plugin. -->","yoast_head_json":{"title":"Fotograf\u00edas de Academias deportivas - Comfenalco Valle Delagente","description":"En este espacio de Academias deportivas, encuentras material fotogr\u00e1fico para que conozcas los programas o servicios al alcance de los afiliados.","robots":{"index":"index","follow":"follow","max-snippet":"max-snippet:-1","max-image-preview":"max-image-preview:large","max-video-preview":"max-video-preview:-1"},"canonical":"https:\/\/www.comfenalcovalle.com.co\/sala-de-prensa\/fotografias\/fotografias-de-academias-deportivas\/","og_locale":"en_US","og_type":"article","og_title":"Fotograf\u00edas de Academias deportivas","og_description":"En este espacio de Academias deportivas, encuentras material fotogr\u00e1fico para que conozcas los programas o servicios al alcance de los afiliados.","og_url":"https:\/\/www.comfenalcovalle.com.co\/sala-de-prensa\/fotografias\/fotografias-de-academias-deportivas\/","og_site_name":"Comfenalco Valle Delagente","article_modified_time":"2023-03-23T16:42:55+00:00","og_image":[{"width":211,"height":242,"url":"https:\/\/www.comfenalcovalle.com.co\/wp-content\/uploads\/2020\/06\/carrousel-bottom-4.jpg","type":"image\/jpeg"}],"twitter_card":"summary_large_image","twitter_misc":{"Est. reading time":"1 minute"},"schema":{"@context":"https:\/\/schema.org","@graph":[{"@type":"WebPage","@id":"https:\/\/www.comfenalcovalle.com.co\/sala-de-prensa\/fotografias\/fotografias-de-academias-deportivas\/","url":"https:\/\/www.comfenalcovalle.com.co\/sala-de-prensa\/fotografias\/fotografias-de-academias-deportivas\/","name":"Fotograf\u00edas de Academias deportivas - Comfenalco Valle Delagente","isPartOf":{"@id":"https:\/\/www.comfenalcovalle.com.co\/#website"},"primaryImageOfPage":{"@id":"https:\/\/www.comfenalcovalle.com.co\/sala-de-prensa\/fotografias\/fotografias-de-academias-deportivas\/#primaryimage"},"image":{"@id":"https:\/\/www.comfenalcovalle.com.co\/sala-de-prensa\/fotografias\/fotografias-de-academias-deportivas\/#primaryimage"},"thumbnailUrl":"https:\/\/test.comfenalcovalle.com.co\/wp-content\/uploads\/2020\/06\/carrousel-bottom-4.jpg","datePublished":"2023-03-01T13:00:00+00:00","dateModified":"2023-03-23T16:42:55+00:00","description":"En este espacio de Academias deportivas, encuentras material fotogr\u00e1fico para que conozcas los programas o servicios al alcance de los afiliados.","breadcrumb":{"@id":"https:\/\/www.comfenalcovalle.com.co\/sala-de-prensa\/fotografias\/fotografias-de-academias-deportivas\/#breadcrumb"},"inLanguage":"en-US","potentialAction":[{"@type":"ReadAction","target":["https:\/\/www.comfenalcovalle.com.co\/sala-de-prensa\/fotografias\/fotografias-de-academias-deportivas\/"]}]},{"@type":"ImageObject","inLanguage":"en-US","@id":"https:\/\/www.comfenalcovalle.com.co\/sala-de-prensa\/fotografias\/fotografias-de-academias-deportivas\/#primaryimage","url":"https:\/\/test.comfenalcovalle.com.co\/wp-content\/uploads\/2020\/06\/carrousel-bottom-4.jpg","contentUrl":"https:\/\/test.comfenalcovalle.com.co\/wp-content\/uploads\/2020\/06\/carrousel-bottom-4.jpg","width":211,"height":242,"caption":"Eventos deportivos"},{"@type":"BreadcrumbList","@id":"https:\/\/www.comfenalcovalle.com.co\/sala-de-prensa\/fotografias\/fotografias-de-academias-deportivas\/#breadcrumb","itemListElement":[{"@type":"ListItem","position":1,"name":"Portada","item":"https:\/\/www.comfenalcovalle.com.co\/"},{"@type":"ListItem","position":2,"name":"Sala de prensa","item":"https:\/\/www.comfenalcovalle.com.co\/sala-de-prensa\/"},{"@type":"ListItem","position":3,"name":"Fotograf\u00edas","item":"https:\/\/www.comfenalcovalle.com.co\/sala-de-prensa\/fotografias\/"},{"@type":"ListItem","position":4,"name":"Fotograf\u00edas de Academias deportivas"}]},{"@type":"WebSite","@id":"https:\/\/www.comfenalcovalle.com.co\/#website","url":"https:\/\/www.comfenalcovalle.com.co\/","name":"Comfenalco Valle Delagente","description":"Comfenalco Valle Delagente compensation fund.","publisher":{"@id":"https:\/\/www.comfenalcovalle.com.co\/#organization"},"potentialAction":[{"@type":"SearchAction","target":{"@type":"EntryPoint","urlTemplate":"https:\/\/www.comfenalcovalle.com.co\/?s={search_term_string}"},"query-input":{"@type":"PropertyValueSpecification","valueRequired":true,"valueName":"search_term_string"}}],"inLanguage":"en-US"},{"@type":"Organization","@id":"https:\/\/www.comfenalcovalle.com.co\/#organization","name":"Comfenalco Valle Delagente","url":"https:\/\/www.comfenalcovalle.com.co\/","logo":{"@type":"ImageObject","inLanguage":"en-US","@id":"https:\/\/www.comfenalcovalle.com.co\/#\/schema\/logo\/image\/","url":"https:\/\/test.comfenalcovalle.com.co\/wp-content\/uploads\/2021\/06\/logo-comfe-cabecera-agencia-empelo-actualizado.png","contentUrl":"https:\/\/test.comfenalcovalle.com.co\/wp-content\/uploads\/2021\/06\/logo-comfe-cabecera-agencia-empelo-actualizado.png","width":500,"height":184,"caption":"Comfenalco Valle Delagente"},"image":{"@id":"https:\/\/www.comfenalcovalle.com.co\/#\/schema\/logo\/image\/"}}]}},"publishpress_future_action":{"enabled":false,"date":"2026-05-10 07:00:08","action":"change-status","newStatus":"draft","terms":[],"taxonomy":"","extraData":[]},"publishpress_future_workflow_manual_trigger":{"enabledWorkflows":[]},"_links":{"self":[{"href":"https:\/\/test.comfenalcovalle.com.co\/en\/wp-json\/wp\/v2\/pages\/15991","targetHints":{"allow":["GET"]}}],"collection":[{"href":"https:\/\/test.comfenalcovalle.com.co\/en\/wp-json\/wp\/v2\/pages"}],"about":[{"href":"https:\/\/test.comfenalcovalle.com.co\/en\/wp-json\/wp\/v2\/types\/page"}],"author":[{"embeddable":true,"href":"https:\/\/test.comfenalcovalle.com.co\/en\/wp-json\/wp\/v2\/users\/1"}],"replies":[{"embeddable":true,"href":"https:\/\/test.comfenalcovalle.com.co\/en\/wp-json\/wp\/v2\/comments?post=15991"}],"version-history":[{"count":0,"href":"https:\/\/test.comfenalcovalle.com.co\/en\/wp-json\/wp\/v2\/pages\/15991\/revisions"}],"up":[{"embeddable":true,"href":"https:\/\/test.comfenalcovalle.com.co\/en\/wp-json\/wp\/v2\/pages\/13106"}],"wp:featuredmedia":[{"embeddable":true,"href":"https:\/\/test.comfenalcovalle.com.co\/en\/wp-json\/wp\/v2\/media\/1338"}],"wp:attachment":[{"href":"https:\/\/test.comfenalcovalle.com.co\/en\/wp-json\/wp\/v2\/media?parent=15991"}],"curies":[{"name":"wp","href":"https:\/\/api.w.org\/{rel}","templated":true}]}}