{"id":14743,"date":"2021-03-09T11:45:08","date_gmt":"2021-03-09T16:45:08","guid":{"rendered":"https:\/\/test.comfenalcovalle.com.co\/webredlat\/?page_id=14743"},"modified":"2026-04-17T12:37:50","modified_gmt":"2026-04-17T17:37:50","slug":"publicacion-de-notificaciones-por-aviso","status":"publish","type":"page","link":"https:\/\/test.comfenalcovalle.com.co\/en\/empresas\/publicacion-de-notificaciones-por-aviso\/","title":{"rendered":"Publication of notifications by notice"},"content":{"rendered":"<div data-elementor-type=\"wp-page\" data-elementor-id=\"14743\" class=\"elementor elementor-14743\" data-elementor-post-type=\"page\">\n\t\t\t\t<div class=\"elementor-element elementor-element-ad8172f e-flex e-con-boxed e-con e-parent\" data-id=\"ad8172f\" data-element_type=\"container\">\n\t\t\t\t\t<div class=\"e-con-inner\">\n\t\t<div class=\"elementor-element elementor-element-29c5e46 e-con-full e-flex e-con e-child\" data-id=\"29c5e46\" data-element_type=\"container\">\n\t\t<div class=\"elementor-element elementor-element-8b23bdb e-con-full e-flex e-con e-child\" data-id=\"8b23bdb\" data-element_type=\"container\" data-settings=\"{&quot;background_background&quot;:&quot;classic&quot;}\">\n\t\t\t\t<div class=\"elementor-element elementor-element-69b59b9 elementor-widget elementor-widget-spacer\" data-id=\"69b59b9\" data-element_type=\"widget\" data-widget_type=\"spacer.default\">\n\t\t\t\t<div class=\"elementor-widget-container\">\n\t\t\t\t\t\t\t<div class=\"elementor-spacer\">\n\t\t\t<div class=\"elementor-spacer-inner\"><\/div>\n\t\t<\/div>\n\t\t\t\t\t\t<\/div>\n\t\t\t\t<\/div>\n\t\t\t\t<\/div>\n\t\t<div class=\"elementor-element elementor-element-ef6b21e e-con-full e-flex e-con e-child\" data-id=\"ef6b21e\" data-element_type=\"container\">\n\t\t\t\t<div class=\"elementor-element elementor-element-55b03a7 jet-breadcrumbs-align-left jet-breadcrumbs-align-mobile-center elementor-widget elementor-widget-jet-breadcrumbs\" data-id=\"55b03a7\" data-element_type=\"widget\" data-widget_type=\"jet-breadcrumbs.default\">\n\t\t\t\t<div class=\"elementor-widget-container\">\n\t\t\t\t\t<div class=\"elementor-jet-breadcrumbs jet-blocks\">\n\t\t<div class=\"jet-breadcrumbs\">\n\t\t<div class=\"jet-breadcrumbs__content\">\n\t\t<div class=\"jet-breadcrumbs__wrap\"><div class=\"jet-breadcrumbs__item\"><a href=\"https:\/\/test.comfenalcovalle.com.co\/en\/\" class=\"jet-breadcrumbs__item-link is-home\" rel=\"home\" title=\"Beginning\">Beginning<\/a><\/div>\n\t\t<\/div>\n\t\t<\/div>\n\t\t<\/div><\/div>\t\t\t\t<\/div>\n\t\t\t\t<\/div>\n\t\t\t\t<div class=\"elementor-element elementor-element-e50ce92 elementor-widget elementor-widget-text-editor\" data-id=\"e50ce92\" data-element_type=\"widget\" data-widget_type=\"text-editor.default\">\n\t\t\t\t<div class=\"elementor-widget-container\">\n\t\t\t\t\t\t\t\t\t<p>The Family Compensation Fund of Valle del Cauca Comfenalco Valle Delagente, publishes the following notices accompanied by the decision or settlement whose content is notified, for a term of five (5) days.<\/p><p>The foregoing taking into account that the information regarding the address where the recipient can be notified is unknown.<\/p><p>For all legal purposes, the notification will be understood as fulfilled at the end of the day following the withdrawal of the notice.<\/p>\t\t\t\t\t\t\t\t<\/div>\n\t\t\t\t<\/div>\n\t\t\t\t<\/div>\n\t\t\t\t<\/div>\n\t\t<div class=\"elementor-element elementor-element-0992408 e-con-full elementor-hidden-desktop elementor-hidden-tablet elementor-hidden-mobile e-flex e-con e-child\" data-id=\"0992408\" data-element_type=\"container\">\n\t\t<div class=\"elementor-element elementor-element-b8e0bd2 e-con-full e-flex e-con e-child\" data-id=\"b8e0bd2\" data-element_type=\"container\">\n\t\t\t\t<div class=\"elementor-element elementor-element-5113a76 elementor-widget elementor-widget-pdfjs_viewer\" data-id=\"5113a76\" data-element_type=\"widget\" data-widget_type=\"pdfjs_viewer.default\">\n\t\t\t\t<div class=\"elementor-widget-container\">\n\t\t\t\t\t<iframe data-src=\"https:\/\/test.comfenalcovalle.com.co\/wp-content\/plugins\/pdf-viewer-for-elementor\/assets\/pdfjs\/web\/viewer.html?file=https:\/\/test.comfenalcovalle.com.co\/wp-content\/uploads\/2026\/04\/PUBLICACION-POR-AVISO_CARTELERA-Y-PORTAL-CORPORATIVO.pdf&amp;embedded=true\" style=\"display: block; margin-left: auto; margin-right: auto; width: 640px; height: 700px;\" frameborder=\"1\" marginheight=\"0px\" marginwidth=\"0px\" allowfullscreen src=\"data:image\/svg+xml;base64,PHN2ZyB3aWR0aD0iMSIgaGVpZ2h0PSIxIiB4bWxucz0iaHR0cDovL3d3dy53My5vcmcvMjAwMC9zdmciPjwvc3ZnPg==\" class=\"lazyload\" data-load-mode=\"1\"><\/iframe>\t\t\t\t<\/div>\n\t\t\t\t<\/div>\n\t\t\t\t<\/div>\n\t\t\t\t<\/div>\n\t\t<div class=\"elementor-element elementor-element-c6cc3ff e-con-full e-flex e-con e-child\" data-id=\"c6cc3ff\" data-element_type=\"container\">\n\t\t<div class=\"elementor-element elementor-element-5d10e48 e-con-full e-flex e-con e-child\" data-id=\"5d10e48\" data-element_type=\"container\">\n\t\t\t\t<div class=\"elementor-element elementor-element-d176ae5 elementor-view-stacked elementor-shape-circle elementor-widget elementor-widget-icon\" data-id=\"d176ae5\" data-element_type=\"widget\" data-widget_type=\"icon.default\">\n\t\t\t\t<div class=\"elementor-widget-container\">\n\t\t\t\t\t\t\t<div class=\"elementor-icon-wrapper\">\n\t\t\t<div class=\"elementor-icon elementor-animation-grow\">\n\t\t\t<svg xmlns=\"http:\/\/www.w3.org\/2000\/svg\" id=\"Layer_1\" height=\"512\" viewbox=\"0 0 512.352 512.352\" width=\"512\"><g><path d=\"m504.676 458.44h-42.292v-208.255c0-15.893-12.93-28.822-28.822-28.822h-50.189c84.845-155.136-116.263-300.914-237.311-171.474-2.744 3.104-2.452 7.843.652 10.586 3.104 2.744 7.844 2.452 10.586-.652 43.814-49.563 118.206-58.876 173.045-21.66 99.037 67.136 63.433 222.543-54.777 239.946-2.075.308-3.926 1.471-5.104 3.207l-14.315 21.094-13.499-20.837c-1.179-1.82-3.087-3.041-5.234-3.347-19.964-2.851-38.607-10.078-55.409-21.481-52.999-34.706-73.226-108.641-45.436-165.417 1.764-3.748.156-8.216-3.591-9.98-3.748-1.766-8.216-.157-9.98 3.591-20.46 42.809-18.143 95.472 6.003 136.423h-50.213c-15.893 0-28.822 12.93-28.822 28.822v208.256h-42.292c-4.142 0-7.5 3.358-7.5 7.5v17.59c0 15.893 12.93 28.822 28.822 28.822h454.355c15.893 0 28.822-12.93 28.822-28.822v-17.59c.001-4.142-3.357-7.5-7.499-7.5zm-131.26-222.134c.302.037.609.056.92.056h59.226c7.622 0 13.822 6.201 13.822 13.822v208.256h-20.466v-194.042c0-4.142-3.358-7.5-7.5-7.5h-64.987c6.935-6.212 13.301-13.1 18.985-20.592zm-308.449 13.879c0-7.622 6.201-13.822 13.822-13.822h59.226c.319 0 .634-.02.942-.059 5.634 7.429 11.977 14.329 18.957 20.594h-64.98c-4.142 0-7.5 3.358-7.5 7.5v194.042h-20.467zm432.209 233.345c0 7.622-6.201 13.822-13.822 13.822h-454.356c-7.622 0-13.822-6.201-13.822-13.822v-10.09h336.72c4.142 0 7.5-3.358 7.5-7.5s-3.358-7.5-7.5-7.5h-251.462v-186.542h74.076c.898 0 1.759-.158 2.556-.447 16.818 10.754 35.225 17.839 54.822 21.099l17.821 27.509c2.924 4.515 9.493 4.565 12.5.134l18.847-27.771c19.154-3.292 37.327-10.351 53.518-20.547.676.07 76.654 0 77.343.024v186.541h-20.067c-4.142 0-7.5 3.358-7.5 7.5s3.358 7.5 7.5 7.5h105.325v10.09z\"><\/path><path d=\"m230.162 213.145c1.433 34.52 50.608 34.494 52.028 0v-60.673c-1.433-34.52-50.608-34.494-52.028 0zm15-60.673c.607-14.616 21.427-14.605 22.028 0v60.673c-.607 14.616-21.427 14.605-22.028 0z\"><\/path><path d=\"m256.176 114.301c14.344 0 26.014-11.67 26.014-26.014-1.429-34.512-50.605-34.502-52.028 0 0 14.344 11.67 26.014 26.014 26.014zm0-37.029c6.073 0 11.014 4.941 11.014 11.015-.605 14.612-21.426 14.608-22.028 0 0-6.074 4.941-11.015 11.014-11.015z\"><\/path><path d=\"m138.016 332.567h55.79c9.931-.344 9.923-14.659 0-15h-55.79c-9.931.344-9.924 14.659 0 15z\"><\/path><path d=\"m374.336 317.567h-55.79c-9.931.344-9.923 14.659 0 15h55.79c9.931-.344 9.923-14.659 0-15z\"><\/path><path d=\"m374.336 361.065h-236.32c-9.931.344-9.923 14.659 0 15h236.32c9.931-.344 9.923-14.659 0-15z\"><\/path><path d=\"m324.336 404.563h-136.32c-9.931.344-9.923 14.659 0 15h136.32c9.931-.344 9.923-14.659 0-15z\"><\/path><\/g><\/svg>\t\t\t<\/div>\n\t\t<\/div>\n\t\t\t\t\t\t<\/div>\n\t\t\t\t<\/div>\n\t\t\t\t<\/div>\n\t\t<div class=\"elementor-element elementor-element-d666647 e-con-full e-flex e-con e-child\" data-id=\"d666647\" data-element_type=\"container\">\n\t\t\t\t<div class=\"elementor-element elementor-element-a5c5586 elementor-widget elementor-widget-heading\" data-id=\"a5c5586\" data-element_type=\"widget\" data-widget_type=\"heading.default\">\n\t\t\t\t<div class=\"elementor-widget-container\">\n\t\t\t\t\t<h2 class=\"elementor-heading-title elementor-size-default\">There are no notifications by notice available to date<\/h2>\t\t\t\t<\/div>\n\t\t\t\t<\/div>\n\t\t\t\t<\/div>\n\t\t\t\t<\/div>\n\t\t\t\t\t<\/div>\n\t\t\t\t<\/div>\n\t\t\t\t<\/div>","protected":false},"excerpt":{"rendered":"<p>Inicio La Caja de Compensaci\u00f3n Familiar del Valle del Cauca Comfenalco Valle Delagente, publica los siguientes avisos acompa\u00f1ados de la decisi\u00f3n o liquidaci\u00f3n cuyo contenido se notifica, por el t\u00e9rmino de cinco (5) d\u00edas. Lo anterior teniendo en cuenta que se desconoce la informaci\u00f3n referente a la direcci\u00f3n donde pueda ser notificado el destinatario. Para [&hellip;]<\/p>","protected":false},"author":1,"featured_media":10977,"parent":129,"menu_order":0,"comment_status":"closed","ping_status":"closed","template":"elementor_header_footer","meta":{"footnotes":""},"class_list":["post-14743","page","type-page","status-publish","has-post-thumbnail","hentry"],"yoast_head":"<!-- This site is optimized with the Yoast SEO Premium plugin v25.9 (Yoast SEO v25.9) - https:\/\/yoast.com\/wordpress\/plugins\/seo\/ -->\n<title>Publicaci\u00f3n de notificaciones por aviso<\/title>\n<meta name=\"description\" content=\"Conoce los siguientes avisos acompa\u00f1ados de la decisi\u00f3n o liquidaci\u00f3n cuyo contenido se notifica, por el t\u00e9rmino de cinco (5) d\u00edas.\" \/>\n<meta name=\"robots\" content=\"index, follow, max-snippet:-1, max-image-preview:large, max-video-preview:-1\" \/>\n<link rel=\"canonical\" href=\"https:\/\/www.comfenalcovalle.com.co\/empresas\/publicacion-de-notificaciones-por-aviso\/\" \/>\n<meta property=\"og:locale\" content=\"en_US\" \/>\n<meta property=\"og:type\" content=\"article\" \/>\n<meta property=\"og:title\" content=\"Publicaci\u00f3n de notificaciones por aviso\" \/>\n<meta property=\"og:description\" content=\"Conoce los siguientes avisos acompa\u00f1ados de la decisi\u00f3n o liquidaci\u00f3n cuyo contenido se notifica, por el t\u00e9rmino de cinco (5) d\u00edas.\" \/>\n<meta property=\"og:url\" content=\"https:\/\/www.comfenalcovalle.com.co\/empresas\/publicacion-de-notificaciones-por-aviso\/\" \/>\n<meta property=\"og:site_name\" content=\"Comfenalco Valle Delagente\" \/>\n<meta property=\"article:modified_time\" content=\"2026-04-17T17:37:50+00:00\" \/>\n<meta property=\"og:image\" content=\"https:\/\/www.comfenalcovalle.com.co\/wp-content\/uploads\/2021\/01\/Convenios-descuentos.jpg\" \/>\n\t<meta property=\"og:image:width\" content=\"1280\" \/>\n\t<meta property=\"og:image:height\" content=\"720\" \/>\n\t<meta property=\"og:image:type\" content=\"image\/jpeg\" \/>\n<meta name=\"twitter:card\" content=\"summary_large_image\" \/>\n<meta name=\"twitter:label1\" content=\"Est. reading time\" \/>\n\t<meta name=\"twitter:data1\" content=\"1 minute\" \/>\n<script type=\"application\/ld+json\" class=\"yoast-schema-graph\">{\"@context\":\"https:\/\/schema.org\",\"@graph\":[{\"@type\":\"WebPage\",\"@id\":\"https:\/\/www.comfenalcovalle.com.co\/empresas\/publicacion-de-notificaciones-por-aviso\/\",\"url\":\"https:\/\/www.comfenalcovalle.com.co\/empresas\/publicacion-de-notificaciones-por-aviso\/\",\"name\":\"Publicaci\u00f3n de notificaciones por aviso\",\"isPartOf\":{\"@id\":\"https:\/\/www.comfenalcovalle.com.co\/#website\"},\"primaryImageOfPage\":{\"@id\":\"https:\/\/www.comfenalcovalle.com.co\/empresas\/publicacion-de-notificaciones-por-aviso\/#primaryimage\"},\"image\":{\"@id\":\"https:\/\/www.comfenalcovalle.com.co\/empresas\/publicacion-de-notificaciones-por-aviso\/#primaryimage\"},\"thumbnailUrl\":\"https:\/\/test.comfenalcovalle.com.co\/wp-content\/uploads\/2021\/01\/Convenios-descuentos.jpg\",\"datePublished\":\"2021-03-09T16:45:08+00:00\",\"dateModified\":\"2026-04-17T17:37:50+00:00\",\"description\":\"Conoce los siguientes avisos acompa\u00f1ados de la decisi\u00f3n o liquidaci\u00f3n cuyo contenido se notifica, por el t\u00e9rmino de cinco (5) d\u00edas.\",\"breadcrumb\":{\"@id\":\"https:\/\/www.comfenalcovalle.com.co\/empresas\/publicacion-de-notificaciones-por-aviso\/#breadcrumb\"},\"inLanguage\":\"en-US\",\"potentialAction\":[{\"@type\":\"ReadAction\",\"target\":[\"https:\/\/www.comfenalcovalle.com.co\/empresas\/publicacion-de-notificaciones-por-aviso\/\"]}]},{\"@type\":\"ImageObject\",\"inLanguage\":\"en-US\",\"@id\":\"https:\/\/www.comfenalcovalle.com.co\/empresas\/publicacion-de-notificaciones-por-aviso\/#primaryimage\",\"url\":\"https:\/\/test.comfenalcovalle.com.co\/wp-content\/uploads\/2021\/01\/Convenios-descuentos.jpg\",\"contentUrl\":\"https:\/\/test.comfenalcovalle.com.co\/wp-content\/uploads\/2021\/01\/Convenios-descuentos.jpg\",\"width\":1280,\"height\":720,\"caption\":\"Convenios-descuentos\"},{\"@type\":\"BreadcrumbList\",\"@id\":\"https:\/\/www.comfenalcovalle.com.co\/empresas\/publicacion-de-notificaciones-por-aviso\/#breadcrumb\",\"itemListElement\":[{\"@type\":\"ListItem\",\"position\":1,\"name\":\"Portada\",\"item\":\"https:\/\/www.comfenalcovalle.com.co\/\"},{\"@type\":\"ListItem\",\"position\":2,\"name\":\"Empresas\",\"item\":\"https:\/\/www.comfenalcovalle.com.co\/empresas\/\"},{\"@type\":\"ListItem\",\"position\":3,\"name\":\"Publicaci\u00f3n de notificaciones por aviso\"}]},{\"@type\":\"WebSite\",\"@id\":\"https:\/\/www.comfenalcovalle.com.co\/#website\",\"url\":\"https:\/\/www.comfenalcovalle.com.co\/\",\"name\":\"Comfenalco Valle Delagente\",\"description\":\"Caja de compensaci\u00f3n de Comfenalco Valle Delagente.\",\"publisher\":{\"@id\":\"https:\/\/www.comfenalcovalle.com.co\/#organization\"},\"potentialAction\":[{\"@type\":\"SearchAction\",\"target\":{\"@type\":\"EntryPoint\",\"urlTemplate\":\"https:\/\/www.comfenalcovalle.com.co\/?s={search_term_string}\"},\"query-input\":{\"@type\":\"PropertyValueSpecification\",\"valueRequired\":true,\"valueName\":\"search_term_string\"}}],\"inLanguage\":\"en-US\"},{\"@type\":\"Organization\",\"@id\":\"https:\/\/www.comfenalcovalle.com.co\/#organization\",\"name\":\"Comfenalco Valle Delagente\",\"url\":\"https:\/\/www.comfenalcovalle.com.co\/\",\"logo\":{\"@type\":\"ImageObject\",\"inLanguage\":\"en-US\",\"@id\":\"https:\/\/www.comfenalcovalle.com.co\/#\/schema\/logo\/image\/\",\"url\":\"https:\/\/test.comfenalcovalle.com.co\/wp-content\/uploads\/2021\/06\/logo-comfe-cabecera-agencia-empelo-actualizado.png\",\"contentUrl\":\"https:\/\/test.comfenalcovalle.com.co\/wp-content\/uploads\/2021\/06\/logo-comfe-cabecera-agencia-empelo-actualizado.png\",\"width\":500,\"height\":184,\"caption\":\"Comfenalco Valle Delagente\"},\"image\":{\"@id\":\"https:\/\/www.comfenalcovalle.com.co\/#\/schema\/logo\/image\/\"}}]}<\/script>\n<!-- \/ Yoast SEO Premium plugin. -->","yoast_head_json":{"title":"Publication of notifications by notice","description":"Conoce los siguientes avisos acompa\u00f1ados de la decisi\u00f3n o liquidaci\u00f3n cuyo contenido se notifica, por el t\u00e9rmino de cinco (5) d\u00edas.","robots":{"index":"index","follow":"follow","max-snippet":"max-snippet:-1","max-image-preview":"max-image-preview:large","max-video-preview":"max-video-preview:-1"},"canonical":"https:\/\/www.comfenalcovalle.com.co\/empresas\/publicacion-de-notificaciones-por-aviso\/","og_locale":"en_US","og_type":"article","og_title":"Publicaci\u00f3n de notificaciones por aviso","og_description":"Conoce los siguientes avisos acompa\u00f1ados de la decisi\u00f3n o liquidaci\u00f3n cuyo contenido se notifica, por el t\u00e9rmino de cinco (5) d\u00edas.","og_url":"https:\/\/www.comfenalcovalle.com.co\/empresas\/publicacion-de-notificaciones-por-aviso\/","og_site_name":"Comfenalco Valle Delagente","article_modified_time":"2026-04-17T17:37:50+00:00","og_image":[{"width":1280,"height":720,"url":"https:\/\/www.comfenalcovalle.com.co\/wp-content\/uploads\/2021\/01\/Convenios-descuentos.jpg","type":"image\/jpeg"}],"twitter_card":"summary_large_image","twitter_misc":{"Est. reading time":"1 minute"},"schema":{"@context":"https:\/\/schema.org","@graph":[{"@type":"WebPage","@id":"https:\/\/www.comfenalcovalle.com.co\/empresas\/publicacion-de-notificaciones-por-aviso\/","url":"https:\/\/www.comfenalcovalle.com.co\/empresas\/publicacion-de-notificaciones-por-aviso\/","name":"Publication of notifications by notice","isPartOf":{"@id":"https:\/\/www.comfenalcovalle.com.co\/#website"},"primaryImageOfPage":{"@id":"https:\/\/www.comfenalcovalle.com.co\/empresas\/publicacion-de-notificaciones-por-aviso\/#primaryimage"},"image":{"@id":"https:\/\/www.comfenalcovalle.com.co\/empresas\/publicacion-de-notificaciones-por-aviso\/#primaryimage"},"thumbnailUrl":"https:\/\/test.comfenalcovalle.com.co\/wp-content\/uploads\/2021\/01\/Convenios-descuentos.jpg","datePublished":"2021-03-09T16:45:08+00:00","dateModified":"2026-04-17T17:37:50+00:00","description":"Conoce los siguientes avisos acompa\u00f1ados de la decisi\u00f3n o liquidaci\u00f3n cuyo contenido se notifica, por el t\u00e9rmino de cinco (5) d\u00edas.","breadcrumb":{"@id":"https:\/\/www.comfenalcovalle.com.co\/empresas\/publicacion-de-notificaciones-por-aviso\/#breadcrumb"},"inLanguage":"en-US","potentialAction":[{"@type":"ReadAction","target":["https:\/\/www.comfenalcovalle.com.co\/empresas\/publicacion-de-notificaciones-por-aviso\/"]}]},{"@type":"ImageObject","inLanguage":"en-US","@id":"https:\/\/www.comfenalcovalle.com.co\/empresas\/publicacion-de-notificaciones-por-aviso\/#primaryimage","url":"https:\/\/test.comfenalcovalle.com.co\/wp-content\/uploads\/2021\/01\/Convenios-descuentos.jpg","contentUrl":"https:\/\/test.comfenalcovalle.com.co\/wp-content\/uploads\/2021\/01\/Convenios-descuentos.jpg","width":1280,"height":720,"caption":"Convenios-descuentos"},{"@type":"BreadcrumbList","@id":"https:\/\/www.comfenalcovalle.com.co\/empresas\/publicacion-de-notificaciones-por-aviso\/#breadcrumb","itemListElement":[{"@type":"ListItem","position":1,"name":"Portada","item":"https:\/\/www.comfenalcovalle.com.co\/"},{"@type":"ListItem","position":2,"name":"Empresas","item":"https:\/\/www.comfenalcovalle.com.co\/empresas\/"},{"@type":"ListItem","position":3,"name":"Publicaci\u00f3n de notificaciones por aviso"}]},{"@type":"WebSite","@id":"https:\/\/www.comfenalcovalle.com.co\/#website","url":"https:\/\/www.comfenalcovalle.com.co\/","name":"Comfenalco Valle Delagente","description":"Comfenalco Valle Delagente compensation fund.","publisher":{"@id":"https:\/\/www.comfenalcovalle.com.co\/#organization"},"potentialAction":[{"@type":"SearchAction","target":{"@type":"EntryPoint","urlTemplate":"https:\/\/www.comfenalcovalle.com.co\/?s={search_term_string}"},"query-input":{"@type":"PropertyValueSpecification","valueRequired":true,"valueName":"search_term_string"}}],"inLanguage":"en-US"},{"@type":"Organization","@id":"https:\/\/www.comfenalcovalle.com.co\/#organization","name":"Comfenalco Valle Delagente","url":"https:\/\/www.comfenalcovalle.com.co\/","logo":{"@type":"ImageObject","inLanguage":"en-US","@id":"https:\/\/www.comfenalcovalle.com.co\/#\/schema\/logo\/image\/","url":"https:\/\/test.comfenalcovalle.com.co\/wp-content\/uploads\/2021\/06\/logo-comfe-cabecera-agencia-empelo-actualizado.png","contentUrl":"https:\/\/test.comfenalcovalle.com.co\/wp-content\/uploads\/2021\/06\/logo-comfe-cabecera-agencia-empelo-actualizado.png","width":500,"height":184,"caption":"Comfenalco Valle Delagente"},"image":{"@id":"https:\/\/www.comfenalcovalle.com.co\/#\/schema\/logo\/image\/"}}]}},"publishpress_future_action":{"enabled":false,"date":"2026-05-10 13:30:23","action":"change-status","newStatus":"draft","terms":[],"taxonomy":"","extraData":[]},"publishpress_future_workflow_manual_trigger":{"enabledWorkflows":[]},"_links":{"self":[{"href":"https:\/\/test.comfenalcovalle.com.co\/en\/wp-json\/wp\/v2\/pages\/14743","targetHints":{"allow":["GET"]}}],"collection":[{"href":"https:\/\/test.comfenalcovalle.com.co\/en\/wp-json\/wp\/v2\/pages"}],"about":[{"href":"https:\/\/test.comfenalcovalle.com.co\/en\/wp-json\/wp\/v2\/types\/page"}],"author":[{"embeddable":true,"href":"https:\/\/test.comfenalcovalle.com.co\/en\/wp-json\/wp\/v2\/users\/1"}],"replies":[{"embeddable":true,"href":"https:\/\/test.comfenalcovalle.com.co\/en\/wp-json\/wp\/v2\/comments?post=14743"}],"version-history":[{"count":0,"href":"https:\/\/test.comfenalcovalle.com.co\/en\/wp-json\/wp\/v2\/pages\/14743\/revisions"}],"up":[{"embeddable":true,"href":"https:\/\/test.comfenalcovalle.com.co\/en\/wp-json\/wp\/v2\/pages\/129"}],"wp:featuredmedia":[{"embeddable":true,"href":"https:\/\/test.comfenalcovalle.com.co\/en\/wp-json\/wp\/v2\/media\/10977"}],"wp:attachment":[{"href":"https:\/\/test.comfenalcovalle.com.co\/en\/wp-json\/wp\/v2\/media?parent=14743"}],"curies":[{"name":"wp","href":"https:\/\/api.w.org\/{rel}","templated":true}]}}