{"id":11242,"date":"2023-03-01T08:00:00","date_gmt":"2023-03-01T13:00:00","guid":{"rendered":"https:\/\/test.comfenalcovalle.com.co\/webredlat\/?page_id=11242"},"modified":"2026-04-09T09:35:14","modified_gmt":"2026-04-09T14:35:14","slug":"historia-de-vida-jackeline-gonzalez","status":"publish","type":"page","link":"https:\/\/test.comfenalcovalle.com.co\/en\/personas\/cooperacion-nacional-e-internacional\/historia-de-vida\/historia-de-vida-jackeline-gonzalez\/","title":{"rendered":"Life Story Jackeline Gonz\u00e1lez"},"content":{"rendered":"<div data-elementor-type=\"wp-page\" data-elementor-id=\"11242\" class=\"elementor elementor-11242\" data-elementor-post-type=\"page\">\n\t\t\t\t<div class=\"elementor-element elementor-element-54b1698 e-flex e-con-boxed e-con e-parent\" data-id=\"54b1698\" data-element_type=\"container\">\n\t\t\t\t\t<div class=\"e-con-inner\">\n\t\t<div class=\"elementor-element elementor-element-aa3241d e-con-full e-flex e-con e-child\" data-id=\"aa3241d\" data-element_type=\"container\">\n\t\t<div class=\"elementor-element elementor-element-8c26ff2 e-con-full e-flex e-con e-child\" data-id=\"8c26ff2\" data-element_type=\"container\" data-settings=\"{&quot;background_background&quot;:&quot;classic&quot;}\">\n\t\t\t\t<div class=\"elementor-element elementor-element-7b74d8f elementor-widget elementor-widget-spacer\" data-id=\"7b74d8f\" data-element_type=\"widget\" data-widget_type=\"spacer.default\">\n\t\t\t\t<div class=\"elementor-widget-container\">\n\t\t\t\t\t\t\t<div class=\"elementor-spacer\">\n\t\t\t<div class=\"elementor-spacer-inner\"><\/div>\n\t\t<\/div>\n\t\t\t\t\t\t<\/div>\n\t\t\t\t<\/div>\n\t\t\t\t<\/div>\n\t\t<div class=\"elementor-element elementor-element-26af1d6 e-con-full e-flex e-con e-child\" data-id=\"26af1d6\" data-element_type=\"container\">\n\t\t\t\t<div class=\"elementor-element elementor-element-32bb72a jet-breadcrumbs-align-left jet-breadcrumbs-align-mobile-center elementor-widget elementor-widget-jet-breadcrumbs\" data-id=\"32bb72a\" data-element_type=\"widget\" data-widget_type=\"jet-breadcrumbs.default\">\n\t\t\t\t<div class=\"elementor-widget-container\">\n\t\t\t\t\t<div class=\"elementor-jet-breadcrumbs jet-blocks\">\n\t\t<div class=\"jet-breadcrumbs\">\n\t\t<div class=\"jet-breadcrumbs__content\">\n\t\t<div class=\"jet-breadcrumbs__wrap\"><div class=\"jet-breadcrumbs__item\"><a href=\"https:\/\/test.comfenalcovalle.com.co\/en\/\" class=\"jet-breadcrumbs__item-link is-home\" rel=\"home\" title=\"Beginning\">Beginning<\/a><\/div>\n\t\t<\/div>\n\t\t<\/div>\n\t\t<\/div><\/div>\t\t\t\t<\/div>\n\t\t\t\t<\/div>\n\t\t\t\t<div class=\"elementor-element elementor-element-a460130 elementor-widget elementor-widget-heading\" data-id=\"a460130\" data-element_type=\"widget\" data-widget_type=\"heading.default\">\n\t\t\t\t<div class=\"elementor-widget-container\">\n\t\t\t\t\t<h2 class=\"elementor-heading-title elementor-size-default\">PROJECT VA0011<\/h2>\t\t\t\t<\/div>\n\t\t\t\t<\/div>\n\t\t\t\t<div class=\"elementor-element elementor-element-fc93741 elementor-widget elementor-widget-text-editor\" data-id=\"fc93741\" data-element_type=\"widget\" data-widget_type=\"text-editor.default\">\n\t\t\t\t<div class=\"elementor-widget-container\">\n\t\t\t\t\t\t\t\t\t<p>Contribution to comprehensive care and income generation for 150 families displaced from the urban area of the municipality of Cali.<\/p>\t\t\t\t\t\t\t\t<\/div>\n\t\t\t\t<\/div>\n\t\t\t\t<\/div>\n\t\t\t\t<\/div>\n\t\t<div class=\"elementor-element elementor-element-2b61510 e-con-full e-flex e-con e-child\" data-id=\"2b61510\" data-element_type=\"container\">\n\t\t\t\t<div class=\"elementor-element elementor-element-0521120 elementor-widget elementor-widget-heading\" data-id=\"0521120\" data-element_type=\"widget\" data-widget_type=\"heading.default\">\n\t\t\t\t<div class=\"elementor-widget-container\">\n\t\t\t\t\t<h2 class=\"elementor-heading-title elementor-size-default\">Description:<\/h2>\t\t\t\t<\/div>\n\t\t\t\t<\/div>\n\t\t\t\t<div class=\"elementor-element elementor-element-1b43d78 elementor-widget elementor-widget-text-editor\" data-id=\"1b43d78\" data-element_type=\"widget\" data-widget_type=\"text-editor.default\">\n\t\t\t\t<div class=\"elementor-widget-container\">\n\t\t\t\t\t\t\t\t\t<p style=\"text-align: justify;\">Arlen es una mujer de 31 a\u00f1os, madre de 4 hijos y trabajadora incansable, es una mujer afrocolombiana con una historia en la que concurren tristezas y alegr\u00edas, aunque ella dice que han sido mas las tristezas, a trav\u00e9s de su sentido del humor, su carisma y el deseo de superarse la alimentan todos los d\u00edas y la hacen una mujer fuerte y una l\u00edder de su comunidad a la que le aporta d\u00eda a d\u00eda, por la que lucha, sue\u00f1a y piensa.<\/p><p style=\"text-align: justify;\">Su vida transcurre entre la atenci\u00f3n su unidad de negocio, con este prop\u00f3sito todos los d\u00edas sale y vende a diario arepas a toda su comunidad, dice que su negocio es conocido en el barrio y que gracias al amor que le coloca a la comida que prepara la gente acude a su negocio y nunca deja de vender.<\/p><p style=\"text-align: justify;\">Es una mujer receptiva, din\u00e1mica, con capacidad para escuchar a los dem\u00e1s, emprendedora, y creativa. Considera que todo lo que ha pasado en la vida la ha fortalecido y le ha ense\u00f1ado a luchar y jam\u00e1s rendirse a lo que se considera un obst\u00e1culo y que ella ve como un desafi\u00f3.<\/p>\t\t\t\t\t\t\t\t<\/div>\n\t\t\t\t<\/div>\n\t\t\t\t<div class=\"elementor-element elementor-element-8302911 elementor-widget elementor-widget-toggle\" data-id=\"8302911\" data-element_type=\"widget\" data-widget_type=\"toggle.default\">\n\t\t\t\t<div class=\"elementor-widget-container\">\n\t\t\t\t\t\t\t<div class=\"elementor-toggle\">\n\t\t\t\t\t\t\t<div class=\"elementor-toggle-item\">\n\t\t\t\t\t<div id=\"elementor-tab-title-1371\" class=\"elementor-tab-title\" data-tab=\"1\" role=\"button\" aria-controls=\"elementor-tab-content-1371\" aria-expanded=\"false\">\n\t\t\t\t\t\t\t\t\t\t\t\t<span class=\"elementor-toggle-icon elementor-toggle-icon-left\" aria-hidden=\"true\">\n\t\t\t\t\t\t\t\t\t\t\t\t\t\t\t<span class=\"elementor-toggle-icon-closed\"><i class=\"fas fa-caret-right\"><\/i><\/span>\n\t\t\t\t\t\t\t\t<span class=\"elementor-toggle-icon-opened\"><i class=\"elementor-toggle-icon-opened fas fa-caret-up\"><\/i><\/span>\n\t\t\t\t\t\t\t\t\t\t\t\t\t<\/span>\n\t\t\t\t\t\t\t\t\t\t\t\t<a class=\"elementor-toggle-title\" tabindex=\"0\">Place of origin:<\/a>\n\t\t\t\t\t<\/div>\n\n\t\t\t\t\t<div id=\"elementor-tab-content-1371\" class=\"elementor-tab-content elementor-clearfix\" data-tab=\"1\" role=\"region\" aria-labelledby=\"elementor-tab-title-1371\"><p style=\"text-align: justify;\">Yo vengo de Buenaventura,\u00a0 me desplace hace algunos a\u00f1os a ra\u00edz de la violencia de los grupos ilegales,\u00a0 sal\u00ed de L\u00f3pez de Micay con p\u00e1nico y tristeza, perd\u00ed a mucha gente, entre esas mi papa y algunas compa\u00f1eras de trabajo sin embargo todo esto me ha hecho fuerte y ahora aunque no comprendo porque siempre estoy en alg\u00fan lugar violento, yo salgo adelante y no me dejo derribar.<br \/>Recuerdo que era un lugar muy agradable para vivir y de pronto se convirti\u00f3 en un infierno, luego llegue a Cali y tuve mis hijos y tuve que pasar muchas dificultades y recurr\u00ed a una invasi\u00f3n en el Jarillon y de ah\u00ed me reubicaron en Potrero Grande y aqu\u00ed me ha tocado vivir entre la violencia y la tristeza, pero hay d\u00edas hermosos y por eso estoy aqu\u00ed como aquellos d\u00edas cuando nos unimos como comunidad, los d\u00edas en que llega trabajo para los muchachos del barrio o los d\u00edas que juegan los torneos de f\u00fatbol y todos participamos, esos d\u00edas la vida es tranquila y es agradable saber que luchamos por un futuro mejor.<\/p><\/div>\n\t\t\t\t<\/div>\n\t\t\t\t\t\t\t<div class=\"elementor-toggle-item\">\n\t\t\t\t\t<div id=\"elementor-tab-title-1372\" class=\"elementor-tab-title\" data-tab=\"2\" role=\"button\" aria-controls=\"elementor-tab-content-1372\" aria-expanded=\"false\">\n\t\t\t\t\t\t\t\t\t\t\t\t<span class=\"elementor-toggle-icon elementor-toggle-icon-left\" aria-hidden=\"true\">\n\t\t\t\t\t\t\t\t\t\t\t\t\t\t\t<span class=\"elementor-toggle-icon-closed\"><i class=\"fas fa-caret-right\"><\/i><\/span>\n\t\t\t\t\t\t\t\t<span class=\"elementor-toggle-icon-opened\"><i class=\"elementor-toggle-icon-opened fas fa-caret-up\"><\/i><\/span>\n\t\t\t\t\t\t\t\t\t\t\t\t\t<\/span>\n\t\t\t\t\t\t\t\t\t\t\t\t<a class=\"elementor-toggle-title\" tabindex=\"0\">family history<\/a>\n\t\t\t\t\t<\/div>\n\n\t\t\t\t\t<div id=\"elementor-tab-content-1372\" class=\"elementor-tab-content elementor-clearfix\" data-tab=\"2\" role=\"region\" aria-labelledby=\"elementor-tab-title-1372\"><p style=\"text-align: justify;\">Yo vivo con mis hijos, mi esposo no esta con nosotros pero esta pendiente de mis hijos y de mi, lucho todos los d\u00edas en mi casa educando a mis hijos e inculc\u00e1ndoles que deben estudiar para que salgan adelante. Aprendo de ellos todos los d\u00edas.\u00a0 Con el resto de mi familia me veo muy poco pero he aprendido a progresar d\u00eda a d\u00eda al lado de mis hijos y de mis vecinos y amigos que se han convertido en mi familia y con los que convivo d\u00eda a d\u00eda.<\/p><\/div>\n\t\t\t\t<\/div>\n\t\t\t\t\t\t\t<div class=\"elementor-toggle-item\">\n\t\t\t\t\t<div id=\"elementor-tab-title-1373\" class=\"elementor-tab-title\" data-tab=\"3\" role=\"button\" aria-controls=\"elementor-tab-content-1373\" aria-expanded=\"false\">\n\t\t\t\t\t\t\t\t\t\t\t\t<span class=\"elementor-toggle-icon elementor-toggle-icon-left\" aria-hidden=\"true\">\n\t\t\t\t\t\t\t\t\t\t\t\t\t\t\t<span class=\"elementor-toggle-icon-closed\"><i class=\"fas fa-caret-right\"><\/i><\/span>\n\t\t\t\t\t\t\t\t<span class=\"elementor-toggle-icon-opened\"><i class=\"elementor-toggle-icon-opened fas fa-caret-up\"><\/i><\/span>\n\t\t\t\t\t\t\t\t\t\t\t\t\t<\/span>\n\t\t\t\t\t\t\t\t\t\t\t\t<a class=\"elementor-toggle-title\" tabindex=\"0\">Effects of the project on family life<\/a>\n\t\t\t\t\t<\/div>\n\n\t\t\t\t\t<div id=\"elementor-tab-content-1373\" class=\"elementor-tab-content elementor-clearfix\" data-tab=\"3\" role=\"region\" aria-labelledby=\"elementor-tab-title-1373\"><p style=\"text-align: justify;\">Yo le agradezco a la OIM, FOMIPYME Y COMFENALCO, por haberme tenido en cuenta, cuando me tuvieron en cuenta para el proyecto, comenc\u00e9 con un negocio peque\u00f1o de hojaldras y empanadas y con el proyecto pude hacer mis sue\u00f1os realidad, pues quer\u00eda un negocio de arpas y combinarlo con lo que hacia antes, pude comprar un molino que es muy funcional, me sirve mucho, aprend\u00ed a llevar mi negocio y adem\u00e1s aprend\u00ed a entender a mis hijos y mejorar la relaci\u00f3n con los dem\u00e1s, aprend\u00ed a\u00a0 expresarme, darme a conocer y tener algo propio que es lo mas importante.<\/p><p style=\"text-align: justify;\">Con mi negocio puedo mantener a mis hijos, estar siempre con ellos, tener mis propias cosas y ampliar mi negocio como siempre so\u00f1\u00e9. Con el proyecto pude fortalecer el negocio, uni\u00f3 a mi familia pues todos trabajamos juntos y las ganancias las destino unas para el ahorro y otras para reinvertir.<\/p><\/div>\n\t\t\t\t<\/div>\n\t\t\t\t\t\t\t\t<\/div>\n\t\t\t\t\t\t<\/div>\n\t\t\t\t<\/div>\n\t\t\t\t<\/div>\n\t\t<div class=\"elementor-element elementor-element-72b185b e-con-full e-flex e-con e-child\" data-id=\"72b185b\" data-element_type=\"container\">\n\t\t\t\t<div class=\"elementor-element elementor-element-e078652 elementor-align-justify elementor-widget elementor-widget-button\" data-id=\"e078652\" data-element_type=\"widget\" data-widget_type=\"button.default\">\n\t\t\t\t<div class=\"elementor-widget-container\">\n\t\t\t\t\t\t\t\t\t<div class=\"elementor-button-wrapper\">\n\t\t\t\t\t<a class=\"elementor-button elementor-button-link elementor-size-lg elementor-animation-shrink\" href=\"https:\/\/test.comfenalcovalle.com.co\/en\/personas\/cooperacion-nacional-e-internacional\/historia-de-vida\/\">\n\t\t\t\t\t\t<span class=\"elementor-button-content-wrapper\">\n\t\t\t\t\t\t<span class=\"elementor-button-icon\">\n\t\t\t\t<i aria-hidden=\"true\" class=\"fas fa-backward\"><\/i>\t\t\t<\/span>\n\t\t\t\t\t\t\t\t\t<span class=\"elementor-button-text\">Regresar<\/span>\n\t\t\t\t\t<\/span>\n\t\t\t\t\t<\/a>\n\t\t\t\t<\/div>\n\t\t\t\t\t\t\t\t<\/div>\n\t\t\t\t<\/div>\n\t\t\t\t<div class=\"elementor-element elementor-element-d51630a elementor-align-justify elementor-widget elementor-widget-button\" data-id=\"d51630a\" data-element_type=\"widget\" data-widget_type=\"button.default\">\n\t\t\t\t<div class=\"elementor-widget-container\">\n\t\t\t\t\t\t\t\t\t<div class=\"elementor-button-wrapper\">\n\t\t\t\t\t<a class=\"elementor-button elementor-button-link elementor-size-lg elementor-animation-shrink\" href=\"#top\">\n\t\t\t\t\t\t<span class=\"elementor-button-content-wrapper\">\n\t\t\t\t\t\t<span class=\"elementor-button-icon\">\n\t\t\t\t<i aria-hidden=\"true\" class=\"fas fa-angle-double-up\"><\/i>\t\t\t<\/span>\n\t\t\t\t\t\t\t\t\t<span class=\"elementor-button-text\">Subir<\/span>\n\t\t\t\t\t<\/span>\n\t\t\t\t\t<\/a>\n\t\t\t\t<\/div>\n\t\t\t\t\t\t\t\t<\/div>\n\t\t\t\t<\/div>\n\t\t\t\t<\/div>\n\t\t\t\t\t<\/div>\n\t\t\t\t<\/div>\n\t\t\t\t<\/div>","protected":false},"excerpt":{"rendered":"<p>Inicio PROYECTO VA0011 Aporte en la atenci\u00f3n integral y en la generaci\u00f3n de ingresos de 150 familias desplazadas del \u00e1rea urbana del municipio de Cali. Descripci\u00f3n: Arlen es una mujer de 31 a\u00f1os, madre de 4 hijos y trabajadora incansable, es una mujer afrocolombiana con una historia en la que concurren tristezas y alegr\u00edas, aunque [&hellip;]<\/p>","protected":false},"author":1,"featured_media":46604,"parent":10950,"menu_order":0,"comment_status":"closed","ping_status":"closed","template":"elementor_header_footer","meta":{"footnotes":""},"class_list":["post-11242","page","type-page","status-publish","has-post-thumbnail","hentry"],"yoast_head":"<!-- This site is optimized with the Yoast SEO Premium plugin v25.9 (Yoast SEO v25.9) - https:\/\/yoast.com\/wordpress\/plugins\/seo\/ -->\n<title>Historia de vida Jackeline Gonz\u00e1lez - Comfenalco Valle Delagente<\/title>\n<meta name=\"description\" content=\"Aporte en la atenci\u00f3n integral y en la generaci\u00f3n de ingresos de 150 familias desplazadas del \u00e1rea urbana del municipio de Cali.\" \/>\n<meta name=\"robots\" content=\"index, follow, max-snippet:-1, max-image-preview:large, max-video-preview:-1\" \/>\n<link rel=\"canonical\" href=\"https:\/\/www.comfenalcovalle.com.co\/personas\/cooperacion-nacional-e-internacional\/historia-de-vida\/historia-de-vida-jackeline-gonzalez\/\" \/>\n<meta property=\"og:locale\" content=\"en_US\" \/>\n<meta property=\"og:type\" content=\"article\" \/>\n<meta property=\"og:title\" content=\"Historia de vida Jackeline Gonz\u00e1lez\" \/>\n<meta property=\"og:description\" content=\"Aporte en la atenci\u00f3n integral y en la generaci\u00f3n de ingresos de 150 familias desplazadas del \u00e1rea urbana del municipio de Cali.\" \/>\n<meta property=\"og:url\" content=\"https:\/\/www.comfenalcovalle.com.co\/personas\/cooperacion-nacional-e-internacional\/historia-de-vida\/historia-de-vida-jackeline-gonzalez\/\" \/>\n<meta property=\"og:site_name\" content=\"Comfenalco Valle Delagente\" \/>\n<meta property=\"article:modified_time\" content=\"2026-04-09T14:35:14+00:00\" \/>\n<meta property=\"og:image\" content=\"https:\/\/www.comfenalcovalle.com.co\/wp-content\/uploads\/2021\/10\/jackeline.jpeg\" \/>\n\t<meta property=\"og:image:width\" content=\"220\" \/>\n\t<meta property=\"og:image:height\" content=\"233\" \/>\n\t<meta property=\"og:image:type\" content=\"image\/jpeg\" \/>\n<meta name=\"twitter:card\" content=\"summary_large_image\" \/>\n<meta name=\"twitter:label1\" content=\"Est. reading time\" \/>\n\t<meta name=\"twitter:data1\" content=\"4 minutes\" \/>\n<script type=\"application\/ld+json\" class=\"yoast-schema-graph\">{\"@context\":\"https:\/\/schema.org\",\"@graph\":[{\"@type\":\"WebPage\",\"@id\":\"https:\/\/www.comfenalcovalle.com.co\/personas\/cooperacion-nacional-e-internacional\/historia-de-vida\/historia-de-vida-jackeline-gonzalez\/\",\"url\":\"https:\/\/www.comfenalcovalle.com.co\/personas\/cooperacion-nacional-e-internacional\/historia-de-vida\/historia-de-vida-jackeline-gonzalez\/\",\"name\":\"Historia de vida Jackeline Gonz\u00e1lez - Comfenalco Valle Delagente\",\"isPartOf\":{\"@id\":\"https:\/\/www.comfenalcovalle.com.co\/#website\"},\"primaryImageOfPage\":{\"@id\":\"https:\/\/www.comfenalcovalle.com.co\/personas\/cooperacion-nacional-e-internacional\/historia-de-vida\/historia-de-vida-jackeline-gonzalez\/#primaryimage\"},\"image\":{\"@id\":\"https:\/\/www.comfenalcovalle.com.co\/personas\/cooperacion-nacional-e-internacional\/historia-de-vida\/historia-de-vida-jackeline-gonzalez\/#primaryimage\"},\"thumbnailUrl\":\"https:\/\/test.comfenalcovalle.com.co\/wp-content\/uploads\/2021\/10\/jackeline.jpeg\",\"datePublished\":\"2023-03-01T13:00:00+00:00\",\"dateModified\":\"2026-04-09T14:35:14+00:00\",\"description\":\"Aporte en la atenci\u00f3n integral y en la generaci\u00f3n de ingresos de 150 familias desplazadas del \u00e1rea urbana del municipio de Cali.\",\"breadcrumb\":{\"@id\":\"https:\/\/www.comfenalcovalle.com.co\/personas\/cooperacion-nacional-e-internacional\/historia-de-vida\/historia-de-vida-jackeline-gonzalez\/#breadcrumb\"},\"inLanguage\":\"en-US\",\"potentialAction\":[{\"@type\":\"ReadAction\",\"target\":[\"https:\/\/www.comfenalcovalle.com.co\/personas\/cooperacion-nacional-e-internacional\/historia-de-vida\/historia-de-vida-jackeline-gonzalez\/\"]}]},{\"@type\":\"ImageObject\",\"inLanguage\":\"en-US\",\"@id\":\"https:\/\/www.comfenalcovalle.com.co\/personas\/cooperacion-nacional-e-internacional\/historia-de-vida\/historia-de-vida-jackeline-gonzalez\/#primaryimage\",\"url\":\"https:\/\/test.comfenalcovalle.com.co\/wp-content\/uploads\/2021\/10\/jackeline.jpeg\",\"contentUrl\":\"https:\/\/test.comfenalcovalle.com.co\/wp-content\/uploads\/2021\/10\/jackeline.jpeg\",\"width\":220,\"height\":233,\"caption\":\"jackeline\"},{\"@type\":\"BreadcrumbList\",\"@id\":\"https:\/\/www.comfenalcovalle.com.co\/personas\/cooperacion-nacional-e-internacional\/historia-de-vida\/historia-de-vida-jackeline-gonzalez\/#breadcrumb\",\"itemListElement\":[{\"@type\":\"ListItem\",\"position\":1,\"name\":\"Portada\",\"item\":\"https:\/\/www.comfenalcovalle.com.co\/\"},{\"@type\":\"ListItem\",\"position\":2,\"name\":\"Personas\",\"item\":\"https:\/\/www.comfenalcovalle.com.co\/\"},{\"@type\":\"ListItem\",\"position\":3,\"name\":\"Cooperaci\u00f3n, Proyectos Sociales y Sostenibilidad\",\"item\":\"https:\/\/www.comfenalcovalle.com.co\/personas\/cooperacion-nacional-e-internacional\/\"},{\"@type\":\"ListItem\",\"position\":4,\"name\":\"Historia de vida\",\"item\":\"https:\/\/www.comfenalcovalle.com.co\/personas\/cooperacion-nacional-e-internacional\/historia-de-vida\/\"},{\"@type\":\"ListItem\",\"position\":5,\"name\":\"Historia de vida Jackeline Gonz\u00e1lez\"}]},{\"@type\":\"WebSite\",\"@id\":\"https:\/\/www.comfenalcovalle.com.co\/#website\",\"url\":\"https:\/\/www.comfenalcovalle.com.co\/\",\"name\":\"Comfenalco Valle Delagente\",\"description\":\"Caja de compensaci\u00f3n de Comfenalco Valle Delagente.\",\"publisher\":{\"@id\":\"https:\/\/www.comfenalcovalle.com.co\/#organization\"},\"potentialAction\":[{\"@type\":\"SearchAction\",\"target\":{\"@type\":\"EntryPoint\",\"urlTemplate\":\"https:\/\/www.comfenalcovalle.com.co\/?s={search_term_string}\"},\"query-input\":{\"@type\":\"PropertyValueSpecification\",\"valueRequired\":true,\"valueName\":\"search_term_string\"}}],\"inLanguage\":\"en-US\"},{\"@type\":\"Organization\",\"@id\":\"https:\/\/www.comfenalcovalle.com.co\/#organization\",\"name\":\"Comfenalco Valle Delagente\",\"url\":\"https:\/\/www.comfenalcovalle.com.co\/\",\"logo\":{\"@type\":\"ImageObject\",\"inLanguage\":\"en-US\",\"@id\":\"https:\/\/www.comfenalcovalle.com.co\/#\/schema\/logo\/image\/\",\"url\":\"https:\/\/test.comfenalcovalle.com.co\/wp-content\/uploads\/2021\/06\/logo-comfe-cabecera-agencia-empelo-actualizado.png\",\"contentUrl\":\"https:\/\/test.comfenalcovalle.com.co\/wp-content\/uploads\/2021\/06\/logo-comfe-cabecera-agencia-empelo-actualizado.png\",\"width\":500,\"height\":184,\"caption\":\"Comfenalco Valle Delagente\"},\"image\":{\"@id\":\"https:\/\/www.comfenalcovalle.com.co\/#\/schema\/logo\/image\/\"}}]}<\/script>\n<!-- \/ Yoast SEO Premium plugin. -->","yoast_head_json":{"title":"Historia de vida Jackeline Gonz\u00e1lez - Comfenalco Valle Delagente","description":"Contribution to comprehensive care and income generation for 150 families displaced from the urban area of the municipality of Cali.","robots":{"index":"index","follow":"follow","max-snippet":"max-snippet:-1","max-image-preview":"max-image-preview:large","max-video-preview":"max-video-preview:-1"},"canonical":"https:\/\/www.comfenalcovalle.com.co\/personas\/cooperacion-nacional-e-internacional\/historia-de-vida\/historia-de-vida-jackeline-gonzalez\/","og_locale":"en_US","og_type":"article","og_title":"Historia de vida Jackeline Gonz\u00e1lez","og_description":"Aporte en la atenci\u00f3n integral y en la generaci\u00f3n de ingresos de 150 familias desplazadas del \u00e1rea urbana del municipio de Cali.","og_url":"https:\/\/www.comfenalcovalle.com.co\/personas\/cooperacion-nacional-e-internacional\/historia-de-vida\/historia-de-vida-jackeline-gonzalez\/","og_site_name":"Comfenalco Valle Delagente","article_modified_time":"2026-04-09T14:35:14+00:00","og_image":[{"width":220,"height":233,"url":"https:\/\/www.comfenalcovalle.com.co\/wp-content\/uploads\/2021\/10\/jackeline.jpeg","type":"image\/jpeg"}],"twitter_card":"summary_large_image","twitter_misc":{"Est. reading time":"4 minutes"},"schema":{"@context":"https:\/\/schema.org","@graph":[{"@type":"WebPage","@id":"https:\/\/www.comfenalcovalle.com.co\/personas\/cooperacion-nacional-e-internacional\/historia-de-vida\/historia-de-vida-jackeline-gonzalez\/","url":"https:\/\/www.comfenalcovalle.com.co\/personas\/cooperacion-nacional-e-internacional\/historia-de-vida\/historia-de-vida-jackeline-gonzalez\/","name":"Historia de vida Jackeline Gonz\u00e1lez - Comfenalco Valle Delagente","isPartOf":{"@id":"https:\/\/www.comfenalcovalle.com.co\/#website"},"primaryImageOfPage":{"@id":"https:\/\/www.comfenalcovalle.com.co\/personas\/cooperacion-nacional-e-internacional\/historia-de-vida\/historia-de-vida-jackeline-gonzalez\/#primaryimage"},"image":{"@id":"https:\/\/www.comfenalcovalle.com.co\/personas\/cooperacion-nacional-e-internacional\/historia-de-vida\/historia-de-vida-jackeline-gonzalez\/#primaryimage"},"thumbnailUrl":"https:\/\/test.comfenalcovalle.com.co\/wp-content\/uploads\/2021\/10\/jackeline.jpeg","datePublished":"2023-03-01T13:00:00+00:00","dateModified":"2026-04-09T14:35:14+00:00","description":"Contribution to comprehensive care and income generation for 150 families displaced from the urban area of the municipality of Cali.","breadcrumb":{"@id":"https:\/\/www.comfenalcovalle.com.co\/personas\/cooperacion-nacional-e-internacional\/historia-de-vida\/historia-de-vida-jackeline-gonzalez\/#breadcrumb"},"inLanguage":"en-US","potentialAction":[{"@type":"ReadAction","target":["https:\/\/www.comfenalcovalle.com.co\/personas\/cooperacion-nacional-e-internacional\/historia-de-vida\/historia-de-vida-jackeline-gonzalez\/"]}]},{"@type":"ImageObject","inLanguage":"en-US","@id":"https:\/\/www.comfenalcovalle.com.co\/personas\/cooperacion-nacional-e-internacional\/historia-de-vida\/historia-de-vida-jackeline-gonzalez\/#primaryimage","url":"https:\/\/test.comfenalcovalle.com.co\/wp-content\/uploads\/2021\/10\/jackeline.jpeg","contentUrl":"https:\/\/test.comfenalcovalle.com.co\/wp-content\/uploads\/2021\/10\/jackeline.jpeg","width":220,"height":233,"caption":"jackeline"},{"@type":"BreadcrumbList","@id":"https:\/\/www.comfenalcovalle.com.co\/personas\/cooperacion-nacional-e-internacional\/historia-de-vida\/historia-de-vida-jackeline-gonzalez\/#breadcrumb","itemListElement":[{"@type":"ListItem","position":1,"name":"Portada","item":"https:\/\/www.comfenalcovalle.com.co\/"},{"@type":"ListItem","position":2,"name":"Personas","item":"https:\/\/www.comfenalcovalle.com.co\/"},{"@type":"ListItem","position":3,"name":"Cooperaci\u00f3n, Proyectos Sociales y Sostenibilidad","item":"https:\/\/www.comfenalcovalle.com.co\/personas\/cooperacion-nacional-e-internacional\/"},{"@type":"ListItem","position":4,"name":"Historia de vida","item":"https:\/\/www.comfenalcovalle.com.co\/personas\/cooperacion-nacional-e-internacional\/historia-de-vida\/"},{"@type":"ListItem","position":5,"name":"Historia de vida Jackeline Gonz\u00e1lez"}]},{"@type":"WebSite","@id":"https:\/\/www.comfenalcovalle.com.co\/#website","url":"https:\/\/www.comfenalcovalle.com.co\/","name":"Comfenalco Valle Delagente","description":"Comfenalco Valle Delagente compensation fund.","publisher":{"@id":"https:\/\/www.comfenalcovalle.com.co\/#organization"},"potentialAction":[{"@type":"SearchAction","target":{"@type":"EntryPoint","urlTemplate":"https:\/\/www.comfenalcovalle.com.co\/?s={search_term_string}"},"query-input":{"@type":"PropertyValueSpecification","valueRequired":true,"valueName":"search_term_string"}}],"inLanguage":"en-US"},{"@type":"Organization","@id":"https:\/\/www.comfenalcovalle.com.co\/#organization","name":"Comfenalco Valle Delagente","url":"https:\/\/www.comfenalcovalle.com.co\/","logo":{"@type":"ImageObject","inLanguage":"en-US","@id":"https:\/\/www.comfenalcovalle.com.co\/#\/schema\/logo\/image\/","url":"https:\/\/test.comfenalcovalle.com.co\/wp-content\/uploads\/2021\/06\/logo-comfe-cabecera-agencia-empelo-actualizado.png","contentUrl":"https:\/\/test.comfenalcovalle.com.co\/wp-content\/uploads\/2021\/06\/logo-comfe-cabecera-agencia-empelo-actualizado.png","width":500,"height":184,"caption":"Comfenalco Valle Delagente"},"image":{"@id":"https:\/\/www.comfenalcovalle.com.co\/#\/schema\/logo\/image\/"}}]}},"publishpress_future_action":{"enabled":false,"date":"2026-05-10 13:50:31","action":"change-status","newStatus":"draft","terms":[],"taxonomy":"","extraData":[]},"publishpress_future_workflow_manual_trigger":{"enabledWorkflows":[]},"_links":{"self":[{"href":"https:\/\/test.comfenalcovalle.com.co\/en\/wp-json\/wp\/v2\/pages\/11242","targetHints":{"allow":["GET"]}}],"collection":[{"href":"https:\/\/test.comfenalcovalle.com.co\/en\/wp-json\/wp\/v2\/pages"}],"about":[{"href":"https:\/\/test.comfenalcovalle.com.co\/en\/wp-json\/wp\/v2\/types\/page"}],"author":[{"embeddable":true,"href":"https:\/\/test.comfenalcovalle.com.co\/en\/wp-json\/wp\/v2\/users\/1"}],"replies":[{"embeddable":true,"href":"https:\/\/test.comfenalcovalle.com.co\/en\/wp-json\/wp\/v2\/comments?post=11242"}],"version-history":[{"count":0,"href":"https:\/\/test.comfenalcovalle.com.co\/en\/wp-json\/wp\/v2\/pages\/11242\/revisions"}],"up":[{"embeddable":true,"href":"https:\/\/test.comfenalcovalle.com.co\/en\/wp-json\/wp\/v2\/pages\/10950"}],"wp:featuredmedia":[{"embeddable":true,"href":"https:\/\/test.comfenalcovalle.com.co\/en\/wp-json\/wp\/v2\/media\/46604"}],"wp:attachment":[{"href":"https:\/\/test.comfenalcovalle.com.co\/en\/wp-json\/wp\/v2\/media?parent=11242"}],"curies":[{"name":"wp","href":"https:\/\/api.w.org\/{rel}","templated":true}]}}